{"id":5239,"date":"2022-06-30T15:21:28","date_gmt":"2022-06-30T13:21:28","guid":{"rendered":"https:\/\/www.camminodonbosco.eu\/desde-pecetto-t-se-hasta-chieri\/"},"modified":"2024-01-03T19:27:21","modified_gmt":"2024-01-03T18:27:21","slug":"desde-pecetto-t-se-hasta-chieri","status":"publish","type":"page","link":"https:\/\/www.camminodonbosco.eu\/es\/desde-pecetto-t-se-hasta-chieri\/","title":{"rendered":"Desde Pecetto T.se hasta Chieri"},"content":{"rendered":"\n<p><em>Desde Pecetto T.se hasta el Duomo de Chieri, por el camino de las antiguas villas<\/em><\/p>\n\n<h2 class=\"wp-block-heading\">Notas t\u00e9cnicas<\/h2>\n\n<p><strong>Inicio<\/strong>: Pecetto T.se, piazza Roma (409 m)<br\/><strong>Llegada<\/strong>: Chieri, piazza del Duomo (283 m)<br\/><strong>Longitud<\/strong>: km 9,2<br\/><strong>Desnivel<\/strong>: m 153<br\/><strong>Dificultad<\/strong>: excursi\u00f3n, con secciones planas o en descenso intercaladas con cortas subidas<br\/><strong>Puntos de descanso<\/strong>: en Pecetto T.se y en Chieri<br\/><strong>Agua<\/strong>: En Pecetto T.se, fuentes en piazza Roma y piazza S. Pietro, y una caseta H2O cerca del cementerio. En Chieri, fuentes en via Tana, piazza Duomo y en la Iglesia de S.Domenico.<\/p>\n\n<div style=\"height:20px\" aria-hidden=\"true\" class=\"wp-block-spacer\"><\/div>\n\n<h2 class=\"wp-block-heading\">Descripci\u00f3n<\/h2>\n\n<p>Desde la piazza Roma, tomar via Pinto y luego girar a la derecha en via Circonvallazione, seguir por esta v\u00eda hasta girar a la izquierda en strada Chieri. Continuar por esta carretera saliendo del pueblo en direcci\u00f3n a Chieri, luego girar a la izquierda en strada Tetti Canap\u00e8 junto a una capilla. Avanzar 700 m por el asfalto, entre hermosos huertos de frutales, descendiendo al valle hasta pasar un peque\u00f1o puente, mantenerse a la derecha y llegar a la intersecci\u00f3n con strada Ciattalina. Seguir a la derecha durante 300 m por el camino de tierra ligeramente descendente hasta llegar a un cruce cerca de otro puente. Girar a la izquierda antes de este \u00faltimo, continuar durante 300 m hasta encontrar un amplio camino (via del Turco). Tomar a la izquierda y luego girar a la derecha despu\u00e9s de 100 m y subir por una carretera que se convierte en asfalto y termina en via San Felice. Girar a la izquierda, continuar durante 250 m, luego incorporarse a la derecha en via Solairano, recorrer 500 m en ligera subida hasta cruzar via del Podio (<em>aproximadamente 450 m aguas abajo de la Capilla del Podio<\/em>), donde se gira a la derecha. Desde aqu\u00ed, el recorrido es com\u00fan al de la Etapa 2 del Camino bajo, al que se hace referencia para la descripci\u00f3n.       <\/p>\n\n<div style=\"height:20px\" aria-hidden=\"true\" class=\"wp-block-spacer\"><\/div>\n\n<h2 class=\"wp-block-heading\">Mapa<\/h2>\n\n<figure data-wp-context=\"{&quot;imageId&quot;:&quot;69f2b37965f35&quot;}\" data-wp-interactive=\"core\/image\" data-wp-key=\"69f2b37965f35\" class=\"wp-block-image size-full wp-lightbox-container\"><img fetchpriority=\"high\" decoding=\"async\" width=\"1280\" height=\"667\" data-wp-class--hide=\"state.isContentHidden\" data-wp-class--show=\"state.isContentVisible\" data-wp-init=\"callbacks.setButtonStyles\" data-wp-on--click=\"actions.showLightbox\" data-wp-on--load=\"callbacks.setButtonStyles\" data-wp-on-window--resize=\"callbacks.setButtonStyles\" src=\"https:\/\/www.camminodonbosco.eu\/wp-content\/uploads\/2022\/06\/Tappa2-CamminoBasso-Eremo-Chieri-e-Varianti.jpg\" alt=\"\" class=\"wp-image-974\" style=\"object-fit:cover\" srcset=\"https:\/\/www.camminodonbosco.eu\/wp-content\/uploads\/2022\/06\/Tappa2-CamminoBasso-Eremo-Chieri-e-Varianti.jpg 1280w, https:\/\/www.camminodonbosco.eu\/wp-content\/uploads\/2022\/06\/Tappa2-CamminoBasso-Eremo-Chieri-e-Varianti-300x156.jpg 300w, https:\/\/www.camminodonbosco.eu\/wp-content\/uploads\/2022\/06\/Tappa2-CamminoBasso-Eremo-Chieri-e-Varianti-1024x534.jpg 1024w, https:\/\/www.camminodonbosco.eu\/wp-content\/uploads\/2022\/06\/Tappa2-CamminoBasso-Eremo-Chieri-e-Varianti-768x400.jpg 768w\" sizes=\"(max-width: 1280px) 100vw, 1280px\" \/><button\n\t\t\tclass=\"lightbox-trigger\"\n\t\t\ttype=\"button\"\n\t\t\taria-haspopup=\"dialog\"\n\t\t\taria-label=\"Agrandar\"\n\t\t\tdata-wp-init=\"callbacks.initTriggerButton\"\n\t\t\tdata-wp-on--click=\"actions.showLightbox\"\n\t\t\tdata-wp-style--right=\"state.imageButtonRight\"\n\t\t\tdata-wp-style--top=\"state.imageButtonTop\"\n\t\t>\n\t\t\t<svg xmlns=\"http:\/\/www.w3.org\/2000\/svg\" width=\"12\" height=\"12\" fill=\"none\" viewBox=\"0 0 12 12\">\n\t\t\t\t<path fill=\"#fff\" d=\"M2 0a2 2 0 0 0-2 2v2h1.5V2a.5.5 0 0 1 .5-.5h2V0H2Zm2 10.5H2a.5.5 0 0 1-.5-.5V8H0v2a2 2 0 0 0 2 2h2v-1.5ZM8 12v-1.5h2a.5.5 0 0 0 .5-.5V8H12v2a2 2 0 0 1-2 2H8Zm2-12a2 2 0 0 1 2 2v2h-1.5V2a.5.5 0 0 0-.5-.5H8V0h2Z\" \/>\n\t\t\t<\/svg>\n\t\t<\/button><\/figure>\n","protected":false},"excerpt":{"rendered":"<p>Desde Pecetto T.se hasta el Duomo de Chieri, por el camino de las antiguas villas Notas t\u00e9cnicas Inicio: Pecetto T.se, piazza Roma (409 m)Llegada: Chieri, piazza del Duomo (283 m)Longitud: km 9,2Desnivel: m 153Dificultad: excursi\u00f3n, con secciones planas o en descenso intercaladas con cortas subidasPuntos de descanso: en Pecetto T.se y en ChieriAgua: En Pecetto [&hellip;]<\/p>\n","protected":false},"author":1,"featured_media":0,"parent":0,"menu_order":0,"comment_status":"closed","ping_status":"closed","template":"","meta":{"footnotes":""},"class_list":["post-5239","page","type-page","status-publish","hentry"],"_links":{"self":[{"href":"https:\/\/www.camminodonbosco.eu\/es\/wp-json\/wp\/v2\/pages\/5239","targetHints":{"allow":["GET"]}}],"collection":[{"href":"https:\/\/www.camminodonbosco.eu\/es\/wp-json\/wp\/v2\/pages"}],"about":[{"href":"https:\/\/www.camminodonbosco.eu\/es\/wp-json\/wp\/v2\/types\/page"}],"author":[{"embeddable":true,"href":"https:\/\/www.camminodonbosco.eu\/es\/wp-json\/wp\/v2\/users\/1"}],"replies":[{"embeddable":true,"href":"https:\/\/www.camminodonbosco.eu\/es\/wp-json\/wp\/v2\/comments?post=5239"}],"version-history":[{"count":0,"href":"https:\/\/www.camminodonbosco.eu\/es\/wp-json\/wp\/v2\/pages\/5239\/revisions"}],"wp:attachment":[{"href":"https:\/\/www.camminodonbosco.eu\/es\/wp-json\/wp\/v2\/media?parent=5239"}],"curies":[{"name":"wp","href":"https:\/\/api.w.org\/{rel}","templated":true}]}}