{"id":5243,"date":"2022-06-30T15:22:04","date_gmt":"2022-06-30T13:22:04","guid":{"rendered":"https:\/\/www.camminodonbosco.eu\/desde-chieri-hasta-el-colle-don-bosco\/"},"modified":"2024-01-03T19:30:50","modified_gmt":"2024-01-03T18:30:50","slug":"desde-chieri-hasta-el-colle-don-bosco","status":"publish","type":"page","link":"https:\/\/www.camminodonbosco.eu\/es\/desde-chieri-hasta-el-colle-don-bosco\/","title":{"rendered":"Desde Chieri hasta el Colle Don Bosco"},"content":{"rendered":"\n<p><em>Excursi\u00f3n hasta el Colle, pasando por la casa natal de San Domenico Savio y cruzando el campo entre Chieri, Riva presso Chieri y Buttigliera d\u2019Asti.<\/em><\/p>\n\n<p><strong>Inicio<\/strong>: Chieri, piazza Duomo (283 m)<br\/><strong>Llegada<\/strong>: Basilica del Colle Don Bosco (260 m)<br\/><strong>Longitud<\/strong>: 19,0 km<br\/><strong>Desnivel<\/strong>: 146 m<br\/><strong>Dificultad<\/strong>: excursi\u00f3n, recorrido llano<br\/><strong>Ristoro<\/strong>: despu\u00e9s de dejar Chieri no hay posibilidades de avituallamiento hasta el Colle Don Bosco<br\/><strong>Agua<\/strong>: En Chieri, fuentes en via Tana, piazza Duomo, Chiesa San Domenico y dos en via Buttigliera entre el cementerio y las escuelas. Luego, fuente en San Giovanni di Riva (casa de San Domenico Savio) y 3 fuentes en el Colle Don Bosco. <\/p>\n\n<div style=\"height:20px\" aria-hidden=\"true\" class=\"wp-block-spacer\"><\/div>\n\n<h2 class=\"wp-block-heading\">Descripci\u00f3n<\/h2>\n\n<p>Partiendo de piazza Duomo (<strong>I<\/strong>), seguir por via Vittorio Emanuele pasando por debajo del arco hacia San Filippo (Centro Visite Don Bosco) para llegar a la Iglesia de San Domenico. Subir por via delle Rosine, girar a la izquierda en via Avezzana, luego inmediatamente a la derecha en via Albussano, cruzar corso Matteotti y seguir recto por via Buttigliera. Despu\u00e9s de aproximadamente 1 km, llegando al cementerio, continuar por el lado izquierdo del muro del cementerio a lo largo de via Pirandello, hasta llegar a un amplio estacionamiento; aqu\u00ed girar a la izquierda para llegar a la strada vecchia di Buttigliera, que luego se sigue a la derecha, siguiendo el carril bici, hasta la rotonda, alcanzada despu\u00e9s de aproximadamente 1,8 km. Cruzar para continuar por la carretera asfaltada a la izquierda de la Cascina Robbio (pasando por grandes cercados para animales) superando el R\u00edo di Cesole y el R\u00edo Moano; seguir el asfalto que gira a la derecha (dejando a un lado la desviaci\u00f3n hacia Cascina Riviera) junto a grandes cercados, luego girar a la derecha despu\u00e9s de aproximadamente 400 m y continuar recto hasta llegar a la SP121 Riva presso Chieri-Arignano en la localidad de San Giovanni, a unos 4,2 km de Cascina Robbio. Cruzar la carretera provincial y el pueblo (via Don Bosco), caminar casi 1 km llegando primero a la casa natal de San Domenico Savio, luego a la intersecci\u00f3n con la SP32 Riva presso Chieri-Buttigliera d\u2019Asti. Con mucha precauci\u00f3n, pasar al lado opuesto de la carretera provincial, recorrer unos veinte metros hacia la izquierda y girar a la derecha en un camino de tierra junto a la zona industrial (ex Embraco). Describiendo un amplio arco hacia la izquierda, se llega a una carretera con un hermoso pasillo de robles que, dejando a la derecha la Cascina Martina, conduce a un cruce despu\u00e9s de 1,5 km de camino. Girar a la derecha y luego continuar recto en el sendero dejando a la derecha las Cascine Corna y Serramena y m\u00e1s adelante una carretera asfaltada. Un poco m\u00e1s adelante, hay una hermosa vista panor\u00e1mica que a la izquierda va desde el campanario de Buttigliera hasta la cadena de los Alpes, mientras que a la derecha ofrece una curiosa perspectiva del Colle Don Bosco. Ignorando otra desviaci\u00f3n a la derecha que conduce a una granja, despu\u00e9s de m\u00e1s de 3,5 km se llega a Croce Grande en la localidad de Crivelle, donde se cruza la SP16. Cruzar la carretera provincial, seguir recto durante 100 m, luego girar a la derecha y seguir el camino que desciende entre los campos (vista del Colle en el horizonte). Ignorar el primer camino a la derecha para seguir bajando a la derecha en el siguiente cruce. Pasar por alto las siguientes desviaciones a la izquierda y llegar a un cruce (aproximadamente a 2,4 km del cruce de Croce Grande) cerca de un puente.             <em>Aqu\u00ed, el camino se une al de la Etapa 3 del Camino medio, al que se remite para la descripci\u00f3n del tramo final del itinerario.<\/em><\/p>\n\n<div style=\"height:20px\" aria-hidden=\"true\" class=\"wp-block-spacer\"><\/div>\n\n<div class=\"wp-block-cover is-light\"><span aria-hidden=\"true\" class=\"wp-block-cover__background has-cyan-bluish-gray-background-color has-background-dim\"><\/span><div class=\"wp-block-cover__inner-container is-layout-flow wp-block-cover-is-layout-flow\">\n<div class=\"wp-block-group is-layout-flow wp-block-group-is-layout-flow\">\n<h2 class=\"wp-block-heading\">Siguiendo los pasos de Don Bosco<\/h2>\n\n\n\n<p><strong>San Domenico Savio y San Giovanni Bosco<\/strong><\/p>\n\n\n\n<figure class=\"wp-block-image alignright size-large is-resized\"><img decoding=\"async\" src=\"https:\/\/www.camminodonbosco.eu\/wp-content\/uploads\/2022\/07\/La-casa-di-San-Domenico-Savio-a-San-Giovanni-di-Riva-presso-Chieri-110x300.jpg\" alt=\"\" style=\"width:166px;height:auto\"\/><\/figure>\n\n\n\n<p>Domenico Savio naci\u00f3 en una granja de San Giovanni di Riva el 2 de abril de 1842, hijo del herrero Carlo y Brigida Gaiato, costurera. Segundo de diez hermanos, fue bautizado en la iglesia parroquial de Riva el mismo d\u00eda de su nacimiento. Hoy todo el complejo se ha convertido en un centro de espiritualidad y acogida, pero la casa natal todav\u00eda es visitable: la peque\u00f1a capilla convertida del antiguo local de la cocina est\u00e1 abierta a los visitantes, un peque\u00f1o museo que reproduce el taller del padre, la habitaci\u00f3n donde naci\u00f3 Domenico con los pisos originales de ladrillo y el cuarto de los ni\u00f1os. El futuro santo vivi\u00f3 en el lugar de nacimiento hasta noviembre de 1843, cuando los Savio se mudaron a Morialdo, una fracci\u00f3n de Castelnuovo d\u2019Asti, donde se quedaron hasta febrero de 1853, cuando se trasladaron a Mondonio. El 2 de octubre de 1854, en la fiesta de Nuestra Se\u00f1ora del Rosario, el ni\u00f1o de doce a\u00f1os Domenico conoci\u00f3 a Don Bosco en los Becchi: fue el paso decisivo en su camino hacia la santidad, ya que en esa ocasi\u00f3n Domenico pidi\u00f3 ser admitido en el Oratorio, expresando el deseo de convertirse en sacerdote. El chico fue acogido en Tur\u00edn, debido a sus dones excepcionales de alma e intelecto bajo la gu\u00eda espiritual de Don Bosco. Permaneci\u00f3 all\u00ed hasta marzo de 1857, cuando debido a una enfermedad grave tuvo que regresar a Mondonio, donde muri\u00f3 el 9 de marzo de 1857. Sus restos mortales descansan en la Bas\u00edlica de Mar\u00eda Auxiliadora en Tur\u00edn. El 12 de junio de 1954 fue proclamado santo por el Papa P\u00edo XII en la Bas\u00edlica de San Pedro en Roma. Su fiesta se celebra el 6 de mayo y se considera \u00abprotector de las madres embarazadas\u00bb. En la casa natal se erigi\u00f3 un monumento en su honor en el centenario de su muerte.          <\/p>\n<\/div>\n<\/div><\/div>\n\n<div style=\"height:20px\" aria-hidden=\"true\" class=\"wp-block-spacer\"><\/div>\n\n<h2 class=\"wp-block-heading\">Mapa<\/h2>\n\n<figure data-wp-context=\"{&quot;imageId&quot;:&quot;69f2b6eb992c8&quot;}\" data-wp-interactive=\"core\/image\" data-wp-key=\"69f2b6eb992c8\" class=\"wp-block-image size-full wp-lightbox-container\"><img fetchpriority=\"high\" decoding=\"async\" width=\"2560\" height=\"535\" data-wp-class--hide=\"state.isContentHidden\" data-wp-class--show=\"state.isContentVisible\" data-wp-init=\"callbacks.setButtonStyles\" data-wp-on--click=\"actions.showLightbox\" data-wp-on--load=\"callbacks.setButtonStyles\" data-wp-on-window--resize=\"callbacks.setButtonStyles\" src=\"https:\/\/www.camminodonbosco.eu\/wp-content\/uploads\/2022\/07\/Tappa-3-CDB-Basso-CHIERI-COLLE-DON-BOSCO-scaled.jpg\" alt=\"\" class=\"wp-image-1374\" style=\"object-fit:cover\" srcset=\"https:\/\/www.camminodonbosco.eu\/wp-content\/uploads\/2022\/07\/Tappa-3-CDB-Basso-CHIERI-COLLE-DON-BOSCO-scaled.jpg 2560w, https:\/\/www.camminodonbosco.eu\/wp-content\/uploads\/2022\/07\/Tappa-3-CDB-Basso-CHIERI-COLLE-DON-BOSCO-300x63.jpg 300w, https:\/\/www.camminodonbosco.eu\/wp-content\/uploads\/2022\/07\/Tappa-3-CDB-Basso-CHIERI-COLLE-DON-BOSCO-1024x214.jpg 1024w, https:\/\/www.camminodonbosco.eu\/wp-content\/uploads\/2022\/07\/Tappa-3-CDB-Basso-CHIERI-COLLE-DON-BOSCO-768x161.jpg 768w, https:\/\/www.camminodonbosco.eu\/wp-content\/uploads\/2022\/07\/Tappa-3-CDB-Basso-CHIERI-COLLE-DON-BOSCO-1536x321.jpg 1536w, https:\/\/www.camminodonbosco.eu\/wp-content\/uploads\/2022\/07\/Tappa-3-CDB-Basso-CHIERI-COLLE-DON-BOSCO-2048x428.jpg 2048w\" sizes=\"(max-width: 2560px) 100vw, 2560px\" \/><button\n\t\t\tclass=\"lightbox-trigger\"\n\t\t\ttype=\"button\"\n\t\t\taria-haspopup=\"dialog\"\n\t\t\taria-label=\"Agrandar\"\n\t\t\tdata-wp-init=\"callbacks.initTriggerButton\"\n\t\t\tdata-wp-on--click=\"actions.showLightbox\"\n\t\t\tdata-wp-style--right=\"state.imageButtonRight\"\n\t\t\tdata-wp-style--top=\"state.imageButtonTop\"\n\t\t>\n\t\t\t<svg xmlns=\"http:\/\/www.w3.org\/2000\/svg\" width=\"12\" height=\"12\" fill=\"none\" viewBox=\"0 0 12 12\">\n\t\t\t\t<path fill=\"#fff\" d=\"M2 0a2 2 0 0 0-2 2v2h1.5V2a.5.5 0 0 1 .5-.5h2V0H2Zm2 10.5H2a.5.5 0 0 1-.5-.5V8H0v2a2 2 0 0 0 2 2h2v-1.5ZM8 12v-1.5h2a.5.5 0 0 0 .5-.5V8H12v2a2 2 0 0 1-2 2H8Zm2-12a2 2 0 0 1 2 2v2h-1.5V2a.5.5 0 0 0-.5-.5H8V0h2Z\" \/>\n\t\t\t<\/svg>\n\t\t<\/button><\/figure>\n","protected":false},"excerpt":{"rendered":"<p>Excursi\u00f3n hasta el Colle, pasando por la casa natal de San Domenico Savio y cruzando el campo entre Chieri, Riva presso Chieri y Buttigliera d\u2019Asti. Inicio: Chieri, piazza Duomo (283 m)Llegada: Basilica del Colle Don Bosco (260 m)Longitud: 19,0 kmDesnivel: 146 mDificultad: excursi\u00f3n, recorrido llanoRistoro: despu\u00e9s de dejar Chieri no hay posibilidades de avituallamiento hasta [&hellip;]<\/p>\n","protected":false},"author":1,"featured_media":0,"parent":0,"menu_order":0,"comment_status":"closed","ping_status":"closed","template":"","meta":{"footnotes":""},"class_list":["post-5243","page","type-page","status-publish","hentry"],"_links":{"self":[{"href":"https:\/\/www.camminodonbosco.eu\/es\/wp-json\/wp\/v2\/pages\/5243","targetHints":{"allow":["GET"]}}],"collection":[{"href":"https:\/\/www.camminodonbosco.eu\/es\/wp-json\/wp\/v2\/pages"}],"about":[{"href":"https:\/\/www.camminodonbosco.eu\/es\/wp-json\/wp\/v2\/types\/page"}],"author":[{"embeddable":true,"href":"https:\/\/www.camminodonbosco.eu\/es\/wp-json\/wp\/v2\/users\/1"}],"replies":[{"embeddable":true,"href":"https:\/\/www.camminodonbosco.eu\/es\/wp-json\/wp\/v2\/comments?post=5243"}],"version-history":[{"count":0,"href":"https:\/\/www.camminodonbosco.eu\/es\/wp-json\/wp\/v2\/pages\/5243\/revisions"}],"wp:attachment":[{"href":"https:\/\/www.camminodonbosco.eu\/es\/wp-json\/wp\/v2\/media?parent=5243"}],"curies":[{"name":"wp","href":"https:\/\/api.w.org\/{rel}","templated":true}]}}