{"id":5256,"date":"2023-08-28T18:52:32","date_gmt":"2023-08-28T16:52:32","guid":{"rendered":"https:\/\/www.camminodonbosco.eu\/anillo-de-trofarello\/"},"modified":"2024-02-22T21:48:05","modified_gmt":"2024-02-22T20:48:05","slug":"anillo-de-trofarello","status":"publish","type":"page","link":"https:\/\/www.camminodonbosco.eu\/es\/anillo-de-trofarello\/","title":{"rendered":"Anillo de Trofarello"},"content":{"rendered":"\n<p><em>A trav\u00e9s de las colinas entre Trofarello y Pecetto T.se, hasta el Santuario de la Virgen Mar\u00eda de Celle.<\/em><\/p>\n\n<div style=\"height:20px\" aria-hidden=\"true\" class=\"wp-block-spacer\"><\/div>\n\n<h2 class=\"wp-block-heading\">Notas t\u00e9cnicas<\/h2>\n\n<p><strong>Salida<\/strong>: Piazza Primo Maggio, di fronte al Municipio<br\/><strong>Llegada<\/strong>: Piazza Primo Maggio, di fronte al Municipio<br\/><strong>Longitud<\/strong>: 10,1 km <br\/><strong>Desnivel<\/strong>: 190 m<br\/><strong>Dificultad<\/strong>: excursi\u00f3n, recorrido ligeramente ondulado<br\/><strong>Avituallamiento<\/strong>: una vez dejado Trofarello, no hay puntos de avituallamiento hasta Pecetto (INFOpoint excursi\u00f3n Caff\u00e8 ristretto)<br\/><strong>Agua<\/strong>: fuentes en Trofarello y punto de agua en el Santuario de la Virgen Mar\u00eda de Celle<\/p>\n\n<div style=\"height:20px\" aria-hidden=\"true\" class=\"wp-block-spacer\"><\/div>\n\n<h2 class=\"wp-block-heading\">Descripci\u00f3n<\/h2>\n\n<p>El recorrido, se\u00f1alizado en su totalidad, parte de la plaza del Ayuntamiento para atravesar el centro hist\u00f3rico de Trofarello, siguiendo el recorrido salesiano (con 7 representaciones que evocan la vida de San Juan Bosco) y llegar al Santuario de la Virgen Mar\u00eda de Celle. Luego contin\u00faa por un hermoso sendero entre las colinas y llega a la Iglesia de San Sebastiano en Pecetto T.se. Desde all\u00ed, desciende primero por la carretera Valle Sauglio, luego por la carretera Serravecchia y finalmente por la calle Serra hasta Valle Sauglio, para luego regresar al punto de partida pasando por la Cascina La Quara. <\/p>\n\n<div style=\"height:30px\" aria-hidden=\"true\" class=\"wp-block-spacer\"><\/div>\n\n<div class=\"wp-block-cover is-light\" style=\"min-height:100px;aspect-ratio:unset;\"><span aria-hidden=\"true\" class=\"wp-block-cover__background has-cyan-bluish-gray-background-color has-background-dim\"><\/span><div class=\"wp-block-cover__inner-container is-layout-flow wp-block-cover-is-layout-flow\">\n<div class=\"wp-block-group is-layout-flow wp-block-group-is-layout-flow\">\n<h2 class=\"wp-block-heading\">Siguiendo los pasos de Don Bosco<\/h2>\n\n\n\n<p><\/p>\n\n\n\n<div style=\"height:30px\" aria-hidden=\"true\" class=\"wp-block-spacer\"><\/div>\n\n\n\n<h2 class=\"wp-block-heading\">Don Bosco en Trofarello<\/h2>\n\n\n\n<p>Los primeros ejercicios espirituales exclusivamente dirigidos a los salesianos se llevaron a cabo en Trofarello en 1866 en la <strong>finca llamada \u00abLa Quara\u00bb<\/strong>, ubicada entre via IV Novembre y via XXV Aprile. Estos primeros ejercicios duraron cinco d\u00edas y se realizaron en dos turnos para facilitar la participaci\u00f3n. Las meditaciones fueron predicadas por el can\u00f3nigo Lorenzo Gastaldi y las instrucciones fueron dadas por Don Bosco mismo. La casa de Trofarello fue donada por Don Antonio Franco (un sacerdote de Trofarello fallecido en 1864) a la Congregaci\u00f3n Salesiana y se utiliz\u00f3 desde el principio para los ejercicios espirituales y el descanso de los hermanos convalecientes; ser\u00e1 la tercera obra salesiana fuera de Tur\u00edn. En 1863, Don Bosco hab\u00eda inaugurado la primera casa salesiana fuera de Tur\u00edn: el \u00abpeque\u00f1o seminario\u00bb de Mirabello Monferrato, dirigido por Don Michele Rua. En 1864 comenz\u00f3 la actividad del Colegio de Lanzo Torinese. En 1866 fue el turno de Trofarello.      <\/p>\n\n\n\n<p>Don Bosco escribi\u00f3 en una memoria hist\u00f3rica: \u201c<em>La casa di Trofarello, diocesi di Torino, \u00e8 specialmente destinata a fare gli esercizi spirituali che ogni anno, in tempo di vacanza, si tengono regolarmente per tutti quelli della Societ\u00e0<\/em>\u201d.<\/p>\n\n\n\n<div style=\"height:30px\" aria-hidden=\"true\" class=\"wp-block-spacer\"><\/div>\n\n\n\n<h2 class=\"wp-block-heading\">Recorridos salesianos en Trofarello<\/h2>\n\n\n\n<p>En ocasi\u00f3n del cent\u00e9simo vig\u00e9simo aniversario de la muerte de San Juan Bosco, el Municipio de Trofarello, en colaboraci\u00f3n con la Parroquia, realiz\u00f3 los \u00abRecorridos salesianos\u00bb: un recorrido hist\u00f3rico-religioso que se ramifica desde la Iglesia de Santa Croce hacia los campos de Trofarello hasta llegar al santuario de Santa Mar\u00eda de Celle, compuesto por siete representaciones que evocan los principales eventos de la vida del santo:<\/p>\n\n\n\n<ol class=\"wp-block-list\">\n<li>El nacimiento de Don Bosco<\/li>\n\n\n\n<li>El sue\u00f1o de los nueve a\u00f1os<\/li>\n\n\n\n<li>El primer Oratorio<\/li>\n\n\n\n<li>La construcci\u00f3n de la Bas\u00edlica de Mar\u00eda Auxiliadora<\/li>\n\n\n\n<li>Los primeros ejercicios espirituales en Trofarello<\/li>\n\n\n\n<li>Los primeros misioneros salesianos<\/li>\n\n\n\n<li>La muerte de Don Bosco y sus primeros sucesores<\/li>\n<\/ol>\n\n\n\n<p><\/p>\n<\/div>\n<\/div><\/div>\n\n<div style=\"height:20px\" aria-hidden=\"true\" class=\"wp-block-spacer\"><\/div>\n\n<h2 class=\"wp-block-heading\">Mapa<\/h2>\n\n<figure class=\"wp-block-image size-large\"><img fetchpriority=\"high\" decoding=\"async\" width=\"634\" height=\"1024\" src=\"https:\/\/www.camminodonbosco.eu\/wp-content\/uploads\/2024\/01\/IT1-634x1024.jpg\" alt=\"\" class=\"wp-image-5053\" srcset=\"https:\/\/www.camminodonbosco.eu\/wp-content\/uploads\/2024\/01\/IT1-634x1024.jpg 634w, https:\/\/www.camminodonbosco.eu\/wp-content\/uploads\/2024\/01\/IT1-186x300.jpg 186w, https:\/\/www.camminodonbosco.eu\/wp-content\/uploads\/2024\/01\/IT1.jpg 737w\" sizes=\"(max-width: 634px) 100vw, 634px\" \/><\/figure>\n","protected":false},"excerpt":{"rendered":"<p>A trav\u00e9s de las colinas entre Trofarello y Pecetto T.se, hasta el Santuario de la Virgen Mar\u00eda de Celle. Notas t\u00e9cnicas Salida: Piazza Primo Maggio, di fronte al MunicipioLlegada: Piazza Primo Maggio, di fronte al MunicipioLongitud: 10,1 km Desnivel: 190 mDificultad: excursi\u00f3n, recorrido ligeramente onduladoAvituallamiento: una vez dejado Trofarello, no hay puntos de avituallamiento hasta [&hellip;]<\/p>\n","protected":false},"author":1,"featured_media":0,"parent":0,"menu_order":0,"comment_status":"closed","ping_status":"closed","template":"","meta":{"footnotes":""},"class_list":["post-5256","page","type-page","status-publish","hentry"],"_links":{"self":[{"href":"https:\/\/www.camminodonbosco.eu\/es\/wp-json\/wp\/v2\/pages\/5256","targetHints":{"allow":["GET"]}}],"collection":[{"href":"https:\/\/www.camminodonbosco.eu\/es\/wp-json\/wp\/v2\/pages"}],"about":[{"href":"https:\/\/www.camminodonbosco.eu\/es\/wp-json\/wp\/v2\/types\/page"}],"author":[{"embeddable":true,"href":"https:\/\/www.camminodonbosco.eu\/es\/wp-json\/wp\/v2\/users\/1"}],"replies":[{"embeddable":true,"href":"https:\/\/www.camminodonbosco.eu\/es\/wp-json\/wp\/v2\/comments?post=5256"}],"version-history":[{"count":0,"href":"https:\/\/www.camminodonbosco.eu\/es\/wp-json\/wp\/v2\/pages\/5256\/revisions"}],"wp:attachment":[{"href":"https:\/\/www.camminodonbosco.eu\/es\/wp-json\/wp\/v2\/media?parent=5256"}],"curies":[{"name":"wp","href":"https:\/\/api.w.org\/{rel}","templated":true}]}}