{"id":5258,"date":"2022-06-30T17:52:46","date_gmt":"2022-06-30T15:52:46","guid":{"rendered":"https:\/\/www.camminodonbosco.eu\/da-villanova-dasti-hasta-el-colle-don-bosco\/"},"modified":"2024-02-22T21:52:32","modified_gmt":"2024-02-22T20:52:32","slug":"da-villanova-dasti-hasta-el-colle-don-bosco","status":"publish","type":"page","link":"https:\/\/www.camminodonbosco.eu\/es\/da-villanova-dasti-hasta-el-colle-don-bosco\/","title":{"rendered":"Da Villanova d\u2019Asti hasta el Colle Don Bosco"},"content":{"rendered":"\n<p><em>Excursi\u00f3n desde el Fontanino hasta el Colle Don Bosco, cruzando el Bosco degli ontani.<\/em><\/p>\n\n<div style=\"height:20px\" aria-hidden=\"true\" class=\"wp-block-spacer\"><\/div>\n\n<h2 class=\"wp-block-heading\">Notas t\u00e9cnicas<\/h2>\n\n<p><strong>Partida<\/strong>: Villanova d\u2019Asti, Santuario della Madonna delle Grazie, in viale Maria Baj (260 m)<br\/><strong>Llegada<\/strong>: Basilica del Colle Don Bosco (269 m)<br\/><strong>Longitud<\/strong>: 12,6 km<br\/><strong>Desnivel<\/strong>: 119 m<br\/><strong>Dificultad<\/strong>: de excursi\u00f3n, ruta inicialmente llana, luego ligeramente ondulada<br\/><strong>Avituallamiento<\/strong>: una vez dejado el centro de Villanova d\u2019Asti, no hay posibilidad de avituallamiento hasta llegar al Colle Don Bosco<br\/><strong>Agua<\/strong>: Fontanino en el Jard\u00edn del Santuario, caseta agua a 100 m del Mulino del Casale, fuente en la aldea Savi cerca de la Iglesia de San Marco (digresi\u00f3n), 3 fuentes en el Colle Don Bosco<\/p>\n\n<div style=\"height:20px\" aria-hidden=\"true\" class=\"wp-block-spacer\"><\/div>\n\n<h2 class=\"wp-block-heading\">Descripci\u00f3n<\/h2>\n\n<p>El recorrido comienza en el Santuario de la Madonna (o Beata Vergine) delle Grazie (<strong>P<\/strong>), pasando por las calles Francesco I, Tommaso Villa, Adolfo Villa y cruzando despu\u00e9s de 400 m la SP hacia Buttigliera. Luego sigue un tramo corto de la antigua carretera hacia Chieri, la vieja carretera de Brassicarda y el carril bici para luego cruzar el puente sobre la A21. Despu\u00e9s de una curva, se toma la primera calle a la derecha que, con un tramo recto de aproximadamente 500 m junto a un canal, vuelve a alcanzar la SP hacia Buttigliera, que se cruza cerca de otro puente sobre la A21, para luego girar a la derecha y luego a la izquierda enseguida por una carrareccia para seguir durante 2 km. Al llegar a la SP que va desde la Estaci\u00f3n de Villanova a San Paolo Solbrito, se pasa el puente sobre el ferrocarril, luego se gira a la derecha despu\u00e9s de unos pocos metros por una carretera asfaltada y se llega r\u00e1pidamente al Santuario de la Madonna di Serra. Diez metros despu\u00e9s, en el cruce, se baja a la izquierda por la calle Cormaglione (inicialmente asfaltada) durante aproximadamente 1 km, para luego girar a la derecha cerca de algunas casas, llegando a una villa y luego girando a la izquierda. La carretera se convierte en un sendero adyacente a un prado cercado, luego desciende por una carrareccia que gira a la izquierda. Despu\u00e9s de menos de 1 km, se cruza la SP2 hacia Montafia, llegando al Mulino del Casale, ahora una estructura receptiva. Desde el estacionamiento del Molino, se toma el sendero que atraviesa un bosquecillo de \u00e1lamos, para luego girar a la izquierda en el estrecho sendero que corre junto a la bialera viva, un canal artificial que alimenta el Molino desde 1400.       <em>(Ruta alternativa: pasar el Mulino del Casale, seguir por la carretera provincial hasta el primer cruce a la izquierda y seguir la carrareccia subiendo a la aldea Savi. Luego, girar a la derecha y atravesar el pueblo por la v\u00eda Circonvallazione Savi y luego girar a la derecha cerca de la Parroquia de San Marco y luego a la izquierda cerca de la capilla de San Giuseppe. Bajar al fondo del valle, llegando a cruzar el camino principal).<\/em> No sin dificultad debido a las dimensiones estrechas, continuar en este sendero durante aproximadamente 1.500 m, inmersos en un maravilloso bosque de aliso negro (<em>Alnus glutinosa<\/em>), el \u00fanico que queda en todo el \u00e1rea de Asti, que se llena de un hermoso color amarillo durante la floraci\u00f3n de primavera de la <em>Caltha palustris<\/em>. El sendero termina en una carrareccia que a la izquierda conduce a la aldea Savi de Villanova: en cambio, girar a la derecha para llegar despu\u00e9s de unos 400 m en una ligera pendiente a un peque\u00f1o puente de hierro sobre el r\u00edo della Valle. A pocos metros despu\u00e9s, girar a la izquierda y seguir un sendero que corre junto al r\u00edo, adentr\u00e1ndose en un denso bosque de robles y robinias, y luego continuar durante m\u00e1s de 1 km, ignorando los varios cruces. Continuar a\u00fan por un largo tramo junto al r\u00edo (en la distancia, a la izquierda se ve la aldea Crivelle de Buttigliera), llegando a un cruce donde se gira primero a la izquierda y luego a la derecha, siempre en un camino de tierra, para llegar a una casa de campo y despu\u00e9s de una corta subida a la Cascina Mainito, ahora convertida en un centro ecuestre (Circolo Ippico il Gelso). Continuar por otros 500 m en un camino primero empedrado y luego asfaltado y llegar a la SP33 hacia Capriglio, que se recorre por un corto tramo hacia la izquierda, manteni\u00e9ndose en el lado izquierdo para prestar la m\u00e1xima atenci\u00f3n al tr\u00e1fico. Se cruza en correspondencia de un pilar votivo para llegar a una puerta, que se atraviesa a la derecha por un peque\u00f1o sendero que desemboca en la carrareccia que sube r\u00e1pidamente al Colle Don Bosco (<strong>H<\/strong>).     <\/p>\n\n<div style=\"height:30px\" aria-hidden=\"true\" class=\"wp-block-spacer\"><\/div>\n\n<div class=\"wp-block-cover is-light\" style=\"min-height:100px;aspect-ratio:unset;\"><span aria-hidden=\"true\" class=\"wp-block-cover__background has-cyan-bluish-gray-background-color has-background-dim\"><\/span><div class=\"wp-block-cover__inner-container is-layout-flow wp-block-cover-is-layout-flow\">\n<div class=\"wp-block-group is-layout-flow wp-block-group-is-layout-flow\">\n<h2 class=\"wp-block-heading\">Siguiendo los pasos de Don Bosco<\/h2>\n\n\n\n<p>Don Bosco y la <strong>Madonna delle Grazie<\/strong>: en 1823, Giovannino Bosco fue con su madre, Margherita, desde los Becchi a Villanova para beber el agua milagrosa del Fontanino y sanar de la \u00ab<em>ruffa<\/em>\u00bb (costra l\u00e1ctea), una enfermedad de la piel muy com\u00fan en ese momento y causada por la falta de vitaminas. Don Bosco regres\u00f3 en 1871 para celebrar el primer aniversario de la inauguraci\u00f3n de la iglesia. <\/p>\n<\/div>\n<\/div><\/div>\n\n<div style=\"height:30px\" aria-hidden=\"true\" class=\"wp-block-spacer\"><\/div>\n\n<h2 class=\"wp-block-heading\">Mapa<\/h2>\n\n<figure data-wp-context=\"{&quot;imageId&quot;:&quot;69f2e01420ab3&quot;}\" data-wp-interactive=\"core\/image\" data-wp-key=\"69f2e01420ab3\" class=\"wp-block-image size-full wp-lightbox-container\"><img fetchpriority=\"high\" decoding=\"async\" width=\"1190\" height=\"949\" data-wp-class--hide=\"state.isContentHidden\" data-wp-class--show=\"state.isContentVisible\" data-wp-init=\"callbacks.setButtonStyles\" data-wp-on--click=\"actions.showLightbox\" data-wp-on--load=\"callbacks.setButtonStyles\" data-wp-on-window--resize=\"callbacks.setButtonStyles\" src=\"https:\/\/www.camminodonbosco.eu\/wp-content\/uploads\/2024\/01\/IT2.jpg\" alt=\"\" class=\"wp-image-5060\" style=\"object-fit:cover\" srcset=\"https:\/\/www.camminodonbosco.eu\/wp-content\/uploads\/2024\/01\/IT2.jpg 1190w, https:\/\/www.camminodonbosco.eu\/wp-content\/uploads\/2024\/01\/IT2-300x239.jpg 300w, https:\/\/www.camminodonbosco.eu\/wp-content\/uploads\/2024\/01\/IT2-1024x817.jpg 1024w, https:\/\/www.camminodonbosco.eu\/wp-content\/uploads\/2024\/01\/IT2-768x612.jpg 768w\" sizes=\"(max-width: 1190px) 100vw, 1190px\" \/><button\n\t\t\tclass=\"lightbox-trigger\"\n\t\t\ttype=\"button\"\n\t\t\taria-haspopup=\"dialog\"\n\t\t\taria-label=\"Agrandar\"\n\t\t\tdata-wp-init=\"callbacks.initTriggerButton\"\n\t\t\tdata-wp-on--click=\"actions.showLightbox\"\n\t\t\tdata-wp-style--right=\"state.imageButtonRight\"\n\t\t\tdata-wp-style--top=\"state.imageButtonTop\"\n\t\t>\n\t\t\t<svg xmlns=\"http:\/\/www.w3.org\/2000\/svg\" width=\"12\" height=\"12\" fill=\"none\" viewBox=\"0 0 12 12\">\n\t\t\t\t<path fill=\"#fff\" d=\"M2 0a2 2 0 0 0-2 2v2h1.5V2a.5.5 0 0 1 .5-.5h2V0H2Zm2 10.5H2a.5.5 0 0 1-.5-.5V8H0v2a2 2 0 0 0 2 2h2v-1.5ZM8 12v-1.5h2a.5.5 0 0 0 .5-.5V8H12v2a2 2 0 0 1-2 2H8Zm2-12a2 2 0 0 1 2 2v2h-1.5V2a.5.5 0 0 0-.5-.5H8V0h2Z\" \/>\n\t\t\t<\/svg>\n\t\t<\/button><\/figure>\n","protected":false},"excerpt":{"rendered":"<p>Excursi\u00f3n desde el Fontanino hasta el Colle Don Bosco, cruzando el Bosco degli ontani. Notas t\u00e9cnicas Partida: Villanova d\u2019Asti, Santuario della Madonna delle Grazie, in viale Maria Baj (260 m)Llegada: Basilica del Colle Don Bosco (269 m)Longitud: 12,6 kmDesnivel: 119 mDificultad: de excursi\u00f3n, ruta inicialmente llana, luego ligeramente onduladaAvituallamiento: una vez dejado el centro de [&hellip;]<\/p>\n","protected":false},"author":1,"featured_media":0,"parent":0,"menu_order":0,"comment_status":"closed","ping_status":"closed","template":"","meta":{"footnotes":""},"class_list":["post-5258","page","type-page","status-publish","hentry"],"_links":{"self":[{"href":"https:\/\/www.camminodonbosco.eu\/es\/wp-json\/wp\/v2\/pages\/5258","targetHints":{"allow":["GET"]}}],"collection":[{"href":"https:\/\/www.camminodonbosco.eu\/es\/wp-json\/wp\/v2\/pages"}],"about":[{"href":"https:\/\/www.camminodonbosco.eu\/es\/wp-json\/wp\/v2\/types\/page"}],"author":[{"embeddable":true,"href":"https:\/\/www.camminodonbosco.eu\/es\/wp-json\/wp\/v2\/users\/1"}],"replies":[{"embeddable":true,"href":"https:\/\/www.camminodonbosco.eu\/es\/wp-json\/wp\/v2\/comments?post=5258"}],"version-history":[{"count":0,"href":"https:\/\/www.camminodonbosco.eu\/es\/wp-json\/wp\/v2\/pages\/5258\/revisions"}],"wp:attachment":[{"href":"https:\/\/www.camminodonbosco.eu\/es\/wp-json\/wp\/v2\/media?parent=5258"}],"curies":[{"name":"wp","href":"https:\/\/api.w.org\/{rel}","templated":true}]}}