{"id":5260,"date":"2022-06-30T17:51:15","date_gmt":"2022-06-30T15:51:15","guid":{"rendered":"https:\/\/www.camminodonbosco.eu\/desde-buttigliera-dasti-hasta-el-colle-don-bosco\/"},"modified":"2024-02-22T21:54:30","modified_gmt":"2024-02-22T20:54:30","slug":"desde-buttigliera-dasti-hasta-el-colle-don-bosco","status":"publish","type":"page","link":"https:\/\/www.camminodonbosco.eu\/es\/desde-buttigliera-dasti-hasta-el-colle-don-bosco\/","title":{"rendered":"Desde Buttigliera d&#8217;Asti hasta el Colle Don Bosco"},"content":{"rendered":"\n<p><em>Desde Buttigliera hasta el Colle, pasando por la Iglesia de San Martino.<\/em><\/p>\n\n<div style=\"height:20px\" aria-hidden=\"true\" class=\"wp-block-spacer\"><\/div>\n\n<h2 class=\"wp-block-heading\">Notas t\u00e9cnicas<\/h2>\n\n<p><strong>Partida<\/strong>: Buttigliera d\u2019Asti, piazza Umberto I (291 m)<br\/><strong>Llegada<\/strong>: Basilica del Colle Don Bosco (260 m)<br\/><strong>Longitud<\/strong>: 7,3 km<br\/><strong>Desnivel<\/strong>: 113 m<br\/><strong>Dificultad<\/strong>: excursi\u00f3n, recorrido ligeramente ondulado<br\/><strong>Avituallamiento<\/strong>: una vez dejada Buttigliera, no hay posibilidad de avituallamiento hasta llegar al Colle Don Bosco<br\/><strong>Agua<\/strong>: fuente junto a la Iglesia de S. Biagio en Buttigliera y 3 fuentes en el Colle Don Bosco<\/p>\n\n<div style=\"height:20px\" aria-hidden=\"true\" class=\"wp-block-spacer\"><\/div>\n\n<h2 class=\"wp-block-heading\">Descripci\u00f3n<\/h2>\n\n<p>Comenzando desde la piazza Umberto I (<strong>O<\/strong>) (frente a la Iglesia de San Biagio), tomar la via Don Bosco, luego girar a la derecha despu\u00e9s de 100 m en la via IV Novembre. Despu\u00e9s de otros 100 m, girar a la izquierda hacia la aldea Serra. Al llegar a una peque\u00f1a iglesia, pasar por la derecha de la misma y continuar recto durante 700 m hasta llegar a la Iglesia de San Martino, dentro del cementerio. Despu\u00e9s de la iglesia, continuar siempre recto por la carrareccia que desciende suavemente entre campos cultivados, prados y bosques, que puede estar muy embarrado en caso de lluvias. Ignorar tres desviaciones sucesivas (dos a la derecha, la \u00faltima a la izquierda), despu\u00e9s de recorrer aproximadamente 1 km, girar a la izquierda en una peque\u00f1a subida, pasando por el agroturismo Cascina Campora. Al llegar a una carretera asfaltada, girar a la derecha y luego poco despu\u00e9s a la izquierda, llegando a la carretera principal que atraviesa la aldea Serra di Buttigliera d\u2019Asti, donde se encuentra la Etapa 3 del Cammino medio, a la cual se hace referencia para la descripci\u00f3n de la parte final del itinerario.     <\/p>\n\n<div style=\"height:20px\" aria-hidden=\"true\" class=\"wp-block-spacer\"><\/div>\n\n<div class=\"wp-block-cover is-light\" style=\"min-height:100px;aspect-ratio:unset;\"><span aria-hidden=\"true\" class=\"wp-block-cover__background has-cyan-bluish-gray-background-color has-background-dim\"><\/span><div class=\"wp-block-cover__inner-container is-layout-flow wp-block-cover-is-layout-flow\">\n<div class=\"wp-block-group is-layout-flow wp-block-group-is-layout-flow\">\n<h2 class=\"wp-block-heading\">Siguiendo los pasos de Don Bosco<\/h2>\n\n\n\n<p>Don Bosco en Buttigliera d\u2019Asti: en 1829, saliendo de la Iglesia de San Biagio, Giovanni fue abordado por el viejo capell\u00e1n don Calosso, quien, en broma, le pidi\u00f3 que repitiera al menos cuatro palabras del serm\u00f3n que hab\u00eda escuchado. Tranquilo, Giovanni lo recit\u00f3 todo, de principio a fin. Asombrado por la memoria del joven, don Calosso invit\u00f3 a Margherita a la iglesia de Morialdo, cuya casa parroquial el ni\u00f1o luego fue a vivir. En 1833, Giovanni Bosco recibi\u00f3 el sacramento de la Confirmaci\u00f3n en la Iglesia de San Biagio.   <\/p>\n<\/div>\n<\/div><\/div>\n\n<div style=\"height:20px\" aria-hidden=\"true\" class=\"wp-block-spacer\"><\/div>\n\n<h2 class=\"wp-block-heading\">Mapa<\/h2>\n\n<figure data-wp-context=\"{&quot;imageId&quot;:&quot;69f2df2646fb7&quot;}\" data-wp-interactive=\"core\/image\" data-wp-key=\"69f2df2646fb7\" class=\"wp-block-image size-full wp-lightbox-container\"><img fetchpriority=\"high\" decoding=\"async\" width=\"1488\" height=\"2324\" data-wp-class--hide=\"state.isContentHidden\" data-wp-class--show=\"state.isContentVisible\" data-wp-init=\"callbacks.setButtonStyles\" data-wp-on--click=\"actions.showLightbox\" data-wp-on--load=\"callbacks.setButtonStyles\" data-wp-on-window--resize=\"callbacks.setButtonStyles\" src=\"https:\/\/www.camminodonbosco.eu\/wp-content\/uploads\/2024\/01\/IT3.jpg\" alt=\"\" class=\"wp-image-5066\" style=\"object-fit:cover\" srcset=\"https:\/\/www.camminodonbosco.eu\/wp-content\/uploads\/2024\/01\/IT3.jpg 1488w, https:\/\/www.camminodonbosco.eu\/wp-content\/uploads\/2024\/01\/IT3-192x300.jpg 192w, https:\/\/www.camminodonbosco.eu\/wp-content\/uploads\/2024\/01\/IT3-656x1024.jpg 656w, https:\/\/www.camminodonbosco.eu\/wp-content\/uploads\/2024\/01\/IT3-768x1199.jpg 768w, https:\/\/www.camminodonbosco.eu\/wp-content\/uploads\/2024\/01\/IT3-983x1536.jpg 983w, https:\/\/www.camminodonbosco.eu\/wp-content\/uploads\/2024\/01\/IT3-1311x2048.jpg 1311w\" sizes=\"(max-width: 1488px) 100vw, 1488px\" \/><button\n\t\t\tclass=\"lightbox-trigger\"\n\t\t\ttype=\"button\"\n\t\t\taria-haspopup=\"dialog\"\n\t\t\taria-label=\"Agrandar\"\n\t\t\tdata-wp-init=\"callbacks.initTriggerButton\"\n\t\t\tdata-wp-on--click=\"actions.showLightbox\"\n\t\t\tdata-wp-style--right=\"state.imageButtonRight\"\n\t\t\tdata-wp-style--top=\"state.imageButtonTop\"\n\t\t>\n\t\t\t<svg xmlns=\"http:\/\/www.w3.org\/2000\/svg\" width=\"12\" height=\"12\" fill=\"none\" viewBox=\"0 0 12 12\">\n\t\t\t\t<path fill=\"#fff\" d=\"M2 0a2 2 0 0 0-2 2v2h1.5V2a.5.5 0 0 1 .5-.5h2V0H2Zm2 10.5H2a.5.5 0 0 1-.5-.5V8H0v2a2 2 0 0 0 2 2h2v-1.5ZM8 12v-1.5h2a.5.5 0 0 0 .5-.5V8H12v2a2 2 0 0 1-2 2H8Zm2-12a2 2 0 0 1 2 2v2h-1.5V2a.5.5 0 0 0-.5-.5H8V0h2Z\" \/>\n\t\t\t<\/svg>\n\t\t<\/button><\/figure>\n","protected":false},"excerpt":{"rendered":"<p>Desde Buttigliera hasta el Colle, pasando por la Iglesia de San Martino. Notas t\u00e9cnicas Partida: Buttigliera d\u2019Asti, piazza Umberto I (291 m)Llegada: Basilica del Colle Don Bosco (260 m)Longitud: 7,3 kmDesnivel: 113 mDificultad: excursi\u00f3n, recorrido ligeramente onduladoAvituallamiento: una vez dejada Buttigliera, no hay posibilidad de avituallamiento hasta llegar al Colle Don BoscoAgua: fuente junto a [&hellip;]<\/p>\n","protected":false},"author":1,"featured_media":0,"parent":0,"menu_order":0,"comment_status":"closed","ping_status":"closed","template":"","meta":{"footnotes":""},"class_list":["post-5260","page","type-page","status-publish","hentry"],"_links":{"self":[{"href":"https:\/\/www.camminodonbosco.eu\/es\/wp-json\/wp\/v2\/pages\/5260","targetHints":{"allow":["GET"]}}],"collection":[{"href":"https:\/\/www.camminodonbosco.eu\/es\/wp-json\/wp\/v2\/pages"}],"about":[{"href":"https:\/\/www.camminodonbosco.eu\/es\/wp-json\/wp\/v2\/types\/page"}],"author":[{"embeddable":true,"href":"https:\/\/www.camminodonbosco.eu\/es\/wp-json\/wp\/v2\/users\/1"}],"replies":[{"embeddable":true,"href":"https:\/\/www.camminodonbosco.eu\/es\/wp-json\/wp\/v2\/comments?post=5260"}],"version-history":[{"count":0,"href":"https:\/\/www.camminodonbosco.eu\/es\/wp-json\/wp\/v2\/pages\/5260\/revisions"}],"wp:attachment":[{"href":"https:\/\/www.camminodonbosco.eu\/es\/wp-json\/wp\/v2\/media?parent=5260"}],"curies":[{"name":"wp","href":"https:\/\/api.w.org\/{rel}","templated":true}]}}