{"id":5262,"date":"2023-11-12T22:17:57","date_gmt":"2023-11-12T21:17:57","guid":{"rendered":"https:\/\/www.camminodonbosco.eu\/anillo-de-capriglio\/"},"modified":"2024-02-22T22:10:07","modified_gmt":"2024-02-22T21:10:07","slug":"anillo-de-capriglio","status":"publish","type":"page","link":"https:\/\/www.camminodonbosco.eu\/es\/anillo-de-capriglio\/","title":{"rendered":"Anillo de Capriglio"},"content":{"rendered":"\n<p><strong>Partida y llegada<\/strong> Piazzale Basilica Colle Don Bosco<br\/><strong>Longitud<\/strong> circa 9,80 Km Desnivel + 205 m <br\/><strong>Dificultad<\/strong>: ruta f\u00e1cil con se\u00f1alizaci\u00f3n, ligeramente ondulada<\/p>\n\n<div style=\"height:30px\" aria-hidden=\"true\" class=\"wp-block-spacer\"><\/div>\n\n<p>Partiendo del <strong>piazzale de la Bas\u00edlica<\/strong>, llegar al <strong>Museo della Civilt\u00e0 contadina dell\u2019Ottocento<\/strong>, luego bajar por las escaleras y seguir a la derecha el Cammino Don Bosco hasta la SP33. Girar a la izquierda en la carretera provincial y luego, despu\u00e9s de unos 120 m, girar a la derecha y continuar por aproximadamente 1 km pasando la Cascina Mainito y llegando a la intersecci\u00f3n cerca del puente sobre el R\u00edo della Valle. En el cruce, continuar a la izquierda por otros 200 m, luego girar nuevamente a la izquierda en el siguiente cruce y continuar por otros 100 m. Desde aqu\u00ed, seguir el sendero principal en el bosque, ignorando las diferentes desviaciones, hasta llegar a un pilar votivo (aproximadamente a 3,2 km desde el inicio). Continuar ignorando la desviaci\u00f3n a la izquierda despu\u00e9s de unos 300 m, luego cruzar Via Gianoli. Girar a la derecha y pasar por alto las dos desviaciones siguientes, continuar por Via Cecca hasta llegar a la SP33. Cruzarla para subir al cementerio y seguir por Via Boschignolo durante aproximadamente 800 m, hasta llegar al pilar votivo en la entrada de Capriglio. Continuar a la izquierda por Via San Giovanni, para llegar a Piazza Mamma Margherita <strong>(Ayuntamiento, Museo Mamma Margherita e Iglesia de S. Martino).<\/strong> Descender luego hacia el valle, por el hermoso paseo que bordea Via San Giovanni, para llegar a la intersecci\u00f3n con Via Bacolla. En el cruce, continuar recto y luego girar a la derecha despu\u00e9s de unos 10 m, siguiendo el sendero n. 111. 111. Despu\u00e9s de unos 300 m, dejando un estanque a la derecha, seguir recto ignorando la primera desviaci\u00f3n a la derecha y tambi\u00e9n las siguientes desviaciones, siguiendo el sendero por unos 1,9 km y, despu\u00e9s de pasar los cercados de una cr\u00eda de caballos, cruzar en Morialdo la Strada del papa. Girar a la izquierda en esta, para llegar en breve (unos 900 m) al lugar de partida en el Piazzale della Basilica del Colle.<\/p>\n\n<div style=\"height:30px\" aria-hidden=\"true\" class=\"wp-block-spacer\"><\/div>\n\n<div style=\"height:20px\" aria-hidden=\"true\" class=\"wp-block-spacer\"><\/div>\n\n<h2 class=\"wp-block-heading\">Mapa<\/h2>\n\n<figure data-wp-context=\"{&quot;imageId&quot;:&quot;69f2df3b4b542&quot;}\" data-wp-interactive=\"core\/image\" data-wp-key=\"69f2df3b4b542\" class=\"wp-block-image size-full wp-lightbox-container\"><img fetchpriority=\"high\" decoding=\"async\" width=\"779\" height=\"765\" data-wp-class--hide=\"state.isContentHidden\" data-wp-class--show=\"state.isContentVisible\" data-wp-init=\"callbacks.setButtonStyles\" data-wp-on--click=\"actions.showLightbox\" data-wp-on--load=\"callbacks.setButtonStyles\" data-wp-on-window--resize=\"callbacks.setButtonStyles\" src=\"https:\/\/www.camminodonbosco.eu\/wp-content\/uploads\/2024\/01\/IT4.jpg\" alt=\"\" class=\"wp-image-5072\" srcset=\"https:\/\/www.camminodonbosco.eu\/wp-content\/uploads\/2024\/01\/IT4.jpg 779w, https:\/\/www.camminodonbosco.eu\/wp-content\/uploads\/2024\/01\/IT4-300x295.jpg 300w, https:\/\/www.camminodonbosco.eu\/wp-content\/uploads\/2024\/01\/IT4-768x754.jpg 768w\" sizes=\"(max-width: 779px) 100vw, 779px\" \/><button\n\t\t\tclass=\"lightbox-trigger\"\n\t\t\ttype=\"button\"\n\t\t\taria-haspopup=\"dialog\"\n\t\t\taria-label=\"Agrandar\"\n\t\t\tdata-wp-init=\"callbacks.initTriggerButton\"\n\t\t\tdata-wp-on--click=\"actions.showLightbox\"\n\t\t\tdata-wp-style--right=\"state.imageButtonRight\"\n\t\t\tdata-wp-style--top=\"state.imageButtonTop\"\n\t\t>\n\t\t\t<svg xmlns=\"http:\/\/www.w3.org\/2000\/svg\" width=\"12\" height=\"12\" fill=\"none\" viewBox=\"0 0 12 12\">\n\t\t\t\t<path fill=\"#fff\" d=\"M2 0a2 2 0 0 0-2 2v2h1.5V2a.5.5 0 0 1 .5-.5h2V0H2Zm2 10.5H2a.5.5 0 0 1-.5-.5V8H0v2a2 2 0 0 0 2 2h2v-1.5ZM8 12v-1.5h2a.5.5 0 0 0 .5-.5V8H12v2a2 2 0 0 1-2 2H8Zm2-12a2 2 0 0 1 2 2v2h-1.5V2a.5.5 0 0 0-.5-.5H8V0h2Z\" \/>\n\t\t\t<\/svg>\n\t\t<\/button><\/figure>\n","protected":false},"excerpt":{"rendered":"<p>Partida y llegada Piazzale Basilica Colle Don BoscoLongitud circa 9,80 Km Desnivel + 205 m Dificultad: ruta f\u00e1cil con se\u00f1alizaci\u00f3n, ligeramente ondulada Partiendo del piazzale de la Bas\u00edlica, llegar al Museo della Civilt\u00e0 contadina dell\u2019Ottocento, luego bajar por las escaleras y seguir a la derecha el Cammino Don Bosco hasta la SP33. Girar a la [&hellip;]<\/p>\n","protected":false},"author":1,"featured_media":0,"parent":0,"menu_order":0,"comment_status":"closed","ping_status":"closed","template":"","meta":{"footnotes":""},"class_list":["post-5262","page","type-page","status-publish","hentry"],"_links":{"self":[{"href":"https:\/\/www.camminodonbosco.eu\/es\/wp-json\/wp\/v2\/pages\/5262","targetHints":{"allow":["GET"]}}],"collection":[{"href":"https:\/\/www.camminodonbosco.eu\/es\/wp-json\/wp\/v2\/pages"}],"about":[{"href":"https:\/\/www.camminodonbosco.eu\/es\/wp-json\/wp\/v2\/types\/page"}],"author":[{"embeddable":true,"href":"https:\/\/www.camminodonbosco.eu\/es\/wp-json\/wp\/v2\/users\/1"}],"replies":[{"embeddable":true,"href":"https:\/\/www.camminodonbosco.eu\/es\/wp-json\/wp\/v2\/comments?post=5262"}],"version-history":[{"count":0,"href":"https:\/\/www.camminodonbosco.eu\/es\/wp-json\/wp\/v2\/pages\/5262\/revisions"}],"wp:attachment":[{"href":"https:\/\/www.camminodonbosco.eu\/es\/wp-json\/wp\/v2\/media?parent=5262"}],"curies":[{"name":"wp","href":"https:\/\/api.w.org\/{rel}","templated":true}]}}