{"id":5266,"date":"2022-07-04T14:40:37","date_gmt":"2022-07-04T12:40:37","guid":{"rendered":"https:\/\/www.camminodonbosco.eu\/anillos-de-andezeno\/"},"modified":"2024-01-04T14:38:38","modified_gmt":"2024-01-04T13:38:38","slug":"anillos-de-andezeno","status":"publish","type":"page","link":"https:\/\/www.camminodonbosco.eu\/es\/anillos-de-andezeno\/","title":{"rendered":"Anillos de Andezeno"},"content":{"rendered":"\n<h2 class=\"wp-block-heading has-text-color\" style=\"color:#40a95a\">ANILLO DEL BRIC ANDIO &#8211; BATALLA DEL BARBAROSSA<\/h2>\n\n<p><strong>Salida y llegada<\/strong>: Aparcamiento junto al campo deportivo (calle Faiteria).<br\/><strong>Longitud<\/strong> aproximada: 5,80 km. <strong>Desnivel<\/strong> positivo: +94 m. <strong>Dificultad<\/strong> del recorrido: F\u00e1cil, ligeramente ondulado.<\/p>\n\n<p>Desde el <strong>estacionamiento<\/strong> en el prado junto al campo deportivo, gire a la izquierda y luego gire nuevamente a la izquierda en la Regi\u00f3n Faiteria despu\u00e9s de 240 m. Despu\u00e9s de cruzar la aldea, el camino se vuelve de tierra, siga las indicaciones del sendero marcado como Sentiero 222 hacia <strong>Pilone San Carlo<\/strong> &#8211; Bric Andio. Ignore la primera desviaci\u00f3n a la izquierda (estatua de la Madonna) y a 0,6 km desde el inicio, gire a la izquierda siguiendo un sendero en ligera subida. Despu\u00e9s de recorrer 520 m, ignore la desviaci\u00f3n a la derecha para llegar al pilone San Carlo despu\u00e9s de 380 m. Luego, siga a la izquierda por el sendero que rodea la colina y ofrece una espl\u00e9ndida vista panor\u00e1mica de la aldea Airali de Chieri, Superga, Pavarolo y Montaldo T.se. El sendero luego desciende hacia Montaldo, gire a la derecha (2 km desde el inicio) en el Sentiero 234, caminando entre robles, cerezos, nogales y vi\u00f1as hasta girar a la derecha (<strong>1<\/strong>) despu\u00e9s de 450 m en el Sentiero 220 hacia el Cementerio de Andezeno &#8211; Iglesia de San Giorgio. Ignore el camino a la derecha despu\u00e9s de 100 m y luego suba a la derecha despu\u00e9s de 310 m, siguiendo un peque\u00f1o sendero que conduce al roble secular de <strong>Bric Andio<\/strong> (3,2 km desde el inicio). Regrese sobre sus pasos y luego gire a la derecha despu\u00e9s de 200 m en direcci\u00f3n a Andezeno. Ignore la desviaci\u00f3n a la derecha despu\u00e9s de 460 m y contin\u00fae recto despu\u00e9s de 340 m (buena vista de Marentino, el sendero a la derecha conduce de nuevo al Pilone San Carlo). A 4,65 km desde el inicio, llegar\u00e1 al cementerio de Andezeno y la <strong>iglesia rom\u00e1nica de San Giorgio<\/strong>. Contin\u00fae bajando a la izquierda por la carretera asfaltada, ignore la desviaci\u00f3n a la derecha despu\u00e9s de 250 m (ruta hacia el Lago de Arignano y Marentino) y contin\u00fae recto. Despu\u00e9s de 270 m, en una capilla votiva con una hermosa estatua de madera de la Virgen Mar\u00eda, gire a la derecha hacia la Regione Faiteria. Despu\u00e9s de recorrer 330 m, gire hacia el punto de partida, que se encuentra a otros 300 m (5,80 km desde el inicio).            <\/p>\n\n<p>1.  <em>Desde aqu\u00ed, puede llegar a Montaldo T.se y el Camino Don Bosco bajando directamente durante 860 m hasta el Cementerio de Montaldo, ignorando todas las desviaciones a la derecha. Desde el cementerio, contin\u00fae recto durante otros 650 m hasta llegar primero a la Capilla de San Rocco, luego a Piazza Fornace y finalmente a la carretera que conduce de Montaldo a Marentino (a la derecha, en el Camino Don Bosco).  <\/em><\/p>\n\n<p><em><br\/>El ejemplar secular de roble plantado a principios del siglo XIX delimita la frontera entre los territorios de Montaldo Torinese y Andezeno, en la cima del Bric Andio. En este lugar, seg\u00fan la tradici\u00f3n oral, tuvo lugar una feroz batalla cuando en 1158 el emperador Federico Barbarossa cruz\u00f3 esta colina para conquistar el territorio chierese. <\/em><\/p>\n\n<div style=\"height:100px\" aria-hidden=\"true\" class=\"wp-block-spacer\"><\/div>\n\n<h2 class=\"wp-block-heading has-text-color\" style=\"color:#d42ac6\">ANILLO DE VILLA SIMEOM<\/h2>\n\n<p><strong>Salida y llegada: Aparcamiento de la Piazza Italia<\/strong><br\/><strong>Longitud<\/strong> aproximada: 2,50 km. Desnivel positivo: +40 m. <strong>Dificultad<\/strong> del recorrido: Excursionista, recorrido f\u00e1cil con ligera subida.<br\/><strong>Agua<\/strong>: Caseta de agua SMAT en Via Cesole.<\/p>\n\n<p>Desde el <strong>aparcamiento de la Piazza Italia<\/strong>, gire a la izquierda en Via Cesole en el lugar de la caseta de agua SMAT. Siga por Via Cesole durante 650 m y luego gire a la izquierda en un camino interno justo despu\u00e9s de una hilera de robles. Despu\u00e9s de recorrer 170 m, contin\u00fae a la izquierda en una ligera pendiente y, despu\u00e9s de otros 210 m, contin\u00fae recto, ignorando la desviaci\u00f3n a la izquierda. Despu\u00e9s de recorrer 170 m, cruce un claro hermoso y, despu\u00e9s de otros 230 m, llegar\u00e1 a la puerta trasera de <strong>Villa Simeom<\/strong>. Contin\u00fae durante 330 m a lo largo de la cerca de la residencia (notables ejemplares de alisos) y luego descienda a la SP119 en el lugar del Pilone San Pancrazio. Contin\u00fae a la izquierda prestando atenci\u00f3n al tr\u00e1fico para regresar r\u00e1pidamente al aparcamiento de la Piazza Italia.<\/p>\n\n<div style=\"height:100px\" aria-hidden=\"true\" class=\"wp-block-spacer\"><\/div>\n\n<h2 class=\"wp-block-heading has-luminous-vivid-amber-color has-text-color\">PASEO POR EL CENTRO HIST\u00d3RICO<\/h2>\n\n<p><strong>Salida y llegada<\/strong>: Aparcamiento de la Piazza Italia.<br\/><strong>Longitud<\/strong> aproximada: 1,80 km. Desnivel positivo: +45 m. <strong>Dificultad<\/strong> del recorrido: Excursionista, recorrido f\u00e1cil con ligera subida.<\/p>\n\n<p>Existen pocas evidencias del tejido urbano medieval original, que hoy forma el centro hist\u00f3rico en la cima de la colina con <strong>murallas que datan del siglo XVIII.<\/strong> Destaca la Villa San Carlo, residencia de la familia Villa reconstruida en el siglo XVIII.<br\/>Desde el <strong>aparcamiento de la Piazza Italia<\/strong>, cruce Corso Vittorio Emanuele II para tomar Via Roma, subiendo durante 450 m hasta cruzar Via Cavour. Gire a la izquierda para luego continuar por Via Balbiano y finalmente llegar a la <strong>Iglesia Parroquial de San Giorgio Martire<\/strong> (punto panor\u00e1mico). Luego, descienda nuevamente por Via Cavour hasta llegar a Via Coppi y luego a Via Piovano, que lo llevar\u00e1 de regreso a Corso Vittorio Emanuele II.<\/p>\n\n<div style=\"height:100px\" aria-hidden=\"true\" class=\"wp-block-spacer\"><\/div>\n\n<figure class=\"wp-block-image size-full is-resized\"><img fetchpriority=\"high\" decoding=\"async\" src=\"https:\/\/www.camminodonbosco.eu\/wp-content\/uploads\/2022\/03\/ANELLO-5_Andezeno.jpg\" alt=\"\" class=\"wp-image-708\" style=\"width:1920px;height:1359px\" width=\"1920\" height=\"1359\" srcset=\"https:\/\/www.camminodonbosco.eu\/wp-content\/uploads\/2022\/03\/ANELLO-5_Andezeno.jpg 1920w, https:\/\/www.camminodonbosco.eu\/wp-content\/uploads\/2022\/03\/ANELLO-5_Andezeno-300x212.jpg 300w, https:\/\/www.camminodonbosco.eu\/wp-content\/uploads\/2022\/03\/ANELLO-5_Andezeno-1024x725.jpg 1024w, https:\/\/www.camminodonbosco.eu\/wp-content\/uploads\/2022\/03\/ANELLO-5_Andezeno-768x544.jpg 768w, https:\/\/www.camminodonbosco.eu\/wp-content\/uploads\/2022\/03\/ANELLO-5_Andezeno-1536x1087.jpg 1536w\" sizes=\"(max-width: 1920px) 100vw, 1920px\" \/><\/figure>\n","protected":false},"excerpt":{"rendered":"<p>ANILLO DEL BRIC ANDIO &#8211; BATALLA DEL BARBAROSSA Salida y llegada: Aparcamiento junto al campo deportivo (calle Faiteria).Longitud aproximada: 5,80 km. Desnivel positivo: +94 m. Dificultad del recorrido: F\u00e1cil, ligeramente ondulado. Desde el estacionamiento en el prado junto al campo deportivo, gire a la izquierda y luego gire nuevamente a la izquierda en la Regi\u00f3n [&hellip;]<\/p>\n","protected":false},"author":1,"featured_media":0,"parent":0,"menu_order":0,"comment_status":"closed","ping_status":"closed","template":"","meta":{"footnotes":""},"class_list":["post-5266","page","type-page","status-publish","hentry"],"_links":{"self":[{"href":"https:\/\/www.camminodonbosco.eu\/es\/wp-json\/wp\/v2\/pages\/5266","targetHints":{"allow":["GET"]}}],"collection":[{"href":"https:\/\/www.camminodonbosco.eu\/es\/wp-json\/wp\/v2\/pages"}],"about":[{"href":"https:\/\/www.camminodonbosco.eu\/es\/wp-json\/wp\/v2\/types\/page"}],"author":[{"embeddable":true,"href":"https:\/\/www.camminodonbosco.eu\/es\/wp-json\/wp\/v2\/users\/1"}],"replies":[{"embeddable":true,"href":"https:\/\/www.camminodonbosco.eu\/es\/wp-json\/wp\/v2\/comments?post=5266"}],"version-history":[{"count":0,"href":"https:\/\/www.camminodonbosco.eu\/es\/wp-json\/wp\/v2\/pages\/5266\/revisions"}],"wp:attachment":[{"href":"https:\/\/www.camminodonbosco.eu\/es\/wp-json\/wp\/v2\/media?parent=5266"}],"curies":[{"name":"wp","href":"https:\/\/api.w.org\/{rel}","templated":true}]}}