{"id":5270,"date":"2022-07-04T14:41:12","date_gmt":"2022-07-04T12:41:12","guid":{"rendered":"https:\/\/www.camminodonbosco.eu\/anillos-de-baldissero-torinese\/"},"modified":"2024-01-04T15:07:59","modified_gmt":"2024-01-04T14:07:59","slug":"anillos-de-baldissero-torinese","status":"publish","type":"page","link":"https:\/\/www.camminodonbosco.eu\/es\/anillos-de-baldissero-torinese\/","title":{"rendered":"Anillos de Baldissero Torinese\u200b"},"content":{"rendered":"\n<h2 class=\"has-luminous-vivid-amber-color has-text-color wp-block-heading\">ANILLO DE RIVODORA (Sendero de la cal)<\/h2>\n\n<p><strong>Salida y llegada<\/strong>: Aparcamiento adyacente al Villaggio Paluch<br\/><strong>Longitud<\/strong> aproximada: 8 km. Desnivel: +46 m. <strong>Dificultad<\/strong> del sendero: Excursionista, sendero dif\u00edcil cuesta abajo con tramos expuestos en pendientes empinadas.<br\/><strong>Agua<\/strong>: 3 Fuentes en \u00e1reas de descanso en el tramo peatonal de la SP4 hacia Superga.<\/p>\n\n<div style=\"height:30px\" aria-hidden=\"true\" class=\"wp-block-spacer\"><\/div>\n\n<p>Partiendo del <strong>estacionamiento adyacente al Villaggio Paluch<\/strong>, gire a la izquierda en la SP4 en direcci\u00f3n a Superga y contin\u00fae por el tramo peatonal durante 1,5 km hasta llegar a la carretera asfaltada que desciende hacia el <strong>Agriturismo Ai Guiet<\/strong> a la derecha. Despu\u00e9s de recorrer 100 m, gire a la derecha en el sendero 59 en el bosque. Despu\u00e9s de 130 m, supere un tramo irregular debajo del agriturismo y contin\u00fae en el bosque de robles, arces, casta\u00f1os y cerezos silvestres durante otros 270 m, luego gire a la derecha. Contin\u00fae aproximadamente 1 km en el sendero en direcci\u00f3n transversal, pasando varios surcos erosionados por arroyos que desembocan en el R\u00edo Tabuss, <strong>prestando mucha atenci\u00f3n debido a las reducidas dimensiones del camino, que a menudo es resbaladizo<\/strong>, hasta llegar al Sendero del romero. Aqu\u00ed gire a la izquierda, descendiendo hacia el <strong>Bric Castl\u00e8tt<\/strong>. Despu\u00e9s de aproximadamente 270 m, supere las huellas de las gu\u00edas (a una corta distancia de las ruinas del Castl\u00e8tt), pase un tramo peligroso adicional (contin\u00fae recto cuesta arriba) y despu\u00e9s de otros 540 m, descienda hacia Rivodora. A 4 km desde el inicio, llegar\u00e1 a la carretera asfaltada que va desde Tetti Ronchi hasta la <strong>fracci\u00f3n de Rivodora<\/strong> (gire a la izquierda para llegar al pueblo, punto de agua cerca de la iglesia). Cruce la carretera y tome el sendero 54 (llamado la <strong>saponetta<\/strong>, muy resbaladizo despu\u00e9s de las lluvias), que sube a lo largo del R\u00edo Dora en el Valle de Rivodora. Ignore el camino a la derecha despu\u00e9s de 1,5 km, contin\u00fae por el camino principal durante otros 180 m y luego gire a la derecha ligeramente cuesta arriba despu\u00e9s de 130 m, cruzando luego la carretera asfaltada despu\u00e9s de 50 m para tomar el sendero 54 que sube hacia Tetti Bertone. Gire a la derecha 200 m despu\u00e9s y luego gire a la derecha nuevamente despu\u00e9s de recorrer 400 m. Finalmente, llegue a la <strong>Strada della Croce<\/strong> (Camino Don Bosco) y gire a la derecha. Despu\u00e9s de 550 m, gire a la izquierda en la Strada Bellavista y luego a la derecha despu\u00e9s de 360 m. Contin\u00fae por aproximadamente 500 m en la SP4, prestando atenci\u00f3n al tr\u00e1fico, hasta llegar al punto de partida.<\/p>\n\n<div style=\"height:30px\" aria-hidden=\"true\" class=\"wp-block-spacer\"><\/div>\n\n<p><em>En el \u00e1rea de Bric Castl\u00e8tt, en la colina de Superga, se encuentran las huellas de la actividad de extracci\u00f3n en las canteras de piedra blanca, de donde se obten\u00eda la cal viva utilizada en la construcci\u00f3n de la Bas\u00edlica de Superga, la Iglesia de Santa Mar\u00eda della Spina en Baldissero T.se y numerosos edificios en Tur\u00edn del siglo XVIII. El agua de lluvia se canalizaba y se hac\u00eda fluir en las gu\u00edas, presas construidas con piedras con una abertura en el centro, utilizadas para hacer emerger las piedras blancas gracias al flujo de agua. Luego, las piedras se recog\u00edan y se coc\u00edan en un horno durante 2 d\u00edas, hasta que adquir\u00edan un color dorado. Posteriormente, se fund\u00edan para obtener cal viva.<\/em><\/p>\n\n<div style=\"height:100px\" aria-hidden=\"true\" class=\"wp-block-spacer\"><\/div>\n\n<h2 class=\"has-vivid-red-color has-text-color wp-block-heading\"><strong>ANILLO DEL TOETTO<\/strong><\/h2>\n\n<p><strong>Salida y llegada<\/strong>: Aparcamiento del Campo Deportivo de Baldissero T.se \u2013 Via Cordova, 9 (283 m snm)<br\/><strong>Longitud<\/strong> aproximada: 8,50 km. Desnivel: +130 m. <strong>Dificultad<\/strong> del sendero: Excursionista, sendero f\u00e1cil ligeramente ondulado.<br\/><strong>Agua<\/strong>: Fuente en el Giardino San Giuliano.<\/p>\n\n<div style=\"height:30px\" aria-hidden=\"true\" class=\"wp-block-spacer\"><\/div>\n\n<p>Saliendo del <strong>aparcamiento del Campo Deportivo<\/strong>, gire a la izquierda en la SP117 en direcci\u00f3n a Cordova, pasando por el <strong>Giardino San Giuliano<\/strong> (punto de agua) y suba utilizando la acera hasta llegar a la carretera del Toetto en la <strong>Cappella della Madonna della Delibera<\/strong> despu\u00e9s de 850 m a la derecha. Contin\u00fae por el camino de tierra durante 780 m, ignore la carretera a la derecha y descienda otros 600 m para volver a la carretera asfaltada y cruzar la SP4 hacia Pavarolo en las inmediaciones de la  <strong>Cappella del Toetto despu\u00e9s de 2,5 km desde el inicio.<\/strong> Gire a la izquierda y camine 120 m prestando atenci\u00f3n al tr\u00e1fico, luego tome a la derecha hacia<strong> Tetti Valentino <\/strong>(sendero 53). Despu\u00e9s de 80 m, gire a la izquierda en la Strada Valentino y luego ignore la carretera a la izquierda despu\u00e9s de 300 m, continuando sobre el asfalto (con una hermosa vista a la izquierda de la <strong>fracci\u00f3n Airali<\/strong> de Chieri), luego siga por 450 m en direcci\u00f3n a Airali (vista panor\u00e1mica). Supere Tetti Quaglino (con vista a <strong>Bric Andio<\/strong> y al roble de Barbarossa a la izquierda) y despu\u00e9s de 650 m, contin\u00fae recto por la carretera Valentino, ignorando la desviaci\u00f3n a la derecha, y descienda al valle. Despu\u00e9s de recorrer otros 600 m, gire a la izquierda y luego a la izquierda nuevamente despu\u00e9s de 160 m para caminar en el valle. Ignore la primera desviaci\u00f3n a la izquierda despu\u00e9s de 900 m y la siguiente desviaci\u00f3n a la derecha hacia la fracci\u00f3n Airali despu\u00e9s de otros 120 m. Luego, despu\u00e9s de otros 200 m, gire a la izquierda en el asfalto y luego tome inmediatamente a la derecha en las inmediaciones de la <strong>Cappella di S. Rita<\/strong>. Suba entre vi\u00f1edos, prados y bosques (con una hermosa vista a la derecha de Pavarolo, Montaldo T.se y Marentino), pasando por alto la desviaci\u00f3n a la derecha despu\u00e9s de 650 m. Regrese al asfalto a la derecha y descienda por la Strada Valentino despu\u00e9s de 150 m (sendero 53). Contin\u00fae durante 350 m, luego gire a la derecha en la parada y luego a la izquierda en la SP4 hacia Baldissero, luego gire a la derecha despu\u00e9s de 720 m en la SP117 hacia Cordova y regrese al punto de partida despu\u00e9s de otros 300 m.         <\/p>\n\n<div style=\"height:100px\" aria-hidden=\"true\" class=\"wp-block-spacer\"><\/div>\n\n<figure class=\"wp-block-image size-full is-resized\"><img fetchpriority=\"high\" decoding=\"async\" src=\"https:\/\/www.camminodonbosco.eu\/wp-content\/uploads\/2022\/03\/ANELLO-4_Baldissero-T.se_.jpg\" alt=\"\" class=\"wp-image-707\" width=\"1920\" height=\"1361\" srcset=\"https:\/\/www.camminodonbosco.eu\/wp-content\/uploads\/2022\/03\/ANELLO-4_Baldissero-T.se_.jpg 1920w, https:\/\/www.camminodonbosco.eu\/wp-content\/uploads\/2022\/03\/ANELLO-4_Baldissero-T.se_-300x213.jpg 300w, https:\/\/www.camminodonbosco.eu\/wp-content\/uploads\/2022\/03\/ANELLO-4_Baldissero-T.se_-1024x726.jpg 1024w, https:\/\/www.camminodonbosco.eu\/wp-content\/uploads\/2022\/03\/ANELLO-4_Baldissero-T.se_-768x544.jpg 768w, https:\/\/www.camminodonbosco.eu\/wp-content\/uploads\/2022\/03\/ANELLO-4_Baldissero-T.se_-1536x1089.jpg 1536w\" sizes=\"(max-width: 1920px) 100vw, 1920px\" \/><\/figure>\n","protected":false},"excerpt":{"rendered":"<p>ANILLO DE RIVODORA (Sendero de la cal) Salida y llegada: Aparcamiento adyacente al Villaggio PaluchLongitud aproximada: 8 km. Desnivel: +46 m. Dificultad del sendero: Excursionista, sendero dif\u00edcil cuesta abajo con tramos expuestos en pendientes empinadas.Agua: 3 Fuentes en \u00e1reas de descanso en el tramo peatonal de la SP4 hacia Superga. Partiendo del estacionamiento adyacente al [&hellip;]<\/p>\n","protected":false},"author":1,"featured_media":0,"parent":0,"menu_order":0,"comment_status":"closed","ping_status":"closed","template":"","meta":{"footnotes":""},"class_list":["post-5270","page","type-page","status-publish","hentry"],"_links":{"self":[{"href":"https:\/\/www.camminodonbosco.eu\/es\/wp-json\/wp\/v2\/pages\/5270","targetHints":{"allow":["GET"]}}],"collection":[{"href":"https:\/\/www.camminodonbosco.eu\/es\/wp-json\/wp\/v2\/pages"}],"about":[{"href":"https:\/\/www.camminodonbosco.eu\/es\/wp-json\/wp\/v2\/types\/page"}],"author":[{"embeddable":true,"href":"https:\/\/www.camminodonbosco.eu\/es\/wp-json\/wp\/v2\/users\/1"}],"replies":[{"embeddable":true,"href":"https:\/\/www.camminodonbosco.eu\/es\/wp-json\/wp\/v2\/comments?post=5270"}],"version-history":[{"count":0,"href":"https:\/\/www.camminodonbosco.eu\/es\/wp-json\/wp\/v2\/pages\/5270\/revisions"}],"wp:attachment":[{"href":"https:\/\/www.camminodonbosco.eu\/es\/wp-json\/wp\/v2\/media?parent=5270"}],"curies":[{"name":"wp","href":"https:\/\/api.w.org\/{rel}","templated":true}]}}