{"id":5274,"date":"2022-07-04T14:41:31","date_gmt":"2022-07-04T12:41:31","guid":{"rendered":"https:\/\/www.camminodonbosco.eu\/anillos-de-chieri\/"},"modified":"2024-01-04T16:41:30","modified_gmt":"2024-01-04T15:41:30","slug":"anillos-de-chieri","status":"publish","type":"page","link":"https:\/\/www.camminodonbosco.eu\/es\/anillos-de-chieri\/","title":{"rendered":"Anillos de Chieri\u200b"},"content":{"rendered":"\n<h2 class=\"has-vivid-green-cyan-color has-text-color wp-block-heading\">ANILLO DE MADONNA DELLA SCALA<\/h2>\n\n<p><strong>Salida y llegada<\/strong>: Strada del Verde (intersecci\u00f3n en Viale Cappuccini, posibilidad de estacionamiento) &#8211; Chieri<br\/><strong>Longitud<\/strong>: 9,5 km. <strong>Desnivel<\/strong>: +181 m.<br\/><strong>Dificultad<\/strong> del sendero: Excursionista, terreno de plano a ondulado.<br\/><strong>Agua<\/strong>: Fuente en el parque p\u00fablico &#8211; fracci\u00f3n Madonna della Scala<\/p>\n\n<div style=\"height:30px\" aria-hidden=\"true\" class=\"wp-block-spacer\"><\/div>\n\n<p>Siga la <strong>Strada del Verde<\/strong> para continuar a la izquierda despu\u00e9s de unos 370 m en un camino delimitado por una barrera. Despu\u00e9s de otros 180 m, gire a la derecha cerca de un roble, siguiendo una pista entre los campos. Despu\u00e9s de 380 m, pase por un refugio junto a una hilera de vides, luego gire a la derecha en el sendero despu\u00e9s de 70 m (<strong>Via dei Tigli)<\/strong> junto a una caba\u00f1a. Supere un majestuoso roble y gire a la derecha junto a la cerca de una casa, cruzando una barrera y descendiendo. Despu\u00e9s de 150 m, gire a la derecha en la Strada del Chiaventone, pase por el antiguo convento y llegue a un cruce despu\u00e9s de unos 750 m. Siga a la izquierda la <strong>Strada del Vibernone<\/strong>, ignore el siguiente camino a la izquierda para tomar a la izquierda despu\u00e9s de unos 300 m la <strong>Strada della Molina<\/strong> y luego gire a la derecha despu\u00e9s de 200 m cerca de Villa Rasero. Contin\u00fae hasta cruzar <strong>Via Madonna della Scala<\/strong> (3,5 km desde el inicio, cerca de un parque p\u00fablico). Gire a la derecha y atraviese la fracci\u00f3n de <strong>Madonna della Scala<\/strong> prestando atenci\u00f3n al tr\u00e1fico, pase a la izquierda la hermosa <strong>Iglesia de Santa Mar\u00eda della Scala<\/strong> y luego gire a la izquierda en un camino de tierra (indicaci\u00f3n de restaurante Establo) despu\u00e9s de recorrer aproximadamente 500 m desde el cruce. Despu\u00e9s de unos 600 m, gire a la derecha justo despu\u00e9s de pasar el restaurante (antiguo convento) caminando junto a su cerca, para continuar por un estrecho sendero a lo largo de un campo, que pronto se convierte en una c\u00f3moda pista entre campos. Despu\u00e9s de unos 880 m, gire a la derecha en una carretera cerca del <strong>Meandro San Felice<\/strong> (5,5 km desde el inicio). Llegado a la SP 123, gire a la derecha y contin\u00fae durante 600 m junto al muro de <strong>Villa Passatempo<\/strong>, prestando atenci\u00f3n al tr\u00e1fico, luego gire a la izquierda en la <strong>Strada Tetti Rocco<\/strong>. Suba durante aproximadamente 700 m hasta cruzar la <strong>Strada Tetti Marsino<\/strong>. Tome a la derecha (hermosa vista de Villa Brea) para llegar despu\u00e9s de 700 m al cruce ya cruzado al ir. Contin\u00fae recto por el camino de tierra de la <strong>Strada del Chiaventone<\/strong>, luego gire a la izquierda despu\u00e9s de 450 m, subiendo por un sendero cerca de un bosque que despu\u00e9s de aproximadamente 200 m llega a <strong>Via dei Tigli<\/strong>. Gire a la izquierda aqu\u00ed para llegar a <strong>Viale Cappuccini<\/strong> despu\u00e9s de 300 m. Siga a la derecha, prestando atenci\u00f3n al intenso tr\u00e1fico, para llegar al punto de partida despu\u00e9s de poco m\u00e1s de 650 m.              <\/p>\n\n<div style=\"height:30px\" aria-hidden=\"true\" class=\"wp-block-spacer\"><\/div>\n\n<p><em>Los dep\u00f3sitos fluviales limosos y arcillosos del <strong>relicto del Meandro San Felice <\/strong>se remontan al inicio del Pleistoceno medio (correspondiente a un intervalo de tiempo posterior a hace aproximadamente 781,000 a\u00f1os), representando una evidencia de la modelaci\u00f3n fluvial realizada por el antiguo curso de agua <strong>(paleo-Po<\/strong>) cuando flu\u00eda hacia el sur de la colina de Tur\u00edn, dirigi\u00e9ndose hacia el este a trav\u00e9s de las monta\u00f1as de Asti.<\/em><\/p>\n\n<div style=\"height:30px\" aria-hidden=\"true\" class=\"wp-block-spacer\"><\/div>\n\n<p><em>La Villa <strong>Il Passatempo delle Dame di Verrua<\/strong> fue construida a finales del siglo XVII. El edificio, rodeado de un parque centenario con caminos que serpentean entre robles, \u00e1lamos, cedros y espejos de agua, revela en sus l\u00edneas una armoniosa combinaci\u00f3n de neoclasicismo de la \u00e9poca. Una escalera con rampas sim\u00e9tricas conduce al piso noble, donde se encuentra un sal\u00f3n de honor decorado con una impresionante fuente de m\u00e1rmol, una gran chimenea revestida con cer\u00e1mica de las antiguas f\u00e1bricas piamontesas y una majestuosa escultura de madera que representa la batalla de Viena de 1683.<\/em><\/p>\n\n<div style=\"height:100px\" aria-hidden=\"true\" class=\"wp-block-spacer\"><\/div>\n\n<figure class=\"wp-block-image size-full is-resized\"><img fetchpriority=\"high\" decoding=\"async\" src=\"https:\/\/www.camminodonbosco.eu\/wp-content\/uploads\/2022\/03\/ANELLO-3_Chieri.jpg\" alt=\"\" class=\"wp-image-706\" width=\"1920\" height=\"1361\" srcset=\"https:\/\/www.camminodonbosco.eu\/wp-content\/uploads\/2022\/03\/ANELLO-3_Chieri.jpg 1920w, https:\/\/www.camminodonbosco.eu\/wp-content\/uploads\/2022\/03\/ANELLO-3_Chieri-300x213.jpg 300w, https:\/\/www.camminodonbosco.eu\/wp-content\/uploads\/2022\/03\/ANELLO-3_Chieri-1024x726.jpg 1024w, https:\/\/www.camminodonbosco.eu\/wp-content\/uploads\/2022\/03\/ANELLO-3_Chieri-768x544.jpg 768w, https:\/\/www.camminodonbosco.eu\/wp-content\/uploads\/2022\/03\/ANELLO-3_Chieri-1536x1089.jpg 1536w\" sizes=\"(max-width: 1920px) 100vw, 1920px\" \/><\/figure>\n\n<div style=\"height:100px\" aria-hidden=\"true\" class=\"wp-block-spacer\"><\/div>\n\n<h2 class=\"has-vivid-cyan-blue-color has-text-color wp-block-heading\">EXPLORAR EL CARACOL<br\/>PASEO A TRAV\u00c9S DEL ARTE, LA HISTORIA Y LA CULTURA DE CHIERI<\/h2>\n\n<p><strong>Salida y llegada<\/strong> en el estacionamiento de la Plaza Europa &#8211; Chieri<br\/><strong>Longitud<\/strong> km 3,5<br\/><strong>Dificultad<\/strong> tur\u00edstica<\/p>\n\n<div style=\"height:50px\" aria-hidden=\"true\" class=\"wp-block-spacer\"><\/div>\n\n<p>Salir de la <strong>Plaza Europa<\/strong> caminando a lo largo del lado junto al muro del Instituto Salesiano San Luigi, dirigirse hacia las ruinas del antiguo <strong>Fuerte de la Rocchetta<\/strong>. Justo antes de los bastiones, bajar por el paso peatonal, cruzar la Piazzetta Brigata Alpina Taurinense y luego girar a la izquierda en Via Vittorio Emanuele II. Superar a la izquierda la Iglesia de Santa Margarita, el oratorio San Luigi y la Capilla de Santa Cruz para llegar al <strong>Convento de San Domenico<\/strong> (entrada a la iglesia por Via San Donato, entrada al claustro por Via della Gualderia). Continuar por Via Vittorio Emanuele II y luego girar a la derecha despu\u00e9s de 50 metros en Via della Pace, donde en el n\u00famero 8 se encuentra el <strong>Barrio Jud\u00edo<\/strong>. Volver sobre tus pasos y girar a la derecha para retomar Via Vittorio Emanuele y llegar primero al antiguo Convento de <strong>San Filippo Neri<\/strong> (que alberga el <strong>Centro de Visitantes Don Bosco<\/strong> y la <strong>Galer\u00eda StArt<\/strong>) y la adyacente Iglesia barroca de San Filippo, y luego llegar al <strong>Arco de la Plaza<\/strong>. Despu\u00e9s de pasar el Arco (<strong>Piazza Umberto I<\/strong>), caminar a la derecha por Via Carlo Alberto y llegar a <strong>Piazza Mazzini<\/strong> para luego continuar a la izquierda por Via San Giorgio. Justo antes de los dos hermosos edificios que dan a la calle (Palazzo Opesso y Palazzo Valfr\u00e8), subir a la derecha por Via Giacomo Nel para llegar a la <strong>Iglesia de San Giorgio<\/strong> (1,950 km desde el inicio), ubicada en la colina donde se encontraba el castillo medieval que defend\u00eda Chieri. Bajar a la izquierda de la iglesia y recorrer Via San Giorgio hasta el n\u00famero 17, luego bajar por una escalera que lleva a Via Diverio, sigui\u00e9ndola hasta llegar a <strong>Piazza Cavour<\/strong> (Iglesia de San Bernardino, Iglesia de Sant&#8217;Antonio). Atravesar la plaza y Via Vittorio Emanuele II, luego continuar por Via Palazzo di Citt\u00e0. Frente al Palazzo Comunale, gire a la izquierda en Via Cottolengo, cruce Via Balbo y llegue a <strong>Piazza Duomo<\/strong> (<strong>Duomo y Baptisterio<\/strong> &#8211; 2,9 km desde el inicio). Despu\u00e9s de pasar la <strong>Torre Campanaria<\/strong>, tome Via XX Settembre y luego gire en Via San Domenico para llegar a Piazza Umberto I. Despu\u00e9s de pasar el Arco, contin\u00fae por Via Vittorio Emanuele II hasta llegar al Convento de San Domenico. Luego, siga recto y luego gire a la derecha en Via Roma. Justo antes de la rotonda, gire a la izquierda para regresar a Piazza Europa.<\/p>\n\n<div style=\"height:30px\" aria-hidden=\"true\" class=\"wp-block-spacer\"><\/div>\n\n<p><em><strong>StArt Gallery<\/strong> (Via Vittorio Emanuele II 63, Chieri)<br\/>Ubicada en el antiguo Convento de San Filippo, la StArt Gallery, que abrir\u00e1 pr\u00f3ximamente, es una exposici\u00f3n permanente que repasa la historia de Chieri: la antigua historia, la Edad Media y la ciudad en el siglo XV, el Renacimiento, el Barroco y la sociedad del siglo XVIII, la era contempor\u00e1nea y la industria textil.<\/em><\/p>\n\n<div style=\"height:100px\" aria-hidden=\"true\" class=\"wp-block-spacer\"><\/div>\n\n<figure class=\"wp-block-image size-full is-resized\"><img decoding=\"async\" src=\"https:\/\/www.camminodonbosco.eu\/wp-content\/uploads\/2022\/07\/Cartina-escursione-CHIERI.jpg\" alt=\"\" class=\"wp-image-1356\" width=\"1280\" height=\"878\" srcset=\"https:\/\/www.camminodonbosco.eu\/wp-content\/uploads\/2022\/07\/Cartina-escursione-CHIERI.jpg 1280w, https:\/\/www.camminodonbosco.eu\/wp-content\/uploads\/2022\/07\/Cartina-escursione-CHIERI-300x206.jpg 300w, https:\/\/www.camminodonbosco.eu\/wp-content\/uploads\/2022\/07\/Cartina-escursione-CHIERI-1024x702.jpg 1024w, https:\/\/www.camminodonbosco.eu\/wp-content\/uploads\/2022\/07\/Cartina-escursione-CHIERI-768x527.jpg 768w\" sizes=\"(max-width: 1280px) 100vw, 1280px\" \/><\/figure>\n","protected":false},"excerpt":{"rendered":"<p>ANILLO DE MADONNA DELLA SCALA Salida y llegada: Strada del Verde (intersecci\u00f3n en Viale Cappuccini, posibilidad de estacionamiento) &#8211; ChieriLongitud: 9,5 km. Desnivel: +181 m.Dificultad del sendero: Excursionista, terreno de plano a ondulado.Agua: Fuente en el parque p\u00fablico &#8211; fracci\u00f3n Madonna della Scala Siga la Strada del Verde para continuar a la izquierda despu\u00e9s de [&hellip;]<\/p>\n","protected":false},"author":1,"featured_media":0,"parent":0,"menu_order":0,"comment_status":"closed","ping_status":"closed","template":"","meta":{"footnotes":""},"class_list":["post-5274","page","type-page","status-publish","hentry"],"_links":{"self":[{"href":"https:\/\/www.camminodonbosco.eu\/es\/wp-json\/wp\/v2\/pages\/5274","targetHints":{"allow":["GET"]}}],"collection":[{"href":"https:\/\/www.camminodonbosco.eu\/es\/wp-json\/wp\/v2\/pages"}],"about":[{"href":"https:\/\/www.camminodonbosco.eu\/es\/wp-json\/wp\/v2\/types\/page"}],"author":[{"embeddable":true,"href":"https:\/\/www.camminodonbosco.eu\/es\/wp-json\/wp\/v2\/users\/1"}],"replies":[{"embeddable":true,"href":"https:\/\/www.camminodonbosco.eu\/es\/wp-json\/wp\/v2\/comments?post=5274"}],"version-history":[{"count":0,"href":"https:\/\/www.camminodonbosco.eu\/es\/wp-json\/wp\/v2\/pages\/5274\/revisions"}],"wp:attachment":[{"href":"https:\/\/www.camminodonbosco.eu\/es\/wp-json\/wp\/v2\/media?parent=5274"}],"curies":[{"name":"wp","href":"https:\/\/api.w.org\/{rel}","templated":true}]}}