{"id":5276,"date":"2022-07-04T14:41:52","date_gmt":"2022-07-04T12:41:52","guid":{"rendered":"https:\/\/www.camminodonbosco.eu\/anillos-de-cinzano\/"},"modified":"2024-01-04T16:48:15","modified_gmt":"2024-01-04T15:48:15","slug":"anillos-de-cinzano","status":"publish","type":"page","link":"https:\/\/www.camminodonbosco.eu\/es\/anillos-de-cinzano\/","title":{"rendered":"Anillos de Cinzano\u200b"},"content":{"rendered":"\n<h2 class=\"wp-block-heading has-vivid-red-color has-text-color\">ANILLO DE SAN ROCCO &#8211; CASA COMOLLO<\/h2>\n\n<p><strong>Salida y llegada<\/strong>: Aparcamiento adyacente al campo deportivo (Calle Faiteria)<br\/><strong>Longitud<\/strong> aproximada: 7,5 km <strong>Desnivel<\/strong>: +200 m <strong>Dificultad<\/strong> del sendero: F\u00e1cil, ligeramente ondulado<\/p>\n\n<div style=\"height:30px\" aria-hidden=\"true\" class=\"wp-block-spacer\"><\/div>\n\n<p>Comenzando desde el <strong>estacionamiento de San Rocco <\/strong>(cruz de hierro), siga la SP97 en direcci\u00f3n a Moncucco Torinese y luego gire a la izquierda despu\u00e9s de 110 m hacia La Serra (agroturismo <strong>Cascina Serra<\/strong> despu\u00e9s de 120 m) y contin\u00fae descendiendo por el <strong>Camino Don Bosco<\/strong> durante aproximadamente 500 m hasta cruzar un prado amplio (sendero evidente en todas las estaciones, hermosas vistas panor\u00e1micas). En el cruce con Via <strong>Regione Torrazza<\/strong>, mantenga la izquierda y 180 m despu\u00e9s contin\u00fae recto cerca de una capilla, ignorando el desv\u00edo hacia Cascina Bui. Despu\u00e9s de 170 m, gire a la derecha en el camino de tierra que conduce al <strong>B&amp;B Letto&amp;Latte<\/strong>. Supere el B&amp;B, contin\u00fae recto en el camino (ignorando el desv\u00edo a la izquierda cuesta abajo despu\u00e9s de 70 m) durante aproximadamente 400 m, hasta llegar al asfalto y cruzar la SP97 despu\u00e9s de otros 270 m. Aqu\u00ed gire a la izquierda y luego a la derecha 70 m despu\u00e9s, en el cartel de Moncucco Torinese. Despu\u00e9s de 170 m, contin\u00fae recto y luego gire a la izquierda despu\u00e9s de otros 80 m y luego contin\u00fae recto despu\u00e9s de 190 m. Pronto, el sendero comienza a descender (hermosas vistas panor\u00e1micas), contin\u00fae recto despu\u00e9s de 380 m, hasta cruzar despu\u00e9s de otros 470 m un camino de tierra en el fondo del valle. Aqu\u00ed, mantenga la derecha y contin\u00fae recto despu\u00e9s de aproximadamente 600 m (la <strong>iglesia de San Giorgio di Vergnano<\/strong> est\u00e1 arriba a la izquierda) y llegue al <strong>dep\u00f3sito de explosivos<\/strong> despu\u00e9s de otros 500 m. Despu\u00e9s de recorrer 270 m, mantenga la izquierda en el sendero 146 (indicaciones Rio Fontanelle-S.Rocco-Cinzano). A la sombra de hermosos ejemplares de robles, despu\u00e9s de 280 m, contin\u00fae recto hacia la fracci\u00f3n Apr\u00e0-Casa Comollo. Despu\u00e9s de 140 m, contin\u00fae recto pasando un puente peque\u00f1o, ignore las dos siguientes desviaciones a la derecha y luego nuevamente ignore la siguiente desviaci\u00f3n a la izquierda, recorriendo alrededor de 600 m desde el puente. Contin\u00fae recto hasta llegar al asfalto de la <strong>carretera Apr\u00e0<\/strong> despu\u00e9s de 170 m. Aqu\u00ed gire a la derecha durante 120 m, pasando junto a <strong>Casa Comollo<\/strong>, y luego gire a la izquierda justo despu\u00e9s de esta. Despu\u00e9s de recorrer 30 m, mantenga la derecha y luego contin\u00fae recto despu\u00e9s de 190 m. Contin\u00fae durante 450 m para subir a la derecha entre nogales y vi\u00f1edos hacia <strong>San Rocco<\/strong>, recorriendo aproximadamente 1 km hasta cruzar la SP97. Gire a la derecha para llegar al punto de partida en breve.               <\/p>\n\n<div style=\"height:100px\" aria-hidden=\"true\" class=\"wp-block-spacer\"><\/div>\n\n<h2 class=\"wp-block-heading has-luminous-vivid-amber-color has-text-color\">ANILLO DEL BRIC MONTALDO<\/h2>\n\n<p><strong>Salida y llegada<\/strong>: \u00c1rea del depurador (carretera comunal Cinzano-Berzano San Pietro)<br\/><strong>Longitud<\/strong> aproximada: 1,50 km <strong>Desnivel<\/strong>: +50 m <strong>Dificultad<\/strong> del sendero: F\u00e1cil, ligeramente ondulad<\/p>\n\n<div style=\"height:30px\" aria-hidden=\"true\" class=\"wp-block-spacer\"><\/div>\n\n<p>Estacione cerca del depurador y pase por el camino de tierra al lado de este, luego gire a la izquierda despu\u00e9s de 60 m en un sendero que desciende hacia el bosque entre casta\u00f1os, robles, acacias, cerezos silvestres y avellanos. Despu\u00e9s de 240 m, mantenga la derecha, recorriendo otros 80 m (cerca de un poste amarillo del gas) y contin\u00fae recto. Siga durante 110 m y luego ignore el sendero que desciende a la derecha (l\u00edmite entre las provincias de Asti y Tur\u00edn, con vistas a Berzano San Pietro y la Cascina Bosa abajo). Camine durante 100 m y luego mantenga la derecha en la subida para llegar despu\u00e9s de 220 m a un vi\u00f1edo (<em>Sauvignon<\/em>), luego gire a la derecha cuesta arriba hacia el <strong>Bric Montaldo<\/strong> despu\u00e9s de 150 m (punto panor\u00e1mico). Contin\u00fae descendiendo durante aproximadamente 500 m, llegando al punto de partida.    <\/p>\n\n<div style=\"height:100px\" aria-hidden=\"true\" class=\"wp-block-spacer\"><\/div>\n\n<h2 class=\"wp-block-heading has-vivid-cyan-blue-color has-text-color\">ANILLO DE LA BOCHETTA<\/h2>\n\n<p><strong>Salida y llegada:<\/strong> \u00c1rea del depurador (carretera comunal Cinzano-Berzano San Pietro)<br\/><strong>Longitud<\/strong> aproximada: 3,0 km <strong>Desnivel<\/strong>: +50 m <strong>Dificultad<\/strong> del sendero: F\u00e1cil, ligeramente ondulado<\/p>\n\n<div style=\"height:30px\" aria-hidden=\"true\" class=\"wp-block-spacer\"><\/div>\n\n<p>Estacione cerca del depurador y suba por la carretera asfaltada hacia Cinzano durante 60 m, luego gire a la derecha cuesta abajo en un camino de tierra hacia Serramiana. Despu\u00e9s de recorrer 440 m, gire a la izquierda y luego a la izquierda nuevamente despu\u00e9s de 110 m, ignorando el sendero cuesta abajo. El sendero, inicialmente plano, comienza a subir cerca de la Cascina Capriolo, que se puede ver a la derecha. Despu\u00e9s de un poco menos de 700 m, gire a la derecha (intersecci\u00f3n con el sendero 142). Contin\u00fae durante 350 m hasta llegar a la SP97, luego gire a la izquierda y luego a la izquierda nuevamente despu\u00e9s de 30 m, ingresando a <strong>la carretera antigua hacia Casalborgone<\/strong>. Despu\u00e9s de recorrer 550 m, cruce nuevamente la SP97 y gire a la izquierda, luego mantenga la derecha 40 m despu\u00e9s en la bajada. Contin\u00fae durante 160 m y luego descienda cuesta abajo en <strong>Via Rossi<\/strong>, hasta llegar al punto de partida.      <\/p>\n\n<div style=\"height:100px\" aria-hidden=\"true\" class=\"wp-block-spacer\"><\/div>\n\n<figure class=\"wp-block-image size-full is-resized\"><img fetchpriority=\"high\" decoding=\"async\" src=\"https:\/\/www.camminodonbosco.eu\/wp-content\/uploads\/2022\/03\/ANELLO-9_Cinzano.jpg\" alt=\"\" class=\"wp-image-712\" style=\"width:1920px;height:1361px\" width=\"1920\" height=\"1361\" srcset=\"https:\/\/www.camminodonbosco.eu\/wp-content\/uploads\/2022\/03\/ANELLO-9_Cinzano.jpg 1920w, https:\/\/www.camminodonbosco.eu\/wp-content\/uploads\/2022\/03\/ANELLO-9_Cinzano-300x213.jpg 300w, https:\/\/www.camminodonbosco.eu\/wp-content\/uploads\/2022\/03\/ANELLO-9_Cinzano-1024x726.jpg 1024w, https:\/\/www.camminodonbosco.eu\/wp-content\/uploads\/2022\/03\/ANELLO-9_Cinzano-768x544.jpg 768w, https:\/\/www.camminodonbosco.eu\/wp-content\/uploads\/2022\/03\/ANELLO-9_Cinzano-1536x1089.jpg 1536w\" sizes=\"(max-width: 1920px) 100vw, 1920px\" \/><\/figure>\n\n<div style=\"height:100px\" aria-hidden=\"true\" class=\"wp-block-spacer\"><\/div>\n","protected":false},"excerpt":{"rendered":"<p>ANILLO DE SAN ROCCO &#8211; CASA COMOLLO Salida y llegada: Aparcamiento adyacente al campo deportivo (Calle Faiteria)Longitud aproximada: 7,5 km Desnivel: +200 m Dificultad del sendero: F\u00e1cil, ligeramente ondulado Comenzando desde el estacionamiento de San Rocco (cruz de hierro), siga la SP97 en direcci\u00f3n a Moncucco Torinese y luego gire a la izquierda despu\u00e9s de [&hellip;]<\/p>\n","protected":false},"author":1,"featured_media":0,"parent":0,"menu_order":0,"comment_status":"closed","ping_status":"closed","template":"","meta":{"footnotes":""},"class_list":["post-5276","page","type-page","status-publish","hentry"],"_links":{"self":[{"href":"https:\/\/www.camminodonbosco.eu\/es\/wp-json\/wp\/v2\/pages\/5276","targetHints":{"allow":["GET"]}}],"collection":[{"href":"https:\/\/www.camminodonbosco.eu\/es\/wp-json\/wp\/v2\/pages"}],"about":[{"href":"https:\/\/www.camminodonbosco.eu\/es\/wp-json\/wp\/v2\/types\/page"}],"author":[{"embeddable":true,"href":"https:\/\/www.camminodonbosco.eu\/es\/wp-json\/wp\/v2\/users\/1"}],"replies":[{"embeddable":true,"href":"https:\/\/www.camminodonbosco.eu\/es\/wp-json\/wp\/v2\/comments?post=5276"}],"version-history":[{"count":0,"href":"https:\/\/www.camminodonbosco.eu\/es\/wp-json\/wp\/v2\/pages\/5276\/revisions"}],"wp:attachment":[{"href":"https:\/\/www.camminodonbosco.eu\/es\/wp-json\/wp\/v2\/media?parent=5276"}],"curies":[{"name":"wp","href":"https:\/\/api.w.org\/{rel}","templated":true}]}}