{"id":5280,"date":"2022-07-04T14:42:18","date_gmt":"2022-07-04T12:42:18","guid":{"rendered":"https:\/\/www.camminodonbosco.eu\/anillo-de-marentino-montaldo-torinese-y-pavarolo\/"},"modified":"2024-01-04T16:56:49","modified_gmt":"2024-01-04T15:56:49","slug":"anillo-de-marentino-montaldo-torinese-y-pavarolo","status":"publish","type":"page","link":"https:\/\/www.camminodonbosco.eu\/es\/anillo-de-marentino-montaldo-torinese-y-pavarolo\/","title":{"rendered":"Anillo de Marentino, Montaldo Torinese y Pavarolo"},"content":{"rendered":"\n<h2 class=\"wp-block-heading has-vivid-red-color has-text-color\">ANILLO PAVAROLO-MONTALDO TORINESE-MARENTINO-PAVAROLO<\/h2>\n\n<p><strong>Salida y llegada<\/strong>: Pavarolo, estacionamiento en Via Maestra<br\/><strong>Longitud<\/strong>: 12,40 km <strong>Desnivel<\/strong>: +134 m <strong>Dificultad<\/strong> del sendero: Excursionista, terreno ondulado<br\/><strong>Puntos de agua<\/strong> en Pavarolo, caseta SMAT en Via Maestra y fuente en Piazza S. Defendente, en Montaldo Torinese, caseta SMAT en Piazza Superga y fuente en Piazza Fornace, y en Marentino, caseta SMAT en Piazza Giardino<\/p>\n\n<div style=\"height:30px\" aria-hidden=\"true\" class=\"wp-block-spacer\"><\/div>\n\n<p>Saliendo desde <strong>Pavarolo<\/strong>, desde el <strong>estacionamiento en Via Maestra<\/strong> junto a la escalinata de la Torre, sigue el Camino Don Bosco: mant\u00e9n la izquierda, gira a la izquierda en el primer cruce, luego baja a la derecha (despu\u00e9s de recorrer 300 metros desde la Torre) por Via Generale Zavattaro. Cuando llegues a la SP122, gira a la izquierda, prestando mucha atenci\u00f3n al tr\u00e1fico, para cruzarla despu\u00e9s de unos 50 metros cerca de una zona artesanal. Luego, gira a la derecha en la calle que cruza la SP122, sigue esta calle durante unos 150 metros y luego gira a la izquierda cerca del \u00faltimo edificio. Deja la estructura a tu izquierda y contin\u00faa por un camino de tierra durante aproximadamente 700 metros, describiendo un semic\u00edrculo gradualmente ascendente hacia <strong>Montaldo Torinese<\/strong>. Una vez que llegues al asfalto, gira a la derecha hacia Piazza Superga (donde se encuentra la caseta de agua de SMAT), sigue recto durante unos 300 metros y cruza a la izquierda la carretera hacia Marentino. Luego, sigue recto a trav\u00e9s de <strong>Piazza Fornace<\/strong> en direcci\u00f3n al cementerio, siguiendo el sendero 233. Despu\u00e9s de recorrer 350 metros, podr\u00e1s admirar un ejemplar monumental de <em>Sophora<\/em> cerca de un pilar votivo. Contin\u00faa durante otros 300 metros por el camino de tierra en descenso junto al cementerio, ignorando las dos siguientes desviaciones a la derecha y a la izquierda, para luego girar a la izquierda despu\u00e9s de 460 metros cerca de un pilar votivo (<strong>1<\/strong>). Luego, recorre 400 metros hasta llegar a la carretera Montaldo-<strong>Marentino<\/strong>. Gira a la derecha y sigue por el valle durante 1.200 metros, pasando el campo deportivo, para subir a Marentino por la carretera del Pozzetto, ingresando al pueblo en <strong>Casa Zuccala<\/strong>. Aqu\u00ed (cerca de la caseta de agua de SMAT), gira a la izquierda y sigue recto durante 400 metros por la SP98, pasando el Apiario Experimental, hasta llegar a la <strong>Iglesia de Santa Mar\u00eda de los Muertos<\/strong>. Contin\u00faa recto durante otros 200 metros y luego gira a la izquierda hacia <strong>Tetti Ottone<\/strong> en una intersecci\u00f3n con una cruz de hierro. En la siguiente bifurcaci\u00f3n, gira a la derecha y contin\u00faa durante 1,55 kil\u00f3metros por el sendero 210, ignorando la desviaci\u00f3n a la izquierda hacia Tetti Ottone, y contin\u00faa recto. Despu\u00e9s de recorrer 150 metros, ignora nuevamente la desviaci\u00f3n a la izquierda (sendero 232 que lleva de regreso a Montaldo Torinese) y sigue recto hasta llegar despu\u00e9s de 400 metros a             <strong>Tetti Trinit\u00e0<\/strong> Desde Montaldo Torinese; aqu\u00ed mant\u00e9n la izquierda en el asfalto durante 180 metros y, despu\u00e9s de pasar la plazoleta, toma el sendero 230 a la derecha en direcci\u00f3n a Tetti Gaffolo. Contin\u00faa recto durante 250 metros, ignorando la primera desviaci\u00f3n a la derecha, luego gira a la derecha junto a una vivienda. Despu\u00e9s de recorrer 230 metros y llegar a <strong>Tetti Gaffolo<\/strong>, mant\u00e9n la derecha en el sendero 230. Despu\u00e9s de un tramo inicial de asfalto, el camino cubierto de hierba te lleva en 780 metros a <strong>Tetti Vernai.<\/strong> Aqu\u00ed, mant\u00e9n la derecha y luego la izquierda despu\u00e9s de 300 metros, continuando durante 430 metros hasta llegar al \u00e1rea artesanal de Montaldo. Gira a la derecha para cruzar la SP122 despu\u00e9s de 150 metros, luego gira a la izquierda, prestando mucha atenci\u00f3n al tr\u00e1fico, y gira a la derecha despu\u00e9s de 50 metros para subir por Via Generale Zavattaro y luego gira a la derecha en la SP224. Despu\u00e9s de recorrer 220 metros (cerca de la caseta de agua de SMAT), gira a la derecha en Via Rubino y contin\u00faa recto (ignorando despu\u00e9s de 200 metros la desviaci\u00f3n a la derecha en el Camino Don Bosco hacia Bardassano) por un hermoso camino peatonal que te lleva de vuelta al punto de partida.      <\/p>\n\n<div style=\"height:100px\" aria-hidden=\"true\" class=\"wp-block-spacer\"><\/div>\n\n<h2 class=\"wp-block-heading has-vivid-green-cyan-color has-text-color\">(1) VARIANTE DEL BRIC ANDIO<\/h2>\n\n<p><strong>Para llegar a Marentino<\/strong> (siguiendo esta ruta, el camino se extiende en m\u00e1s de 1,5 km). Contin\u00faa recto cerca del pilar. Despu\u00e9s de 280 metros, contin\u00faa recto, ignorando el sendero a la izquierda, y despu\u00e9s de otros 80 metros, contin\u00faa recto, ignorando el sendero a la derecha. Despu\u00e9s de recorrer 300 metros, contin\u00faa recto, ignorando el sendero que sube a la derecha, hasta llegar a otro cruce despu\u00e9s de 300 metros, donde encontrar\u00e1s el sendero a la derecha que sube al Bric Andio. Toma el sendero para llegar al <strong>ejemplar centenario de roble<\/strong> plantado a principios del siglo XIX, que marca la frontera entre los territorios de Montaldo Torinese y Andezeno, en la cima del <strong>Bric Andio<\/strong>. Seg\u00fan la tradici\u00f3n oral, en este lugar tuvo lugar una feroz batalla cuando el emperador <strong>Federico Barbarossa<\/strong> cruz\u00f3 esta colina en 1158 para conquistar el territorio de Chieri.     <\/p>\n\n<p>Una vez que hayas regresado sobre tus pasos, contin\u00faa recto, ignorando las dos siguientes huellas a la izquierda. Despu\u00e9s de 150 metros, ignora la carretera a la derecha y contin\u00faa recto. Haz lo mismo despu\u00e9s de otros 50 metros y luego, despu\u00e9s de recorrer 300 metros adicionales en el sendero 220, toma la carretera a la izquierda que desciende hacia Marentino. Despu\u00e9s de 200 metros, sigue la carretera cuesta abajo a la derecha. Despu\u00e9s de otros 200 metros, contin\u00faa por el camino de tierra y luego gira a la izquierda despu\u00e9s de 200 metros en el sendero 221 (indicado en una se\u00f1al). Despu\u00e9s de recorrer 500 metros, sigue el sendero 221, dejando de lado la desviaci\u00f3n a la izquierda. Camina 200 metros y contin\u00faa recto, ignorando las carreteras a la derecha y a la izquierda. Despu\u00e9s de 400 metros, gira a la derecha en Via Marentino, subiendo hasta llegar al punto SMAT.       <\/p>\n\n<div style=\"height:100px\" aria-hidden=\"true\" class=\"wp-block-spacer\"><\/div>\n\n<figure class=\"wp-block-image size-full is-resized\"><img fetchpriority=\"high\" decoding=\"async\" src=\"https:\/\/www.camminodonbosco.eu\/wp-content\/uploads\/2022\/03\/ANELLO-6_Marentino-Montaldo-Pavarolo.jpg\" alt=\"\" class=\"wp-image-709\" style=\"width:1920px;height:2034px\" width=\"1920\" height=\"2034\" srcset=\"https:\/\/www.camminodonbosco.eu\/wp-content\/uploads\/2022\/03\/ANELLO-6_Marentino-Montaldo-Pavarolo.jpg 1920w, https:\/\/www.camminodonbosco.eu\/wp-content\/uploads\/2022\/03\/ANELLO-6_Marentino-Montaldo-Pavarolo-283x300.jpg 283w, https:\/\/www.camminodonbosco.eu\/wp-content\/uploads\/2022\/03\/ANELLO-6_Marentino-Montaldo-Pavarolo-967x1024.jpg 967w, https:\/\/www.camminodonbosco.eu\/wp-content\/uploads\/2022\/03\/ANELLO-6_Marentino-Montaldo-Pavarolo-768x814.jpg 768w, https:\/\/www.camminodonbosco.eu\/wp-content\/uploads\/2022\/03\/ANELLO-6_Marentino-Montaldo-Pavarolo-1450x1536.jpg 1450w\" sizes=\"(max-width: 1920px) 100vw, 1920px\" \/><\/figure>\n","protected":false},"excerpt":{"rendered":"<p>ANILLO PAVAROLO-MONTALDO TORINESE-MARENTINO-PAVAROLO Salida y llegada: Pavarolo, estacionamiento en Via MaestraLongitud: 12,40 km Desnivel: +134 m Dificultad del sendero: Excursionista, terreno onduladoPuntos de agua en Pavarolo, caseta SMAT en Via Maestra y fuente en Piazza S. Defendente, en Montaldo Torinese, caseta SMAT en Piazza Superga y fuente en Piazza Fornace, y en Marentino, caseta SMAT [&hellip;]<\/p>\n","protected":false},"author":1,"featured_media":0,"parent":0,"menu_order":0,"comment_status":"closed","ping_status":"closed","template":"","meta":{"footnotes":""},"class_list":["post-5280","page","type-page","status-publish","hentry"],"_links":{"self":[{"href":"https:\/\/www.camminodonbosco.eu\/es\/wp-json\/wp\/v2\/pages\/5280","targetHints":{"allow":["GET"]}}],"collection":[{"href":"https:\/\/www.camminodonbosco.eu\/es\/wp-json\/wp\/v2\/pages"}],"about":[{"href":"https:\/\/www.camminodonbosco.eu\/es\/wp-json\/wp\/v2\/types\/page"}],"author":[{"embeddable":true,"href":"https:\/\/www.camminodonbosco.eu\/es\/wp-json\/wp\/v2\/users\/1"}],"replies":[{"embeddable":true,"href":"https:\/\/www.camminodonbosco.eu\/es\/wp-json\/wp\/v2\/comments?post=5280"}],"version-history":[{"count":0,"href":"https:\/\/www.camminodonbosco.eu\/es\/wp-json\/wp\/v2\/pages\/5280\/revisions"}],"wp:attachment":[{"href":"https:\/\/www.camminodonbosco.eu\/es\/wp-json\/wp\/v2\/media?parent=5280"}],"curies":[{"name":"wp","href":"https:\/\/api.w.org\/{rel}","templated":true}]}}