{"id":5282,"date":"2022-07-04T14:42:43","date_gmt":"2022-07-04T12:42:43","guid":{"rendered":"https:\/\/www.camminodonbosco.eu\/anillos-de-pecetto-torinese\/"},"modified":"2024-01-04T17:13:37","modified_gmt":"2024-01-04T16:13:37","slug":"anillos-de-pecetto-torinese","status":"publish","type":"page","link":"https:\/\/www.camminodonbosco.eu\/es\/anillos-de-pecetto-torinese\/","title":{"rendered":"Anillos de Pecetto Torinese\u200b"},"content":{"rendered":"\n<h2 class=\"wp-block-heading\">ANILLOS A, B y C<\/h2>\n\n<p><strong>Salida y llegada<\/strong>: AgricooPecetto &#8211; Strada Sabena, 78 &#8211; Pecetto T.se (si utilizas el navegador: Strada Virana)<br\/><strong>Dificultad<\/strong> del sendero: Excursionista, rutas f\u00e1ciles de llano a onduladas<br\/><strong>Agua<\/strong> disponible en Agricoopecetto, Casetta H2O cerca del cementerio y fuentes en la Piazza Roma y Piazza S. Pietro en Pecetto.<\/p>\n\n<div style=\"height:100px\" aria-hidden=\"true\" class=\"wp-block-spacer\"><\/div>\n\n<h2 class=\"has-vivid-green-cyan-color has-text-color wp-block-heading\">ANELLO A o ANELLO DEL PALEOPO<\/h2>\n\n<p><strong>Longitud<\/strong> aproximada de 7,5 km <strong>Desnivel<\/strong> + 131 m<\/p>\n\n<div style=\"height:30px\" aria-hidden=\"true\" class=\"wp-block-spacer\"><\/div>\n\n<p>Desde <strong>AgricooPecetto<\/strong>, gira a la derecha en la carretera Virana y luego nuevamente a la derecha despu\u00e9s de 150 metros. Sigue la carretera que, despu\u00e9s de 100 metros, gira a la izquierda y luego alcanza la SP125 despu\u00e9s de otros 130 metros. Cruza con precauci\u00f3n para continuar por la <strong>carretera della Ciattalina<\/strong>. Despu\u00e9s de llegar a un peque\u00f1o puente, gira inmediatamente a la derecha y sigue el camino interpoderale (<strong>Camino Don Bosco<\/strong>) durante 300 metros, luego gira a la izquierda y luego a la derecha despu\u00e9s de 100 metros. Sube aproximadamente 500 metros (primero por camino de tierra y luego asfalto) hasta llegar a <strong>Via San Felice<\/strong> cerca de un vivero. Gira a la izquierda (ten cuidado con el tr\u00e1fico intenso) y luego sigue a la derecha despu\u00e9s de 200 metros en <strong>Via Solairano<\/strong>. Contin\u00faa subiendo hasta llegar a <strong>Via del Podio<\/strong> despu\u00e9s de 550 metros. Gira a la derecha y sigue durante 1,2 km, luego gira a la derecha en un camino de tierra cuando la carretera gira a la izquierda, justo antes de cruzar con la carretera della Moglia. Sigue el camino de tierra durante unos 200 metros, pasa un peque\u00f1o puente y llega a la SP125. Rodea la peque\u00f1a iglesia y cruza con precauci\u00f3n para continuar subiendo por la <strong>carretera Tetti Marsino<\/strong> (estamos a 3,8 km desde el inicio, con una vista panor\u00e1mica de Villa Brea). Deja a la derecha la Cascina Matin\u00e8 y sigue el camino de tierra durante 800 metros, luego gira a la derecha en la bifurcaci\u00f3n (1) en la <strong>carretera Tetti Rocco<\/strong> (con maravillosas vistas de la llanura y los Alpes), continuando durante 800 metros a lo largo del muro de Villa Passatempo hasta llegar a la SP123. Contin\u00faa a la derecha durante 600 metros (teniendo precauci\u00f3n por el tr\u00e1fico intenso), luego gira a la izquierda en el camino de tierra (a la altura de la esquina del muro perimetral de <strong>Villa Passatempo<\/strong>) despu\u00e9s de haber recorrido 6 km desde el inicio. Sigue el sendero hasta llegar a un terreno plano.             <strong>valle di Vaiors<\/strong> (a la izquierda <strong>Meandro San Felice<\/strong>, vista su Pecetto y la colina de Tur\u00edn y el Eremo) e ignora la desviaci\u00f3n a la izquierda para continuar recto hasta cruzar un arroyo despu\u00e9s de 500 metros el <strong>Rio Vajors <\/strong>y luego sube a la derecha para atravesar un prado y volver al sendero. Contin\u00faa siempre recto entre huertos de frutas (cerezos, albaricoqueros, ciruelos, manzanos, higueras), invernaderos y colmenas, y llega a la carretera Sabena (a 700 metros del cruce). Gira a la derecha para llegar a AgricooPecetto, a 200 metros de distancia, despu\u00e9s de haber recorrido 7,5 km.  <\/p>\n\n<div style=\"height:30px\" aria-hidden=\"true\" class=\"wp-block-spacer\"><\/div>\n\n<p><em>Los dep\u00f3sitos fluviales limosos y arcillosos del <strong>restos del Meandro San Felice<\/strong> pueden atribuirse al comienzo del Pleistoceno medio (que corresponde a un per\u00edodo de tiempo posterior a aproximadamente 781.000 a\u00f1os atr\u00e1s), representando una evidencia del modelado fluvial realizado por el antiguo curso de agua<strong>paleo-Po<\/strong>) cuando flu\u00eda hacia el sur de la colina de Tur\u00edn, dirigi\u00e9ndose hacia el este a trav\u00e9s de las monta\u00f1as de Asti.<\/em><\/p>\n\n<div style=\"height:30px\" aria-hidden=\"true\" class=\"wp-block-spacer\"><\/div>\n\n<p><em>El <strong>Rio Vajors<\/strong> debe su nombre (derivado de \u00abIj ri dj&#8217;\u00f2ss\u00bb, que significa \u00abr\u00edo de los huesos\u00bb en piamont\u00e9s) al gran n\u00famero de soldados angevinos que cayeron cerca de este curso de agua en 1345 durante la batalla de Gemenario, librada entre el Marqu\u00e9s del Monferrato y Roberto de Anjou.<\/em><\/p>\n\n<div style=\"height:30px\" aria-hidden=\"true\" class=\"wp-block-spacer\"><\/div>\n\n<p><em>La Villa <strong>Il Passatempo delle Dame di Verrua<\/strong> fue construida a finales del siglo XVII. El edificio, rodeado por un parque centenario con avenidas que se adentran entre robles, \u00e1lamos, cipreses, cedros y espejos de agua, revela en sus l\u00edneas tanto armoniosas como severas el gusto neocl\u00e1sico de la \u00e9poca. Una escalera con rampas sim\u00e9tricas conduce al piso noble, donde se encuentra el sal\u00f3n de honor decorado con una impresionante fuente de m\u00e1rmol, una amplia chimenea revestida con cer\u00e1mica de las antiguas f\u00e1bricas piamontesas y una majestuosa escultura de madera que representa la batalla de Viena de 1683.  <\/em><\/p>\n\n<div style=\"height:100px\" aria-hidden=\"true\" class=\"wp-block-spacer\"><\/div>\n\n<h2 class=\"has-vivid-cyan-blue-color has-text-color wp-block-heading\">ANILLO B<\/h2>\n\n<p><strong>Longitud<\/strong> aproximada de unos 8,75 kil\u00f3metros, <strong>Desnivel<\/strong> positivo de 190 metros, dificultad de senderismo.<\/p>\n\n<p>Sigue la descripci\u00f3n del Anillo A hasta llegar al cruce (1) en la <strong>carretera Tetti Rocco<\/strong> y luego contin\u00faa recto durante 650 metros hasta llegar al cruce en la <strong>carretera del Vibernone<\/strong>, donde debes girar a la derecha. Contin\u00faa durante 1,1 kil\u00f3metros, ignorando la desviaci\u00f3n en la carretera Molino, hasta llegar a la SP123. Gira a la izquierda y sigue por la SP durante 280 metros (ten cuidado con el tr\u00e1fico intenso), luego gira a la derecha en la bifurcaci\u00f3n (2) en un camino de tierra cerca del cartel que dice \u00abEstablo\u00bb, y sigue este camino durante 500 metros, pasando por el edificio y luego cruzando el Rio Vajors durante otros 400 metros hasta llegar a una bifurcaci\u00f3n. Aqu\u00ed, contin\u00faa a la izquierda, ignorando el camino interpoderale que lleva al naranjal. Sube hasta encontrarte con el camino de tierra plano de la <strong>carretera del Bricco<\/strong> (<strong>Blu Way<\/strong>). Despu\u00e9s de 130 metros, llegar\u00e1s a un cruce en la <strong>carretera Sabena<\/strong>, mantente a la derecha para llegar a <strong>AgricooPecetto<\/strong> despu\u00e9s de haber recorrido 4,15 kil\u00f3metros desde el cruce (1) y 8,75 kil\u00f3metros desde el inicio.     <\/p>\n\n<div style=\"height:100px\" aria-hidden=\"true\" class=\"wp-block-spacer\"><\/div>\n\n<h2 class=\"has-luminous-vivid-amber-color has-text-color wp-block-heading\">ANILLO C<\/h2>\n\n<p><strong>Longitud<\/strong> aproximada de unos 10,90 Km, <strong>Desnivel<\/strong> positivo de 190 m, dificultad de senderismo.<\/p>\n\n<p>Sigue la descripci\u00f3n del Anillo B hasta llegar a la bifurcaci\u00f3n (2) y luego contin\u00faa durante 330 metros m\u00e1s por la SP123 hasta llegar a la aldea de <strong>Madonna della Scala<\/strong>. Gira a la derecha en la <strong>carretera Cassano<\/strong>, ignorando la desviaci\u00f3n a la izquierda (carretera Pignani), para tomar el camino de tierra (sendero n. 260) despu\u00e9s de 670 metros. Contin\u00faa durante 1,15 kil\u00f3metros (con hermosas vistas panor\u00e1micas) hasta llegar a la <strong>carretera Sabena<\/strong> y luego alcanza <strong>AgricooPecetto<\/strong> despu\u00e9s de otros 680 metros.   <\/p>\n\n<div style=\"height:100px\" aria-hidden=\"true\" class=\"wp-block-spacer\"><\/div>\n\n<h2 class=\"has-vivid-red-color has-text-color wp-block-heading\">RUTA D &#8211; RUTA ARQUEOL\u00d3GICA DE BRIC SAN VITER<\/h2>\n\n<p><strong>Salida y llegada<\/strong>: Capilla de San Grato &#8211; Via Circonvallazione, 2 &#8211; Pecetto T.se<br\/><strong>Longitud<\/strong> aproximada 5 km <strong>Desnivel <\/strong>+ 206 m Dificultad de senderismo.<\/p>\n\n<div style=\"height:30px\" aria-hidden=\"true\" class=\"wp-block-spacer\"><\/div>\n\n<p>Recorre el Camino Don Bosco desde la <strong>Capilla de San Grato<\/strong> primero por <strong>Via Eremo<\/strong> y luego por <strong>Via Allason<\/strong>. Despu\u00e9s de recorrer aproximadamente 900 metros desde el inicio, en la bifurcaci\u00f3n de Via Allason 9\/82, gira a la derecha por la <strong>carretera de la Vetta<\/strong> siguiendo las indicaciones del sendero marcado como Sentiero 32. Despu\u00e9s de una primera secci\u00f3n empinada pavimentada, el sendero se adentra en el bosque de casta\u00f1os, alisos, robles y arces hasta llegar a la \u00ab<em><strong>Pera del Tesor<\/strong><\/em>\u00ab, una gran roca que sobresale m\u00e1s de un metro del suelo, que alguna vez se cre\u00eda que custodiaba un tesoro y era un s\u00edmbolo de fertilidad. Justo despu\u00e9s, en un cruce de cuatro caminos, gira a la derecha a lo largo de la cresta (se\u00f1alizado como Sentiero 32), luego nuevamente a la derecha en la siguiente bifurcaci\u00f3n y luego a la izquierda (paneles informativos del sitio arqueol\u00f3gico). Sube a trav\u00e9s del bosque de casta\u00f1os y robles hasta llegar a la amplia cima del <strong>Bric San Viter<\/strong> (<strong>Sitio arqueol\u00f3gico de<\/strong> <em><strong>Monspheratus<\/strong><\/em>).    <\/p>\n\n<p>Regresa a la Capilla de San Grato siguiendo el mismo camino.<\/p>\n\n<div style=\"height:30px\" aria-hidden=\"true\" class=\"wp-block-spacer\"><\/div>\n\n<p><em>En el <strong>sitio arqueol\u00f3gico de Monspheratus o del Bric San Viter\u00bb se traduce al espa\u00f1ol como \u00abEn el sitio arqueol\u00f3gico de Monspheratus o en el Bric San Viter<\/strong>En el sitio arqueol\u00f3gico de Monspheratus o en el Bric San Viter, que se atribuye a la poblaci\u00f3n celta-ligur de los Taurinos, se encontraron hallazgos cer\u00e1micos, l\u00edticos y met\u00e1licos, algunos de los cuales se exhiben en el Museo de Antig\u00fcedades de Tur\u00edn. Estos objetos se remontan a diversas etapas de la vida del sitio, desde la Edad del Hierro (siglos V-III a.C.) hasta la \u00e9poca medieval temprana. La estratigraf\u00eda del suelo ha revelado que en las capas superpuestas se pueden distinguir <strong>niveles prehist\u00f3ricos, romanos y medievales<\/strong>. Los hallazgos de las diferentes \u00e9pocas que se sucedieron en el sitio no han alterado los dep\u00f3sitos anteriores.  <\/em><\/p>\n\n<div style=\"height:100px\" aria-hidden=\"true\" class=\"wp-block-spacer\"><\/div>\n\n<figure class=\"wp-block-image size-full is-resized\"><img fetchpriority=\"high\" decoding=\"async\" src=\"https:\/\/www.camminodonbosco.eu\/wp-content\/uploads\/2022\/03\/ANELLO-2_Pecetto-T.se_.jpg\" alt=\"\" class=\"wp-image-705\" width=\"1920\" height=\"1360\" srcset=\"https:\/\/www.camminodonbosco.eu\/wp-content\/uploads\/2022\/03\/ANELLO-2_Pecetto-T.se_.jpg 1920w, https:\/\/www.camminodonbosco.eu\/wp-content\/uploads\/2022\/03\/ANELLO-2_Pecetto-T.se_-300x213.jpg 300w, https:\/\/www.camminodonbosco.eu\/wp-content\/uploads\/2022\/03\/ANELLO-2_Pecetto-T.se_-1024x725.jpg 1024w, https:\/\/www.camminodonbosco.eu\/wp-content\/uploads\/2022\/03\/ANELLO-2_Pecetto-T.se_-768x544.jpg 768w, https:\/\/www.camminodonbosco.eu\/wp-content\/uploads\/2022\/03\/ANELLO-2_Pecetto-T.se_-1536x1088.jpg 1536w\" sizes=\"(max-width: 1920px) 100vw, 1920px\" \/><\/figure>\n","protected":false},"excerpt":{"rendered":"<p>ANILLOS A, B y C Salida y llegada: AgricooPecetto &#8211; Strada Sabena, 78 &#8211; Pecetto T.se (si utilizas el navegador: Strada Virana)Dificultad del sendero: Excursionista, rutas f\u00e1ciles de llano a onduladasAgua disponible en Agricoopecetto, Casetta H2O cerca del cementerio y fuentes en la Piazza Roma y Piazza S. Pietro en Pecetto. ANELLO A o ANELLO [&hellip;]<\/p>\n","protected":false},"author":1,"featured_media":0,"parent":0,"menu_order":0,"comment_status":"closed","ping_status":"closed","template":"","meta":{"footnotes":""},"class_list":["post-5282","page","type-page","status-publish","hentry"],"_links":{"self":[{"href":"https:\/\/www.camminodonbosco.eu\/es\/wp-json\/wp\/v2\/pages\/5282","targetHints":{"allow":["GET"]}}],"collection":[{"href":"https:\/\/www.camminodonbosco.eu\/es\/wp-json\/wp\/v2\/pages"}],"about":[{"href":"https:\/\/www.camminodonbosco.eu\/es\/wp-json\/wp\/v2\/types\/page"}],"author":[{"embeddable":true,"href":"https:\/\/www.camminodonbosco.eu\/es\/wp-json\/wp\/v2\/users\/1"}],"replies":[{"embeddable":true,"href":"https:\/\/www.camminodonbosco.eu\/es\/wp-json\/wp\/v2\/comments?post=5282"}],"version-history":[{"count":0,"href":"https:\/\/www.camminodonbosco.eu\/es\/wp-json\/wp\/v2\/pages\/5282\/revisions"}],"wp:attachment":[{"href":"https:\/\/www.camminodonbosco.eu\/es\/wp-json\/wp\/v2\/media?parent=5282"}],"curies":[{"name":"wp","href":"https:\/\/api.w.org\/{rel}","templated":true}]}}