{"id":5286,"date":"2022-07-04T14:43:02","date_gmt":"2022-07-04T12:43:02","guid":{"rendered":"https:\/\/www.camminodonbosco.eu\/anillos-de-pino-torinese\/"},"modified":"2024-01-04T17:22:41","modified_gmt":"2024-01-04T16:22:41","slug":"anillos-de-pino-torinese","status":"publish","type":"page","link":"https:\/\/www.camminodonbosco.eu\/es\/anillos-de-pino-torinese\/","title":{"rendered":"Anillos de Pino Torinese\u200b"},"content":{"rendered":"\n<h2 class=\"wp-block-heading has-vivid-red-color has-text-color\">ANILLO DE MONTE AMAN<\/h2>\n\n<p><strong>Salida y llegada<\/strong> en el estacionamiento de la plaza del Municipio.<br\/><strong>Longitud<\/strong> aproximada de 10.50 km. <strong>Desnivel<\/strong> positivo de +362 m. <strong>Dificultad<\/strong> del sendero: excursionista con secciones en ascenso.<\/p>\n\n<div style=\"height:30px\" aria-hidden=\"true\" class=\"wp-block-spacer\"><\/div>\n\n<p>Desde el <strong>estacionamiento de la Plaza Italia<\/strong>, gire a la izquierda y suba a la derecha despu\u00e9s de 50 m por las escaleras de la <strong>Galleria Le Scalette<\/strong>, llegando a <strong>Via Roma<\/strong>. Cruza y contin\u00faa subiendo durante 400 m por <strong>Via Martini<\/strong>. Aqu\u00ed, gire a la izquierda (a la derecha se llega r\u00e1pidamente a la <strong>Iglesia de la Santissima Annunziata<\/strong>, con su cipr\u00e9s centenario, un <strong>hermoso mirador<\/strong>) para luego girar a la derecha en <strong>Via Maria Cristina<\/strong> despu\u00e9s de 270 m cerca de una capilla votiva. Despu\u00e9s de recorrer 280 m y llegar al cementerio y al \u00e1rea Ferrero, suba a la izquierda por <strong>Via Montosolo<\/strong>. Contin\u00faa descendiendo a la izquierda despu\u00e9s de 150 m, luego pasa por una puerta despu\u00e9s de 60 m para ingresar al sendero GTC. Despu\u00e9s de 390 m, contin\u00faa descendiendo a la izquierda hasta cruzar y cruzar la <strong>Strada Panoramica<\/strong> despu\u00e9s de 230 m (prohibida para motocicletas, preste atenci\u00f3n al tr\u00e1fico). Contin\u00faa a la izquierda y luego avanza por un camino de tierra despu\u00e9s de 140 m. Despu\u00e9s de recorrer 50 m, contin\u00faa recto (ignora la pista a la izquierda) durante 880 m hasta que cruces el Sentiero Brunassa. Gira a la izquierda y luego contin\u00faa recto otros 50 m para llegar pronto al <strong>Bric Brunassa<\/strong> (540 m sobre el nivel del mar) y luego a la Strada Panoramica. Contin\u00faa a la izquierda durante 250 m, pasando junto al <strong>Parco Avventura<\/strong> Tre Querce hasta llegar al <strong>\u00e1rea equipada<\/strong> con mesas, ba\u00f1os, agua potable y zona sombreada. Al final del \u00e1rea de descanso, toma el sendero a la izquierda y contin\u00faa a la izquierda despu\u00e9s de 60 m hasta el cruce. Despu\u00e9s de recorrer 170 m, contin\u00faa recto, ignorando la desviaci\u00f3n a la izquierda, y sigue durante 600 m hasta cruzar el <strong>Sentiero degli alberi.<\/strong> Mantente a la izquierda y luego a la derecha despu\u00e9s de 180 m (excelente vista de Superga) para volver a la Strada Panoramica despu\u00e9s de caminar 510 m. Contin\u00faa a la izquierda durante 340 m, luego cruza y contin\u00faa bajando a la derecha por el sendero que desciende junto a la carretera asfaltada que sube a la zona residencial del <strong>Monte Aman<\/strong>. Ignora la desviaci\u00f3n a la izquierda despu\u00e9s de 130 m y contin\u00faa a la izquierda despu\u00e9s de otros 220 m, evitando la subida. Justo despu\u00e9s de cruzar la Panoramica nuevamente, mantente a la izquierda y luego contin\u00faa 210 m a la izquierda en el Sentiero 44 del <strong>Mont Cervet<\/strong>. Despu\u00e9s de recorrer 440 m, gira a la derecha para llegar al <strong>\u00e1rea del quiosco<\/strong> despu\u00e9s de 130 m. Cerca hay un <strong>mirador panor\u00e1mico<\/strong> con un m\u00e1stil. Justo antes de la subida asfaltada que conduce al mirador, baja por el sendero a la derecha. Despu\u00e9s de 80 m, cruza la Panoramica y baja por el sendero durante 230 m, ignorando el camino a la derecha y girando a la derecha despu\u00e9s de otros 30 m. Despu\u00e9s de recorrer 150 m, gira a la izquierda y contin\u00faa durante 200 m hasta llegar a un amplio prado. Cruza el prado y contin\u00faa a la izquierda por el sendero. Despu\u00e9s de 130 m, <strong>cruza el arroyo<\/strong> hacia el valle y luego mant\u00e9n la derecha para subir al bosque por un sendero poco evidente. Contin\u00faa durante m\u00e1s de 600 m y luego gira a la izquierda en GTC en el gran prado. Despu\u00e9s de 400 m, mant\u00e9n la derecha para pasar la puerta y llegar al <strong>estacionamiento del \u00e1rea Ferrero<\/strong>. Despu\u00e9s de pasar el cementerio, gira a la izquierda en <strong>Via Maria Cristina<\/strong> y luego a la derecha despu\u00e9s de 230 m.                          Despu\u00e9s de recorrer 350 m, cruza <strong>Via Roma<\/strong> y baja las escaleras de la <strong>Galleria Le Scalette<\/strong> (Via Roma n. 50) y regresa al punto de partida.<\/p>\n\n<div style=\"height:100px\" aria-hidden=\"true\" class=\"wp-block-spacer\"><\/div>\n\n<h2 class=\"wp-block-heading has-vivid-cyan-blue-color has-text-color\">ANILLO DEL PARQUE ASTRON\u00d3MICO INFINI-TO<\/h2>\n\n<p><strong>Salida y llegada<\/strong> en el estacionamiento de Via Pietra del Gallo.<br\/><strong>Longitud<\/strong> aproximada de 3,85 km. <strong>Desnivel<\/strong> positivo de +128 m. <strong>Dificultad<\/strong> del sendero: excursionista con secciones en ascenso.<\/p>\n\n<div style=\"height:30px\" aria-hidden=\"true\" class=\"wp-block-spacer\"><\/div>\n\n<p>Parte desde el peque\u00f1o estacionamiento de<strong> via Pietra del Gallo<\/strong> (coordenadas 45.03942897053443, 7.767341355682237). Despu\u00e9s de 690 m, ignora el sendero que sube y contin\u00faa recto por <strong>Via Pietra del Gallo<\/strong>. A 1,30 km, contin\u00faa recto ignorando el sendero a la derecha. A 1,45 km, toma la <strong>carretera Eremo<\/strong> (a la izquierda se encuentra el Camino Don Bosco). Regresa sobre tus pasos a 1,60 km y sigue el sendero que sube a la izquierda. A 1,86 km, sigue el sendero a la izquierda, luego a 2,33 km, ignora el sendero a la derecha y contin\u00faa recto bajando por el sendero. A 2,33 km, ignora el sendero a la derecha y desciende por el sendero que sigue recto.     <\/p>\n\n<p>A 2,60 km, ignora la pista a la izquierda y contin\u00faa por el sendero. En breve (2,72 km), llegar\u00e1s al estacionamiento del <strong>Parque Astron\u00f3mico<\/strong> (a la derecha, hay un ascensor que ya no funciona). A 2,95 km, una vez que hayas llegado a la salida del estacionamiento, desciende por Via <strong>Osservatorio<\/strong>. A 3,30 km, gira a la derecha y contin\u00faa por <strong>Via Pietra del Gallo<\/strong>. A 3,50 km, sube a la derecha y sigue por Via Pietra del Gallo. A 3,70 km, contin\u00faa a la derecha por Via Pietra del Gallo hasta llegar al punto de partida.     <\/p>\n\n<div style=\"height:100px\" aria-hidden=\"true\" class=\"wp-block-spacer\"><\/div>\n\n<figure class=\"wp-block-image size-full is-resized\"><img fetchpriority=\"high\" decoding=\"async\" src=\"https:\/\/www.camminodonbosco.eu\/wp-content\/uploads\/2022\/03\/ANELLO-7_Pino-T.se_.jpg\" alt=\"\" class=\"wp-image-710\" style=\"width:1920px;height:1361px\" width=\"1920\" height=\"1361\" srcset=\"https:\/\/www.camminodonbosco.eu\/wp-content\/uploads\/2022\/03\/ANELLO-7_Pino-T.se_.jpg 1920w, https:\/\/www.camminodonbosco.eu\/wp-content\/uploads\/2022\/03\/ANELLO-7_Pino-T.se_-300x213.jpg 300w, https:\/\/www.camminodonbosco.eu\/wp-content\/uploads\/2022\/03\/ANELLO-7_Pino-T.se_-1024x726.jpg 1024w, https:\/\/www.camminodonbosco.eu\/wp-content\/uploads\/2022\/03\/ANELLO-7_Pino-T.se_-768x544.jpg 768w, https:\/\/www.camminodonbosco.eu\/wp-content\/uploads\/2022\/03\/ANELLO-7_Pino-T.se_-1536x1089.jpg 1536w\" sizes=\"(max-width: 1920px) 100vw, 1920px\" \/><\/figure>\n","protected":false},"excerpt":{"rendered":"<p>ANILLO DE MONTE AMAN Salida y llegada en el estacionamiento de la plaza del Municipio.Longitud aproximada de 10.50 km. Desnivel positivo de +362 m. Dificultad del sendero: excursionista con secciones en ascenso. Desde el estacionamiento de la Plaza Italia, gire a la izquierda y suba a la derecha despu\u00e9s de 50 m por las escaleras [&hellip;]<\/p>\n","protected":false},"author":1,"featured_media":0,"parent":0,"menu_order":0,"comment_status":"closed","ping_status":"closed","template":"","meta":{"footnotes":""},"class_list":["post-5286","page","type-page","status-publish","hentry"],"_links":{"self":[{"href":"https:\/\/www.camminodonbosco.eu\/es\/wp-json\/wp\/v2\/pages\/5286","targetHints":{"allow":["GET"]}}],"collection":[{"href":"https:\/\/www.camminodonbosco.eu\/es\/wp-json\/wp\/v2\/pages"}],"about":[{"href":"https:\/\/www.camminodonbosco.eu\/es\/wp-json\/wp\/v2\/types\/page"}],"author":[{"embeddable":true,"href":"https:\/\/www.camminodonbosco.eu\/es\/wp-json\/wp\/v2\/users\/1"}],"replies":[{"embeddable":true,"href":"https:\/\/www.camminodonbosco.eu\/es\/wp-json\/wp\/v2\/comments?post=5286"}],"version-history":[{"count":0,"href":"https:\/\/www.camminodonbosco.eu\/es\/wp-json\/wp\/v2\/pages\/5286\/revisions"}],"wp:attachment":[{"href":"https:\/\/www.camminodonbosco.eu\/es\/wp-json\/wp\/v2\/media?parent=5286"}],"curies":[{"name":"wp","href":"https:\/\/api.w.org\/{rel}","templated":true}]}}