{"id":5288,"date":"2022-07-04T14:43:20","date_gmt":"2022-07-04T12:43:20","guid":{"rendered":"https:\/\/www.camminodonbosco.eu\/anillos-de-riva-presso-chieri\/"},"modified":"2024-01-04T17:44:07","modified_gmt":"2024-01-04T16:44:07","slug":"anillos-de-riva-presso-chieri","status":"publish","type":"page","link":"https:\/\/www.camminodonbosco.eu\/es\/anillos-de-riva-presso-chieri\/","title":{"rendered":"Anillos de Riva presso Chieri\u200b"},"content":{"rendered":"\n<p><strong>Salida y llegada<\/strong> Parqueadero del cementerio de Chieri, junto a la calle Pirandello (283 msnm).<br\/><strong>Longitud<\/strong> aproximada 15 km. Desnivel +4 m. <strong>Dificultad<\/strong> excursionista, ruta f\u00e1cil y llana.<br\/><strong>Agua<\/strong> En Chieri, hay 2 fuentes en Via Buttigliera, entre el cementerio y las escuelas. Fuente en S. Giovanni di Riva (casa S. Domenico). Punto de agua SMAT en Riva en Piazza C. Emanuele 3 y fuente frente al Molino della Torre.<\/p>\n\n<div style=\"height:30px\" aria-hidden=\"true\" class=\"wp-block-spacer\"><\/div>\n\n<p>Comenzando desde el estacionamiento del cementerio, sigue la <strong>Via Pirandello<\/strong> m\u00e1s all\u00e1 del Centro cinofilo y luego gira a la izquierda en el camino de tierra que conduce a <strong>Via Buttigliera<\/strong>. Gira a la derecha y contin\u00faa hasta la rotonda, que se encuentra a 1,8 km de la salida. Cruza la rotonda para continuar por la carretera asfaltada a la izquierda de la <strong>Cascina Robbio<\/strong> (pasando junto a cercas para animales), superando el R\u00edo de Cesole y el R\u00edo Moano, y sigue el asfalto a la derecha (ignorando la desviaci\u00f3n hacia C.na Riviera) junto a amplias cercas. Luego, gira a la derecha despu\u00e9s de 400 m y contin\u00faa recto hasta llegar a la SP121 Riva presso Chieri-Arignano en la    <strong>fracci\u00f3n S. Giovanni <\/strong>, que est\u00e1 aproximadamente a 4,2 km de C.na Robbio. Despu\u00e9s de cruzar primero la carretera provincial y luego la aldea a lo largo de la Via D. Bosco, camina casi 1 km hasta llegar a la <strong>casa natal de S. Domenico Savio<\/strong> y al <strong>Centro de Espiritualidad<\/strong>. Desde aqu\u00ed, sigue la <strong>Via della Grena<\/strong> hasta cruzar nuevamente la carretera provincial, luego sigue la <strong>Via dei Finelli<\/strong> y luego la <strong>Strada Rivassola<\/strong> hasta la cascina hom\u00f3nima. Aproximadamente 300 metros despu\u00e9s de la cascina, sigue a la izquierda durante otros 700 m por el campo, hasta el cruce que lleva a C.na Belvedere y la carretera provincial.   <\/p>\n\n<p>Ignorar dicha desviaci\u00f3n (*) y seguir siempre recto durante aproximadamente 750 metros por el camino entre los campos, luego girar a la izquierda cerca de un edificio y recuperar pronto (150 metros) la carretera provincial. Aqu\u00ed, gire a la derecha en la acera y contin\u00fae hasta cruzar la <strong>carretera Padana Inferiore<\/strong> en la rotonda, ingresando a Riva. <\/p>\n\n<div style=\"height:30px\" aria-hidden=\"true\" class=\"wp-block-spacer\"><\/div>\n\n<p><em>El camino recorrido entre los campos, a partir de la Cascina Rivassola, es objeto de un proyecto del Municipio de Riva presso Chieri para la creaci\u00f3n de un sendero bot\u00e1nico a lo largo del antiguo curso del <strong>Rio Mulino del Castello<\/strong>, un canal artificial en parte elevado que llevaba agua desde el r\u00edo que descarga en el lago de Arignano hasta Palazzo Grosso, utilizada para abastecer el jard\u00edn y las palas del molino.<\/em><\/p>\n\n<div style=\"height:30px\" aria-hidden=\"true\" class=\"wp-block-spacer\"><\/div>\n\n<p>Sigue la <strong>Via V. Veneto<\/strong> y luego gira a la derecha en <strong>Via T. Rossi di Montelera<\/strong>, pasando por debajo de la <strong>Torre Astense<\/strong> (siglo XII, llamada as\u00ed porque mira hacia Asti). Gira a la izquierda frente a la <strong>Iglesia de la Confraternita di Santa Croce<\/strong> (siglo XVIII), luego a la derecha en <strong>Via della Confraternita<\/strong> hasta llegar a la Piazza dei Caduti y luego a la <strong>Piazza della Parrocchia<\/strong>, donde se encuentra <strong>Palazzo Grosso<\/strong>, la hist\u00f3rica sede del Ayuntamiento y el <strong>Museo del Paisaje Sonoro<\/strong>. <\/p>\n\n<p>Luego, sigue el carril bici que parte a la izquierda del palacio y que conduce a trav\u00e9s de un camino asfaltado de 3 km primero al <strong>Molino della Torre<\/strong> (un antiguo molino que data del siglo XV) y luego a Chieri. Al final del carril, gira a la izquierda siguiendo el carril bici con superficie rosa (junto a la COOP), contin\u00faa recto en la rotonda (<strong>Via Polesina<\/strong>), cruza la rotonda de Via A. Moro y luego sigue el carril bici con superficie gris de Corso Matteotti hasta el sem\u00e1foro. Gira a la derecha para regresar al cementerio, que alcanzar\u00e1s despu\u00e9s de aproximadamente 1,3 km desde el final del carril Riva-Chieri.  <\/p>\n\n<p>(*) En caso de que el sendero no sea transitable, gira hacia C.na Belvedere y luego gira a la derecha en la SP121 hasta Riva, prestando mucha atenci\u00f3n al intenso tr\u00e1fico.<\/p>\n\n<div style=\"height:100px\" aria-hidden=\"true\" class=\"wp-block-spacer\"><\/div>\n\n<figure class=\"wp-block-image size-full is-resized\"><img fetchpriority=\"high\" decoding=\"async\" src=\"https:\/\/www.camminodonbosco.eu\/wp-content\/uploads\/2022\/03\/ANELLO-1_Riva-Presso-Chieri.jpg\" alt=\"\" class=\"wp-image-704\" width=\"1920\" height=\"1359\" srcset=\"https:\/\/www.camminodonbosco.eu\/wp-content\/uploads\/2022\/03\/ANELLO-1_Riva-Presso-Chieri.jpg 1920w, https:\/\/www.camminodonbosco.eu\/wp-content\/uploads\/2022\/03\/ANELLO-1_Riva-Presso-Chieri-300x212.jpg 300w, https:\/\/www.camminodonbosco.eu\/wp-content\/uploads\/2022\/03\/ANELLO-1_Riva-Presso-Chieri-1024x725.jpg 1024w, https:\/\/www.camminodonbosco.eu\/wp-content\/uploads\/2022\/03\/ANELLO-1_Riva-Presso-Chieri-768x544.jpg 768w, https:\/\/www.camminodonbosco.eu\/wp-content\/uploads\/2022\/03\/ANELLO-1_Riva-Presso-Chieri-1536x1087.jpg 1536w\" sizes=\"(max-width: 1920px) 100vw, 1920px\" \/><\/figure>\n","protected":false},"excerpt":{"rendered":"<p>Salida y llegada Parqueadero del cementerio de Chieri, junto a la calle Pirandello (283 msnm).Longitud aproximada 15 km. Desnivel +4 m. Dificultad excursionista, ruta f\u00e1cil y llana.Agua En Chieri, hay 2 fuentes en Via Buttigliera, entre el cementerio y las escuelas. Fuente en S. Giovanni di Riva (casa S. Domenico). Punto de agua SMAT en [&hellip;]<\/p>\n","protected":false},"author":1,"featured_media":0,"parent":0,"menu_order":0,"comment_status":"closed","ping_status":"closed","template":"","meta":{"footnotes":""},"class_list":["post-5288","page","type-page","status-publish","hentry"],"_links":{"self":[{"href":"https:\/\/www.camminodonbosco.eu\/es\/wp-json\/wp\/v2\/pages\/5288","targetHints":{"allow":["GET"]}}],"collection":[{"href":"https:\/\/www.camminodonbosco.eu\/es\/wp-json\/wp\/v2\/pages"}],"about":[{"href":"https:\/\/www.camminodonbosco.eu\/es\/wp-json\/wp\/v2\/types\/page"}],"author":[{"embeddable":true,"href":"https:\/\/www.camminodonbosco.eu\/es\/wp-json\/wp\/v2\/users\/1"}],"replies":[{"embeddable":true,"href":"https:\/\/www.camminodonbosco.eu\/es\/wp-json\/wp\/v2\/comments?post=5288"}],"version-history":[{"count":0,"href":"https:\/\/www.camminodonbosco.eu\/es\/wp-json\/wp\/v2\/pages\/5288\/revisions"}],"wp:attachment":[{"href":"https:\/\/www.camminodonbosco.eu\/es\/wp-json\/wp\/v2\/media?parent=5288"}],"curies":[{"name":"wp","href":"https:\/\/api.w.org\/{rel}","templated":true}]}}