{"id":5290,"date":"2022-07-04T14:43:39","date_gmt":"2022-07-04T12:43:39","guid":{"rendered":"https:\/\/www.camminodonbosco.eu\/anillos-de-sciolze\/"},"modified":"2024-01-04T17:58:06","modified_gmt":"2024-01-04T16:58:06","slug":"anillos-de-sciolze","status":"publish","type":"page","link":"https:\/\/www.camminodonbosco.eu\/es\/anillos-de-sciolze\/","title":{"rendered":"Anillos de Sciolze\u200b"},"content":{"rendered":"\n<h2 class=\"has-vivid-red-color has-text-color wp-block-heading\">ANILLO DE COLLE FAGNOUR<\/h2>\n\n<p><strong>Salida y llegada<\/strong> Parqueadero del cementerio.<br\/><strong>Longitud<\/strong> 4,00 km. <strong>Desnivel<\/strong> +114 m. Dificultad ruta f\u00e1cil, ligeramente ondulada.<\/p>\n\n<div style=\"height:30px\" aria-hidden=\"true\" class=\"wp-block-spacer\"><\/div>\n\n<p>Saliendo del <strong>parqueadero del cementerio<\/strong>, gira a la derecha en la SP118 en direcci\u00f3n a Bardassano. Contin\u00faa recto durante 540 m, ignorando la desviaci\u00f3n a la izquierda hacia Montaldo T.se, y luego gira a la izquierda durante 160 m hacia el <strong>Colle Fagnour<\/strong> (Capilla de Santa Luc\u00eda, vista panor\u00e1mica). Regresa sobre tus pasos durante 190 m hasta llegar a la SP118, gira a la derecha y contin\u00faa durante 110 m, luego gira a la derecha hacia Tetti Garrone. Despu\u00e9s de 340 m, gira a la izquierda, atraviesa el pueblo durante 170 m y luego contin\u00faa por el sendero durante 180 m hasta llegar a la SP4. Gira a la izquierda aqu\u00ed, contin\u00faa durante 250 m y luego gira a la derecha por una hermosa carretera panor\u00e1mica con vistas al pueblo de Sciolze (indicaciones <strong>Collina Serra)<\/strong>. Despu\u00e9s de 520 m, contin\u00faa por el sendero durante 430 m hasta llegar a la carretera de La Bocchetta cerca de la <strong>Capilla de Sant&#8217;Antonio<\/strong> (nota la pared de sedimentos, llamados \u00ab<em><strong>sabbioni<\/strong><\/em>\u00ab<strong>,<\/strong> justo debajo de la capilla). Despu\u00e9s de 100 m, gira a la izquierda hacia Sciolze por el camino junto al campo deportivo. Despu\u00e9s de recorrer 500 m, contin\u00faa recto cuesta arriba durante otros 250 m hasta llegar a la SP118. Gira a la izquierda para regresar al punto de partida despu\u00e9s de recorrer 150 m.        <\/p>\n\n<div style=\"height:100px\" aria-hidden=\"true\" class=\"wp-block-spacer\"><\/div>\n\n<h2 class=\"has-vivid-cyan-blue-color has-text-color wp-block-heading\">ANILLO DE CAPPELLA TARPUSSANO<\/h2>\n\n<p><strong>Salida y llegada<\/strong> Parqueadero del cementerio.<br\/><strong>Longitud<\/strong> 2,50 km. Desnivel +60 m. <strong>Dificultad<\/strong> ruta f\u00e1cil.<\/p>\n\n<div style=\"height:30px\" aria-hidden=\"true\" class=\"wp-block-spacer\"><\/div>\n\n<p>Saliendo del <strong>parqueadero del cementerio<\/strong>, gira a la derecha en la SP118 en direcci\u00f3n a Bardassano. Contin\u00faa recto durante 380 m, ignorando la desviaci\u00f3n a la izquierda hacia Montaldo T.se, y luego gira a la derecha hacia <strong>Tetti Sachero<\/strong>. Despu\u00e9s de recorrer 650 m, mantente a la derecha y luego gira a la izquierda despu\u00e9s de 90 m para luego cruzar un amplio prado y llegar a la <strong>Capilla Tarpussano<\/strong>, una peque\u00f1a iglesia noble con un peque\u00f1o p\u00f3rtico que permite un refugio cubierto (vista panor\u00e1mica). Regresa sobre tus pasos, gira a la izquierda despu\u00e9s de menos de 100 m para cruzar la <strong>regi\u00f3n Garavaglia<\/strong> y, despu\u00e9s de recorrer 460 m, cruza la carretera que va de Gassino a Sciolze. Gira cuesta arriba a la derecha durante 550 m, prestando atenci\u00f3n al tr\u00e1fico, hasta llegar a la SP118. Gira a la izquierda y contin\u00faa durante 180 m para regresar al punto de partida.     <\/p>\n\n<div style=\"height:100px\" aria-hidden=\"true\" class=\"wp-block-spacer\"><\/div>\n\n<h2 class=\"has-luminous-vivid-amber-color has-text-color wp-block-heading\">PASEO POR EL CENTRO HIST\u00d3RICO<\/h2>\n\n<p><strong>Salida y llegada<\/strong> en la Casetta agua SMAT &#8211; Via Aie 2.<br\/><strong>Longitud<\/strong> de 0,80 km Desnivel de +35 m <strong>Dificultad<\/strong> de excursi\u00f3n f\u00e1cil.<\/p>\n\n<div style=\"height:30px\" aria-hidden=\"true\" class=\"wp-block-spacer\"><\/div>\n\n<p>Comenzando desde la caseta de agua, cruza <strong>Via Roma<\/strong> para tomar <strong>Via Umberto I<\/strong> y llegar primero a <strong>Piazza Vittorio Veneto<\/strong> y luego a <strong>Piazza Sismonda<\/strong> (Iglesia parroquial de San Juan Bautista). Desde aqu\u00ed, desciende hasta <strong>Via General Sacchero<\/strong>, luego gira a la derecha y regresa al punto de partida. <\/p>\n\n<div style=\"height:100px\" aria-hidden=\"true\" class=\"wp-block-spacer\"><\/div>\n\n<figure class=\"wp-block-image size-full is-resized\"><img fetchpriority=\"high\" decoding=\"async\" src=\"https:\/\/www.camminodonbosco.eu\/wp-content\/uploads\/2022\/03\/ANELLO-8_Sciolze.jpg\" alt=\"\" class=\"wp-image-711\" width=\"1920\" height=\"1360\" srcset=\"https:\/\/www.camminodonbosco.eu\/wp-content\/uploads\/2022\/03\/ANELLO-8_Sciolze.jpg 1920w, https:\/\/www.camminodonbosco.eu\/wp-content\/uploads\/2022\/03\/ANELLO-8_Sciolze-300x213.jpg 300w, https:\/\/www.camminodonbosco.eu\/wp-content\/uploads\/2022\/03\/ANELLO-8_Sciolze-1024x725.jpg 1024w, https:\/\/www.camminodonbosco.eu\/wp-content\/uploads\/2022\/03\/ANELLO-8_Sciolze-768x544.jpg 768w, https:\/\/www.camminodonbosco.eu\/wp-content\/uploads\/2022\/03\/ANELLO-8_Sciolze-1536x1088.jpg 1536w\" sizes=\"(max-width: 1920px) 100vw, 1920px\" \/><\/figure>\n","protected":false},"excerpt":{"rendered":"<p>ANILLO DE COLLE FAGNOUR Salida y llegada Parqueadero del cementerio.Longitud 4,00 km. Desnivel +114 m. Dificultad ruta f\u00e1cil, ligeramente ondulada. Saliendo del parqueadero del cementerio, gira a la derecha en la SP118 en direcci\u00f3n a Bardassano. Contin\u00faa recto durante 540 m, ignorando la desviaci\u00f3n a la izquierda hacia Montaldo T.se, y luego gira a la [&hellip;]<\/p>\n","protected":false},"author":1,"featured_media":0,"parent":0,"menu_order":0,"comment_status":"closed","ping_status":"closed","template":"","meta":{"footnotes":""},"class_list":["post-5290","page","type-page","status-publish","hentry"],"_links":{"self":[{"href":"https:\/\/www.camminodonbosco.eu\/es\/wp-json\/wp\/v2\/pages\/5290","targetHints":{"allow":["GET"]}}],"collection":[{"href":"https:\/\/www.camminodonbosco.eu\/es\/wp-json\/wp\/v2\/pages"}],"about":[{"href":"https:\/\/www.camminodonbosco.eu\/es\/wp-json\/wp\/v2\/types\/page"}],"author":[{"embeddable":true,"href":"https:\/\/www.camminodonbosco.eu\/es\/wp-json\/wp\/v2\/users\/1"}],"replies":[{"embeddable":true,"href":"https:\/\/www.camminodonbosco.eu\/es\/wp-json\/wp\/v2\/comments?post=5290"}],"version-history":[{"count":0,"href":"https:\/\/www.camminodonbosco.eu\/es\/wp-json\/wp\/v2\/pages\/5290\/revisions"}],"wp:attachment":[{"href":"https:\/\/www.camminodonbosco.eu\/es\/wp-json\/wp\/v2\/media?parent=5290"}],"curies":[{"name":"wp","href":"https:\/\/api.w.org\/{rel}","templated":true}]}}