{"id":5292,"date":"2022-07-14T16:06:13","date_gmt":"2022-07-14T14:06:13","guid":{"rendered":"https:\/\/www.camminodonbosco.eu\/arignano\/"},"modified":"2024-01-04T18:03:49","modified_gmt":"2024-01-04T17:03:49","slug":"arignano","status":"publish","type":"page","link":"https:\/\/www.camminodonbosco.eu\/es\/arignano\/","title":{"rendered":"Arignano"},"content":{"rendered":"\n<p><strong>Arignano<\/strong> tiene m\u00e1s de 1000 habitantes y est\u00e1 a 23 km de Tur\u00edn. Sus or\u00edgenes se remontan al a\u00f1o mil y estuvo subordinada a Chieri hasta el siglo XVIII, con diferentes familias feudales<em><strong>.<\/strong><\/em><\/p>\n\n<div style=\"height:30px\" aria-hidden=\"true\" class=\"wp-block-spacer\"><\/div>\n\n<h2 class=\"wp-block-heading\">Lugares de inter\u00e9s:<\/h2>\n\n<p>El <strong>Castillo superior<\/strong> o <strong>Rocca<\/strong> (reconstruido en el siglo XIII), que conserva una parte del donjon, una torre cuadrada y la <strong>Villa dei Costa<\/strong> (siglo XVIII), rica en frescos. El <strong>Castillo inferior<\/strong> (siglo XV), recientemente restaurado y rodeado de un parque.<\/p>\n\n<p>La <strong>Iglesia barroca de la Asunci\u00f3n<\/strong> (1781), con nave central y dos capillas laterales.<\/p>\n\n<div style=\"height:30px\" aria-hidden=\"true\" class=\"wp-block-spacer\"><\/div>\n\n<h2 class=\"wp-block-heading\">Lago di Arignano<\/h2>\n\n<p>Un embalse artificial de aproximadamente 0,3 km<sup>\u00b2<\/sup> en la frontera entre los municipios de Arignano y Marentino, representa el espejo de agua m\u00e1s grande de la colina turinesa. Fue construido gracias al Conde Paolo Remigio Costa a partir de 1840 como una cuenca de recogida de aguas destinadas a la irrigaci\u00f3n de los cultivos circundantes, para producir hielo durante el invierno, como reserva de pesca y para proporcionar agua a los dos molinos aguas abajo de la presa. El lago recibe agua de varios arroyos que fluyen desde la zona de la colina. Cerca de la orilla oeste, los Condes Costa crearon una isla, donde hoy crecen algunos \u00e1rboles de gran tama\u00f1o. Actualmente, el Lago di Arignano es esencialmente un \u00e1rea h\u00fameda de gran importancia que alberga una avifauna residente y migratoria. Adem\u00e1s de las numerosas especies de aves, el embalse y sus orillas proporcionan un h\u00e1bitat importante tambi\u00e9n para reptiles, anfibios e insectos propios de las \u00e1reas h\u00famedas, como las lib\u00e9lulas.<\/p>\n\n<div style=\"height:30px\" aria-hidden=\"true\" class=\"wp-block-spacer\"><\/div>\n","protected":false},"excerpt":{"rendered":"<p>Arignano tiene m\u00e1s de 1000 habitantes y est\u00e1 a 23 km de Tur\u00edn. Sus or\u00edgenes se remontan al a\u00f1o mil y estuvo subordinada a Chieri hasta el siglo XVIII, con diferentes familias feudales. Lugares de inter\u00e9s: El Castillo superior o Rocca (reconstruido en el siglo XIII), que conserva una parte del donjon, una torre cuadrada [&hellip;]<\/p>\n","protected":false},"author":1,"featured_media":0,"parent":0,"menu_order":0,"comment_status":"closed","ping_status":"closed","template":"","meta":{"footnotes":""},"class_list":["post-5292","page","type-page","status-publish","hentry"],"_links":{"self":[{"href":"https:\/\/www.camminodonbosco.eu\/es\/wp-json\/wp\/v2\/pages\/5292","targetHints":{"allow":["GET"]}}],"collection":[{"href":"https:\/\/www.camminodonbosco.eu\/es\/wp-json\/wp\/v2\/pages"}],"about":[{"href":"https:\/\/www.camminodonbosco.eu\/es\/wp-json\/wp\/v2\/types\/page"}],"author":[{"embeddable":true,"href":"https:\/\/www.camminodonbosco.eu\/es\/wp-json\/wp\/v2\/users\/1"}],"replies":[{"embeddable":true,"href":"https:\/\/www.camminodonbosco.eu\/es\/wp-json\/wp\/v2\/comments?post=5292"}],"version-history":[{"count":0,"href":"https:\/\/www.camminodonbosco.eu\/es\/wp-json\/wp\/v2\/pages\/5292\/revisions"}],"wp:attachment":[{"href":"https:\/\/www.camminodonbosco.eu\/es\/wp-json\/wp\/v2\/media?parent=5292"}],"curies":[{"name":"wp","href":"https:\/\/api.w.org\/{rel}","templated":true}]}}