{"id":5300,"date":"2023-09-08T17:57:22","date_gmt":"2023-09-08T15:57:22","guid":{"rendered":"https:\/\/www.camminodonbosco.eu\/carmagnola\/"},"modified":"2024-01-04T18:12:59","modified_gmt":"2024-01-04T17:12:59","slug":"carmagnola","status":"publish","type":"page","link":"https:\/\/www.camminodonbosco.eu\/es\/carmagnola\/","title":{"rendered":"Carmagnola"},"content":{"rendered":"\n<p>Los primeros registros hist\u00f3ricos relacionados con la ciudad de <strong>Carmagnola<\/strong> se remontan al a\u00f1o 1000, bajo la jurisdicci\u00f3n arduinica. Durante el siglo XII, fue sometida al Marquesado de Saluzzo, con un per\u00edodo de desarrollo en el que, gracias a su posici\u00f3n estrat\u00e9gica, aument\u00f3 su importancia comercial y cultural. A partir del 1500, Carmagnola experiment\u00f3 un declive marcado por invasiones, saqueos y plagas; durante la epidemia de 1522, los habitantes de Carmagnola hicieron una primera promesa de devoci\u00f3n a la Virgen Inmaculada. Con la victoria de los franceses sobre los espa\u00f1oles en la batalla de Ceresole (1544), termin\u00f3 el dominio de los Marqueses de Saluzzo, seguido por cuatro d\u00e9cadas de ocupaci\u00f3n francesa. Carmagnola, con la construcci\u00f3n de una segunda muralla con baluartes, se convirti\u00f3 en una fortaleza fortificada. La ciudad pas\u00f3 luego al reino saboyano en 1588, cuando Carlo Emanuele I de Saboya la arrebat\u00f3 a los franceses, quienes la reconquistaron en el siglo XVII. En junio de 1630, Carmagnola sufri\u00f3 una segunda epidemia de peste que llev\u00f3 a los ciudadanos a renovar su voto a la Virgen. En 1691, la ciudad volvi\u00f3 a manos de los Saboya, gracias a Vittorio Amedeo II. La importancia estrat\u00e9gica de Carmagnola disminuy\u00f3 despu\u00e9s de la demolici\u00f3n de las fortificaciones, lo que dio lugar a un desarrollo agr\u00edcola y comercial que, a trav\u00e9s del per\u00edodo de industrializaci\u00f3n posterior a la Segunda Guerra Mundial, la ha acompa\u00f1ado hasta el d\u00eda de hoy. Hoy en d\u00eda, Carmagnola cuenta con m\u00e1s de 28,000 habitantes y es un importante centro agr\u00edcola, comercial y de servicios.         <\/p>\n\n<div style=\"height:30px\" aria-hidden=\"true\" class=\"wp-block-spacer\"><\/div>\n\n<h2 class=\"wp-block-heading\">Lugares de inter\u00e9s:<\/h2>\n\n<p>La <strong>Abad\u00eda cisterciense de Santa Maria di Casanova<\/strong>, uno de los primeros ejemplos de arquitectura g\u00f3tica en Piamonte, con modificaciones barrocas.<\/p>\n\n<p>La <strong>Iglesia de la Colegiata de los Santos Pedro y Pablo<\/strong> (1514), de estilo g\u00f3tico-rom\u00e1nico modificado en la \u00e9poca barroca. Destacada es la Capilla de la Inmaculada Concepci\u00f3n, de extraordinaria riqueza decorativa, dedicada a la Virgen con motivo de la promesa de 1630. <\/p>\n\n<p>La <strong>Iglesia de la Confraternidad de San Roque<\/strong>, establecida en 1630 para ayudar a los afectados por la peste utilizando ladrillos de la muralla.<\/p>\n\n<p>La <strong>Iglesia de San Agust\u00edn<\/strong>, construida entre 1406 y 1437, con \u00e1bside, lado este y campanario de estilo g\u00f3tico.<\/p>\n\n<p><strong>Casa Cavassa<\/strong>, un palacio noble del siglo XV con un patio interior, salas decoradas con techos con casetones, frisos arquitect\u00f3nicos de terracota y frescos en las fachadas. Destaca el monocromo \u00abcortejo triunfal de elefantes\u00bb de la primera mitad del siglo XVI, visible desde Via Benso. <\/p>\n\n<p>La <strong>Casa de las Sundiales<\/strong>, cuya fachada presenta un extraordinario conjunto de frescos con im\u00e1genes aleg\u00f3ricas paganas y cristianas, lemas, s\u00edmbolos y adornos decorativos, realizados entre 1555 y 1557 y concebidos en funci\u00f3n de los tres relojes de sol que est\u00e1n incrustados en ella.<\/p>\n\n<p>La <strong>Sinagoga<\/strong>: construida en la segunda mitad del siglo XVIII en el primer piso de una casa privada de principios de siglo, en lo que durante siglos fue el gueto jud\u00edo, sigui\u00f3 funcionando hasta 1938 y ha mantenido su configuraci\u00f3n original.<\/p>\n\n<div style=\"height:30px\" aria-hidden=\"true\" class=\"wp-block-spacer\"><\/div>\n\n<div class=\"wp-block-cover is-light\" style=\"min-height:100px;aspect-ratio:unset;\"><span aria-hidden=\"true\" class=\"wp-block-cover__background has-cyan-bluish-gray-background-color has-background-dim\"><\/span><div class=\"wp-block-cover__inner-container is-layout-flow wp-block-cover-is-layout-flow\">\n<h2 class=\"wp-block-heading\">Siguiendo los pasos de Don Bosco<\/h2>\n\n\n\n<p><strong>Don Bosco a Carmagnola<\/strong><\/p>\n\n\n\n<p>Don Bosco sol\u00eda ir a predicar a Carmagnola, el lugar de nacimiento de su alumno Michele Magone (Carmagnola, 19\/09\/1845 &#8211; Tur\u00edn, 21\/01\/1859), una figura destacada en la historia de la pedagog\u00eda salesiana, quien muri\u00f3 a los trece a\u00f1os y es recordado por ser uno de los tres muchachos (junto con Domenico Savio y Francesco Besucco) de quienes el santo escribi\u00f3 su vida.<\/p>\n<\/div><\/div>\n","protected":false},"excerpt":{"rendered":"<p>Los primeros registros hist\u00f3ricos relacionados con la ciudad de Carmagnola se remontan al a\u00f1o 1000, bajo la jurisdicci\u00f3n arduinica. Durante el siglo XII, fue sometida al Marquesado de Saluzzo, con un per\u00edodo de desarrollo en el que, gracias a su posici\u00f3n estrat\u00e9gica, aument\u00f3 su importancia comercial y cultural. A partir del 1500, Carmagnola experiment\u00f3 un [&hellip;]<\/p>\n","protected":false},"author":1,"featured_media":0,"parent":0,"menu_order":0,"comment_status":"closed","ping_status":"closed","template":"","meta":{"footnotes":""},"class_list":["post-5300","page","type-page","status-publish","hentry"],"_links":{"self":[{"href":"https:\/\/www.camminodonbosco.eu\/es\/wp-json\/wp\/v2\/pages\/5300","targetHints":{"allow":["GET"]}}],"collection":[{"href":"https:\/\/www.camminodonbosco.eu\/es\/wp-json\/wp\/v2\/pages"}],"about":[{"href":"https:\/\/www.camminodonbosco.eu\/es\/wp-json\/wp\/v2\/types\/page"}],"author":[{"embeddable":true,"href":"https:\/\/www.camminodonbosco.eu\/es\/wp-json\/wp\/v2\/users\/1"}],"replies":[{"embeddable":true,"href":"https:\/\/www.camminodonbosco.eu\/es\/wp-json\/wp\/v2\/comments?post=5300"}],"version-history":[{"count":0,"href":"https:\/\/www.camminodonbosco.eu\/es\/wp-json\/wp\/v2\/pages\/5300\/revisions"}],"wp:attachment":[{"href":"https:\/\/www.camminodonbosco.eu\/es\/wp-json\/wp\/v2\/media?parent=5300"}],"curies":[{"name":"wp","href":"https:\/\/api.w.org\/{rel}","templated":true}]}}