{"id":5304,"date":"2022-07-08T10:57:21","date_gmt":"2022-07-08T08:57:21","guid":{"rendered":"https:\/\/www.camminodonbosco.eu\/cinzano\/"},"modified":"2024-01-04T18:25:03","modified_gmt":"2024-01-04T17:25:03","slug":"cinzano","status":"publish","type":"page","link":"https:\/\/www.camminodonbosco.eu\/es\/cinzano\/","title":{"rendered":"Cinzano"},"content":{"rendered":"\n<p><strong>Cinzano<\/strong> tiene alrededor de 320 habitantes y se encuentra a 35 km de Tur\u00edn.<\/p>\n\n<p>Ubicado en las suaves colinas del Monferrato, Cinzano est\u00e1 rodeado de vegetaci\u00f3n en la colina de Tur\u00edn, siendo el \u00faltimo pueblo de la provincia de Tur\u00edn. Se encuentra a una altitud de 495 metros sobre el nivel del mar en una posici\u00f3n abierta y no expuesta a los vientos, en el centro de la cresta de las colinas que se extienden desde Superga hacia la Canonica di Vezzolano.<\/p>\n\n<p>El peque\u00f1o n\u00facleo hist\u00f3rico est\u00e1 dominado por el imponente Castillo que, en 1164, fue donado por Federico Barbarroja a los Marqueses de Monferrato y luego al Marqu\u00e9s Della Chiesa. En la plaza principal, un punto panor\u00e1mico que ofrece vistas impresionantes, se encuentra la Iglesia Parroquial de Sant&#8217;Antonio Abate, que data del siglo X.<\/p>\n\n<p>Cinzano tiene <strong>antiguos or\u00edgenes<\/strong> &#8211; como lo demuestra una punta de flecha encontrada en el lugar y que data de entre 2000 y 3000 a\u00f1os antes de Cristo &#8211; posteriormente, fue ocupado por los romanos. Durante la <strong>\u00e9poca romana<\/strong>, la localidad estaba atravesada por una carretera que conectaba <em><strong>Industria<\/strong><\/em> (ahora Monteu da Po, que alberga un sitio arqueol\u00f3gico que merece una visita) con <em><strong>Carreum Potentia<\/strong><\/em> (Chieri). Donado por Federico Barbarroja al Obispo de Chieri, luego fue objeto de disputas prolongadas debido a su posici\u00f3n estrat\u00e9gica. Despu\u00e9s de estar bajo el dominio de Chieri, pas\u00f3 a manos de diferentes se\u00f1ores antes de ser anexado al Ducado de Saboya en 1631. A principios del siglo XVIII, durante la guerra entre Piamonte y Francia, fue <strong>ocupado por los franceses<\/strong>. Algunos a\u00f1os despu\u00e9s de la invasi\u00f3n napole\u00f3nica del Piamonte en 1796, Cinzano se convirti\u00f3 en la fortaleza de la  <em><strong>masa cristiana<\/strong><\/em>, un ej\u00e9rcito personal del mayor austriaco Branda de &#8216;Lucioni, reclutado de la poblaci\u00f3n insurrecta contra los franceses, que en 1799, con la ayuda de otras <em>masas similares<\/em> (Biella, Chivasso, Ivrea, Santhi\u00e0 y Novara), derrot\u00f3 a los ocupantes y ocup\u00f3 Tur\u00edn.<\/p>\n\n<div style=\"height:30px\" aria-hidden=\"true\" class=\"wp-block-spacer\"><\/div>\n\n<h2 class=\"wp-block-heading\">Lugares de inter\u00e9s:<\/h2>\n\n<p>El <strong>Castillo<\/strong>, una fortaleza de origen medieval con murallas y torres, ahora adaptado como residencia, junto con la iglesia parroquial y otros edificios relacionados, que forman un n\u00facleo separado del resto de Cinzano. En 1872, los Marqueses Della Chiesa, quienes ya hab\u00edan sido propietarios en el pasado, readquirieron el castillo y lo restauraron en estilo neomedieval. El conde Ernesto di Sambuy, en ese momento tambi\u00e9n involucrado en la construcci\u00f3n del pueblo medieval de Valentino en Tur\u00edn, fue encargado de decorar el interior y dise\u00f1ar los jardines. Gracias a estos trabajos, el castillo recuper\u00f3 su apariencia de antigua fortificaci\u00f3n que se puede ver hoy. La gran torre central de base cuadrada, llamada \u00ab<strong>torre del sal<\/strong>\u00ab, y partes de las dos torres laterales son las \u00fanicas estructuras originales que se conservan hoy. En la segunda mitad del siglo pasado, el castillo, da\u00f1ado por la guerra y la negligencia, fue vendido y restaurado para uso residencial.      <\/p>\n\n<p>La <strong>Iglesia parroquial de Santo Antonio Abad<\/strong> se encuentra en una colina donde sol\u00eda estar el antiguo n\u00facleo habitado de Cinzano.<br\/>La casa parroquial y el teatro parroquial est\u00e1n directamente conectados con las \u00faltimas proyecciones del castillo: la fachada est\u00e1 orientada hacia el oeste y tiene un acabado de estuco de color crema. A los lados de la puerta principal hay otras dos puertas de madera coronadas por dos ventanas con forma de concha. <\/p>\n\n<p>Sobre la puerta central hay una placa conmemorativa que dice: \u201cD.O.M.\/DIVO ANTONIO ABATI COMPATRONO DICATI\/ FANI HVIVIS PROSPECTUM\/ TEMPORUM INIURIA PENE LABENTEM\/ PUBLICO SUMPTU\/ CINTIANI COMMUNITAS ELEGANTER INSTAURAT\/ ANNO SALUTIS MDCCXCII\u201d.<\/p>\n\n<p>El interior del edificio consta de una sola nave con una b\u00f3veda de crucer\u00eda, en la que se abren cuatro capillas laterales.<\/p>\n","protected":false},"excerpt":{"rendered":"<p>Cinzano tiene alrededor de 320 habitantes y se encuentra a 35 km de Tur\u00edn. Ubicado en las suaves colinas del Monferrato, Cinzano est\u00e1 rodeado de vegetaci\u00f3n en la colina de Tur\u00edn, siendo el \u00faltimo pueblo de la provincia de Tur\u00edn. Se encuentra a una altitud de 495 metros sobre el nivel del mar en una [&hellip;]<\/p>\n","protected":false},"author":1,"featured_media":0,"parent":0,"menu_order":0,"comment_status":"closed","ping_status":"closed","template":"","meta":{"footnotes":""},"class_list":["post-5304","page","type-page","status-publish","hentry"],"_links":{"self":[{"href":"https:\/\/www.camminodonbosco.eu\/es\/wp-json\/wp\/v2\/pages\/5304","targetHints":{"allow":["GET"]}}],"collection":[{"href":"https:\/\/www.camminodonbosco.eu\/es\/wp-json\/wp\/v2\/pages"}],"about":[{"href":"https:\/\/www.camminodonbosco.eu\/es\/wp-json\/wp\/v2\/types\/page"}],"author":[{"embeddable":true,"href":"https:\/\/www.camminodonbosco.eu\/es\/wp-json\/wp\/v2\/users\/1"}],"replies":[{"embeddable":true,"href":"https:\/\/www.camminodonbosco.eu\/es\/wp-json\/wp\/v2\/comments?post=5304"}],"version-history":[{"count":0,"href":"https:\/\/www.camminodonbosco.eu\/es\/wp-json\/wp\/v2\/pages\/5304\/revisions"}],"wp:attachment":[{"href":"https:\/\/www.camminodonbosco.eu\/es\/wp-json\/wp\/v2\/media?parent=5304"}],"curies":[{"name":"wp","href":"https:\/\/api.w.org\/{rel}","templated":true}]}}