{"id":5308,"date":"2022-07-08T10:58:05","date_gmt":"2022-07-08T08:58:05","guid":{"rendered":"https:\/\/www.camminodonbosco.eu\/marentino\/"},"modified":"2024-01-04T18:32:32","modified_gmt":"2024-01-04T17:32:32","slug":"marentino","status":"publish","type":"page","link":"https:\/\/www.camminodonbosco.eu\/es\/marentino\/","title":{"rendered":"Marentino"},"content":{"rendered":"\n<p><strong>Marentino<\/strong> tiene alrededor de 1.300 habitantes y est\u00e1 a 23 km de Tur\u00edn. Los primeros asentamientos de Marentino, <strong>que fueron un antiguo asentamiento celta-ligur y luego romano<\/strong>, datan del siglo XII, como lo demuestra la presencia de las dos <strong>iglesias rom\u00e1nicas de Marentino y Avuglione<\/strong> y del <strong>castillo de Vernone<\/strong>. En el siglo XI, el territorio de Marentino fue objeto de intercambio entre la abad\u00eda de Nonantola y los condes de Biandrate. En 1164, fue donado por Federico Barbarroja al visconte del Monferrato. En 1235, Marentino se uni\u00f3 a la Rep\u00fablica de Chieri y comparti\u00f3 su destino hasta la sumisi\u00f3n a los Saboya. Despu\u00e9s de la creaci\u00f3n del Reino de Cerde\u00f1a, se convirti\u00f3 en feudo de los Beccaria de Marentino, los Garetti de Ferrere, los Vagnone, los Cocconato, los Montiglio y luego los condes Ceveris, quienes en 1719 construyeron el castillo de Majolo, dise\u00f1ado por Juvarra, justo fuera del pueblo, que actualmente es una residencia hist\u00f3rica.     <\/p>\n\n<div style=\"height:30px\" aria-hidden=\"true\" class=\"wp-block-spacer\"><\/div>\n\n<h2 class=\"wp-block-heading\">Lugares de inter\u00e9s:<\/h2>\n\n<p>La <strong>Iglesia rom\u00e1nica de Santa Mar\u00eda de los Muertos<\/strong> tiene una fachada de ladrillo coronada por un roset\u00f3n de piedra y un presbiterio que alberga frescos del pintor chierese Fantini del siglo XV. El pintoresco <strong>pueblo de Avuglione<\/strong> y el <strong>castillo del barrio de Vernone<\/strong>, convertido en una casa de retiro. Los <strong>murales<\/strong> divertidos y art\u00edsticos de Marentino en rebus.<\/p>\n\n<p><strong>Casa Zuccala<\/strong>, una caracter\u00edstica \u00abvi\u00f1a\u00bb de la zona de las colinas, fue habitada desde principios del siglo XVI por la familia Zuccala, notarios y banqueros originarios de la regi\u00f3n de Bergamo. A mediados del siglo XX, la casa fue abandonada y comenz\u00f3 a deteriorarse hasta que, en 1993, los actuales propietarios comenzaron el proceso de restauraci\u00f3n. En 2001, se fund\u00f3 la <strong>Asociaci\u00f3n Cultural \u00abCasa Zuccala\u00bb<\/strong>, que desde 2010 abre al p\u00fablico esta casa hist\u00f3rica y su jard\u00edn. <strong>Los Jardines de las Hierbas Arom\u00e1ticas<\/strong> de Casa Zuccala se extienden sobre una superficie de 7,000 metros cuadrados y albergan una colecci\u00f3n de aproximadamente <strong>1,000 plantas arom\u00e1ticas<\/strong> que estimulan el placer del gusto y las sensaciones provocadas por sus aromas, cambiando de colores en diferentes \u00e9pocas del a\u00f1o: desde la floraci\u00f3n de los romeros y las violetas perfumadas en primavera, hasta las rosas bot\u00e1nicas en mayo y las amarantos en verano, desde la cosecha de la menta en junio hasta la recolecci\u00f3n de peque\u00f1as frutas y chiles picantes en oto\u00f1o. Para los amantes de la cocina, se ofrece la oportunidad de conocer <strong>especias y aromas de todo el mundo.<\/strong>     <\/p>\n\n<div style=\"height:30px\" aria-hidden=\"true\" class=\"wp-block-spacer\"><\/div>\n\n<h2 class=\"wp-block-heading\">Lago di Arignano<\/h2>\n\n<p>El embalse artificial de aproximadamente 0.3 km<sup>2<\/sup> en la frontera entre los municipios de Arignano y Marentino es el cuerpo de agua m\u00e1s grande de las colinas de Tur\u00edn. Fue construido gracias al Conde Paolo Remigio Costa a partir de 1840 como un embalse para recoger agua destinada a la irrigaci\u00f3n de los cultivos circundantes, para producir hielo durante el invierno, como reserva de pesca y para suministrar agua a los dos molinos aguas abajo de la presa. El lago recibe agua de varios peque\u00f1os arroyos que fluyen desde la zona de las colinas. Cerca de la orilla oeste, los Condes Costa crearon una peque\u00f1a isla, donde hoy crecen algunos \u00e1rboles de gran tama\u00f1o. Actualmente, el Lago de Arignano es principalmente un humedal notable que alberga aves residentes y migratorias. Adem\u00e1s de las numerosas especies de aves, el embalse y sus orillas proporcionan un h\u00e1bitat importante tambi\u00e9n para reptiles, anfibios e insectos propios de las \u00e1reas h\u00famedas, como las lib\u00e9lulas.     <\/p>\n","protected":false},"excerpt":{"rendered":"<p>Marentino tiene alrededor de 1.300 habitantes y est\u00e1 a 23 km de Tur\u00edn. Los primeros asentamientos de Marentino, que fueron un antiguo asentamiento celta-ligur y luego romano, datan del siglo XII, como lo demuestra la presencia de las dos iglesias rom\u00e1nicas de Marentino y Avuglione y del castillo de Vernone. En el siglo XI, el [&hellip;]<\/p>\n","protected":false},"author":1,"featured_media":0,"parent":0,"menu_order":0,"comment_status":"closed","ping_status":"closed","template":"","meta":{"footnotes":""},"class_list":["post-5308","page","type-page","status-publish","hentry"],"_links":{"self":[{"href":"https:\/\/www.camminodonbosco.eu\/es\/wp-json\/wp\/v2\/pages\/5308","targetHints":{"allow":["GET"]}}],"collection":[{"href":"https:\/\/www.camminodonbosco.eu\/es\/wp-json\/wp\/v2\/pages"}],"about":[{"href":"https:\/\/www.camminodonbosco.eu\/es\/wp-json\/wp\/v2\/types\/page"}],"author":[{"embeddable":true,"href":"https:\/\/www.camminodonbosco.eu\/es\/wp-json\/wp\/v2\/users\/1"}],"replies":[{"embeddable":true,"href":"https:\/\/www.camminodonbosco.eu\/es\/wp-json\/wp\/v2\/comments?post=5308"}],"version-history":[{"count":0,"href":"https:\/\/www.camminodonbosco.eu\/es\/wp-json\/wp\/v2\/pages\/5308\/revisions"}],"wp:attachment":[{"href":"https:\/\/www.camminodonbosco.eu\/es\/wp-json\/wp\/v2\/media?parent=5308"}],"curies":[{"name":"wp","href":"https:\/\/api.w.org\/{rel}","templated":true}]}}