{"id":5310,"date":"2022-07-08T11:00:20","date_gmt":"2022-07-08T09:00:20","guid":{"rendered":"https:\/\/www.camminodonbosco.eu\/pavarolo\/"},"modified":"2024-01-04T18:36:51","modified_gmt":"2024-01-04T17:36:51","slug":"pavarolo","status":"publish","type":"page","link":"https:\/\/www.camminodonbosco.eu\/es\/pavarolo\/","title":{"rendered":"Pavarolo"},"content":{"rendered":"\n<p><strong>Pavarolo<\/strong> cuenta con aproximadamente 1,100 habitantes y se encuentra a 22 km de Tur\u00edn.<\/p>\n\n<p>Dado que no hay noticias hist\u00f3ricas precisas sobre la fundaci\u00f3n de Pavarolo, se presume que los primeros asentamientos ocurrieron despu\u00e9s de la \u00e9poca romana. Es plausible relacionar el nacimiento del pueblo con la construcci\u00f3n del castillo, cerca del cual se agruparon las primeras casas, o con la aparici\u00f3n de una v\u00eda de comunicaci\u00f3n entre Asti y Chivasso en el valle. <\/p>\n\n<p>La <strong>primera menci\u00f3n de Pavarolo se remonta a 1047<\/strong>, cuando Enrique III confirm\u00f3 la posesi\u00f3n de muchas tierras en Chieri a los can\u00f3nigos de San Salvador en Tur\u00edn. Luego pas\u00f3 a manos de los Marqueses de Monferrato y luego al Municipio de Chieri, siguiendo sus destinos. En tiempos recientes, vivi\u00f3 y trabaj\u00f3 all\u00ed <strong>Felice Casorati<\/strong> (1883-1963), uno de los pintores m\u00e1s famosos del siglo XX. <\/p>\n\n<div style=\"height:30px\" aria-hidden=\"true\" class=\"wp-block-spacer\"><\/div>\n\n<h2 class=\"wp-block-heading\">Lugares de inter\u00e9s:<\/h2>\n\n<p><strong>El Castillo,<\/strong> de origen medieval, es el verdadero s\u00edmbolo del pueblo. Probablemente alrededor de la antigua construcci\u00f3n se reunieron los primeros habitantes del asentamiento que hoy se llama Pavarolo. Mencionado en un acto en 1047, el castillo es <strong>la estructura m\u00e1s antigua del pueblo<\/strong>, con casi diez siglos de historia: remodelado a lo largo de los siglos, pas\u00f3 de ser un presidio militar a una residencia noble y luego privada. Situado en la cima de la colina donde se encuentra Pavarolo, tiene forma rectangular, est\u00e1 construido completamente de ladrillo y rodeado por un parque y muros de contenci\u00f3n, probablemente remanentes de las antiguas fortificaciones. Renovado en los siglos XV y XVI, alberga un preciado techo con casetones decorados del siglo XIV, con figuras alternas y escudos. Es una propiedad privada ocasionalmente abierta al p\u00fablico para visitas guiadas y es la residencia hist\u00f3rica del General Guglielmo Zavattaro Ardizzi di Pavarolo. A los pies del castillo se encuentra la antigua <strong>Torre<\/strong>, transformada en campanario en el siglo XVIII (Via Maestra 8 &#8211; web: <a href=\"about:blank\">https:\/\/castellopavarolo.weebly.com\/<\/a>).      <\/p>\n\n<p>El <strong>Estudio Museo Felice Casorati<\/strong> \u00ab<em>Abrir las ventanas y dejar entrar el aire en mi pintura<\/em>\u00ab, as\u00ed hablaba Felice Casorati sobre su estudio en Pavarolo, contiguo a la casa que desde principios de los a\u00f1os treinta fue la residencia de verano de su familia. Desde 2016, el estudio, que desde 1931 fue un lugar de inspiraci\u00f3n para el artista y su esposa Daphne Maugham, est\u00e1 abierto al p\u00fablico por voluntad del gobierno local de Pavarolo y la familia Casorati (Via del Rubino 9 &#8211; web: <a href=\"https:\/\/casorati.net\/pavarolo\/\">https:\/\/casorati.net\/pavarolo\/<\/a>). <\/p>\n\n<p>A lo largo de las calles Maestra y del Rubino se encuentra el <strong>itinerario de Casorati,<\/strong> que consta de 6 reproducciones de cristal de obras de la familia Casorati, adem\u00e1s de numerosos mosaicos que son testimonio de las hist\u00f3ricas Bienales de pintura dedicadas al artista.<\/p>\n\n<p>El <strong>Jard\u00edn de los Artistas<\/strong>. Cerca del Estudio Museo Felice Casorati, en un punto panor\u00e1mico de gran valor paisaj\u00edstico, se encuentra este sendero bot\u00e1nico dise\u00f1ado por el curador bot\u00e1nico, experto en jardines hist\u00f3ricos y adoptado por Pavarolo, Edoardo Santoro, que se desarrolla a trav\u00e9s de una serie de etapas que destacan las principales categor\u00edas de plantas, las asociaciones vegetales y la fuerte conexi\u00f3n entre el arte y la naturaleza.<\/p>\n\n<p>No muy lejos del pueblo, hacia el norte, se encuentra el pueblo de San Defendente (capilla del siglo XVII). Saliendo del pueblo y pasando por la Capilla de San Sebasti\u00e1n, se llega a la capilla de San Grato, donde se gira a la derecha por un camino de tierra y se cruza una hermosa \u00e1rea de huertos, pasando junto al <strong>campo experimental de ciruelas Purin-a.<\/strong>.<\/p>\n","protected":false},"excerpt":{"rendered":"<p>Pavarolo cuenta con aproximadamente 1,100 habitantes y se encuentra a 22 km de Tur\u00edn. Dado que no hay noticias hist\u00f3ricas precisas sobre la fundaci\u00f3n de Pavarolo, se presume que los primeros asentamientos ocurrieron despu\u00e9s de la \u00e9poca romana. Es plausible relacionar el nacimiento del pueblo con la construcci\u00f3n del castillo, cerca del cual se agruparon [&hellip;]<\/p>\n","protected":false},"author":1,"featured_media":0,"parent":0,"menu_order":0,"comment_status":"closed","ping_status":"closed","template":"","meta":{"footnotes":""},"class_list":["post-5310","page","type-page","status-publish","hentry"],"_links":{"self":[{"href":"https:\/\/www.camminodonbosco.eu\/es\/wp-json\/wp\/v2\/pages\/5310","targetHints":{"allow":["GET"]}}],"collection":[{"href":"https:\/\/www.camminodonbosco.eu\/es\/wp-json\/wp\/v2\/pages"}],"about":[{"href":"https:\/\/www.camminodonbosco.eu\/es\/wp-json\/wp\/v2\/types\/page"}],"author":[{"embeddable":true,"href":"https:\/\/www.camminodonbosco.eu\/es\/wp-json\/wp\/v2\/users\/1"}],"replies":[{"embeddable":true,"href":"https:\/\/www.camminodonbosco.eu\/es\/wp-json\/wp\/v2\/comments?post=5310"}],"version-history":[{"count":0,"href":"https:\/\/www.camminodonbosco.eu\/es\/wp-json\/wp\/v2\/pages\/5310\/revisions"}],"wp:attachment":[{"href":"https:\/\/www.camminodonbosco.eu\/es\/wp-json\/wp\/v2\/media?parent=5310"}],"curies":[{"name":"wp","href":"https:\/\/api.w.org\/{rel}","templated":true}]}}