{"id":5312,"date":"2022-07-08T11:01:12","date_gmt":"2022-07-08T09:01:12","guid":{"rendered":"https:\/\/www.camminodonbosco.eu\/pecetto-torinese\/"},"modified":"2024-01-04T18:39:08","modified_gmt":"2024-01-04T17:39:08","slug":"pecetto-torinese","status":"publish","type":"page","link":"https:\/\/www.camminodonbosco.eu\/es\/pecetto-torinese\/","title":{"rendered":"Pecetto Torinese"},"content":{"rendered":"\n<p><strong>Pecetto Torinese<\/strong> cuenta con aproximadamente 4,000 habitantes y se encuentra a 11 km de Tur\u00edn.<\/p>\n\n<p>Es un asentamiento de origen antiguo, como lo demuestran los hallazgos celtas de la Edad de Hierro (Bric San Viter) y de la \u00e9poca romana. La fundaci\u00f3n del pueblo data del siglo XIII, cuando se separ\u00f3 de Chieri, bajo cuya jurisdicci\u00f3n regresaron los pecettesi en 1360, antes de pasar a los Saboya y a varios se\u00f1ores feudales. <\/p>\n\n<div style=\"height:30px\" aria-hidden=\"true\" class=\"wp-block-spacer\"><\/div>\n\n<h2 class=\"wp-block-heading\">Lugares de inter\u00e9s:<\/h2>\n\n<p><strong>La Iglesia de San Sebasti\u00e1n<\/strong>, que data de principios del siglo XIII y est\u00e1 construida en ladrillo rojo en un estilo que combina el g\u00f3tico y el rom\u00e1nico. Tiene tres naves separadas por pilares conectados por arcos. Destacan los frescos del siglo XV-XVI, incluyendo la prestigiosa Natividad de Jacopino Longo (1508), y la tela de la Virgen con el Ni\u00f1o entre los Santos Jos\u00e9, Sebasti\u00e1n, Fabiano y Romualdo, as\u00ed como, en la b\u00f3veda de crucer\u00eda de la tercera campa\u00f1a de la nave izquierda, cuatro episodios de la Leyenda del milagro de Santo Domingo de La Calzada. <\/p>\n\n<p><strong>La Iglesia de la Confraternidad del Santo Nombre de Jes\u00fas y los Battuti Bianchi,<\/strong> que data de la primera mitad del siglo XVII, es de nave \u00fanica con un coro rectangular y toma su nombre del color del h\u00e1bito que los religiosos usaban durante las ceremonias. Destacan la escalinata de acceso de piedra y la robusta puerta tallada en madera (1816). <\/p>\n\n<p><strong>La iglesia parroquial barroca de Santa Mar\u00eda de la Nieve<\/strong>, construida seg\u00fan el dise\u00f1o de Bernardo Antonio Vittone (1739), cuenta con seis altares a lo largo de las paredes laterales y un elegante altar mayor de m\u00e1rmol, que proviene del Eremo dei Camaldolesi, al igual que varias esculturas de madera. Impresionante es el \u00f3rgano de 1778 y notables son las pinturas, incluyendo la obra de Vittorio Amedeo Raptus (1783) y el lienzo de Santa \u00darsula. Tambi\u00e9n es destacable una estatua de papel mach\u00e9 de la Virgen Dolorosa del siglo XVIII.  <\/p>\n\n<p>El <strong>Eremo dei Camaldolesi<\/strong>: En la primera mitad del siglo XVII se construy\u00f3 una gran abad\u00eda del Orden de los monjes Camaldoleses, que experiment\u00f3 un per\u00edodo pr\u00f3spero, interrumpido por la supresi\u00f3n de las instituciones religiosas por Napole\u00f3n. Siglos de abandono siguieron. Hoy en d\u00eda, esta hermosa meseta alberga un centro para ancianos, mientras que la llamada Torre del Molino es propiedad del SERMIG.  <\/p>\n","protected":false},"excerpt":{"rendered":"<p>Pecetto Torinese cuenta con aproximadamente 4,000 habitantes y se encuentra a 11 km de Tur\u00edn. Es un asentamiento de origen antiguo, como lo demuestran los hallazgos celtas de la Edad de Hierro (Bric San Viter) y de la \u00e9poca romana. La fundaci\u00f3n del pueblo data del siglo XIII, cuando se separ\u00f3 de Chieri, bajo cuya [&hellip;]<\/p>\n","protected":false},"author":1,"featured_media":0,"parent":0,"menu_order":0,"comment_status":"closed","ping_status":"closed","template":"","meta":{"footnotes":""},"class_list":["post-5312","page","type-page","status-publish","hentry"],"_links":{"self":[{"href":"https:\/\/www.camminodonbosco.eu\/es\/wp-json\/wp\/v2\/pages\/5312","targetHints":{"allow":["GET"]}}],"collection":[{"href":"https:\/\/www.camminodonbosco.eu\/es\/wp-json\/wp\/v2\/pages"}],"about":[{"href":"https:\/\/www.camminodonbosco.eu\/es\/wp-json\/wp\/v2\/types\/page"}],"author":[{"embeddable":true,"href":"https:\/\/www.camminodonbosco.eu\/es\/wp-json\/wp\/v2\/users\/1"}],"replies":[{"embeddable":true,"href":"https:\/\/www.camminodonbosco.eu\/es\/wp-json\/wp\/v2\/comments?post=5312"}],"version-history":[{"count":0,"href":"https:\/\/www.camminodonbosco.eu\/es\/wp-json\/wp\/v2\/pages\/5312\/revisions"}],"wp:attachment":[{"href":"https:\/\/www.camminodonbosco.eu\/es\/wp-json\/wp\/v2\/media?parent=5312"}],"curies":[{"name":"wp","href":"https:\/\/api.w.org\/{rel}","templated":true}]}}