{"id":5314,"date":"2022-07-08T11:01:35","date_gmt":"2022-07-08T09:01:35","guid":{"rendered":"https:\/\/www.camminodonbosco.eu\/pino-torinese\/"},"modified":"2024-01-04T19:03:52","modified_gmt":"2024-01-04T18:03:52","slug":"pino-torinese","status":"publish","type":"page","link":"https:\/\/www.camminodonbosco.eu\/es\/pino-torinese\/","title":{"rendered":"Pino Torinese"},"content":{"rendered":"\n<p><strong>Pino Torinese<\/strong> est\u00e1 a 11 km de Tur\u00edn y cuenta con aproximadamente 8,400 habitantes, distribuidos entre el centro urbano y varias aldeas (Cento Croci, Monte Aman, San Felice, Strada dei Colli-Panoramica, Tetti Gilardi, Tetti Menzio, Tetti Miglioretti y Valle Ceppi). La localidad principal se encuentra entre la colina de Montosolo y la colina <strong>llamada<\/strong> <em><strong>Bric della Torre rotonda<\/strong><\/em>, que alberga el Observatorio Astron\u00f3mico y el Museo Infini-To. En la colina de Montosolo, sol\u00eda haber un castillo, que ahora se reduce a los restos de una torre cuadrada.  <\/p>\n\n<p>El primer n\u00facleo habitado se remonta al III-IV siglo d.C., y las primeras menciones documentadas datan de 996, haciendo referencia a una capilla atendida por monjes nonantolesi y una casa fortificada en la colina de Montosolo. Esta \u00faltima fue fortificada por los Saboya alrededor de 1250, y a su alrededor comenz\u00f3 a crecer el pueblo. Al igual que los centros cercanos, Pino experiment\u00f3 un per\u00edodo dif\u00edcil debido a las guerras contra los franceses y las epidemias de peste, hasta su sometimiento definitivo a los Saboya. Desde entonces, ha seguido la historia de Tur\u00edn, inicialmente consolidando una econom\u00eda predominantemente agr\u00edcola, enriquecida por los \u00ab<em><strong>vigne<\/strong><\/em>\u00bb de verano de las familias nobles. Luego desarroll\u00f3 una apreciada vocaci\u00f3n residencial, conservando valores paisaj\u00edsticos particulares. Parte del territorio est\u00e1 incluido en el <strong>Parque Natural de la Colina de Tur\u00edn<\/strong>. Adem\u00e1s, el territorio ha sido reconocido desde 2016 como un \u00e1rea de inter\u00e9s por parte de la <strong>UNESCO MAB<\/strong>.      <\/p>\n\n<div style=\"height:30px\" aria-hidden=\"true\" class=\"wp-block-spacer\"><\/div>\n\n<h2 class=\"wp-block-heading\">Lugares de inter\u00e9s:<\/h2>\n\n<p>La <strong>Iglesia Parroquial de la Sant\u00edsima Anunciaci\u00f3n<\/strong> (alrededor de 1250), ubicada en una de las zonas m\u00e1s altas de Pino Torinese (en el atrio hay un cipr\u00e9s centenario y una vista panor\u00e1mica excepcional), y el <strong>Monasterio de los Carmelitas<\/strong>, son ejemplos sugerentes del barroco piamont\u00e9s.<\/p>\n\n<p>Gestionada por los Carmelitas desde 1490 hasta la supresi\u00f3n napole\u00f3nica en 1802, la iglesia, en su arquitectura actual junto con el convento, data de la segunda mitad del siglo XVII. En su interior, se encuentra un coro de madera del siglo XVI y una gran cantidad de estuco realizado por las mismas manos que trabajaron en el Palacio Real de Venaria. El \u00f3rgano Vegezzi Bossi data de 1858.<\/p>\n\n<p>La <strong>Torre de Montosolo<\/strong> en la localidad de Torre Pino, donde se construy\u00f3 el n\u00facleo m\u00e1s antiguo de la actual Pino Torinese. De origen medieval, se encuentra en una posici\u00f3n estrat\u00e9gica (militar, comercial y pol\u00edtica) entre Tur\u00edn y Chieri. Construida sobre una roca de forma cuadrada, la parte inferior est\u00e1 hecha de bloques de piedra, y el resto est\u00e1 construido con ladrillos grandes.  <\/p>\n\n<p>El <strong>Castelvecchio<\/strong>, una construcci\u00f3n cuadrada y s\u00f3lida, cuya fachada, simplemente decorada con una cornisa sostenida por m\u00e9nsulas, no tiene almenas y las esquinas tienen garitas o miradores, m\u00e1s por ornamentaci\u00f3n que por defensa. En su interior, en la planta baja, hay una sala de estilo neo-medioeval. Los frescos de la escalera son originales y datan de finales del siglo XVII y principios del XVIII. Un pasaje cubierto conecta el \u00abcastillo\u00bb con los coros de la capilla que se asoma a la calle S. Felice, que est\u00e1 decorada con pinturas barrocas.   <\/p>\n\n<p><strong>Parque Astron\u00f3mico Infini-TO<\/strong><\/p>\n\n<p>(Tel. 011 8118740 <a rel=\"noreferrer noopener\" href=\"http:\/\/www.planetarioditorino.it\/\" target=\"_blank\">www.planetarioditorino.it<\/a> \u2013 <a href=\"mailto:info@planetarioditorino.it\">info@planetarioditorino.it<\/a>).  <\/p>\n\n<p>Situado en la Colina de la Torre Rotonda a 620 msnm, el <strong>Planetario de Tur\u00edn<\/strong> y el <strong>Museo de Astronom\u00eda y Espacio<\/strong> se encuentran junto al <strong>Observatorio Astron\u00f3mico<\/strong>, que originalmente estaba ubicado en el centro de Tur\u00edn y luego se traslad\u00f3 a Pino Torinese entre 1907 y 1912. El planetario est\u00e1 dentro del museo y tiene 98 asientos. Utilizando t\u00e9cnicas de exposici\u00f3n modernas basadas en la interactividad, ofrece al p\u00fablico el conocimiento m\u00e1s avanzado sobre el Universo. Adem\u00e1s de la colecci\u00f3n del museo, es posible asistir a espect\u00e1culos en el planetario digital, seguir visitas guiadas, participar en recorridos educativos y realizar experimentos cient\u00edficos en talleres.   <\/p>\n\n<p><strong>Museo de las Contadinerie y la cultura material<\/strong><\/p>\n\n<p>(Piazzale Boglione, Valle Ceppi &#8211; Tel 333 2743291 <a href=\"about:blank\">muscovol@gmail.com<\/a>)<\/p>\n\n<p>El Museo asume la rotaci\u00f3n de las estaciones agr\u00edcolas como criterio expositivo, recopilando, restaurando y ambientando objetos que pertenecen a la vida cotidiana de la peque\u00f1a historia local. Es gestionado por el Forum del Voluntariado \u2013 Sportello Scuola Volontariato. <\/p>\n\n<p>Cerca del Museo se encuentra la <strong>Iglesia de la Beata Virgen de las Gracias<\/strong>, erigida en 1630 en agradecimiento por la inmunidad a la peste. En su interior se conserva un valioso retablo de 1752. <\/p>\n","protected":false},"excerpt":{"rendered":"<p>Pino Torinese est\u00e1 a 11 km de Tur\u00edn y cuenta con aproximadamente 8,400 habitantes, distribuidos entre el centro urbano y varias aldeas (Cento Croci, Monte Aman, San Felice, Strada dei Colli-Panoramica, Tetti Gilardi, Tetti Menzio, Tetti Miglioretti y Valle Ceppi). La localidad principal se encuentra entre la colina de Montosolo y la colina llamada Bric [&hellip;]<\/p>\n","protected":false},"author":1,"featured_media":0,"parent":0,"menu_order":0,"comment_status":"closed","ping_status":"closed","template":"","meta":{"footnotes":""},"class_list":["post-5314","page","type-page","status-publish","hentry"],"_links":{"self":[{"href":"https:\/\/www.camminodonbosco.eu\/es\/wp-json\/wp\/v2\/pages\/5314","targetHints":{"allow":["GET"]}}],"collection":[{"href":"https:\/\/www.camminodonbosco.eu\/es\/wp-json\/wp\/v2\/pages"}],"about":[{"href":"https:\/\/www.camminodonbosco.eu\/es\/wp-json\/wp\/v2\/types\/page"}],"author":[{"embeddable":true,"href":"https:\/\/www.camminodonbosco.eu\/es\/wp-json\/wp\/v2\/users\/1"}],"replies":[{"embeddable":true,"href":"https:\/\/www.camminodonbosco.eu\/es\/wp-json\/wp\/v2\/comments?post=5314"}],"version-history":[{"count":0,"href":"https:\/\/www.camminodonbosco.eu\/es\/wp-json\/wp\/v2\/pages\/5314\/revisions"}],"wp:attachment":[{"href":"https:\/\/www.camminodonbosco.eu\/es\/wp-json\/wp\/v2\/media?parent=5314"}],"curies":[{"name":"wp","href":"https:\/\/api.w.org\/{rel}","templated":true}]}}