{"id":5318,"date":"2022-07-08T11:03:05","date_gmt":"2022-07-08T09:03:05","guid":{"rendered":"https:\/\/www.camminodonbosco.eu\/riva-presso-chieri\/"},"modified":"2024-01-04T19:09:27","modified_gmt":"2024-01-04T18:09:27","slug":"riva-presso-chieri","status":"publish","type":"page","link":"https:\/\/www.camminodonbosco.eu\/es\/riva-presso-chieri\/","title":{"rendered":"Riva presso Chieri"},"content":{"rendered":"\n<p><strong>Riva presso Chieri<\/strong> cuenta con aproximadamente 4,800 habitantes y est\u00e1 a 22 km de Tur\u00edn.<\/p>\n\n<p>Fue propiedad de los Biandrate desde 1152, y en los siglos siguientes sigui\u00f3 la historia del Municipio de Chieri, del cual fue adquirida en 1223. Pas\u00f3 al dominio saboyano a fines del siglo XIV, luego fue adquirida por el Conde Grosso di Bruzolo y fue incendiada por los franceses en 1691; con la extinci\u00f3n de los Grosso, en 1785 fue destinada a Vittorio Emanuele Duque de Aosta. <\/p>\n\n<div style=\"height:30px\" aria-hidden=\"true\" class=\"wp-block-spacer\"><\/div>\n\n<h2 class=\"wp-block-heading\">Lugares de inter\u00e9s:<\/h2>\n\n<p>La <strong>Iglesia parroquial de la Virgen Mar\u00eda Asunta<\/strong>, ampliada en 1760 seg\u00fan el proyecto de Bernardo Vittone, el <strong>Santuario de la Madonna della Fontana<\/strong> (1777) y el <strong>Palazzo Grosso<\/strong>, construido en el siglo XVIII por los Condes Grosso di Brozolo, que alberga valiosos frescos del siglo XVIII y que ha sido la sede de la administraci\u00f3n municipal desde 1855.<\/p>\n\n<p>El <strong>Museo C\u00edvico del Paisaje Sonoro<\/strong>, en el hist\u00f3rico Palazzo Grosso, que alberga una colecci\u00f3n \u00fanica y extraordinaria de instrumentos de la tradici\u00f3n popular de la regi\u00f3n, un patrimonio de sonidos, melod\u00edas, historias, memoria y conocimiento de la cultura material e inmaterial (INFO Tel 011 5211788 \u2013 <a href=\"mailto:info@museopaesaggiosonoro.it\" target=\"_blank\" rel=\"noreferrer noopener\">info@museopaesaggiosonoro.it<\/a>)<\/p>\n","protected":false},"excerpt":{"rendered":"<p>Riva presso Chieri cuenta con aproximadamente 4,800 habitantes y est\u00e1 a 22 km de Tur\u00edn. Fue propiedad de los Biandrate desde 1152, y en los siglos siguientes sigui\u00f3 la historia del Municipio de Chieri, del cual fue adquirida en 1223. Pas\u00f3 al dominio saboyano a fines del siglo XIV, luego fue adquirida por el Conde [&hellip;]<\/p>\n","protected":false},"author":1,"featured_media":0,"parent":0,"menu_order":0,"comment_status":"closed","ping_status":"closed","template":"","meta":{"footnotes":""},"class_list":["post-5318","page","type-page","status-publish","hentry"],"_links":{"self":[{"href":"https:\/\/www.camminodonbosco.eu\/es\/wp-json\/wp\/v2\/pages\/5318","targetHints":{"allow":["GET"]}}],"collection":[{"href":"https:\/\/www.camminodonbosco.eu\/es\/wp-json\/wp\/v2\/pages"}],"about":[{"href":"https:\/\/www.camminodonbosco.eu\/es\/wp-json\/wp\/v2\/types\/page"}],"author":[{"embeddable":true,"href":"https:\/\/www.camminodonbosco.eu\/es\/wp-json\/wp\/v2\/users\/1"}],"replies":[{"embeddable":true,"href":"https:\/\/www.camminodonbosco.eu\/es\/wp-json\/wp\/v2\/comments?post=5318"}],"version-history":[{"count":0,"href":"https:\/\/www.camminodonbosco.eu\/es\/wp-json\/wp\/v2\/pages\/5318\/revisions"}],"wp:attachment":[{"href":"https:\/\/www.camminodonbosco.eu\/es\/wp-json\/wp\/v2\/media?parent=5318"}],"curies":[{"name":"wp","href":"https:\/\/api.w.org\/{rel}","templated":true}]}}