{"id":5322,"date":"2022-07-08T11:03:33","date_gmt":"2022-07-08T09:03:33","guid":{"rendered":"https:\/\/www.camminodonbosco.eu\/santena\/"},"modified":"2024-01-04T19:11:21","modified_gmt":"2024-01-04T18:11:21","slug":"santena","status":"publish","type":"page","link":"https:\/\/www.camminodonbosco.eu\/es\/santena\/","title":{"rendered":"Santena"},"content":{"rendered":"\n<p><strong>Santena<\/strong> cuenta con aproximadamente 10,500 habitantes y est\u00e1 a 22 km de Tur\u00edn. Es un asentamiento de origen antiguo, como lo demuestran los hallazgos de los primeros siglos de la era cristiana. Fue objeto de largas disputas entre los can\u00f3nigos de San Salvatore de Tur\u00edn y el Municipio de Chieri, pas\u00f3 a manos de los Saboya en 1351 y luego sufri\u00f3 saqueos por parte de los franceses, as\u00ed como plagas y hambrunas, para luego volver a manos de la Casa de Savoia. <\/p>\n\n<div style=\"height:30px\" aria-hidden=\"true\" class=\"wp-block-spacer\"><\/div>\n\n<h2 class=\"wp-block-heading\">Lugares de inter\u00e9s:<\/h2>\n\n<p>El <strong>Complejo Cavouriano<\/strong>, que incluye la residencia de los Marqueses Benso di Cavour, rica en recuerdos hist\u00f3ricos, bibliotecas, archivos y muebles (siglo XVIII), el <strong>parque<\/strong> estilo ingl\u00e9s y la capilla que alberga la <strong>tumba del gran estadista Camillo Cavour<\/strong>, construida en 1861. El antiguo <strong>Castillo de San Salva<\/strong> (siglo XIII), de planta cuadrada con tres peque\u00f1as torres, que se alza en una colina.<\/p>\n\n<p>El <strong>Memorial Cavour<\/strong> (museo dedicado al estadista piamont\u00e9s y a la historia del Resurgimiento) \u2013 Piazza Visconti Venosta n.2<\/p>\n\n<p>Tel 011 597373 e-mail <a href=\"mailto:info@fondazionecavour.it\">info@fondazionecavour.it<\/a><\/p>\n","protected":false},"excerpt":{"rendered":"<p>Santena cuenta con aproximadamente 10,500 habitantes y est\u00e1 a 22 km de Tur\u00edn. Es un asentamiento de origen antiguo, como lo demuestran los hallazgos de los primeros siglos de la era cristiana. Fue objeto de largas disputas entre los can\u00f3nigos de San Salvatore de Tur\u00edn y el Municipio de Chieri, pas\u00f3 a manos de los [&hellip;]<\/p>\n","protected":false},"author":1,"featured_media":0,"parent":0,"menu_order":0,"comment_status":"closed","ping_status":"closed","template":"","meta":{"footnotes":""},"class_list":["post-5322","page","type-page","status-publish","hentry"],"_links":{"self":[{"href":"https:\/\/www.camminodonbosco.eu\/es\/wp-json\/wp\/v2\/pages\/5322","targetHints":{"allow":["GET"]}}],"collection":[{"href":"https:\/\/www.camminodonbosco.eu\/es\/wp-json\/wp\/v2\/pages"}],"about":[{"href":"https:\/\/www.camminodonbosco.eu\/es\/wp-json\/wp\/v2\/types\/page"}],"author":[{"embeddable":true,"href":"https:\/\/www.camminodonbosco.eu\/es\/wp-json\/wp\/v2\/users\/1"}],"replies":[{"embeddable":true,"href":"https:\/\/www.camminodonbosco.eu\/es\/wp-json\/wp\/v2\/comments?post=5322"}],"version-history":[{"count":0,"href":"https:\/\/www.camminodonbosco.eu\/es\/wp-json\/wp\/v2\/pages\/5322\/revisions"}],"wp:attachment":[{"href":"https:\/\/www.camminodonbosco.eu\/es\/wp-json\/wp\/v2\/media?parent=5322"}],"curies":[{"name":"wp","href":"https:\/\/api.w.org\/{rel}","templated":true}]}}