{"id":5324,"date":"2022-07-08T11:04:07","date_gmt":"2022-07-08T09:04:07","guid":{"rendered":"https:\/\/www.camminodonbosco.eu\/sciolze\/"},"modified":"2024-01-04T19:16:05","modified_gmt":"2024-01-04T18:16:05","slug":"sciolze","status":"publish","type":"page","link":"https:\/\/www.camminodonbosco.eu\/es\/sciolze\/","title":{"rendered":"Sciolze"},"content":{"rendered":"\n<p><strong>Sciolze<\/strong> cuenta con aproximadamente 1,500 habitantes y se encuentra a 23 km de Tur\u00edn. El nombre parece derivar del gentilicio latino \u00ab<em>Sulcius<\/em>\u00ab. Las primeras evidencias de asentamientos humanos en el territorio monta\u00f1oso de Sciolze, como armas de piedra, hachas, puntas de flecha, datan del <strong>Neol\u00edtico tard\u00edo<\/strong>. Fue habitado en la <strong>\u00e9poca romana<\/strong>, como lo demuestran los hallazgos arqueol\u00f3gicos en la regi\u00f3n de Castellaro. Donado antes del a\u00f1o 1000 a la Abad\u00eda de Nonantola, el territorio en 1034 fue cedido a los Condes de Biandrate, como lo demuestran documentos conservados en la Canonica di Vezzolano. En la \u00e9poca medieval, el pueblo se encontraba en la <strong>colina de Fagnour<\/strong>. En el siglo XIII se convirti\u00f3 en parte del libre Comune di Chieri. En 1312, el feudo de Sciolze pas\u00f3 a manos de los Condes Roero de Asti, mientras que en 1631 fue cedido al Ducado de Saboya. En 1706, Sciolze fue <strong>saqueada y parcialmente destruida por el ej\u00e9rcito franc\u00e9s<\/strong>, con destrucci\u00f3n del campanario. En 1814, al final del r\u00e9gimen napole\u00f3nico, se convirti\u00f3 en la capital del mandamento que inclu\u00eda Avuglione, Bardassano, Cinzano, Marentino, Montaldo y Vernone.        <\/p>\n\n<p>En 1856 se estableci\u00f3 una feria anual el primer mi\u00e9rcoles de junio, que luego se traslad\u00f3 en 1864 al d\u00eda siguiente de la Fiesta de San Rocco, el 17 de agosto, fecha que se ha mantenido hasta hoy.<\/p>\n\n<p>Durante el siglo XIX, Sciolze se convirti\u00f3 en un apreciado lugar de descanso para muchas familias adineradas de Tur\u00edn.<\/p>\n\n<div style=\"height:30px\" aria-hidden=\"true\" class=\"wp-block-spacer\"><\/div>\n\n<h2 class=\"wp-block-heading\">Lugares de inter\u00e9s:<\/h2>\n\n<p>El pueblo de Sciolze est\u00e1 dominado por una colina en la que en la \u00e9poca medieval se encontraba el <strong>Castillo de San Severino<\/strong> (anteriormente utilizado como lugar de ejecuci\u00f3n de sentencias capitales), del cual solo quedan algunos restos de las murallas, ahora transformado en una residencia se\u00f1orial.<\/p>\n\n<p>La antigua <strong>Iglesia parroquial de San Juan Bautista<\/strong>, que data del siglo XV, y que fue remodelada hasta 1774, a\u00f1o de su consagraci\u00f3n. En su interior, se encuentra el altar mayor de piedra de Gassino, cuatro esculturas de madera del siglo XVIII y una pintura que representa el Bautismo de Jes\u00fas. Cerca de la parroquia se encuentra la <strong>Iglesia de la Hermandad del Esp\u00edritu Santo<\/strong>, construida alrededor de 1630.<\/p>\n\n<p>Desde la cima del <strong>Colle di Fagnour<\/strong> (480 m sobre el nivel del mar), a poca distancia del pueblo en direcci\u00f3n a Bardassano, se puede disfrutar de una <strong>espl\u00e9ndida vista panor\u00e1mica<\/strong> de 360\u00b0 que incluye el Monte Rosa, el Cervino, el Gran Paradiso, el Rocciamelone, el Monviso, hasta los Alpes Ligures y la primera parte de los Apeninos. En la cima de la colina se encuentra la <strong>Capilla de Santa Luc\u00eda<\/strong>, que en el pasado se llamaba Santa Mar\u00eda y que fue la antigua parroquia de Sciolze hasta el siglo XV (con un cementerio adyacente). En el interior de la iglesia se conserva la <strong>hist\u00f3rica piedra con inscripciones<\/strong> que originalmente se encontraba en el atrio de la misma.<\/p>\n\n<p>Un poco m\u00e1s all\u00e1 del Colle Fagnour se encuentra el <strong>Palazzo<\/strong>, una hist\u00f3rica residencia r\u00fastica que data de la segunda mitad del siglo XVII, con una hermosa sala de frescos, una bodega del siglo XVII y un jard\u00edn que lo hace conocido como el lugar de las rosas (<a href=\"https:\/\/www.villailpalazzo.com\/\" data-type=\"URL\" data-id=\"https:\/\/www.villailpalazzo.com\/\" target=\"_blank\" rel=\"noreferrer noopener\">www.villailpalazzo.com<\/a>).<\/p>\n","protected":false},"excerpt":{"rendered":"<p>Sciolze cuenta con aproximadamente 1,500 habitantes y se encuentra a 23 km de Tur\u00edn. El nombre parece derivar del gentilicio latino \u00abSulcius\u00ab. Las primeras evidencias de asentamientos humanos en el territorio monta\u00f1oso de Sciolze, como armas de piedra, hachas, puntas de flecha, datan del Neol\u00edtico tard\u00edo. Fue habitado en la \u00e9poca romana, como lo demuestran [&hellip;]<\/p>\n","protected":false},"author":1,"featured_media":0,"parent":0,"menu_order":0,"comment_status":"closed","ping_status":"closed","template":"","meta":{"footnotes":""},"class_list":["post-5324","page","type-page","status-publish","hentry"],"_links":{"self":[{"href":"https:\/\/www.camminodonbosco.eu\/es\/wp-json\/wp\/v2\/pages\/5324","targetHints":{"allow":["GET"]}}],"collection":[{"href":"https:\/\/www.camminodonbosco.eu\/es\/wp-json\/wp\/v2\/pages"}],"about":[{"href":"https:\/\/www.camminodonbosco.eu\/es\/wp-json\/wp\/v2\/types\/page"}],"author":[{"embeddable":true,"href":"https:\/\/www.camminodonbosco.eu\/es\/wp-json\/wp\/v2\/users\/1"}],"replies":[{"embeddable":true,"href":"https:\/\/www.camminodonbosco.eu\/es\/wp-json\/wp\/v2\/comments?post=5324"}],"version-history":[{"count":0,"href":"https:\/\/www.camminodonbosco.eu\/es\/wp-json\/wp\/v2\/pages\/5324\/revisions"}],"wp:attachment":[{"href":"https:\/\/www.camminodonbosco.eu\/es\/wp-json\/wp\/v2\/media?parent=5324"}],"curies":[{"name":"wp","href":"https:\/\/api.w.org\/{rel}","templated":true}]}}