{"id":5326,"date":"2023-09-08T18:12:14","date_gmt":"2023-09-08T16:12:14","guid":{"rendered":"https:\/\/www.camminodonbosco.eu\/trofarello\/"},"modified":"2024-02-26T11:58:16","modified_gmt":"2024-02-26T10:58:16","slug":"trofarello","status":"publish","type":"page","link":"https:\/\/www.camminodonbosco.eu\/es\/trofarello\/","title":{"rendered":"Trofarello"},"content":{"rendered":"\n<p>Los registros medievales mencionan a Trofarellus, con variantes como Troffarellus, Trufarellus, Tropharellus, que probablemente derivan de la palabra \u00abtruffare\u00bb que significa enga\u00f1ar o estafar. El nombre est\u00e1 en la categor\u00eda de nombres de lugares que se refieren a actividades fraudulentas o bandidas, a menudo favorecidas por la ubicaci\u00f3n aislada del asentamiento. Sus or\u00edgenes son muy antiguos, como lo demuestran los hallazgos del <a href=\"http:\/\/www.italiapedia.it\/neolitica_appr_2894_comune-di-trofarello_001-280\">Neol\u00edtico<\/a>, broches de bronce del siglo II a.C., as\u00ed como objetos funerarios y restos de murallas que testimonian la presencia romana en la zona.   Hacia fines del siglo X, pas\u00f3 a formar parte del territorio arduinico, pero con el ascenso al poder de los obispos, fue donado al obispo de Tur\u00edn. Durante mucho tiempo estuvo bajo el condado de Celle, en el siglo XIII fue feudo de los Vagnone, quienes se sometieron al municipio de Chieri, recibiendo su investidura. <\/p>\n\n<div style=\"height:30px\" aria-hidden=\"true\" class=\"wp-block-spacer\"><\/div>\n\n<h2 class=\"wp-block-heading\">Lugares de inter\u00e9s:<\/h2>\n\n<p>De gran inter\u00e9s hist\u00f3rico es el <strong>castillo<\/strong>, construido probablemente en el siglo X en una colina que todav\u00eda hoy se llama Castass (castillaccio); en el siglo XVIII, fue transformado en una residencia noble, y de \u00e9l solo queda intacta la torre. En el siglo XIX, parte del castillo perteneci\u00f3 al <a href=\"http:\/\/www.italiapedia.it\/conte-camillo-benso-di-cavour_appr_2878_comune-di-trofarello_001-280\">conde Camillo Benso di Cavour<\/a>, quien realiz\u00f3 algunos cambios, como la adici\u00f3n del parque.  En el edificio principal se encuentra la capilla de San Rocco, de la segunda mitad del siglo XVIII, seg\u00fan algunos, dise\u00f1ada por <a href=\"http:\/\/www.italiapedia.it\/juvarra_appr_2759_comune-di-trofarello_001-280\">Juvarra<\/a>.<\/p>\n\n<p>Tambi\u00e9n vale la pena mencionar la antigua <strong>parroquia de los Santos Quirico y Julita<\/strong>, construida en 1907 sobre las ruinas de una antigua iglesia de los monjes agustinos, as\u00ed como la <strong>Iglesia de la Santa Cruz<\/strong> (1679) y la peque\u00f1a <strong>Iglesia de San Giuseppe<\/strong>, tambi\u00e9n construida a principios del siglo XVIII. Otros edificios dignos de menci\u00f3n se encuentran en la antigua tierra de Celle: el <strong>castello de Rivera<\/strong>, construido a principios del siglo XIV por orden del municipio de Chieri, los restos de la antigua Pieve de San Pietro de Celle y el <strong>Santuario de la Madonna di Celle del siglo XVIII,<\/strong>con su hermoso campanario rom\u00e1nico en cuyas paredes est\u00e1 grabada la Cruz Taumata, similar a la letra Tau griega.<\/p>\n","protected":false},"excerpt":{"rendered":"<p>Los registros medievales mencionan a Trofarellus, con variantes como Troffarellus, Trufarellus, Tropharellus, que probablemente derivan de la palabra \u00abtruffare\u00bb que significa enga\u00f1ar o estafar. El nombre est\u00e1 en la categor\u00eda de nombres de lugares que se refieren a actividades fraudulentas o bandidas, a menudo favorecidas por la ubicaci\u00f3n aislada del asentamiento. Sus or\u00edgenes son muy [&hellip;]<\/p>\n","protected":false},"author":1,"featured_media":0,"parent":0,"menu_order":0,"comment_status":"closed","ping_status":"closed","template":"","meta":{"footnotes":""},"class_list":["post-5326","page","type-page","status-publish","hentry"],"_links":{"self":[{"href":"https:\/\/www.camminodonbosco.eu\/es\/wp-json\/wp\/v2\/pages\/5326","targetHints":{"allow":["GET"]}}],"collection":[{"href":"https:\/\/www.camminodonbosco.eu\/es\/wp-json\/wp\/v2\/pages"}],"about":[{"href":"https:\/\/www.camminodonbosco.eu\/es\/wp-json\/wp\/v2\/types\/page"}],"author":[{"embeddable":true,"href":"https:\/\/www.camminodonbosco.eu\/es\/wp-json\/wp\/v2\/users\/1"}],"replies":[{"embeddable":true,"href":"https:\/\/www.camminodonbosco.eu\/es\/wp-json\/wp\/v2\/comments?post=5326"}],"version-history":[{"count":0,"href":"https:\/\/www.camminodonbosco.eu\/es\/wp-json\/wp\/v2\/pages\/5326\/revisions"}],"wp:attachment":[{"href":"https:\/\/www.camminodonbosco.eu\/es\/wp-json\/wp\/v2\/media?parent=5326"}],"curies":[{"name":"wp","href":"https:\/\/api.w.org\/{rel}","templated":true}]}}