{"id":5328,"date":"2022-07-14T16:05:37","date_gmt":"2022-07-14T14:05:37","guid":{"rendered":"https:\/\/www.camminodonbosco.eu\/albugnano\/"},"modified":"2024-02-25T17:09:46","modified_gmt":"2024-02-25T16:09:46","slug":"albugnano","status":"publish","type":"page","link":"https:\/\/www.camminodonbosco.eu\/es\/albugnano\/","title":{"rendered":"Albugnano"},"content":{"rendered":"\n<p><strong>Albugnano<\/strong> cuenta con m\u00e1s de 530 habitantes y est\u00e1 a 34 km de Tur\u00edn. El pueblo fue fortificado por los Marqueses del Monferrato, pero sus murallas, destruidas por los franceses, no dejan rastro. La historia del municipio se entrelaz\u00f3 estrechamente con la de la Canonica di Vezzolano, que ten\u00eda derechos sobre el territorio, gradualmente cedidos a varios se\u00f1ores feudales. Pas\u00f3 a manos de los Saboya en el siglo XVII, y el pueblo se convirti\u00f3 en feudo de los can\u00f3nigos hasta 1800, a\u00f1o en que Napole\u00f3n Bonaparte suprimi\u00f3 las entidades religiosas.<\/p>\n\n<div style=\"height:30px\" aria-hidden=\"true\" class=\"wp-block-spacer\"><\/div>\n\n<h2 class=\"wp-block-heading\">Lugares de inter\u00e9s:<\/h2>\n\n<p>La <strong>Canonica di Vezzolano<\/strong>, un complejo religioso de estilo rom\u00e1nico con elementos g\u00f3ticos, es uno de los monumentos medievales m\u00e1s importantes de Piamonte. Com\u00fanmente conocida como la <strong>Abad\u00eda de Vezzolano<\/strong>, aunque al menos en la segunda parte de su historia fue una <em>canonica<\/em>, donde miembros del clero secular, no monjes, llevaban una vida comunitaria. Fue construida entre los siglos XII y XIII y posteriormente remodelada. La <strong>fachada<\/strong> tiene tres \u00f3rdenes de columnas diferentes: los dos primeros coronados por dinteles y el \u00faltimo por arquitos. En el t\u00edmpano del portal, hay una escultura que representa a la Virgen en un trono entre un \u00e1ngel y un devoto, mientras que en correspondencia con el ventanal en el segundo orden de columnas, podemos admirar al Redentor entre dos \u00e1ngeles. La <strong>decoraci\u00f3n escult\u00f3rica<\/strong> contiene aut\u00e9nticas obras maestras, como las <strong>figuras de la Anunciaci\u00f3n<\/strong> a ambos lados de la ventana central del \u00e1bside. El elemento escult\u00f3rico m\u00e1s destacado es el <strong>grande jub\u00e9<\/strong>, un tramezzo decorado con esculturas en relieve, que en la nave central separaba el \u00e1rea destinada al clero de la de los fieles simples. En la <strong>decoraci\u00f3n pict\u00f3rica del claustro<\/strong>, son particularmente interesantes la <em>Virgen en un trono con el Ni\u00f1o<\/em>, la <em>Adoraci\u00f3n de los Reyes Magos<\/em> y el <em>Contraste entre tres vivos y tres muertos<\/em>.<\/p>\n\n<p>Los servicios de apertura y recepci\u00f3n a los visitantes de la Canonica di Vezzolano son proporcionados por voluntarios de la Rete Romanica di Collina (Asociaci\u00f3n InCollina).<\/p>\n\n<p>La <strong>Iglesia de<\/strong> <strong>S. Giacomo Maggiore<\/strong> (siglo XV), que conserva lienzos de Guglielmo Caccia, tambi\u00e9n conocido como el Moncalvo, y un retablo de los Solari. En el cementerio se encuentra la antigua iglesia rom\u00e1nica de S. Pietro.<\/p>\n\n<p><\/p>\n","protected":false},"excerpt":{"rendered":"<p>Albugnano cuenta con m\u00e1s de 530 habitantes y est\u00e1 a 34 km de Tur\u00edn. El pueblo fue fortificado por los Marqueses del Monferrato, pero sus murallas, destruidas por los franceses, no dejan rastro. La historia del municipio se entrelaz\u00f3 estrechamente con la de la Canonica di Vezzolano, que ten\u00eda derechos sobre el territorio, gradualmente cedidos [&hellip;]<\/p>\n","protected":false},"author":1,"featured_media":0,"parent":0,"menu_order":0,"comment_status":"closed","ping_status":"closed","template":"","meta":{"footnotes":""},"class_list":["post-5328","page","type-page","status-publish","hentry"],"_links":{"self":[{"href":"https:\/\/www.camminodonbosco.eu\/es\/wp-json\/wp\/v2\/pages\/5328","targetHints":{"allow":["GET"]}}],"collection":[{"href":"https:\/\/www.camminodonbosco.eu\/es\/wp-json\/wp\/v2\/pages"}],"about":[{"href":"https:\/\/www.camminodonbosco.eu\/es\/wp-json\/wp\/v2\/types\/page"}],"author":[{"embeddable":true,"href":"https:\/\/www.camminodonbosco.eu\/es\/wp-json\/wp\/v2\/users\/1"}],"replies":[{"embeddable":true,"href":"https:\/\/www.camminodonbosco.eu\/es\/wp-json\/wp\/v2\/comments?post=5328"}],"version-history":[{"count":0,"href":"https:\/\/www.camminodonbosco.eu\/es\/wp-json\/wp\/v2\/pages\/5328\/revisions"}],"wp:attachment":[{"href":"https:\/\/www.camminodonbosco.eu\/es\/wp-json\/wp\/v2\/media?parent=5328"}],"curies":[{"name":"wp","href":"https:\/\/api.w.org\/{rel}","templated":true}]}}