{"id":5336,"date":"2022-07-08T10:55:42","date_gmt":"2022-07-08T08:55:42","guid":{"rendered":"https:\/\/www.camminodonbosco.eu\/baldissero-torinese\/"},"modified":"2024-01-04T20:01:51","modified_gmt":"2024-01-04T19:01:51","slug":"baldissero-torinese","status":"publish","type":"page","link":"https:\/\/www.camminodonbosco.eu\/es\/baldissero-torinese\/","title":{"rendered":"Baldissero Torinese"},"content":{"rendered":"\n<p><strong>Baldissero Torinese<\/strong> tiene m\u00e1s de 3.700 habitantes y est\u00e1 a 14 km de Tur\u00edn.<\/p>\n\n<p>El primer asentamiento, de origen remoto, se remonta al actual <em><strong>Bric Paluch<\/strong><\/em>, anteriormente llamado <em>Malloch<\/em> y luego <em>Albacherio<\/em> o <em>Alba Cherii<\/em>. En la Edad Media, fue dominado por la Orden de San Leonardo, destruido y sus habitantes se dispersaron hacia Superga, Rivodora y el actual centro hist\u00f3rico, donde se construy\u00f3 un castillo cuya ubicaci\u00f3n corresponde a la actual Iglesia de S. Maria della Spina. En el feudo, que antes estaba subordinado a Chieri y se convirti\u00f3 en un municipio libre en 1694, se sucedieron las dinast\u00edas de Benso y los Condes Fontanella.  <\/p>\n\n<p>Hoy en d\u00eda, el pueblo est\u00e1 formado por varias aldeas con su propia capilla (San Quirico, San Giuliano, San Grato, Toetto y Rivodora) y numerosos otros asentamientos llamados <strong>\u00abTetti\u00bb<\/strong> (Barbasso, Berruto, Chiapasso, Coggiola, Collo, Colombaro, Ghirone, None, Pietraforata, Piola, Ronchi y Valentino), originados por la dispersi\u00f3n de la poblaci\u00f3n original en la zona de Bric Paluch, creando comunidades socioecon\u00f3micas independientes.<\/p>\n\n<div style=\"height:30px\" aria-hidden=\"true\" class=\"wp-block-spacer\"><\/div>\n\n<h2 class=\"wp-block-heading\">Lugares de inter\u00e9s:<\/h2>\n\n<p>La <strong>Iglesia parroquial de S. Maria della Spina<\/strong>, un sugestivo ejemplo del barroco piamont\u00e9s de planta octogonal, construida a partir de 1717, donde antes se encontraba un antiguo castillo, por deseo de los Condes Fontanella de Baldissero. Alberga dos obras destacadas de 1660, un crucifijo de madera y un retablo que representa a S. Domenico y S. Chiara a los pies de la Virgen con el Ni\u00f1o. Destaca el \u00f3rgano con 636 ca\u00f1ones en el coro (1851). <\/p>\n\n<p>La <strong>Capilla del Toetto<\/strong> del siglo XVII, dedicada a la Beata Virgen de las Gracias, con un techo decorado con frescos del siglo XIX.<\/p>\n\n<p>El <strong>antiguo Pozo de la Comunidad<\/strong>, con forma de reloj de arena y una estructura exterior similar a un dosel; con m\u00e1s de 42 metros de profundidad, fue la \u00fanica fuente de suministro de agua para el centro hist\u00f3rico de Baldissero hasta 1959.<\/p>\n\n<p>La <strong>Fuente de San Genesio<\/strong>, una fuente de agua clara y fresca cerca del cementerio de Rivodora.<\/p>\n","protected":false},"excerpt":{"rendered":"<p>Baldissero Torinese tiene m\u00e1s de 3.700 habitantes y est\u00e1 a 14 km de Tur\u00edn. El primer asentamiento, de origen remoto, se remonta al actual Bric Paluch, anteriormente llamado Malloch y luego Albacherio o Alba Cherii. En la Edad Media, fue dominado por la Orden de San Leonardo, destruido y sus habitantes se dispersaron hacia Superga, [&hellip;]<\/p>\n","protected":false},"author":1,"featured_media":0,"parent":0,"menu_order":0,"comment_status":"closed","ping_status":"closed","template":"","meta":{"footnotes":""},"class_list":["post-5336","page","type-page","status-publish","hentry"],"_links":{"self":[{"href":"https:\/\/www.camminodonbosco.eu\/es\/wp-json\/wp\/v2\/pages\/5336","targetHints":{"allow":["GET"]}}],"collection":[{"href":"https:\/\/www.camminodonbosco.eu\/es\/wp-json\/wp\/v2\/pages"}],"about":[{"href":"https:\/\/www.camminodonbosco.eu\/es\/wp-json\/wp\/v2\/types\/page"}],"author":[{"embeddable":true,"href":"https:\/\/www.camminodonbosco.eu\/es\/wp-json\/wp\/v2\/users\/1"}],"replies":[{"embeddable":true,"href":"https:\/\/www.camminodonbosco.eu\/es\/wp-json\/wp\/v2\/comments?post=5336"}],"version-history":[{"count":0,"href":"https:\/\/www.camminodonbosco.eu\/es\/wp-json\/wp\/v2\/pages\/5336\/revisions"}],"wp:attachment":[{"href":"https:\/\/www.camminodonbosco.eu\/es\/wp-json\/wp\/v2\/media?parent=5336"}],"curies":[{"name":"wp","href":"https:\/\/api.w.org\/{rel}","templated":true}]}}