{"id":5338,"date":"2022-07-14T16:06:44","date_gmt":"2022-07-14T14:06:44","guid":{"rendered":"https:\/\/www.camminodonbosco.eu\/bardassano\/"},"modified":"2024-01-04T19:45:34","modified_gmt":"2024-01-04T18:45:34","slug":"bardassano","status":"publish","type":"page","link":"https:\/\/www.camminodonbosco.eu\/es\/bardassano\/","title":{"rendered":"Bardassano"},"content":{"rendered":"\n<p><strong>Bardassano<\/strong> es una aldea de Gassino T.se que est\u00e1 a 21 km de Tur\u00edn y cuenta con aproximadamente 50 habitantes. El <strong>Castillo de Bardassano<\/strong>, una imponente fortaleza del siglo XI magn\u00edficamente conservada, alberg\u00f3 brevemente a Federico Barbarroja despu\u00e9s del asedio de Chieri en 1156, y domina un pueblo tranquilo, sin tr\u00e1fico, con bares y tiendas <\/p>\n","protected":false},"excerpt":{"rendered":"<p>Bardassano es una aldea de Gassino T.se que est\u00e1 a 21 km de Tur\u00edn y cuenta con aproximadamente 50 habitantes. El Castillo de Bardassano, una imponente fortaleza del siglo XI magn\u00edficamente conservada, alberg\u00f3 brevemente a Federico Barbarroja despu\u00e9s del asedio de Chieri en 1156, y domina un pueblo tranquilo, sin tr\u00e1fico, con bares y tiendas<\/p>\n","protected":false},"author":1,"featured_media":0,"parent":0,"menu_order":0,"comment_status":"closed","ping_status":"closed","template":"","meta":{"footnotes":""},"class_list":["post-5338","page","type-page","status-publish","hentry"],"_links":{"self":[{"href":"https:\/\/www.camminodonbosco.eu\/es\/wp-json\/wp\/v2\/pages\/5338","targetHints":{"allow":["GET"]}}],"collection":[{"href":"https:\/\/www.camminodonbosco.eu\/es\/wp-json\/wp\/v2\/pages"}],"about":[{"href":"https:\/\/www.camminodonbosco.eu\/es\/wp-json\/wp\/v2\/types\/page"}],"author":[{"embeddable":true,"href":"https:\/\/www.camminodonbosco.eu\/es\/wp-json\/wp\/v2\/users\/1"}],"replies":[{"embeddable":true,"href":"https:\/\/www.camminodonbosco.eu\/es\/wp-json\/wp\/v2\/comments?post=5338"}],"version-history":[{"count":0,"href":"https:\/\/www.camminodonbosco.eu\/es\/wp-json\/wp\/v2\/pages\/5338\/revisions"}],"wp:attachment":[{"href":"https:\/\/www.camminodonbosco.eu\/es\/wp-json\/wp\/v2\/media?parent=5338"}],"curies":[{"name":"wp","href":"https:\/\/api.w.org\/{rel}","templated":true}]}}