{"id":5342,"date":"2022-07-14T16:07:14","date_gmt":"2022-07-14T14:07:14","guid":{"rendered":"https:\/\/www.camminodonbosco.eu\/buttigliera-dasti\/"},"modified":"2024-01-04T19:47:00","modified_gmt":"2024-01-04T18:47:00","slug":"buttigliera-dasti","status":"publish","type":"page","link":"https:\/\/www.camminodonbosco.eu\/es\/buttigliera-dasti\/","title":{"rendered":"Buttigliera d\u2019Asti"},"content":{"rendered":"\n<p><strong>Buttigliera d&#8217;Asti<\/strong> tiene m\u00e1s de 2.600 habitantes y est\u00e1 a 29 km de Tur\u00edn.<\/p>\n\n<p>En 1263, el Municipio de Asti arrebat\u00f3 el Castillo de Mercuriolo a los Biandrate y cre\u00f3 un asentamiento llamado \u00ab<em>Butiglaria<\/em>\u00bb cerca del castillo.<\/p>\n\n<div style=\"height:30px\" aria-hidden=\"true\" class=\"wp-block-spacer\"><\/div>\n\n<h2 class=\"wp-block-heading\">Lugares de inter\u00e9s:<\/h2>\n\n<p>La <strong>Iglesia rom\u00e1nica de S. Martino<\/strong>, ubicada en el cementerio y documentada desde 1034, antigua parroquia del pueblo de Mercuriolo. Su fachada es del siglo XIX, en estilo que imita el rom\u00e1nico, pero en el interior a\u00fan se conservan rastros de frescos del siglo XV. <\/p>\n\n<p>La parroquia de <strong>S. Biagio<\/strong> (primera mitad del siglo XVIII), la <strong>Iglesia de la Confraternidad de S. Michele<\/strong> (1578), obra del famoso arquitecto turin\u00e9s Bernardo Antonio Vittone, y el Palacio de los <strong>Condes Frejlino di Buttigliera<\/strong>, que en el siglo XVIII ten\u00eda uno de los jardines bot\u00e1nicos m\u00e1s importantes de Piamonte.<\/p>\n","protected":false},"excerpt":{"rendered":"<p>Buttigliera d&#8217;Asti tiene m\u00e1s de 2.600 habitantes y est\u00e1 a 29 km de Tur\u00edn. En 1263, el Municipio de Asti arrebat\u00f3 el Castillo de Mercuriolo a los Biandrate y cre\u00f3 un asentamiento llamado \u00abButiglaria\u00bb cerca del castillo. Lugares de inter\u00e9s: La Iglesia rom\u00e1nica de S. Martino, ubicada en el cementerio y documentada desde 1034, antigua [&hellip;]<\/p>\n","protected":false},"author":1,"featured_media":0,"parent":0,"menu_order":0,"comment_status":"closed","ping_status":"closed","template":"","meta":{"footnotes":""},"class_list":["post-5342","page","type-page","status-publish","hentry"],"_links":{"self":[{"href":"https:\/\/www.camminodonbosco.eu\/es\/wp-json\/wp\/v2\/pages\/5342","targetHints":{"allow":["GET"]}}],"collection":[{"href":"https:\/\/www.camminodonbosco.eu\/es\/wp-json\/wp\/v2\/pages"}],"about":[{"href":"https:\/\/www.camminodonbosco.eu\/es\/wp-json\/wp\/v2\/types\/page"}],"author":[{"embeddable":true,"href":"https:\/\/www.camminodonbosco.eu\/es\/wp-json\/wp\/v2\/users\/1"}],"replies":[{"embeddable":true,"href":"https:\/\/www.camminodonbosco.eu\/es\/wp-json\/wp\/v2\/comments?post=5342"}],"version-history":[{"count":0,"href":"https:\/\/www.camminodonbosco.eu\/es\/wp-json\/wp\/v2\/pages\/5342\/revisions"}],"wp:attachment":[{"href":"https:\/\/www.camminodonbosco.eu\/es\/wp-json\/wp\/v2\/media?parent=5342"}],"curies":[{"name":"wp","href":"https:\/\/api.w.org\/{rel}","templated":true}]}}