{"id":5344,"date":"2023-11-12T18:42:50","date_gmt":"2023-11-12T17:42:50","guid":{"rendered":"https:\/\/www.camminodonbosco.eu\/capriglio\/"},"modified":"2024-02-24T17:19:40","modified_gmt":"2024-02-24T16:19:40","slug":"capriglio","status":"publish","type":"page","link":"https:\/\/www.camminodonbosco.eu\/es\/capriglio\/","title":{"rendered":"Capriglio"},"content":{"rendered":"\n<p>\u00c1rea habitada en la \u00e9poca romana, con las primeras referencias hist\u00f3ricas que se remontan a 1153, cuando era parte del Condado de Cocconato. A partir de 1500, perteneci\u00f3 a los Saboya, con cambios de varios se\u00f1ores feudales. Capriglio ten\u00eda un castillo, destruido entre los siglos XV y XVI, cuyos s\u00f3tanos todav\u00eda se extienden por todo el centro del pueblo.   <\/p>\n\n<p>Capriglio es el lugar de nacimiento de Margherita Occhiena, conocida como Mamma Margherita, madre de San Juan Bosco: en la aldea de Cecca se encuentra la casa donde naci\u00f3 el 1 de abril de 1788 (hoy en d\u00eda propiedad privada), mientras que cerca del ayuntamiento se puede visitar el Museo Mamma Margherita, dedicado a su figura.<\/p>\n\n<h2 class=\"wp-block-heading\">Lugares de inter\u00e9s:<\/h2>\n\n<p>La Iglesia parroquial de la Natividad de la Virgen Mar\u00eda, que data probablemente del siglo XVI, aunque solo hay registros documentales a partir de 1656. Fue ampliamente remodelada y agrandada de manera inusual a mediados del siglo XIX, con un altar de estuco de 1759, obra de Cristofaro Solaro, maestro de Como. <\/p>\n\n<p>En el ayuntamiento y en algunas otras propiedades privadas se conservan techos de yeso, que son testimonio de una t\u00e9cnica de construcci\u00f3n t\u00edpica de la zona en los siglos XVII-XVIII. <\/p>\n\n<p>Tambi\u00e9n se destacan dos fuentes de manantial (Fonte Bacolla y Fonte Carabina) y el Sitio Paleontol\u00f3gico, que data del per\u00edodo del Plioceno de Asti.<\/p>\n\n<p>Desde el punto de vista productivo, Capriglio es conocido por la variedad \u00abPeperone di Capriglio\u00bb, un producto Slow Food.<\/p>\n","protected":false},"excerpt":{"rendered":"<p>\u00c1rea habitada en la \u00e9poca romana, con las primeras referencias hist\u00f3ricas que se remontan a 1153, cuando era parte del Condado de Cocconato. A partir de 1500, perteneci\u00f3 a los Saboya, con cambios de varios se\u00f1ores feudales. Capriglio ten\u00eda un castillo, destruido entre los siglos XV y XVI, cuyos s\u00f3tanos todav\u00eda se extienden por todo [&hellip;]<\/p>\n","protected":false},"author":1,"featured_media":0,"parent":0,"menu_order":0,"comment_status":"closed","ping_status":"closed","template":"","meta":{"footnotes":""},"class_list":["post-5344","page","type-page","status-publish","hentry"],"_links":{"self":[{"href":"https:\/\/www.camminodonbosco.eu\/es\/wp-json\/wp\/v2\/pages\/5344","targetHints":{"allow":["GET"]}}],"collection":[{"href":"https:\/\/www.camminodonbosco.eu\/es\/wp-json\/wp\/v2\/pages"}],"about":[{"href":"https:\/\/www.camminodonbosco.eu\/es\/wp-json\/wp\/v2\/types\/page"}],"author":[{"embeddable":true,"href":"https:\/\/www.camminodonbosco.eu\/es\/wp-json\/wp\/v2\/users\/1"}],"replies":[{"embeddable":true,"href":"https:\/\/www.camminodonbosco.eu\/es\/wp-json\/wp\/v2\/comments?post=5344"}],"version-history":[{"count":0,"href":"https:\/\/www.camminodonbosco.eu\/es\/wp-json\/wp\/v2\/pages\/5344\/revisions"}],"wp:attachment":[{"href":"https:\/\/www.camminodonbosco.eu\/es\/wp-json\/wp\/v2\/media?parent=5344"}],"curies":[{"name":"wp","href":"https:\/\/api.w.org\/{rel}","templated":true}]}}