{"id":5346,"date":"2022-07-14T16:07:41","date_gmt":"2022-07-14T14:07:41","guid":{"rendered":"https:\/\/www.camminodonbosco.eu\/castelnuovo-don-bosco\/"},"modified":"2024-02-24T17:22:47","modified_gmt":"2024-02-24T16:22:47","slug":"castelnuovo-don-bosco","status":"publish","type":"page","link":"https:\/\/www.camminodonbosco.eu\/es\/castelnuovo-don-bosco\/","title":{"rendered":"Castelnuovo Don Bosco"},"content":{"rendered":"\n<p><strong>Castelnuovo Don Bosco<\/strong> (anteriormente Castelnuovo d&#8217;Asti), que cuenta con m\u00e1s de 3.200 habitantes y est\u00e1 a 28 km de Tur\u00edn, debe su nombre a un edificio fortificado que data del a\u00f1o mil, del cual solo queda una torre renovada, alrededor de la cual se encuentra el centro hist\u00f3rico.<\/p>\n\n<p><strong>Mondonio San Domenico Savio<\/strong> (con 150 habitantes, a 34 km de Tur\u00edn) es una aldea de Castelnuovo dominada por el <strong>castillo medieval de Rivalba<\/strong>, con una hermosa plaza con una iglesia parroquial barroca. Este pintoresco pueblo fue el hogar de San Domenico Savio, quien vivi\u00f3 y muri\u00f3 aqu\u00ed debido al c\u00f3lera en la casa-museo en la entrada del pueblo: la biblioteca est\u00e1 dedicada a \u00e9l y alberga objetos hist\u00f3ricos, y se encuentra cerca del antiguo horno comunal de 1746. <\/p>\n\n<p><strong>Colle Don Bosco<\/strong> (con 3.276 habitantes, a 35 km de Tur\u00edn). La colina de los Becchi alberga el complejo de edificios del <strong>Santuario Salesiano<\/strong> y un centro de formaci\u00f3n. La Bas\u00edlica, que incluye la   <strong>Iglesia Superior<\/strong> &#8211; revestida internamente en madera &#8211; y la <strong>Iglesia Inferior<\/strong>, est\u00e1 precedida por una gran plaza que est\u00e1 rodeada por la iglesia neog\u00f3tica de Mar\u00eda Auxiliadora, la casa donde vivi\u00f3 el Santo, el museo de la vida rural y el museo etnogr\u00e1fico y de las misiones salesianas, con m\u00e1s de siete mil objetos. Destacan en la Iglesia Superior el \u00f3rgano mec\u00e1nico con 36 registros reales y 3.328 ca\u00f1ones, y la estatua de Cristo resucitado en madera de tilo de Ortisei, tallada en un solo tronco. En la Iglesia Inferior, el \u00f3rgano cuenta con 31 registros reales y 2.500 ca\u00f1ones.  <\/p>\n","protected":false},"excerpt":{"rendered":"<p>Castelnuovo Don Bosco (anteriormente Castelnuovo d&#8217;Asti), que cuenta con m\u00e1s de 3.200 habitantes y est\u00e1 a 28 km de Tur\u00edn, debe su nombre a un edificio fortificado que data del a\u00f1o mil, del cual solo queda una torre renovada, alrededor de la cual se encuentra el centro hist\u00f3rico. Mondonio San Domenico Savio (con 150 habitantes, [&hellip;]<\/p>\n","protected":false},"author":1,"featured_media":0,"parent":0,"menu_order":0,"comment_status":"closed","ping_status":"closed","template":"","meta":{"footnotes":""},"class_list":["post-5346","page","type-page","status-publish","hentry"],"_links":{"self":[{"href":"https:\/\/www.camminodonbosco.eu\/es\/wp-json\/wp\/v2\/pages\/5346","targetHints":{"allow":["GET"]}}],"collection":[{"href":"https:\/\/www.camminodonbosco.eu\/es\/wp-json\/wp\/v2\/pages"}],"about":[{"href":"https:\/\/www.camminodonbosco.eu\/es\/wp-json\/wp\/v2\/types\/page"}],"author":[{"embeddable":true,"href":"https:\/\/www.camminodonbosco.eu\/es\/wp-json\/wp\/v2\/users\/1"}],"replies":[{"embeddable":true,"href":"https:\/\/www.camminodonbosco.eu\/es\/wp-json\/wp\/v2\/comments?post=5346"}],"version-history":[{"count":0,"href":"https:\/\/www.camminodonbosco.eu\/es\/wp-json\/wp\/v2\/pages\/5346\/revisions"}],"wp:attachment":[{"href":"https:\/\/www.camminodonbosco.eu\/es\/wp-json\/wp\/v2\/media?parent=5346"}],"curies":[{"name":"wp","href":"https:\/\/api.w.org\/{rel}","templated":true}]}}