{"id":5348,"date":"2022-07-18T13:32:40","date_gmt":"2022-07-18T11:32:40","guid":{"rendered":"https:\/\/www.camminodonbosco.eu\/mombello-di-torino\/"},"modified":"2024-01-04T19:51:37","modified_gmt":"2024-01-04T18:51:37","slug":"mombello-di-torino","status":"publish","type":"page","link":"https:\/\/www.camminodonbosco.eu\/es\/mombello-di-torino\/","title":{"rendered":"Mombello di Torino"},"content":{"rendered":"\n<p><strong>Mombello di Torino<\/strong> cuenta con aproximadamente 400 habitantes y est\u00e1 a 27 km de Tur\u00edn. El asentamiento est\u00e1 documentado desde el siglo XII, anteriormente conocido como Monte della Frasca. Pas\u00f3 de los Marqueses de Monferrato a la Rep\u00fablica de Chieri en el siglo XIII y luego al dominio de los Saboya un siglo despu\u00e9s. Posteriormente, y hasta finales del siglo XVIII, varios se\u00f1ores feudales se sucedieron.   <\/p>\n\n<div style=\"height:20px\" aria-hidden=\"true\" class=\"wp-block-spacer\"><\/div>\n\n<h2 class=\"wp-block-heading\">Lugares de inter\u00e9s:<\/h2>\n\n<p>La <strong>iglesia parroquial<\/strong> en el centro hist\u00f3rico, rico en casas se\u00f1oriales bien conservadas y restauradas, dedicada a San Juan Bautista, con una alta torre con reloj. La Capilla rom\u00e1nica de San Lorenzo, en el l\u00edmite con la aldea de Barbaso de Moncucco T.se.<\/p>\n","protected":false},"excerpt":{"rendered":"<p>Mombello di Torino cuenta con aproximadamente 400 habitantes y est\u00e1 a 27 km de Tur\u00edn. El asentamiento est\u00e1 documentado desde el siglo XII, anteriormente conocido como Monte della Frasca. Pas\u00f3 de los Marqueses de Monferrato a la Rep\u00fablica de Chieri en el siglo XIII y luego al dominio de los Saboya un siglo despu\u00e9s. Posteriormente, [&hellip;]<\/p>\n","protected":false},"author":1,"featured_media":0,"parent":0,"menu_order":0,"comment_status":"closed","ping_status":"closed","template":"","meta":{"footnotes":""},"class_list":["post-5348","page","type-page","status-publish","hentry"],"_links":{"self":[{"href":"https:\/\/www.camminodonbosco.eu\/es\/wp-json\/wp\/v2\/pages\/5348","targetHints":{"allow":["GET"]}}],"collection":[{"href":"https:\/\/www.camminodonbosco.eu\/es\/wp-json\/wp\/v2\/pages"}],"about":[{"href":"https:\/\/www.camminodonbosco.eu\/es\/wp-json\/wp\/v2\/types\/page"}],"author":[{"embeddable":true,"href":"https:\/\/www.camminodonbosco.eu\/es\/wp-json\/wp\/v2\/users\/1"}],"replies":[{"embeddable":true,"href":"https:\/\/www.camminodonbosco.eu\/es\/wp-json\/wp\/v2\/comments?post=5348"}],"version-history":[{"count":0,"href":"https:\/\/www.camminodonbosco.eu\/es\/wp-json\/wp\/v2\/pages\/5348\/revisions"}],"wp:attachment":[{"href":"https:\/\/www.camminodonbosco.eu\/es\/wp-json\/wp\/v2\/media?parent=5348"}],"curies":[{"name":"wp","href":"https:\/\/api.w.org\/{rel}","templated":true}]}}