{"id":5350,"date":"2022-07-14T16:08:40","date_gmt":"2022-07-14T14:08:40","guid":{"rendered":"https:\/\/www.camminodonbosco.eu\/moncucco-torinese\/"},"modified":"2024-01-04T19:52:44","modified_gmt":"2024-01-04T18:52:44","slug":"moncucco-torinese","status":"publish","type":"page","link":"https:\/\/www.camminodonbosco.eu\/es\/moncucco-torinese\/","title":{"rendered":"Moncucco Torinese"},"content":{"rendered":"\n<p><strong>Moncucco Torinese<\/strong> est\u00e1 a 31 km de Tur\u00edn y cuenta con m\u00e1s de 850 habitantes. El asentamiento se desarroll\u00f3 en la Edad Media, con la presencia de 3 castillos (Moncucco, Pogliano y Vergnano). Perteneci\u00f3 al Marquesado de Monferrato, luego pas\u00f3 a la Casa de Saboya y luego a varios se\u00f1ores feudales. <\/p>\n\n<div style=\"height:30px\" aria-hidden=\"true\" class=\"wp-block-spacer\"><\/div>\n\n<h2 class=\"wp-block-heading\">Lugares de inter\u00e9s:<\/h2>\n\n<p>El <strong>Castillo<\/strong>, el \u00fanico que ha sobrevivido, es una majestuosa fortaleza rodeada por imponentes murallas, que data de los siglos XIV-XV con expansiones posteriores. Destacan las dos torres: una sobresale de uno de los lados, mientras que la segunda, en el centro del edificio, conecta las dos partes del castillo.  Ofrece unas magn\u00edficas vistas, desde las colinas de Monferrato hasta las de Tur\u00edn, Superga y los Alpes. El castillo alberga el <strong>Museo de los techos de yeso<\/strong>.<\/p>\n\n<p>Los servicios de apertura y acogida a los visitantes del Museo son proporcionados por voluntarios de la Rete Romanica di Collina (Asociaci\u00f3n InCollina).<\/p>\n","protected":false},"excerpt":{"rendered":"<p>Moncucco Torinese est\u00e1 a 31 km de Tur\u00edn y cuenta con m\u00e1s de 850 habitantes. El asentamiento se desarroll\u00f3 en la Edad Media, con la presencia de 3 castillos (Moncucco, Pogliano y Vergnano). Perteneci\u00f3 al Marquesado de Monferrato, luego pas\u00f3 a la Casa de Saboya y luego a varios se\u00f1ores feudales. Lugares de inter\u00e9s: El [&hellip;]<\/p>\n","protected":false},"author":1,"featured_media":0,"parent":0,"menu_order":0,"comment_status":"closed","ping_status":"closed","template":"","meta":{"footnotes":""},"class_list":["post-5350","page","type-page","status-publish","hentry"],"_links":{"self":[{"href":"https:\/\/www.camminodonbosco.eu\/es\/wp-json\/wp\/v2\/pages\/5350","targetHints":{"allow":["GET"]}}],"collection":[{"href":"https:\/\/www.camminodonbosco.eu\/es\/wp-json\/wp\/v2\/pages"}],"about":[{"href":"https:\/\/www.camminodonbosco.eu\/es\/wp-json\/wp\/v2\/types\/page"}],"author":[{"embeddable":true,"href":"https:\/\/www.camminodonbosco.eu\/es\/wp-json\/wp\/v2\/users\/1"}],"replies":[{"embeddable":true,"href":"https:\/\/www.camminodonbosco.eu\/es\/wp-json\/wp\/v2\/comments?post=5350"}],"version-history":[{"count":0,"href":"https:\/\/www.camminodonbosco.eu\/es\/wp-json\/wp\/v2\/pages\/5350\/revisions"}],"wp:attachment":[{"href":"https:\/\/www.camminodonbosco.eu\/es\/wp-json\/wp\/v2\/media?parent=5350"}],"curies":[{"name":"wp","href":"https:\/\/api.w.org\/{rel}","templated":true}]}}