{"id":5352,"date":"2022-07-08T10:58:35","date_gmt":"2022-07-08T08:58:35","guid":{"rendered":"https:\/\/www.camminodonbosco.eu\/montaldo-torinese\/"},"modified":"2024-01-04T19:55:31","modified_gmt":"2024-01-04T18:55:31","slug":"montaldo-torinese","status":"publish","type":"page","link":"https:\/\/www.camminodonbosco.eu\/es\/montaldo-torinese\/","title":{"rendered":"Montaldo Torinese"},"content":{"rendered":"\n<p><strong>Montaldo Torinese<\/strong> cuenta con aproximadamente 750 habitantes y est\u00e1 a 24 km de Tur\u00edn.<\/p>\n\n<p>La memoria m\u00e1s antigua de Montaldo se remonta a 1159, cuando Federico Barbarroja otorg\u00f3 la localidad al Obispo de Tur\u00edn. En 1394, el l\u00edder mercenario Facino Cane se apoder\u00f3 del pueblo despu\u00e9s de saqueos. Posteriormente, se someti\u00f3 a la autoridad de varios se\u00f1ores feudales.  <\/p>\n\n<div style=\"height:30px\" aria-hidden=\"true\" class=\"wp-block-spacer\"><\/div>\n\n<h2 class=\"wp-block-heading\">Lugares de inter\u00e9s:<\/h2>\n\n<p>El <strong>Castillo<\/strong>, fundado presumiblemente entre 1011 y 1038 por Landolfo, Obispo de Tur\u00edn, se complet\u00f3 alrededor de 1080 por sus sucesores. Su estructura medieval consist\u00eda en dos alas en forma de \u00abL\u00bb, a las que se a\u00f1adieron las primeras murallas defensivas y las torres. En los siglos XVI y XVII, se construy\u00f3 el ala hacia el sur y comenz\u00f3 la transformaci\u00f3n de las fachadas. Desde 1861 hasta 1987, el castillo alberg\u00f3 a los Padres Barnabitas del Real Colegio Carlo Alberto de Moncalieri, y actualmente es un hotel con un centro de bienestar.   <\/p>\n\n<p>La <strong>iglesia parroquial<\/strong> del siglo XVIII dedicada a los <strong>Santi Vittore y Corona<\/strong> completa y embellece el centro hist\u00f3rico del pueblo.<\/p>\n\n<p>La <strong>Capilla del Cementerio<\/strong> es la iglesia m\u00e1s antigua de la zona y el n\u00facleo original de Montaldo. Fue construida junto al actual cementerio y reconstruida en 1741. Destaca su planta: una parte cuadrada para los fieles y una parte circular, que incluye el \u00e1bside, para el sacerdote celebrante. <\/p>\n\n<p>El <strong>Pozo de Napole\u00f3n<\/strong>. La historia cuenta que este pozo, que nunca se secaba, incluso en \u00e9pocas de sequ\u00eda, se remonta a junio de 1800, cuando las tropas de Napole\u00f3n acamparon aqu\u00ed antes de la batalla de Marengo. Algunos soldados, afectados por neumon\u00eda, se curaron despu\u00e9s de beber su agua, que tambi\u00e9n se utiliz\u00f3 por sus propiedades diur\u00e9ticas. Este sitio est\u00e1 incluido en un proyecto de ruta cicl\u00edstica y peatonal que se construir\u00e1 pr\u00f3ximamente: el Camino Napole\u00f3nico.   <\/p>\n\n<p>El <strong>roble de Barbarossa<\/strong>. En <strong>Bric Andio<\/strong>, justo encima del cementerio actual y en la frontera con Andezeno, hay un gran roble plantado en 1800 como referencia para los viajeros que se dirig\u00edan a Montaldo. En este lugar, en 1158, tuvo lugar una <strong>batalla<\/strong> en la que particip\u00f3 Federico Barbarroja (Waiblingen, alrededor de 1122 &#8211; Saleph, 10 de junio de 1190), Emperador del Sacro Imperio Romano Germ\u00e1nico y Rey de Italia. La leyenda cuenta que un <strong>tesoro<\/strong> todav\u00eda deber\u00eda estar oculto en la colina, cerca del roble, guardado en un recipiente de barro que contiene monedas de oro.   <\/p>\n","protected":false},"excerpt":{"rendered":"<p>Montaldo Torinese cuenta con aproximadamente 750 habitantes y est\u00e1 a 24 km de Tur\u00edn. La memoria m\u00e1s antigua de Montaldo se remonta a 1159, cuando Federico Barbarroja otorg\u00f3 la localidad al Obispo de Tur\u00edn. En 1394, el l\u00edder mercenario Facino Cane se apoder\u00f3 del pueblo despu\u00e9s de saqueos. Posteriormente, se someti\u00f3 a la autoridad de [&hellip;]<\/p>\n","protected":false},"author":1,"featured_media":0,"parent":0,"menu_order":0,"comment_status":"closed","ping_status":"closed","template":"","meta":{"footnotes":""},"class_list":["post-5352","page","type-page","status-publish","hentry"],"_links":{"self":[{"href":"https:\/\/www.camminodonbosco.eu\/es\/wp-json\/wp\/v2\/pages\/5352","targetHints":{"allow":["GET"]}}],"collection":[{"href":"https:\/\/www.camminodonbosco.eu\/es\/wp-json\/wp\/v2\/pages"}],"about":[{"href":"https:\/\/www.camminodonbosco.eu\/es\/wp-json\/wp\/v2\/types\/page"}],"author":[{"embeddable":true,"href":"https:\/\/www.camminodonbosco.eu\/es\/wp-json\/wp\/v2\/users\/1"}],"replies":[{"embeddable":true,"href":"https:\/\/www.camminodonbosco.eu\/es\/wp-json\/wp\/v2\/comments?post=5352"}],"version-history":[{"count":0,"href":"https:\/\/www.camminodonbosco.eu\/es\/wp-json\/wp\/v2\/pages\/5352\/revisions"}],"wp:attachment":[{"href":"https:\/\/www.camminodonbosco.eu\/es\/wp-json\/wp\/v2\/media?parent=5352"}],"curies":[{"name":"wp","href":"https:\/\/api.w.org\/{rel}","templated":true}]}}