{"id":5354,"date":"2023-11-12T18:45:10","date_gmt":"2023-11-12T17:45:10","guid":{"rendered":"https:\/\/www.camminodonbosco.eu\/pino-dasti\/"},"modified":"2024-02-24T17:51:21","modified_gmt":"2024-02-24T16:51:21","slug":"pino-dasti","status":"publish","type":"page","link":"https:\/\/www.camminodonbosco.eu\/es\/pino-dasti\/","title":{"rendered":"Pino d&#8217;Asti"},"content":{"rendered":"\n<p>Anteriormente conocido como Pino di <a href=\"https:\/\/it.wikipedia.org\/wiki\/Castelnuovo_Don_Bosco\">Castelnuovo<\/a> debido a su cercan\u00eda con este \u00faltimo, Pino d&#8217;Asti ha estado incluido en el condado de <a href=\"https:\/\/it.wikipedia.org\/wiki\/Monferrato\">Monferrato<\/a> desde la <a href=\"https:\/\/it.wikipedia.org\/wiki\/Alto_Medioevo\">Alta Edad Media<\/a>. Fue feudo de los Se\u00f1ores de Cocconato durante m\u00e1s de tres siglos, hasta 1770, y desde entonces varias casas se sucedieron, como los condes <a href=\"https:\/\/it.wikipedia.org\/w\/index.php?title=Freylino&amp;action=edit&amp;redlink=1\">Freylino<\/a> de Pino y Buttigliera, se\u00f1ores de Aramengo, y los <a href=\"https:\/\/it.wikipedia.org\/wiki\/Scozia\">Scozia<\/a>, quienes compartieron igualmente los derechos feudales. De los Scozia, el castillo pas\u00f3 por herencia a los Viani d&#8217;Ovrano y finalmente a los de Rege di Donato.<\/p>\n\n<div style=\"height:30px\" aria-hidden=\"true\" class=\"wp-block-spacer\"><\/div>\n\n<h2 class=\"wp-block-heading\">Lugares de inter\u00e9s:<\/h2>\n\n<p>El Castillo, ubicado en la cima de la colina, data de la \u00e9poca medieval (siglo XIII), pero fue completamente restaurado en los <a href=\"https:\/\/it.wikipedia.org\/wiki\/XVII_secolo\">siglos XVII<\/a>, XVIII y nuevamente en el <a href=\"https:\/\/it.wikipedia.org\/wiki\/XX_secolo\">siglo XX<\/a>, con el derrumbe de la majestuosa torre circular y recientemente enlucido.<\/p>\n\n<p>La Iglesia Parroquial de Nuestra Se\u00f1ora del Carmen, de estilo <a href=\"https:\/\/it.wikipedia.org\/wiki\/Neogotico\">neog\u00f3tico<\/a>, fue construida en <a href=\"https:\/\/it.wikipedia.org\/wiki\/1899\">1899<\/a> en el lugar donde se encontraba una iglesia antigua. Junto a ella se alza el elegante campanario <a href=\"https:\/\/it.wikipedia.org\/wiki\/Barocco\">barroco<\/a> de influencia vittoniana, con ladrillo en la parte superior sobre un basamento de material p\u00e9treo.<\/p>\n","protected":false},"excerpt":{"rendered":"<p>Anteriormente conocido como Pino di Castelnuovo debido a su cercan\u00eda con este \u00faltimo, Pino d&#8217;Asti ha estado incluido en el condado de Monferrato desde la Alta Edad Media. Fue feudo de los Se\u00f1ores de Cocconato durante m\u00e1s de tres siglos, hasta 1770, y desde entonces varias casas se sucedieron, como los condes Freylino de Pino [&hellip;]<\/p>\n","protected":false},"author":1,"featured_media":0,"parent":0,"menu_order":0,"comment_status":"closed","ping_status":"closed","template":"","meta":{"footnotes":""},"class_list":["post-5354","page","type-page","status-publish","hentry"],"_links":{"self":[{"href":"https:\/\/www.camminodonbosco.eu\/es\/wp-json\/wp\/v2\/pages\/5354","targetHints":{"allow":["GET"]}}],"collection":[{"href":"https:\/\/www.camminodonbosco.eu\/es\/wp-json\/wp\/v2\/pages"}],"about":[{"href":"https:\/\/www.camminodonbosco.eu\/es\/wp-json\/wp\/v2\/types\/page"}],"author":[{"embeddable":true,"href":"https:\/\/www.camminodonbosco.eu\/es\/wp-json\/wp\/v2\/users\/1"}],"replies":[{"embeddable":true,"href":"https:\/\/www.camminodonbosco.eu\/es\/wp-json\/wp\/v2\/comments?post=5354"}],"version-history":[{"count":0,"href":"https:\/\/www.camminodonbosco.eu\/es\/wp-json\/wp\/v2\/pages\/5354\/revisions"}],"wp:attachment":[{"href":"https:\/\/www.camminodonbosco.eu\/es\/wp-json\/wp\/v2\/media?parent=5354"}],"curies":[{"name":"wp","href":"https:\/\/api.w.org\/{rel}","templated":true}]}}