{"id":5394,"date":"2022-07-19T18:44:37","date_gmt":"2022-07-19T16:44:37","guid":{"rendered":"https:\/\/www.camminodonbosco.eu\/infopoint-para-excursionistas\/"},"modified":"2024-02-29T16:27:02","modified_gmt":"2024-02-29T15:27:02","slug":"infopoint-para-excursionistas","status":"publish","type":"page","link":"https:\/\/www.camminodonbosco.eu\/es\/infopoint-para-excursionistas\/","title":{"rendered":"INFOpoint para Excursionistas"},"content":{"rendered":"\t\t<div data-elementor-type=\"wp-page\" data-elementor-id=\"5394\" class=\"elementor elementor-5394 elementor-1947\" data-elementor-post-type=\"page\">\n\t\t\t\t\t\t<section class=\"elementor-section elementor-top-section elementor-element elementor-element-7a6d8b6 elementor-section-boxed elementor-section-height-default elementor-section-height-default\" data-id=\"7a6d8b6\" data-element_type=\"section\">\n\t\t\t\t\t\t<div class=\"elementor-container elementor-column-gap-default\">\n\t\t\t\t\t<div class=\"elementor-column elementor-col-100 elementor-top-column elementor-element elementor-element-394bfc78\" data-id=\"394bfc78\" data-element_type=\"column\">\n\t\t\t<div class=\"elementor-widget-wrap elementor-element-populated\">\n\t\t\t\t\t\t<div class=\"elementor-element elementor-element-30ba60c8 elementor-widget elementor-widget-text-editor\" data-id=\"30ba60c8\" data-element_type=\"widget\" data-widget_type=\"text-editor.default\">\n\t\t\t\t<div class=\"elementor-widget-container\">\n\t\t\t\t\t\t\t\t\t<p>La ASD Nordic Walking Andrate ha creado una serie de Puntos de Informaci\u00f3n para Excursionistas en los Senderos de las colinas de Tur\u00edn &#8211; Camino Don Bosco en establecimientos privados identificados con el logotipo<\/p><div style=\"height: 30px;\" aria-hidden=\"true\">\u00a0<\/div><figure><img decoding=\"async\" src=\"https:\/\/www.camminodonbosco.eu\/wp-content\/uploads\/2022\/07\/INFOpoint-escursionistico-scaled.jpg\" alt=\"\" \/><\/figure><div style=\"height: 30px;\" aria-hidden=\"true\">\u00a0<\/div><p>En los Puntos de Informaci\u00f3n, los excursionistas pueden comprar la Gu\u00eda del Camino de Don Bosco, solicitar mapas de los Anillos del Camino de Don Bosco y obtener informaci\u00f3n sobre los eventos organizados en la red de senderos. A partir de enero de 2024, ser\u00e1 posible recoger y sellar la Credencial del Camino Don Bosco en los INFOpoint.<\/p><p><!-- [if gte mso 9]><xml><br \/>\n <o:OfficeDocumentSettings><br \/>\n  <o:AllowPNG\/><br \/>\n <\/o:OfficeDocumentSettings><br \/>\n<\/xml><![endif]--><!-- [if gte mso 9]><xml><br \/>\n <w:WordDocument><br \/>\n  <w:View>Normal<\/w:View><br \/>\n  <w:Zoom>0<\/w:Zoom><br \/>\n  <w:TrackMoves\/><br \/>\n  <w:TrackFormatting\/><br \/>\n  <w:HyphenationZone>14<\/w:HyphenationZone><br \/>\n  <w:PunctuationKerning\/><br \/>\n  <w:ValidateAgainstSchemas\/><br \/>\n  <w:SaveIfXMLInvalid>false<\/w:SaveIfXMLInvalid><br \/>\n  <w:IgnoreMixedContent>false<\/w:IgnoreMixedContent><br \/>\n  <w:AlwaysShowPlaceholderText>false<\/w:AlwaysShowPlaceholderText><br \/>\n  <w:DoNotPromoteQF\/><br \/>\n  <w:LidThemeOther>IT<\/w:LidThemeOther><br \/>\n  <w:LidThemeAsian>X-NONE<\/w:LidThemeAsian><br \/>\n  <w:LidThemeComplexScript>X-NONE<\/w:LidThemeComplexScript><br \/>\n  <w:Compatibility><br \/>\n   <w:BreakWrappedTables\/><br \/>\n   <w:SnapToGridInCell\/><br \/>\n   <w:WrapTextWithPunct\/><br \/>\n   <w:UseAsianBreakRules\/><br \/>\n   <w:DontGrowAutofit\/><br \/>\n   <w:SplitPgBreakAndParaMark\/><br \/>\n   <w:EnableOpenTypeKerning\/><br \/>\n   <w:DontFlipMirrorIndents\/><br \/>\n   <w:OverrideTableStyleHps\/><br \/>\n  <\/w:Compatibility><br \/>\n  <m:mathPr><br \/>\n   <m:mathFont m:val=\"Cambria Math\"\/><br \/>\n   <m:brkBin m:val=\"before\"\/><br \/>\n   <m:brkBinSub m:val=\"&#45;-\"\/><br \/>\n   <m:smallFrac m:val=\"off\"\/><br \/>\n   <m:dispDef\/><br \/>\n   <m:lMargin m:val=\"0\"\/><br \/>\n   <m:rMargin m:val=\"0\"\/><br \/>\n   <m:defJc m:val=\"centerGroup\"\/><br \/>\n   <m:wrapIndent m:val=\"1440\"\/><br \/>\n   <m:intLim m:val=\"subSup\"\/><br \/>\n   <m:naryLim m:val=\"undOvr\"\/><br \/>\n  <\/m:mathPr><\/w:WordDocument><br \/>\n<\/xml><![endif]--><!-- [if gte mso 9]><xml><br \/>\n <w:LatentStyles DefLockedState=\"false\" DefUnhideWhenUsed=\"true\" DefSemiHidden=\"true\" DefQFormat=\"false\" DefPriority=\"99\" LatentStyleCount=\"267\"><br \/>\n  <w:LsdException Locked=\"false\" Priority=\"0\" SemiHidden=\"false\" UnhideWhenUsed=\"false\" QFormat=\"true\" Name=\"Normal\"\/><br \/>\n  <w:LsdException Locked=\"false\" Priority=\"9\" SemiHidden=\"false\" UnhideWhenUsed=\"false\" QFormat=\"true\" Name=\"heading 1\"\/><br \/>\n  <w:LsdException Locked=\"false\" Priority=\"9\" QFormat=\"true\" Name=\"heading 2\"\/><br \/>\n  <w:LsdException Locked=\"false\" Priority=\"9\" QFormat=\"true\" Name=\"heading 3\"\/><br \/>\n  <w:LsdException Locked=\"false\" Priority=\"9\" QFormat=\"true\" Name=\"heading 4\"\/><br \/>\n  <w:LsdException Locked=\"false\" Priority=\"9\" QFormat=\"true\" Name=\"heading 5\"\/><br \/>\n  <w:LsdException Locked=\"false\" Priority=\"9\" QFormat=\"true\" Name=\"heading 6\"\/><br \/>\n  <w:LsdException Locked=\"false\" Priority=\"9\" QFormat=\"true\" Name=\"heading 7\"\/><br \/>\n  <w:LsdException Locked=\"false\" Priority=\"9\" QFormat=\"true\" Name=\"heading 8\"\/><br \/>\n  <w:LsdException Locked=\"false\" Priority=\"9\" QFormat=\"true\" Name=\"heading 9\"\/><br \/>\n  <w:LsdException Locked=\"false\" Priority=\"39\" Name=\"toc 1\"\/><br \/>\n  <w:LsdException Locked=\"false\" Priority=\"39\" Name=\"toc 2\"\/><br \/>\n  <w:LsdException Locked=\"false\" Priority=\"39\" Name=\"toc 3\"\/><br \/>\n  <w:LsdException Locked=\"false\" Priority=\"39\" Name=\"toc 4\"\/><br \/>\n  <w:LsdException Locked=\"false\" Priority=\"39\" Name=\"toc 5\"\/><br \/>\n  <w:LsdException Locked=\"false\" Priority=\"39\" Name=\"toc 6\"\/><br \/>\n  <w:LsdException Locked=\"false\" Priority=\"39\" Name=\"toc 7\"\/><br \/>\n  <w:LsdException Locked=\"false\" Priority=\"39\" Name=\"toc 8\"\/><br \/>\n  <w:LsdException Locked=\"false\" Priority=\"39\" Name=\"toc 9\"\/><br \/>\n  <w:LsdException Locked=\"false\" Priority=\"35\" QFormat=\"true\" Name=\"caption\"\/><br \/>\n  <w:LsdException Locked=\"false\" Priority=\"10\" SemiHidden=\"false\" UnhideWhenUsed=\"false\" QFormat=\"true\" Name=\"Title\"\/><br \/>\n  <w:LsdException Locked=\"false\" Priority=\"1\" Name=\"Default Paragraph Font\"\/><br \/>\n  <w:LsdException Locked=\"false\" Priority=\"11\" SemiHidden=\"false\" UnhideWhenUsed=\"false\" QFormat=\"true\" Name=\"Subtitle\"\/><br \/>\n  <w:LsdException Locked=\"false\" Priority=\"22\" SemiHidden=\"false\" UnhideWhenUsed=\"false\" QFormat=\"true\" Name=\"Strong\"\/><br \/>\n  <w:LsdException Locked=\"false\" Priority=\"20\" SemiHidden=\"false\" UnhideWhenUsed=\"false\" QFormat=\"true\" Name=\"Emphasis\"\/><br \/>\n  <w:LsdException Locked=\"false\" Priority=\"59\" SemiHidden=\"false\" UnhideWhenUsed=\"false\" Name=\"Table Grid\"\/><br \/>\n  <w:LsdException Locked=\"false\" UnhideWhenUsed=\"false\" Name=\"Placeholder Text\"\/><br \/>\n  <w:LsdException Locked=\"false\" Priority=\"1\" SemiHidden=\"false\" UnhideWhenUsed=\"false\" QFormat=\"true\" Name=\"No Spacing\"\/><br \/>\n  <w:LsdException Locked=\"false\" Priority=\"60\" SemiHidden=\"false\" UnhideWhenUsed=\"false\" Name=\"Light Shading\"\/><br \/>\n  <w:LsdException Locked=\"false\" Priority=\"61\" SemiHidden=\"false\" UnhideWhenUsed=\"false\" Name=\"Light List\"\/><br \/>\n  <w:LsdException Locked=\"false\" Priority=\"62\" SemiHidden=\"false\" UnhideWhenUsed=\"false\" Name=\"Light Grid\"\/><br \/>\n  <w:LsdException Locked=\"false\" Priority=\"63\" SemiHidden=\"false\" UnhideWhenUsed=\"false\" Name=\"Medium Shading 1\"\/><br \/>\n  <w:LsdException Locked=\"false\" Priority=\"64\" SemiHidden=\"false\" UnhideWhenUsed=\"false\" Name=\"Medium Shading 2\"\/><br \/>\n  <w:LsdException Locked=\"false\" Priority=\"65\" SemiHidden=\"false\" UnhideWhenUsed=\"false\" Name=\"Medium List 1\"\/><br \/>\n  <w:LsdException Locked=\"false\" Priority=\"66\" SemiHidden=\"false\" UnhideWhenUsed=\"false\" Name=\"Medium List 2\"\/><br \/>\n  <w:LsdException Locked=\"false\" Priority=\"67\" SemiHidden=\"false\" UnhideWhenUsed=\"false\" Name=\"Medium Grid 1\"\/><br \/>\n  <w:LsdException Locked=\"false\" Priority=\"68\" SemiHidden=\"false\" UnhideWhenUsed=\"false\" Name=\"Medium Grid 2\"\/><br \/>\n  <w:LsdException Locked=\"false\" Priority=\"69\" SemiHidden=\"false\" UnhideWhenUsed=\"false\" Name=\"Medium Grid 3\"\/><br \/>\n  <w:LsdException Locked=\"false\" Priority=\"70\" SemiHidden=\"false\" UnhideWhenUsed=\"false\" Name=\"Dark List\"\/><br \/>\n  <w:LsdException Locked=\"false\" Priority=\"71\" SemiHidden=\"false\" UnhideWhenUsed=\"false\" Name=\"Colorful Shading\"\/><br \/>\n  <w:LsdException Locked=\"false\" Priority=\"72\" SemiHidden=\"false\" UnhideWhenUsed=\"false\" Name=\"Colorful List\"\/><br \/>\n  <w:LsdException Locked=\"false\" Priority=\"73\" SemiHidden=\"false\" UnhideWhenUsed=\"false\" Name=\"Colorful Grid\"\/><br \/>\n  <w:LsdException Locked=\"false\" Priority=\"60\" SemiHidden=\"false\" UnhideWhenUsed=\"false\" Name=\"Light Shading Accent 1\"\/><br \/>\n  <w:LsdException Locked=\"false\" Priority=\"61\" SemiHidden=\"false\" UnhideWhenUsed=\"false\" Name=\"Light List Accent 1\"\/><br \/>\n  <w:LsdException Locked=\"false\" Priority=\"62\" SemiHidden=\"false\" UnhideWhenUsed=\"false\" Name=\"Light Grid Accent 1\"\/><br \/>\n  <w:LsdException Locked=\"false\" Priority=\"63\" SemiHidden=\"false\" UnhideWhenUsed=\"false\" Name=\"Medium Shading 1 Accent 1\"\/><br \/>\n  <w:LsdException Locked=\"false\" Priority=\"64\" SemiHidden=\"false\" UnhideWhenUsed=\"false\" Name=\"Medium Shading 2 Accent 1\"\/><br \/>\n  <w:LsdException Locked=\"false\" Priority=\"65\" SemiHidden=\"false\" UnhideWhenUsed=\"false\" Name=\"Medium List 1 Accent 1\"\/><br \/>\n  <w:LsdException Locked=\"false\" UnhideWhenUsed=\"false\" Name=\"Revision\"\/><br \/>\n  <w:LsdException Locked=\"false\" Priority=\"34\" SemiHidden=\"false\" UnhideWhenUsed=\"false\" QFormat=\"true\" Name=\"List Paragraph\"\/><br \/>\n  <w:LsdException Locked=\"false\" Priority=\"29\" SemiHidden=\"false\" UnhideWhenUsed=\"false\" QFormat=\"true\" Name=\"Quote\"\/><br \/>\n  <w:LsdException Locked=\"false\" Priority=\"30\" SemiHidden=\"false\" UnhideWhenUsed=\"false\" QFormat=\"true\" Name=\"Intense Quote\"\/><br \/>\n  <w:LsdException Locked=\"false\" Priority=\"66\" SemiHidden=\"false\" UnhideWhenUsed=\"false\" Name=\"Medium List 2 Accent 1\"\/><br \/>\n  <w:LsdException Locked=\"false\" Priority=\"67\" SemiHidden=\"false\" UnhideWhenUsed=\"false\" Name=\"Medium Grid 1 Accent 1\"\/><br \/>\n  <w:LsdException Locked=\"false\" Priority=\"68\" SemiHidden=\"false\" UnhideWhenUsed=\"false\" Name=\"Medium Grid 2 Accent 1\"\/><br \/>\n  <w:LsdException Locked=\"false\" Priority=\"69\" SemiHidden=\"false\" UnhideWhenUsed=\"false\" Name=\"Medium Grid 3 Accent 1\"\/><br \/>\n  <w:LsdException Locked=\"false\" Priority=\"70\" SemiHidden=\"false\" UnhideWhenUsed=\"false\" Name=\"Dark List Accent 1\"\/><br \/>\n  <w:LsdException Locked=\"false\" Priority=\"71\" SemiHidden=\"false\" UnhideWhenUsed=\"false\" Name=\"Colorful Shading Accent 1\"\/><br \/>\n  <w:LsdException Locked=\"false\" Priority=\"72\" SemiHidden=\"false\" UnhideWhenUsed=\"false\" Name=\"Colorful List Accent 1\"\/><br \/>\n  <w:LsdException Locked=\"false\" Priority=\"73\" SemiHidden=\"false\" UnhideWhenUsed=\"false\" Name=\"Colorful Grid Accent 1\"\/><br \/>\n  <w:LsdException Locked=\"false\" Priority=\"60\" SemiHidden=\"false\" UnhideWhenUsed=\"false\" Name=\"Light Shading Accent 2\"\/><br \/>\n  <w:LsdException Locked=\"false\" Priority=\"61\" SemiHidden=\"false\" UnhideWhenUsed=\"false\" Name=\"Light List Accent 2\"\/><br \/>\n  <w:LsdException Locked=\"false\" Priority=\"62\" SemiHidden=\"false\" UnhideWhenUsed=\"false\" Name=\"Light Grid Accent 2\"\/><br \/>\n  <w:LsdException Locked=\"false\" Priority=\"63\" SemiHidden=\"false\" UnhideWhenUsed=\"false\" Name=\"Medium Shading 1 Accent 2\"\/><br \/>\n  <w:LsdException Locked=\"false\" Priority=\"64\" SemiHidden=\"false\" UnhideWhenUsed=\"false\" Name=\"Medium Shading 2 Accent 2\"\/><br \/>\n  <w:LsdException Locked=\"false\" Priority=\"65\" SemiHidden=\"false\" UnhideWhenUsed=\"false\" Name=\"Medium List 1 Accent 2\"\/><br \/>\n  <w:LsdException Locked=\"false\" Priority=\"66\" SemiHidden=\"false\" UnhideWhenUsed=\"false\" Name=\"Medium List 2 Accent 2\"\/><br \/>\n  <w:LsdException Locked=\"false\" Priority=\"67\" SemiHidden=\"false\" UnhideWhenUsed=\"false\" Name=\"Medium Grid 1 Accent 2\"\/><br \/>\n  <w:LsdException Locked=\"false\" Priority=\"68\" SemiHidden=\"false\" UnhideWhenUsed=\"false\" Name=\"Medium Grid 2 Accent 2\"\/><br \/>\n  <w:LsdException Locked=\"false\" Priority=\"69\" SemiHidden=\"false\" UnhideWhenUsed=\"false\" Name=\"Medium Grid 3 Accent 2\"\/><br \/>\n  <w:LsdException Locked=\"false\" Priority=\"70\" SemiHidden=\"false\" UnhideWhenUsed=\"false\" Name=\"Dark List Accent 2\"\/><br \/>\n  <w:LsdException Locked=\"false\" Priority=\"71\" SemiHidden=\"false\" UnhideWhenUsed=\"false\" Name=\"Colorful Shading Accent 2\"\/><br \/>\n  <w:LsdException Locked=\"false\" Priority=\"72\" SemiHidden=\"false\" UnhideWhenUsed=\"false\" Name=\"Colorful List Accent 2\"\/><br \/>\n  <w:LsdException Locked=\"false\" Priority=\"73\" SemiHidden=\"false\" UnhideWhenUsed=\"false\" Name=\"Colorful Grid Accent 2\"\/><br \/>\n  <w:LsdException Locked=\"false\" Priority=\"60\" SemiHidden=\"false\" UnhideWhenUsed=\"false\" Name=\"Light Shading Accent 3\"\/><br \/>\n  <w:LsdException Locked=\"false\" Priority=\"61\" SemiHidden=\"false\" UnhideWhenUsed=\"false\" Name=\"Light List Accent 3\"\/><br \/>\n  <w:LsdException Locked=\"false\" Priority=\"62\" SemiHidden=\"false\" UnhideWhenUsed=\"false\" Name=\"Light Grid Accent 3\"\/><br \/>\n  <w:LsdException Locked=\"false\" Priority=\"63\" SemiHidden=\"false\" UnhideWhenUsed=\"false\" Name=\"Medium Shading 1 Accent 3\"\/><br \/>\n  <w:LsdException Locked=\"false\" Priority=\"64\" SemiHidden=\"false\" UnhideWhenUsed=\"false\" Name=\"Medium Shading 2 Accent 3\"\/><br \/>\n  <w:LsdException Locked=\"false\" Priority=\"65\" SemiHidden=\"false\" UnhideWhenUsed=\"false\" Name=\"Medium List 1 Accent 3\"\/><br \/>\n  <w:LsdException Locked=\"false\" Priority=\"66\" SemiHidden=\"false\" UnhideWhenUsed=\"false\" Name=\"Medium List 2 Accent 3\"\/><br \/>\n  <w:LsdException Locked=\"false\" Priority=\"67\" SemiHidden=\"false\" UnhideWhenUsed=\"false\" Name=\"Medium Grid 1 Accent 3\"\/><br \/>\n  <w:LsdException Locked=\"false\" Priority=\"68\" SemiHidden=\"false\" UnhideWhenUsed=\"false\" Name=\"Medium Grid 2 Accent 3\"\/><br \/>\n  <w:LsdException Locked=\"false\" Priority=\"69\" SemiHidden=\"false\" UnhideWhenUsed=\"false\" Name=\"Medium Grid 3 Accent 3\"\/><br \/>\n  <w:LsdException Locked=\"false\" Priority=\"70\" SemiHidden=\"false\" UnhideWhenUsed=\"false\" Name=\"Dark List Accent 3\"\/><br \/>\n  <w:LsdException Locked=\"false\" Priority=\"71\" SemiHidden=\"false\" UnhideWhenUsed=\"false\" Name=\"Colorful Shading Accent 3\"\/><br \/>\n  <w:LsdException Locked=\"false\" Priority=\"72\" SemiHidden=\"false\" UnhideWhenUsed=\"false\" Name=\"Colorful List Accent 3\"\/><br \/>\n  <w:LsdException Locked=\"false\" Priority=\"73\" SemiHidden=\"false\" UnhideWhenUsed=\"false\" Name=\"Colorful Grid Accent 3\"\/><br \/>\n  <w:LsdException Locked=\"false\" Priority=\"60\" SemiHidden=\"false\" UnhideWhenUsed=\"false\" Name=\"Light Shading Accent 4\"\/><br \/>\n  <w:LsdException Locked=\"false\" Priority=\"61\" SemiHidden=\"false\" UnhideWhenUsed=\"false\" Name=\"Light List Accent 4\"\/><br \/>\n  <w:LsdException Locked=\"false\" Priority=\"62\" SemiHidden=\"false\" UnhideWhenUsed=\"false\" Name=\"Light Grid Accent 4\"\/><br \/>\n  <w:LsdException Locked=\"false\" Priority=\"63\" SemiHidden=\"false\" UnhideWhenUsed=\"false\" Name=\"Medium Shading 1 Accent 4\"\/><br \/>\n  <w:LsdException Locked=\"false\" Priority=\"64\" SemiHidden=\"false\" UnhideWhenUsed=\"false\" Name=\"Medium Shading 2 Accent 4\"\/><br \/>\n  <w:LsdException Locked=\"false\" Priority=\"65\" SemiHidden=\"false\" UnhideWhenUsed=\"false\" Name=\"Medium List 1 Accent 4\"\/><br \/>\n  <w:LsdException Locked=\"false\" Priority=\"66\" SemiHidden=\"false\" UnhideWhenUsed=\"false\" Name=\"Medium List 2 Accent 4\"\/><br \/>\n  <w:LsdException Locked=\"false\" Priority=\"67\" SemiHidden=\"false\" UnhideWhenUsed=\"false\" Name=\"Medium Grid 1 Accent 4\"\/><br \/>\n  <w:LsdException Locked=\"false\" Priority=\"68\" SemiHidden=\"false\" UnhideWhenUsed=\"false\" Name=\"Medium Grid 2 Accent 4\"\/><br \/>\n  <w:LsdException Locked=\"false\" Priority=\"69\" SemiHidden=\"false\" UnhideWhenUsed=\"false\" Name=\"Medium Grid 3 Accent 4\"\/><br \/>\n  <w:LsdException Locked=\"false\" Priority=\"70\" SemiHidden=\"false\" UnhideWhenUsed=\"false\" Name=\"Dark List Accent 4\"\/><br \/>\n  <w:LsdException Locked=\"false\" Priority=\"71\" SemiHidden=\"false\" UnhideWhenUsed=\"false\" Name=\"Colorful Shading Accent 4\"\/><br \/>\n  <w:LsdException Locked=\"false\" Priority=\"72\" SemiHidden=\"false\" UnhideWhenUsed=\"false\" Name=\"Colorful List Accent 4\"\/><br \/>\n  <w:LsdException Locked=\"false\" Priority=\"73\" SemiHidden=\"false\" UnhideWhenUsed=\"false\" Name=\"Colorful Grid Accent 4\"\/><br \/>\n  <w:LsdException Locked=\"false\" Priority=\"60\" SemiHidden=\"false\" UnhideWhenUsed=\"false\" Name=\"Light Shading Accent 5\"\/><br \/>\n  <w:LsdException Locked=\"false\" Priority=\"61\" SemiHidden=\"false\" UnhideWhenUsed=\"false\" Name=\"Light List Accent 5\"\/><br \/>\n  <w:LsdException Locked=\"false\" Priority=\"62\" SemiHidden=\"false\" UnhideWhenUsed=\"false\" Name=\"Light Grid Accent 5\"\/><br \/>\n  <w:LsdException Locked=\"false\" Priority=\"63\" SemiHidden=\"false\" UnhideWhenUsed=\"false\" Name=\"Medium Shading 1 Accent 5\"\/><br \/>\n  <w:LsdException Locked=\"false\" Priority=\"64\" SemiHidden=\"false\" UnhideWhenUsed=\"false\" Name=\"Medium Shading 2 Accent 5\"\/><br \/>\n  <w:LsdException Locked=\"false\" Priority=\"65\" SemiHidden=\"false\" UnhideWhenUsed=\"false\" Name=\"Medium List 1 Accent 5\"\/><br \/>\n  <w:LsdException Locked=\"false\" Priority=\"66\" SemiHidden=\"false\" UnhideWhenUsed=\"false\" Name=\"Medium List 2 Accent 5\"\/><br \/>\n  <w:LsdException Locked=\"false\" Priority=\"67\" SemiHidden=\"false\" UnhideWhenUsed=\"false\" Name=\"Medium Grid 1 Accent 5\"\/><br \/>\n  <w:LsdException Locked=\"false\" Priority=\"68\" SemiHidden=\"false\" UnhideWhenUsed=\"false\" Name=\"Medium Grid 2 Accent 5\"\/><br \/>\n  <w:LsdException Locked=\"false\" Priority=\"69\" SemiHidden=\"false\" UnhideWhenUsed=\"false\" Name=\"Medium Grid 3 Accent 5\"\/><br \/>\n  <w:LsdException Locked=\"false\" Priority=\"70\" SemiHidden=\"false\" UnhideWhenUsed=\"false\" Name=\"Dark List Accent 5\"\/><br \/>\n  <w:LsdException Locked=\"false\" Priority=\"71\" SemiHidden=\"false\" UnhideWhenUsed=\"false\" Name=\"Colorful Shading Accent 5\"\/><br \/>\n  <w:LsdException Locked=\"false\" Priority=\"72\" SemiHidden=\"false\" UnhideWhenUsed=\"false\" Name=\"Colorful List Accent 5\"\/><br \/>\n  <w:LsdException Locked=\"false\" Priority=\"73\" SemiHidden=\"false\" UnhideWhenUsed=\"false\" Name=\"Colorful Grid Accent 5\"\/><br \/>\n  <w:LsdException Locked=\"false\" Priority=\"60\" SemiHidden=\"false\" UnhideWhenUsed=\"false\" Name=\"Light Shading Accent 6\"\/><br \/>\n  <w:LsdException Locked=\"false\" Priority=\"61\" SemiHidden=\"false\" UnhideWhenUsed=\"false\" Name=\"Light List Accent 6\"\/><br \/>\n  <w:LsdException Locked=\"false\" Priority=\"62\" SemiHidden=\"false\" UnhideWhenUsed=\"false\" Name=\"Light Grid Accent 6\"\/><br \/>\n  <w:LsdException Locked=\"false\" Priority=\"63\" SemiHidden=\"false\" UnhideWhenUsed=\"false\" Name=\"Medium Shading 1 Accent 6\"\/><br \/>\n  <w:LsdException Locked=\"false\" Priority=\"64\" SemiHidden=\"false\" UnhideWhenUsed=\"false\" Name=\"Medium Shading 2 Accent 6\"\/><br \/>\n  <w:LsdException Locked=\"false\" Priority=\"65\" SemiHidden=\"false\" UnhideWhenUsed=\"false\" Name=\"Medium List 1 Accent 6\"\/><br \/>\n  <w:LsdException Locked=\"false\" Priority=\"66\" SemiHidden=\"false\" UnhideWhenUsed=\"false\" Name=\"Medium List 2 Accent 6\"\/><br \/>\n  <w:LsdException Locked=\"false\" Priority=\"67\" SemiHidden=\"false\" UnhideWhenUsed=\"false\" Name=\"Medium Grid 1 Accent 6\"\/><br \/>\n  <w:LsdException Locked=\"false\" Priority=\"68\" SemiHidden=\"false\" UnhideWhenUsed=\"false\" Name=\"Medium Grid 2 Accent 6\"\/><br \/>\n  <w:LsdException Locked=\"false\" Priority=\"69\" SemiHidden=\"false\" UnhideWhenUsed=\"false\" Name=\"Medium Grid 3 Accent 6\"\/><br \/>\n  <w:LsdException Locked=\"false\" Priority=\"70\" SemiHidden=\"false\" UnhideWhenUsed=\"false\" Name=\"Dark List Accent 6\"\/><br \/>\n  <w:LsdException Locked=\"false\" Priority=\"71\" SemiHidden=\"false\" UnhideWhenUsed=\"false\" Name=\"Colorful Shading Accent 6\"\/><br \/>\n  <w:LsdException Locked=\"false\" Priority=\"72\" SemiHidden=\"false\" UnhideWhenUsed=\"false\" Name=\"Colorful List Accent 6\"\/><br \/>\n  <w:LsdException Locked=\"false\" Priority=\"73\" SemiHidden=\"false\" UnhideWhenUsed=\"false\" Name=\"Colorful Grid Accent 6\"\/><br \/>\n  <w:LsdException Locked=\"false\" Priority=\"19\" SemiHidden=\"false\" UnhideWhenUsed=\"false\" QFormat=\"true\" Name=\"Subtle Emphasis\"\/><br \/>\n  <w:LsdException Locked=\"false\" Priority=\"21\" SemiHidden=\"false\" UnhideWhenUsed=\"false\" QFormat=\"true\" Name=\"Intense Emphasis\"\/><br \/>\n  <w:LsdException Locked=\"false\" Priority=\"31\" SemiHidden=\"false\" UnhideWhenUsed=\"false\" QFormat=\"true\" Name=\"Subtle Reference\"\/><br \/>\n  <w:LsdException Locked=\"false\" Priority=\"32\" SemiHidden=\"false\" UnhideWhenUsed=\"false\" QFormat=\"true\" Name=\"Intense Reference\"\/><br \/>\n  <w:LsdException Locked=\"false\" Priority=\"33\" SemiHidden=\"false\" UnhideWhenUsed=\"false\" QFormat=\"true\" Name=\"Book Title\"\/><br \/>\n  <w:LsdException Locked=\"false\" Priority=\"37\" Name=\"Bibliography\"\/><br \/>\n  <w:LsdException Locked=\"false\" Priority=\"39\" QFormat=\"true\" Name=\"TOC Heading\"\/><br \/>\n <\/w:LatentStyles><br \/>\n<\/xml><![endif]--><!-- [if gte mso 10]><\/p>\n<style>\n \/* Style Definitions *\/<br \/>\n table.MsoNormalTable<br \/>\n\t{mso-style-name:\"Tabella normale\";<br \/>\n\tmso-tstyle-rowband-size:0;<br \/>\n\tmso-tstyle-colband-size:0;<br \/>\n\tmso-style-noshow:yes;<br \/>\n\tmso-style-priority:99;<br \/>\n\tmso-style-parent:\"\";<br \/>\n\tmso-padding-alt:0cm 5.4pt 0cm 5.4pt;<br \/>\n\tmso-para-margin-top:0cm;<br \/>\n\tmso-para-margin-right:0cm;<br \/>\n\tmso-para-margin-bottom:10.0pt;<br \/>\n\tmso-para-margin-left:0cm;<br \/>\n\tline-height:115%;<br \/>\n\tmso-pagination:widow-orphan;<br \/>\n\tfont-size:11.0pt;<br \/>\n\tfont-family:\"Calibri\",\"sans-serif\";<br \/>\n\tmso-ascii-font-family:Calibri;<br \/>\n\tmso-ascii-theme-font:minor-latin;<br \/>\n\tmso-hansi-font-family:Calibri;<br \/>\n\tmso-hansi-theme-font:minor-latin;<br \/>\n\tmso-bidi-font-family:\"Times New Roman\";<br \/>\n\tmso-bidi-theme-font:minor-bidi;<br \/>\n\tmso-fareast-language:EN-US;}<br \/>\n<\/style>\n<p><![endif]--><\/p><ul><li><strong>INFOpoint di ANDEZENO<\/strong> presso Bar Italia \u2013 corso V. Emanuele II, 21 \u2013 Tel 011 9434250<br \/>(anche INFOpoint per noleggio E-BIKE)<\/li><li><strong>INFOpoint di BALDISSERO TORINESE<\/strong> presso Bar Cappuccino Caf\u00e8 \u2013 piazza IV Novembre 5 \u2013 Tel 011 0897694<\/li><li><strong>INFOpoint di CASTELNUOVO DON BOSCO\u00a0<\/strong> presso Casa Giovani\u00a0 Colle Don Bosco \u2013 Tel 328 5627719<\/li><li><strong>INFOpoint di CASTELNUOVO DON BOSCO\u00a0<\/strong> presso Bar Albergo Ristorante Ciocca \u2013 piazza Dante 10 \u2013 Tel 011 9876283<\/li><li><strong>INFOpoint di CASTELNUOVO DON BOSCO\u00a0<\/strong> presso Cooperativa Terre dei Santi \u2013 via San Giovanni 6 \u2013 Tel 011 9876117<\/li><li><strong>INFOpoint di CHIERI\u00a0<\/strong> presso Avidano Pasticceria \u2013 via Vittorio Emanuele II 46 \u2013 Tel 011 9478354<\/li><li><strong>INFOpoint di CHIERI\u00a0<\/strong> presso Bar Pasticceria Buttiglieri \u2013 via XX Settembre 10 \u2013 Tel 011 9472270<\/li><li><strong>INFOpoint di CINZANO<\/strong> presso Agriturismo Tenuta La Serra \u2013 via Moncucco 1\/3 \u2013 Tel 388 4569463<\/li><li><strong>INFOpoint di MARENTINO<\/strong> presso Agriturismo Bellavista \u2013 strada Bellavista 14 \u2013 Tel 347 5008840<\/li><li><strong>INFOpoint di MONCUCCO TORINESE<\/strong> presso Agriturismo Cascina di Maggio \u2013 localit\u00e0 Barbaso 4 \u2013 Tel 011 9874664<\/li><li><strong>INFOpoint di MONCUCCO TORINESE<\/strong> presso Osteria Mang\u00e8 bin \u2013 via Mosso 6 \u2013 Tel 339 1173812<\/li><li><strong>INFOpoint di MONDONIO SAN DOMENICO SAVIO<\/strong> presso Il Forno di Mondonio \u2013 strada Provinciale 17, 26 \u2013 Castelnuovo Don Bosco (AT) \u2013 Tel 393 2807434<\/li><li><strong>INFOpoint di MONTALDO TORINESE <\/strong>presso il Castello di Montaldo \u2013 Piazza Superga 1\u00a0 \u2013 Tel 011 0620566<\/li><li><strong>INFOpoint di PECETTO TORINESE<\/strong> presso AgricooPecetto \u2013 strada Sabena, 78 \u2013 Tel 011 19820986<\/li><li><strong>INFOpoint di PECETTO TORINESE<\/strong>\u00a0presso Caffetteria La Rosa blu \u2013 via Circonvallazione 11\u00a0 \u2013 Tel 011 8609161<\/li><li><strong>INFOpoint di PINO TORINESE<\/strong> presso Ostaria dla tradission \u2013 Valle Ceppi, piazzale Don Boglione \u2013 Tel 011 8112440<\/li><li><strong>INFOpoint di SCIOLZE<\/strong> presso Caffetteria Minimarket \u2013 via Roma, 1 \u2013 Tel 011 9603616<\/li><li><strong>INFOpoint di TROFARELLO<\/strong> presso Tabaccheria Nari \u2013 via Torino, 102 \u2013 Tel 342 1504770<\/li><li><strong>INFOpoint di VEZZOLANO<\/strong> presso Bar Ristoro dell\u2019Abbazia \u2013 Albugnano, localit\u00e0 Vezzolano \u2013 Tel 339 4118034<\/li><li><strong>INFOpoint di VEZZOLANO<\/strong> presso Canonica di Vezzolano \u2013 Albugnano, localit\u00e0 Vezzolano \u2013 Tel 333 1365812<\/li><\/ul>\t\t\t\t\t\t\t\t<\/div>\n\t\t\t\t<\/div>\n\t\t\t\t\t<\/div>\n\t\t<\/div>\n\t\t\t\t\t<\/div>\n\t\t<\/section>\n\t\t\t\t<\/div>\n\t\t","protected":false},"excerpt":{"rendered":"<p>La ASD Nordic Walking Andrate ha creado una serie de Puntos de Informaci\u00f3n para Excursionistas en los Senderos de las colinas de Tur\u00edn &#8211; Camino Don Bosco en establecimientos privados identificados con el logotipo \u00a0 \u00a0 En los Puntos de Informaci\u00f3n, los excursionistas pueden comprar la Gu\u00eda del Camino de Don Bosco, solicitar mapas de [&hellip;]<\/p>\n","protected":false},"author":1,"featured_media":0,"parent":0,"menu_order":0,"comment_status":"closed","ping_status":"closed","template":"","meta":{"footnotes":""},"class_list":["post-5394","page","type-page","status-publish","hentry"],"_links":{"self":[{"href":"https:\/\/www.camminodonbosco.eu\/es\/wp-json\/wp\/v2\/pages\/5394","targetHints":{"allow":["GET"]}}],"collection":[{"href":"https:\/\/www.camminodonbosco.eu\/es\/wp-json\/wp\/v2\/pages"}],"about":[{"href":"https:\/\/www.camminodonbosco.eu\/es\/wp-json\/wp\/v2\/types\/page"}],"author":[{"embeddable":true,"href":"https:\/\/www.camminodonbosco.eu\/es\/wp-json\/wp\/v2\/users\/1"}],"replies":[{"embeddable":true,"href":"https:\/\/www.camminodonbosco.eu\/es\/wp-json\/wp\/v2\/comments?post=5394"}],"version-history":[{"count":0,"href":"https:\/\/www.camminodonbosco.eu\/es\/wp-json\/wp\/v2\/pages\/5394\/revisions"}],"wp:attachment":[{"href":"https:\/\/www.camminodonbosco.eu\/es\/wp-json\/wp\/v2\/media?parent=5394"}],"curies":[{"name":"wp","href":"https:\/\/api.w.org\/{rel}","templated":true}]}}