{"id":5404,"date":"2022-08-05T13:21:55","date_gmt":"2022-08-05T11:21:55","guid":{"rendered":"https:\/\/www.camminodonbosco.eu\/la-red-romanica-de-la-colina\/"},"modified":"2024-01-04T20:51:32","modified_gmt":"2024-01-04T19:51:32","slug":"la-red-romanica-de-la-colina","status":"publish","type":"page","link":"https:\/\/www.camminodonbosco.eu\/es\/la-red-romanica-de-la-colina\/","title":{"rendered":"La Red Rom\u00e1nica de la Colina"},"content":{"rendered":"\n<p>La<strong><a href=\"https:\/\/www.turismoincollina.it\/\" target=\"_blank\" rel=\"noreferrer noopener\">Associazione in Collina \u2013 Turismo nel cuore del Piemonte<\/a><\/strong> propone un recorrido entre el arte y la historia del Piamonte para descubrir peque\u00f1as iglesias, abad\u00edas e iglesias rom\u00e1nicas construidas entre los siglos XI y XIII. Con el fin de valorizar el patrimonio de las iglesias rom\u00e1nicas, InCollina ha querido unir en un \u00fanico proyecto, \u00ab<strong>La Rete Romanica di Collina<\/strong>\u00ab, la <strong>Can\u00f3nica de Santa Mar\u00eda de Vezzolano<\/strong> y las 25 abad\u00edas, iglesias e iglesias rom\u00e1nicas de 22 municipios entre Asti y Tur\u00edn, que las rodean: Albugnano ( <strong>San Pietro<\/strong>), Andezeno ( <strong>San Giorgio<\/strong>), Aramengo ( <strong>San Giorgio<\/strong>), Berzano di San Pietro ( <strong>San Giovanni<\/strong>), Brusasco ( <strong>San Pietro<\/strong>), Buttigliera d\u2019Asti ( <strong>San Martino<\/strong>), Casalborgone ( <strong>San Siro<\/strong>), Castagneto Po ( <strong>San Genesio<\/strong>), Castell\u2019Alfero ( <strong>Madonna della Neve<\/strong>), Castelnuovo Don Bosco ( <strong>Sant\u2019Eusebio<\/strong>), Cavagnolo ( <strong>Abbazia di Santa Fede<\/strong>), Cerreto d\u2019Asti ( <strong>Sant\u2019Andrea di Casaglio<\/strong>), Cocconato ( <strong>Madonna della Neve<\/strong>), Cortazzone ( <strong>San Secondo<\/strong>), Marentino <strong>(Santa Maria<\/strong>), Mombello di Torino ( <strong>San Lorenzo<\/strong>), Montafia (   <strong>San Martino<\/strong> e <strong>San Giorgio<\/strong> in frazione Bagnasco), Montechiaro d\u2019Asti ( <strong>Santi Nazario e Celsio<\/strong>), Montiglio Monferrato ( <strong>San Lorenzo<\/strong> e <strong>Santi Sebastiano e Fabiano<\/strong> a Scadeluzza), Portacomaro (<strong>San Pietro<\/strong>), San Sebastiano da Po (<strong>San Pietro<\/strong>), Tigliole (<strong>San Lorenzo<\/strong>), Tonengo (<strong>San Michele<\/strong>).  <\/p>\n\n<div style=\"height:30px\" aria-hidden=\"true\" class=\"wp-block-spacer\"><\/div>\n\n<figure class=\"wp-block-gallery has-nested-images columns-default is-cropped wp-block-gallery-1 is-layout-flex wp-block-gallery-is-layout-flex\">\n<figure class=\"wp-block-image size-large\"><img fetchpriority=\"high\" decoding=\"async\" width=\"1024\" height=\"801\" data-id=\"2340\" src=\"https:\/\/www.camminodonbosco.eu\/wp-content\/uploads\/2022\/08\/Cartina-della-Rete-Romanica-di-Collina-1024x801.jpg\" alt=\"\" class=\"wp-image-2340\" srcset=\"https:\/\/www.camminodonbosco.eu\/wp-content\/uploads\/2022\/08\/Cartina-della-Rete-Romanica-di-Collina-1024x801.jpg 1024w, https:\/\/www.camminodonbosco.eu\/wp-content\/uploads\/2022\/08\/Cartina-della-Rete-Romanica-di-Collina-300x235.jpg 300w, https:\/\/www.camminodonbosco.eu\/wp-content\/uploads\/2022\/08\/Cartina-della-Rete-Romanica-di-Collina-768x601.jpg 768w, https:\/\/www.camminodonbosco.eu\/wp-content\/uploads\/2022\/08\/Cartina-della-Rete-Romanica-di-Collina.jpg 1536w\" sizes=\"(max-width: 1024px) 100vw, 1024px\" \/><\/figure>\n<\/figure>\n","protected":false},"excerpt":{"rendered":"<p>LaAssociazione in Collina \u2013 Turismo nel cuore del Piemonte propone un recorrido entre el arte y la historia del Piamonte para descubrir peque\u00f1as iglesias, abad\u00edas e iglesias rom\u00e1nicas construidas entre los siglos XI y XIII. Con el fin de valorizar el patrimonio de las iglesias rom\u00e1nicas, InCollina ha querido unir en un \u00fanico proyecto, \u00abLa [&hellip;]<\/p>\n","protected":false},"author":1,"featured_media":0,"parent":0,"menu_order":0,"comment_status":"closed","ping_status":"closed","template":"","meta":{"footnotes":""},"class_list":["post-5404","page","type-page","status-publish","hentry"],"_links":{"self":[{"href":"https:\/\/www.camminodonbosco.eu\/es\/wp-json\/wp\/v2\/pages\/5404","targetHints":{"allow":["GET"]}}],"collection":[{"href":"https:\/\/www.camminodonbosco.eu\/es\/wp-json\/wp\/v2\/pages"}],"about":[{"href":"https:\/\/www.camminodonbosco.eu\/es\/wp-json\/wp\/v2\/types\/page"}],"author":[{"embeddable":true,"href":"https:\/\/www.camminodonbosco.eu\/es\/wp-json\/wp\/v2\/users\/1"}],"replies":[{"embeddable":true,"href":"https:\/\/www.camminodonbosco.eu\/es\/wp-json\/wp\/v2\/comments?post=5404"}],"version-history":[{"count":0,"href":"https:\/\/www.camminodonbosco.eu\/es\/wp-json\/wp\/v2\/pages\/5404\/revisions"}],"wp:attachment":[{"href":"https:\/\/www.camminodonbosco.eu\/es\/wp-json\/wp\/v2\/media?parent=5404"}],"curies":[{"name":"wp","href":"https:\/\/api.w.org\/{rel}","templated":true}]}}