{"id":5891,"date":"2022-07-20T10:12:47","date_gmt":"2022-07-20T08:12:47","guid":{"rendered":"https:\/\/www.camminodonbosco.eu\/cookie-policy\/"},"modified":"2024-01-12T18:46:08","modified_gmt":"2024-01-12T17:46:08","slug":"cookie-policy","status":"publish","type":"page","link":"https:\/\/www.camminodonbosco.eu\/es\/cookie-policy\/","title":{"rendered":"Cookie Policy"},"content":{"rendered":"\n<p>Este documento contiene informaci\u00f3n sobre las tecnolog\u00edas que permiten que este Sitio Web alcance los objetivos descritos a continuaci\u00f3n. Estas tecnolog\u00edas permiten al Titular recopilar y almacenar informaci\u00f3n (por ejemplo, mediante el uso de cookies) o utilizar recursos (por ejemplo, ejecutando un script) en el dispositivo del Usuario cuando este interact\u00faa con este Sitio Web.<\/p>\n\n<p>Para mayor simplicidad, en este documento, estas tecnolog\u00edas se definen de manera sint\u00e9tica como \u00abHerramientas de Rastreo\u00bb, a menos que haya una raz\u00f3n para diferenciarlas.<br\/>Por ejemplo, aunque las cookies pueden utilizarse tanto en navegadores web como en dispositivos m\u00f3viles, ser\u00eda inapropiado hablar de cookies en el contexto de aplicaciones para dispositivos m\u00f3viles, ya que son Herramientas de Rastreo que requieren la presencia de un navegador. Por esta raz\u00f3n, dentro de este documento, el t\u00e9rmino \u00abCookie\u00bb se utiliza solo para referirse de manera espec\u00edfica a ese tipo particular de Herramienta de Rastreo.<\/p>\n\n<p>Algunos de los prop\u00f3sitos para los cuales se utilizan las Herramientas de Rastreo podr\u00edan requerir el consentimiento del Usuario. Si se otorga el consentimiento, este puede ser revocado libremente en cualquier momento siguiendo las instrucciones contenidas en este documento.<\/p>\n\n<p>Este Sitio Web utiliza Herramientas de Rastreo gestionadas directamente por el Titular (com\u00fanmente conocidas como Herramientas de Rastreo \u00abde primera parte\u00bb) y Herramientas de Rastreo que habilitan servicios proporcionados por terceros (com\u00fanmente conocidas como Herramientas de Rastreo \u00abde tercera parte\u00bb). Salvo se se indique lo contrario en este documento, esos terceros tienen acceso a sus respectivas Herramientas de Rastreo.<br\/>La duraci\u00f3n y el vencimiento de las cookies y otras Herramientas de Rastreo similares pueden variar seg\u00fan lo establecido por el Titular o cada proveedor tercero. Algunos de ellos expiran al finalizar la sesi\u00f3n de navegaci\u00f3n del Usuario.<br\/>Adem\u00e1s de lo especificado en la descripci\u00f3n de cada una de las categor\u00edas a continuaci\u00f3n, los Usuarios pueden obtener informaci\u00f3n m\u00e1s detallada y actualizada sobre la duraci\u00f3n, as\u00ed como cualquier otra informaci\u00f3n relevante, como la presencia de otras Herramientas de Rastreo, en las pol\u00edticas de privacidad de los respectivos proveedores terceros (a trav\u00e9s de los enlaces proporcionados) o contactando con el Titular.<\/p>\n\n<h3 class=\"wp-block-heading\">Actividades estrictamente necesarias para garantizar el funcionamiento de este Sitio Web y la prestaci\u00f3n del Servicio.<\/h3>\n\n<p>Este Sitio Web utiliza cookies com\u00fanmente conocidas como \u00abt\u00e9cnicas\u00bb u otras Herramientas de Rastreo similares para llevar a cabo actividades estrictamente necesarias para garantizar el funcionamiento o la prestaci\u00f3n del Servicio.<\/p>\n\n<h3 class=\"wp-block-heading\">Otras actividades que involucran el uso de Herramientas de Rastreo<\/h3>\n\n<h4 class=\"wp-block-heading\">Experiencia<\/h4>\n\n<p>Este Sitio Web utiliza Herramientas de Rastreo para mejorar la calidad de la experiencia del usuario y permitir interacciones con contenidos, redes y plataformas externas.<\/p>\n\n<h3 class=\"wp-block-heading\">Visualizaci\u00f3n de contenido desde plataformas externas.<\/h3>\n\n<p>Este tipo de servicios permite la visualizaci\u00f3n de contenido alojado en plataformas externas directamente desde las p\u00e1ginas de este Sitio Web y la interacci\u00f3n con ellos.<br\/>Este tipo de servicio puede recopilar datos de tr\u00e1fico web relacionados con las p\u00e1ginas en las que est\u00e1 instalado el servicio, incluso cuando los usuarios no lo utilizan.<\/p>\n\n<h4 class=\"wp-block-heading\">Google Fonts<\/h4>\n\n<p>Google Fonts es un servicio de visualizaci\u00f3n de estilos de fuente gestionado por Google LLC o por Google Ireland Limited, dependiendo de c\u00f3mo el Responsable gestione el tratamiento de los Datos, que permite a este Sitio Web integrar dichos contenidos en sus p\u00e1ginas.<\/p>\n\n<p>Datos personales procesados: Datos de uso y Herramientas de Rastreo.<\/p>\n\n<p>Lugar de tratamiento: Stati Uniti \u2013 <a href=\"https:\/\/policies.google.com\/privacy\" target=\"_blank\" rel=\"noreferrer noopener\">Privacy Policy<\/a>; Irlanda \u2013 <a href=\"https:\/\/policies.google.com\/privacy\" target=\"_blank\" rel=\"noreferrer noopener\">Privacy Policy<\/a>.<\/p>\n\n<h4 class=\"wp-block-heading\">Widget Video YouTube<\/h4>\n\n<p>YouTube es un servicio de visualizaci\u00f3n de contenido de video gestionado por Google LLC o por Google Ireland Limited, dependiendo de c\u00f3mo el Responsable gestione el tratamiento de los Datos, que permite a este Sitio Web integrar dicho contenido en sus p\u00e1ginas.<\/p>\n\n<p>Datos personales procesados: Datos de uso y Herramientas de Rastreo.<\/p>\n\n<p>Lugar de tratamiento: Stati Uniti \u2013 <a href=\"https:\/\/policies.google.com\/privacy\" target=\"_blank\" rel=\"noreferrer noopener\">Privacy Policy<\/a>; Irlanda \u2013 <a href=\"https:\/\/policies.google.com\/privacy\" target=\"_blank\" rel=\"noreferrer noopener\">Privacy Policy<\/a>.<\/p>\n\n<p>Duraci\u00f3n de almacenamiento:<\/p>\n\n<ul class=\"wp-block-list\">\n<li>PREF: 8 meses<\/li>\n\n\n\n<li>VISITOR_INFO1_LIVE: 8 meses<\/li>\n\n\n\n<li>YSC: Duraci\u00f3n de la sesi\u00f3n<\/li>\n<\/ul>\n\n<h3 class=\"wp-block-heading\"><a><\/a>C\u00f3mo gestionar las preferencias y otorgar o revocar el consentimiento<\/h3>\n\n<p>Existen varias formas de gestionar las preferencias relacionadas con las Herramientas de Rastreo y de otorgar o revocar el consentimiento, cuando sea necesario:<\/p>\n\n<p>Los Usuarios pueden gestionar las preferencias relacionadas con las Herramientas de Rastreo directamente a trav\u00e9s de la configuraci\u00f3n de sus dispositivos; por ejemplo, pueden evitar el uso o el almacenamiento de las Herramientas de Rastreo.<\/p>\n\n<p>Adem\u00e1s, cada vez que el uso de Herramientas de Rastreo dependa del consentimiento, el Usuario puede otorgar o revocar dicho consentimiento configurando sus preferencias dentro de la pol\u00edtica de cookies o actualizando esas preferencias a trav\u00e9s del widget de privacidad para las preferencias relacionadas con el consentimiento, si est\u00e1 disponible.<\/p>\n\n<p>Gracias a las funciones espec\u00edficas del navegador o del dispositivo, tambi\u00e9n es posible eliminar Herramientas de Rastreo que se hayan guardado previamente, incluidas aquellas utilizadas para almacenar las preferencias relacionadas con el consentimiento inicialmente expresado por el Usuario.<\/p>\n\n<p>Otros Herramientas de Rastreo que se encuentren en la memoria local del navegador pueden eliminarse borrando el historial de navegaci\u00f3n.<\/p>\n\n<p>En cuanto a las Herramientas de Rastreo de terceros, los Usuarios pueden gestionar sus preferencias visitando el enlace de exclusi\u00f3n correspondiente (si est\u00e1 disponible), utilizando las herramientas descritas en la pol\u00edtica de privacidad del tercero o contactando directamente con el tercero.<\/p>\n\n<h4 class=\"wp-block-heading\">Para encontrar las configuraciones relacionadas con las Herramientas de Rastreo:<\/h4>\n\n<p>Los Usuarios pueden, por ejemplo, encontrar informaci\u00f3n sobre c\u00f3mo gestionar las cookies en algunos de los navegadores m\u00e1s populares en las siguientes direcciones:<\/p>\n\n<ul class=\"wp-block-list\">\n<li><a href=\"https:\/\/support.google.com\/chrome\/answer\/95647?hl=it&amp;p=cpn_cookies\" target=\"_blank\" rel=\"noreferrer noopener\">Google Chrome<\/a><\/li>\n\n\n\n<li><a href=\"https:\/\/support.mozilla.org\/it\/kb\/Attivare%20e%20disattivare%20i%20cookie\" target=\"_blank\" rel=\"noreferrer noopener\">Mozilla Firefox<\/a><\/li>\n\n\n\n<li><a href=\"https:\/\/support.apple.com\/it-it\/guide\/safari\/manage-cookies-and-website-data-sfri11471\/\" target=\"_blank\" rel=\"noreferrer noopener\">Apple Safari<\/a><\/li>\n\n\n\n<li><a href=\"http:\/\/windows.microsoft.com\/it-it\/windows-vista\/block-or-allow-cookies\" target=\"_blank\" rel=\"noreferrer noopener\">Microsoft Internet Explorer<\/a><\/li>\n\n\n\n<li><a href=\"https:\/\/support.microsoft.com\/it-it\/help\/4027947\" target=\"_blank\" rel=\"noreferrer noopener\">Microsoft Edge<\/a><\/li>\n\n\n\n<li><a href=\"https:\/\/support.brave.com\/hc\/articles\/360022806212-How-do-I-use-Shields-while-browsing\" target=\"_blank\" rel=\"noreferrer noopener\">Brave<\/a><\/li>\n\n\n\n<li><a href=\"https:\/\/help.opera.com\/latest\/web-preferences\/#cookies\" target=\"_blank\" rel=\"noreferrer noopener\">Opera<\/a><\/li>\n<\/ul>\n\n<p>Los Usuarios tambi\u00e9n pueden gestionar algunas Herramientas de Rastreo para aplicaciones m\u00f3viles desactiv\u00e1ndolas a trav\u00e9s de las configuraciones espec\u00edficas del dispositivo, como las configuraciones de publicidad para dispositivos m\u00f3viles o las configuraciones relacionadas con el seguimiento en general (los Usuarios pueden consultar las configuraciones del dispositivo para encontrar la opci\u00f3n relevante).<\/p>\n\n<h4 class=\"wp-block-heading\">Conseguencias relacionadas con el rechazo del uso de Herramientas de Rastreo<\/h4>\n\n<p>Los usuarios son libres de decidir si permiten o no el uso de Herramientas de Rastreo. Sin embargo, es importante destacar que las Herramientas de Rastreo permiten a este Sitio Web proporcionar a los Usuarios una mejor experiencia y funciones avanzadas (de acuerdo con los prop\u00f3sitos establecidos en este documento). Por lo tanto, si el Usuario decide bloquear el uso de Herramientas de Rastreo, es posible que el Titular no pueda proporcionar las funciones relacionadas.<\/p>\n\n<h3 class=\"wp-block-heading\"><a><\/a>Responsable del Tratamiento de Datos<\/h3>\n\n<p>Associazione Sportiva Dilettantistica<br\/>NORDIC WALKING ANDRATE<br\/>Piazza Fraschetto<br\/>10010 &#8211; Andrate (TO)<\/p>\n\n<p><strong>Correo electr\u00f3nico del Responsable<\/strong>: info@camminodonbosco.eu<\/p>\n\n<p>Dado que el uso de Herramientas de Rastreo de terceros en este Sitio Web no puede ser completamente controlado por el Titular, cualquier referencia espec\u00edfica a Herramientas de Rastreo de terceros debe considerarse indicativa. Para obtener informaci\u00f3n completa, se invita amablemente a los Usuarios a consultar la pol\u00edtica de privacidad de los servicios de terceros mencionados en este documento.<\/p>\n\n<p>Dada la complejidad objetiva en la identificaci\u00f3n de las tecnolog\u00edas de seguimiento, se invita a los Usuarios a ponerse en contacto con el Titular si desean recibir informaci\u00f3n adicional sobre el uso de dichas tecnolog\u00edas en este Sitio Web.<\/p>\n\n<h3 class=\"wp-block-heading\">Definiciones y referencias legales<\/h3>\n\n<h4 class=\"wp-block-heading\">Datos Personales (o Datos)<\/h4>\n\n<p>Se considera dato personal cualquier informaci\u00f3n que, directa o indirectamente, incluso en relaci\u00f3n con cualquier otra informaci\u00f3n, incluido un n\u00famero de identificaci\u00f3n personal, permita identificar o identificar a una persona f\u00edsica.<\/p>\n\n<h4 class=\"wp-block-heading\">Datos de Uso<\/h4>\n\n<p>Son informaci\u00f3n recopilada autom\u00e1ticamente a trav\u00e9s de este Sitio Web (tambi\u00e9n desde aplicaciones de terceros integradas en este Sitio Web), que incluye: las direcciones IP o los nombres de dominio de las computadoras utilizadas por el Usuario que se conecta a este Sitio Web, las direcciones en notaci\u00f3n URI (Uniform Resource Identifier), la hora de la solicitud, el m\u00e9todo utilizado para enviar la solicitud al servidor, el tama\u00f1o del archivo obtenido en respuesta, el c\u00f3digo num\u00e9rico que indica el estado de la respuesta del servidor (\u00e9xito, error, etc.), el pa\u00eds de origen, las caracter\u00edsticas del navegador y el sistema operativo utilizados por el visitante, las diferentes connotaciones temporales de la visita (por ejemplo, el tiempo de permanencia en cada p\u00e1gina) y los detalles relacionados con la ruta seguida dentro de la Aplicaci\u00f3n, con referencia particular a la secuencia de p\u00e1ginas consultadas, los par\u00e1metros del sistema operativo y el entorno inform\u00e1tico del Usuario.<\/p>\n\n<h4 class=\"wp-block-heading\">Usuario<\/h4>\n\n<p>La persona que utiliza este Sitio Web, que, salvo que se especifique lo contrario, coincide con el Interesado.<\/p>\n\n<h4 class=\"wp-block-heading\">Interesado<\/h4>\n\n<p>La persona f\u00edsica a la que se refieren los Datos Personales.<\/p>\n\n<h4 class=\"wp-block-heading\">Responsable del Tratamiento (o Responsable)<\/h4>\n\n<p>La persona f\u00edsica, jur\u00eddica, la administraci\u00f3n p\u00fablica y cualquier otro organismo que trate Datos Personales en nombre del Responsable, seg\u00fan se expone en esta pol\u00edtica de privacidad.<\/p>\n\n<h4 class=\"wp-block-heading\">Titular del Tratamiento (o Titular)<\/h4>\n\n<p>La persona f\u00edsica o jur\u00eddica, la autoridad p\u00fablica, el servicio u otro organismo que, de manera individual o junto con otros, determina los fines y medios del tratamiento de Datos Personales y las herramientas adoptadas, incluidas las medidas de seguridad relacionadas con el funcionamiento y el uso de este Sitio Web. El Titular del Tratamiento, salvo que se especifique lo contrario, es el titular de este Sitio Web.<\/p>\n\n<h4 class=\"wp-block-heading\">Este Sitio Web (o esta Aplicaci\u00f3n)<\/h4>\n\n<p>La herramienta de hardware o software mediante la cual se recopilan y procesan los Datos Personales de los Usuarios.<\/p>\n\n<h4 class=\"wp-block-heading\">Servicio<\/h4>\n\n<p>El Servicio proporcionado por este Sitio Web, tal como se define en los t\u00e9rminos correspondientes (si los hubiera) en este sitio\/aplicaci\u00f3n.<\/p>\n\n<h4 class=\"wp-block-heading\">Uni\u00f3n Europea (UE)<\/h4>\n\n<p>Salvo que se especifique lo contrario, cualquier referencia a la Uni\u00f3n Europea en este documento se entender\u00e1 extendida a todos los Estados miembros actuales de la Uni\u00f3n Europea y del Espacio Econ\u00f3mico Europeo.<\/p>\n\n<h4 class=\"wp-block-heading\">Cookie<\/h4>\n\n<p>Las cookies son herramientas de seguimiento que consisten en peque\u00f1as porciones de datos almacenadas dentro del navegador del Usuario.<\/p>\n\n<h4 class=\"wp-block-heading\">Herramienta de seguimiento<\/h4>\n\n<p>Por herramienta de seguimiento se entiende cualquier tecnolog\u00eda, como cookies, identificadores \u00fanicos, balizas web, scripts integrados, etiquetas E-tag y huellas digitales, que permita rastrear a los Usuarios, por ejemplo, recopilando o almacenando informaci\u00f3n en el dispositivo del Usuario.<\/p>\n\n<hr class=\"wp-block-separator has-alpha-channel-opacity\"\/>\n\n<h4 class=\"wp-block-heading\">Referencias legales.<\/h4>\n\n<p>Salvo que se especifique lo contrario, esta pol\u00edtica de privacidad se refiere exclusivamente a este Sitio Web.<\/p>\n\n<p>\u00daltima modificaci\u00f3n: 10 de enero de 2024.<\/p>\n","protected":false},"excerpt":{"rendered":"<p>Este documento contiene informaci\u00f3n sobre las tecnolog\u00edas que permiten que este Sitio Web alcance los objetivos descritos a continuaci\u00f3n. Estas tecnolog\u00edas permiten al Titular recopilar y almacenar informaci\u00f3n (por ejemplo, mediante el uso de cookies) o utilizar recursos (por ejemplo, ejecutando un script) en el dispositivo del Usuario cuando este interact\u00faa con este Sitio Web. [&hellip;]<\/p>\n","protected":false},"author":1,"featured_media":0,"parent":0,"menu_order":0,"comment_status":"closed","ping_status":"closed","template":"","meta":{"footnotes":""},"class_list":["post-5891","page","type-page","status-publish","hentry"],"_links":{"self":[{"href":"https:\/\/www.camminodonbosco.eu\/es\/wp-json\/wp\/v2\/pages\/5891","targetHints":{"allow":["GET"]}}],"collection":[{"href":"https:\/\/www.camminodonbosco.eu\/es\/wp-json\/wp\/v2\/pages"}],"about":[{"href":"https:\/\/www.camminodonbosco.eu\/es\/wp-json\/wp\/v2\/types\/page"}],"author":[{"embeddable":true,"href":"https:\/\/www.camminodonbosco.eu\/es\/wp-json\/wp\/v2\/users\/1"}],"replies":[{"embeddable":true,"href":"https:\/\/www.camminodonbosco.eu\/es\/wp-json\/wp\/v2\/comments?post=5891"}],"version-history":[{"count":0,"href":"https:\/\/www.camminodonbosco.eu\/es\/wp-json\/wp\/v2\/pages\/5891\/revisions"}],"wp:attachment":[{"href":"https:\/\/www.camminodonbosco.eu\/es\/wp-json\/wp\/v2\/media?parent=5891"}],"curies":[{"name":"wp","href":"https:\/\/api.w.org\/{rel}","templated":true}]}}