{"id":5479,"date":"2022-06-08T11:54:54","date_gmt":"2022-06-08T09:54:54","guid":{"rendered":"https:\/\/www.camminodonbosco.eu\/chemin-haut\/"},"modified":"2024-01-06T17:52:54","modified_gmt":"2024-01-06T16:52:54","slug":"chemin-haut","status":"publish","type":"page","link":"https:\/\/www.camminodonbosco.eu\/fr\/chemin-haut\/","title":{"rendered":"Chemin Haut"},"content":{"rendered":"\n<h1 class=\"wp-block-heading\">\u00c9tape 1 [<a href=\"https:\/\/www.camminodonbosco.eu\/wp-content\/tracce_gpx\/CAT1.gpx\">t\u00e9l\u00e9chargez la trace GPX CAT1<\/a>]<\/h1>\n\n<h2 class=\"wp-block-heading\"><a href=\"https:\/\/www.camminodonbosco.eu\/fr\/du-sanctuaire-de-s-maria-ausiliatrice-a-la-basilique-de-superga\/\" data-type=\"URL\" data-id=\"https:\/\/www.camminodonbosco.eu\/dal-santuario-di-s-maria-ausiliatrice-alla-basilica-di-superga\/\" target=\"_blank\" rel=\"noreferrer noopener\">Du Sanctuaire de S. Maria Ausiliatrice \u00e0 la Basilique de Superga<\/a><\/h2>\n\n<p><em>Excursion \u00e0 travers l&rsquo;histoire de Turin, du lieu de naissance du Chemin jusqu&rsquo;\u00e0 la Basilique de Superga, en longeant le P\u00f4.<\/em><\/p>\n\n<div style=\"height:20px\" aria-hidden=\"true\" class=\"wp-block-spacer\"><\/div>\n\n<h1 class=\"wp-block-heading\">\u00c9tape 2 [<a href=\"https:\/\/www.camminodonbosco.eu\/wp-content\/tracce_gpx\/CAT2.gpx\">t\u00e9l\u00e9chargez la trace GPX CAT2<\/a>]<\/h1>\n\n<h2 class=\"wp-block-heading\"><a href=\"https:\/\/www.camminodonbosco.eu\/fr\/de-la-basilique-de-superga-a-labbaye-de-vezzolano\/\" data-type=\"URL\" data-id=\"https:\/\/www.camminodonbosco.eu\/dalla-basilica-di-superga-allabbazia-di-vezzolano\/\" target=\"_blank\" rel=\"noreferrer noopener\">De la Basilique de Superga \u00e0 l&rsquo;Abbaye de Vezzolano<\/a><\/h2>\n\n<p><em>Le long de l&rsquo;itin\u00e9raire de la Superga-Crea, \u00e0 travers bois, vignobles et ch\u00e2teaux, passant par Bardassano, Sciolze et Cinzano pour atteindre l&rsquo;un des monuments m\u00e9di\u00e9vaux les plus importants du Pi\u00e9mont, l&rsquo;Abbaye de Vezzolano.<\/em><\/p>\n\n<div style=\"height:20px\" aria-hidden=\"true\" class=\"wp-block-spacer\"><\/div>\n\n<h1 class=\"wp-block-heading\">\u00c9tape 3 [<a href=\"https:\/\/www.camminodonbosco.eu\/wp-content\/tracce_gpx\/CAT3.gpx\">t\u00e9l\u00e9chargez la trace GPX CAT3<\/a>]<\/h1>\n\n<h2 class=\"wp-block-heading\"><a href=\"https:\/\/www.camminodonbosco.eu\/fr\/de-labbaye-de-vezzolano-au-colle-don-bosco\/\" data-type=\"URL\" data-id=\"https:\/\/www.camminodonbosco.eu\/dallabbazia-di-vezzolano-al-colle-don-bosco\/\" target=\"_blank\" rel=\"noreferrer noopener\">De l&rsquo;Abbaye de Vezzolano au Colle Don Bosco<\/a><\/h2>\n\n<p><em>Marche \u00e0 travers vignes et bois dans les Terres des Saints, puis travers\u00e9e de Castelnuovo Don Bosco pour arriver au Colle sur le sentier de San Domenico Savio. Cette \u00e9tape est l&rsquo;une des plus belles du Chemin.<\/em><\/p>\n\n<div style=\"height:20px\" aria-hidden=\"true\" class=\"wp-block-spacer\"><\/div>\n\n<h1 class=\"wp-block-heading\">\u00c9tape 3 &#8211; Variante [<a href=\"https:\/\/www.camminodonbosco.eu\/wp-content\/tracce_gpx\/CAT3V.gpx\">t\u00e9l\u00e9chargez la trace GPX CAT3V<\/a>]<\/h1>\n\n<h2 class=\"wp-block-heading\"><a href=\"https:\/\/www.camminodonbosco.eu\/fr\/de-castelnuovo-don-bosco-au-colle-don-bosco\/\" data-type=\"URL\" data-id=\"https:\/\/www.camminodonbosco.eu\/da-castelnuovo-don-bosco-al-colle-don-bosco\/\" target=\"_blank\" rel=\"noreferrer noopener\">De Castelnuovo Don Bosco au Colle Don Bosco<\/a><\/h2>\n\n<p><em>Cette variante offre une alternative pour la deuxi\u00e8me partie de l&rsquo;\u00c9tape 3, la raccourcissant consid\u00e9rablement.<\/em><\/p>\n","protected":false},"excerpt":{"rendered":"<p>\u00c9tape 1 [t\u00e9l\u00e9chargez la trace GPX CAT1] Du Sanctuaire de S. Maria Ausiliatrice \u00e0 la Basilique de Superga Excursion \u00e0 travers l&rsquo;histoire de Turin, du lieu de naissance du Chemin jusqu&rsquo;\u00e0 la Basilique de Superga, en longeant le P\u00f4. \u00c9tape 2 [t\u00e9l\u00e9chargez la trace GPX CAT2] De la Basilique de Superga \u00e0 l&rsquo;Abbaye de Vezzolano [&hellip;]<\/p>\n","protected":false},"author":1,"featured_media":0,"parent":0,"menu_order":0,"comment_status":"closed","ping_status":"closed","template":"","meta":{"footnotes":""},"class_list":["post-5479","page","type-page","status-publish","hentry"],"_links":{"self":[{"href":"https:\/\/www.camminodonbosco.eu\/fr\/wp-json\/wp\/v2\/pages\/5479","targetHints":{"allow":["GET"]}}],"collection":[{"href":"https:\/\/www.camminodonbosco.eu\/fr\/wp-json\/wp\/v2\/pages"}],"about":[{"href":"https:\/\/www.camminodonbosco.eu\/fr\/wp-json\/wp\/v2\/types\/page"}],"author":[{"embeddable":true,"href":"https:\/\/www.camminodonbosco.eu\/fr\/wp-json\/wp\/v2\/users\/1"}],"replies":[{"embeddable":true,"href":"https:\/\/www.camminodonbosco.eu\/fr\/wp-json\/wp\/v2\/comments?post=5479"}],"version-history":[{"count":0,"href":"https:\/\/www.camminodonbosco.eu\/fr\/wp-json\/wp\/v2\/pages\/5479\/revisions"}],"wp:attachment":[{"href":"https:\/\/www.camminodonbosco.eu\/fr\/wp-json\/wp\/v2\/media?parent=5479"}],"curies":[{"name":"wp","href":"https:\/\/api.w.org\/{rel}","templated":true}]}}