{"id":5481,"date":"2022-06-30T15:04:13","date_gmt":"2022-06-30T13:04:13","guid":{"rendered":"https:\/\/www.camminodonbosco.eu\/du-sanctuaire-de-s-maria-ausiliatrice-a-la-basilique-de-superga\/"},"modified":"2024-01-06T19:18:27","modified_gmt":"2024-01-06T18:18:27","slug":"du-sanctuaire-de-s-maria-ausiliatrice-a-la-basilique-de-superga","status":"publish","type":"page","link":"https:\/\/www.camminodonbosco.eu\/fr\/du-sanctuaire-de-s-maria-ausiliatrice-a-la-basilique-de-superga\/","title":{"rendered":"De Sanctuaire de S. Maria Ausiliatrice \u00e0 la Basilique de Superga"},"content":{"rendered":"\n<p><em>Excursion \u00e0 travers l&rsquo;histoire de Turin, du lieu de naissance du Chemin jusqu&rsquo;\u00e0 la Basilique de Superga, en longeant le P\u00f4.<\/em> <\/p>\n\n<div style=\"height:20px\" aria-hidden=\"true\" class=\"wp-block-spacer\"><\/div>\n\n<h2 class=\"wp-block-heading\">Notes techniques<\/h2>\n\n<p><strong>D\u00e9part<\/strong> : Turin, place Maria Ausiliatrice (Sanctuaire de Maria Ausiliatrice, 230 m) <br\/><strong>Arriv\u00e9e<\/strong> : Basilique de Superga (669 m) <br\/><strong>Longueur<\/strong> : 14,1 km <br\/><strong>D\u00e9nivel\u00e9:<\/strong> 490 m <br\/><strong>Difficult\u00e9<\/strong> : excursionniste, parcours plat avec mont\u00e9e finale \u00e0 la basilique <br\/><strong>Restauration<\/strong> : le parcours urbain offre d&rsquo;innombrables possibilit\u00e9s de restauration et d&rsquo;achats (en particulier sur le grand march\u00e9 de Porta Palazzo) jusqu&rsquo;\u00e0 l&rsquo;\u00e9glise de la Madonna del Pilone \u00e0 Lungo Po. De l\u00e0, il n&rsquo;y a plus de magasins \u00e0 proximit\u00e9 du parcours jusqu&rsquo;\u00e0 San Mauro, au d\u00e9but de la mont\u00e9e vers la basilique, puis \u00e0 Superga. <br\/><strong>Eau<\/strong> : les fontaines sont nombreuses dans toute la ville et le long du Lungo Po. La premi\u00e8re est le long de la rivi\u00e8re, juste apr\u00e8s avoir tourn\u00e9 depuis le pont Vittorio Emanuele, les derni\u00e8res avant celles de Superga (\u00e0 gauche de la basilique, \u00e0 la station du funiculaire et \u00e0 c\u00f4t\u00e9 de la trattoria della Societ\u00e0 di Mutuo Soccorso) se trouvent dans la R\u00e9serve du Meisino, pr\u00e8s du tableau d&rsquo;affichage et du Centre \u00e9questre. <\/p>\n\n<div style=\"height:20px\" aria-hidden=\"true\" class=\"wp-block-spacer\"><\/div>\n\n<h2 class=\"wp-block-heading\">Description<\/h2>\n\n<p>Depuis le Sanctuaire de Maria Ausiliatrice (A), rejoignez le corso Regina Margherita, tournez \u00e0 gauche et traversez d&rsquo;abord le Rond\u00f2 d&rsquo;la forca, puis la place de la R\u00e9publique (march\u00e9 de Porta Palazzo, \u00e0 proximit\u00e9 du Sanctuaire de la Consolata). Tournez \u00e0 droite dans la via XX Settembre (Porte Palatine), passez par le Duomo di San Giovanni (Saint-Suaire), puis traversez la place Castello (Palazzo Reale et Palazzo Madama). Continuez dans la via Po (Mole Antonelliana) jusqu&rsquo;\u00e0 la place Vittorio Veneto, puis passez le pont Vittorio Emanuele I (\u00c9glise de la Gran Madre) et tournez \u00e0 gauche dans le corso Moncalieri, longeant le Lungo Po (B, en tournant \u00e0 droite, vous suivez l&rsquo;itin\u00e9raire de l&rsquo;\u00c9tape 1 Torino-Eremo del Cammino basso).   <\/p>\n\n<p>Continuez en privil\u00e9giant les tron\u00e7ons du parcours les plus proches de la rivi\u00e8re, dans une promenade suggestive entre des arbres s\u00e9culaires, jusqu&rsquo;\u00e0 arriver (apr\u00e8s avoir d\u00e9pass\u00e9 le Motovelodromo historique, le monument \u00e0 Fausto Coppi et l&rsquo;\u00e9glise de la Madonna del Pilone) \u00e0 la confluence entre le P\u00f4 et la Dora Riparia. Un peu plus loin, entrez dans la R\u00e9serve naturelle du Meisino : le parcours s&rsquo;\u00e9loigne du cours du P\u00f4 le long de la via Nietzsche en longeant le champ de course militaire, puis tournez \u00e0 gauche sur le chemin de terre \u00e0 la fin de sa cl\u00f4ture et revenez sur la digue. Continuez sur le beau chemin le long du P\u00f4, passez sous l&rsquo;imposante structure du pont Lungo Stura Lazio et continuez en longeant de vastes prairies \u2013 souvent utilis\u00e9es comme p\u00e2turages par des troupeaux \u2013 jusqu&rsquo;au pont du Bajno, d\u00e9di\u00e9 \u00e0 l&rsquo;\u00e9cologiste Alexander Langer.   <\/p>\n\n<p>Tournez \u00e0 droite en montant vers le village pour d\u00e9passer un parking, puis traversez le corso Casale et commencez la mont\u00e9e entre les ch\u00eanes vers Superga le long du Sentiero n. 29, au niveau d&rsquo;un panneau d&rsquo;information. Faites attention au sol et aux passerelles en bois, qui peuvent \u00eatre glissants apr\u00e8s des pr\u00e9cipitations, ainsi qu&rsquo;aux cyclistes, g\u00e9n\u00e9ralement nombreux.   <\/p>\n\n<p>Continuer le long de la portion plane adjacente \u00e0 la cl\u00f4ture de l&rsquo;Institut des Plantes \u00e0 Bois (IPLA, Domaine de Millerose) pour ensuite entrer dans la for\u00eat en franchissant un chemin vallonn\u00e9. Continuer \u00e0 monter en ignorant quelques d\u00e9viations sur la droite jusqu&rsquo;\u00e0 arriver \u00e0 une passerelle en bois, puis rejoindre un chemin qui longe un grand pr\u00e9 et d\u00e9bouche sur le pont Carossera, sur la rivi\u00e8re de Costa Parigi. Suivre le cours d&rsquo;eau pour arriver \u00e0 un premier chemin, tourner \u00e0 gauche pour croiser un deuxi\u00e8me chemin, puis tourner \u00e0 droite pour monter \u00e0 nouveau et rencontrer un chemin plat \u00e0 suivre dans la descente suivante. Passer un gu\u00e9 pav\u00e9 de pierres sur la rivi\u00e8re et reprendre la mont\u00e9e, atteignant une cr\u00eate. Un peu plus loin, quitter le chemin pour suivre un sentier sur la droite, monter le long de la cr\u00eate sur une longue distance (ignorant un sentier sur la gauche) jusqu&rsquo;\u00e0 croiser le chemin du Sentier n. 60. Ignorer le sentier \u00e0 droite et continuer sur la mont\u00e9e raide, par endroits en escalier, pour arriver \u00e0 proximit\u00e9 de quelques b\u00e2timents, puis, arriv\u00e9 \u00e0 une intersection avec des panneaux du Chemin, continuer tout droit sur un chemin alternatif en mont\u00e9e prononc\u00e9e ou tourner \u00e0 droite \u00e0 nouveau sur un sentier plus facile menant \u00e0 une petite route pav\u00e9e, \u00e0 suivre &#8211; en passant sous le passage souterrain du funiculaire de Superga &#8211; jusqu&rsquo;\u00e0 la route vicinale du funiculaire. Continuer \u00e0 gauche pour arriver rapidement \u00e0 la station du funiculaire et de l\u00e0 au parvis de la basilique (C). Depuis le parvis devant la basilique, vous pourrez profiter d&rsquo;une vue unique, de la ville de Turin jusqu&rsquo;\u00e0 la cha\u00eene des Alpes.        <\/p>\n\n<div style=\"height:30px\" aria-hidden=\"true\" class=\"wp-block-spacer\"><\/div>\n\n<div class=\"wp-block-cover is-light\"><span aria-hidden=\"true\" class=\"wp-block-cover__background has-cyan-bluish-gray-background-color has-background-dim\"><\/span><div class=\"wp-block-cover__inner-container is-layout-flow wp-block-cover-is-layout-flow\">\n<h2 class=\"wp-block-heading\">En marchant \u00e0 travers l&rsquo;histoire de Turin.<\/h2>\n\n\n\n<div class=\"wp-block-group is-layout-flow wp-block-group-is-layout-flow\">\n<p><strong>Sanctuaire de Marie Auxiliatrice (XIXe si\u00e8cle) avec le premier Oratoire Don Bosco<\/strong><\/p>\n\n\n\n<p>Ils se dressent dans le quartier de Valdocco, o\u00f9 le Saint avait fond\u00e9 l&rsquo;oratoire pour les gar\u00e7ons pauvres. La basilique, voulue par Don Bosco et consacr\u00e9e en 1846, abrite les restes de saint Jean Bosco et de saint Dominique Savio. <\/p>\n\n\n\n<p><strong>Sanctuaire de la Consolata<\/strong> <strong>(XVII-XIX si\u00e8cles)<\/strong><\/p>\n\n\n\n<p>Le sanctuaire, d&rsquo;une origine tr\u00e8s ancienne, dans son apparence actuelle, est l&rsquo;\u0153uvre de diff\u00e9rents grands architectes (Guarino Guarini, Filippo Juvarra et Carlo Ceppi) ; il poss\u00e8de un clocher roman et abrite le c\u00e9l\u00e8bre tableau repr\u00e9sentant la Vierge \u00e0 l&rsquo;Enfant.<\/p>\n\n\n\n<p><strong>Porte Palatine (Ier si\u00e8cle)<\/strong><\/p>\n\n\n\n<p>Vestiges romains qui constituaient la porte principale d&rsquo;<em>Augusta Taurinorum<\/em>, fond\u00e9e par les Romains en 27 av. J.-C. comme avant-poste de la voie vers les Gaules. Transform\u00e9es \u00e0 l&rsquo;\u00e9poque m\u00e9di\u00e9vale en <em>castrum<\/em> avec des tours, elles font maintenant partie &#8211; avec les restes du th\u00e9\u00e2tre romain &#8211; du Parc Arch\u00e9ologique. <\/p>\n\n\n\n<p><strong>Cath\u00e9drale (XVe si\u00e8cle) et Chapelle du Saint Suaire<\/strong><\/p>\n\n\n\n<p>La cath\u00e9drale, d\u00e9di\u00e9e \u00e0 Saint Jean Baptiste, a \u00e9t\u00e9 construite dans des formes de la Renaissance \u00e0 partir de 1491 sur le site o\u00f9 se dressaient trois basiliques pal\u00e9ochr\u00e9tiennes. Plus tard (1578), elle a \u00e9t\u00e9 agrandie avec la Chapelle du Saint Suaire &#8211; con\u00e7ue par Guarini &#8211; pour abriter le linceul qui enveloppait le corps du Christ apr\u00e8s la crucifixion. <\/p>\n\n\n\n<p><strong>Casaforte d&rsquo;Acaja-Palazzo Madama (XIIIe-XVIIIe si\u00e8cles)<\/strong><\/p>\n\n\n\n<p>Si\u00e8ge du Mus\u00e9e Civique d&rsquo;Art Ancien, il repr\u00e9sente des si\u00e8cles d&rsquo;histoire de Turin qui ont accompagn\u00e9 ses nombreux remaniements, enrichis par les chefs-d&rsquo;\u0153uvre de la fa\u00e7ade, de l&rsquo;escalier et du grand hall, \u0153uvre de Juvarra.<\/p>\n\n\n\n<p><strong>Mole Antonelliana (1889) et Mus\u00e9e national du Cin\u00e9ma<\/strong><\/p>\n\n\n\n<p>La Mole, avec ses 167,5 m\u00e8tres de hauteur, est un b\u00e2timent au style architectural unique abritant le Mus\u00e9e du Cin\u00e9ma. Du sommet, atteint par un ascenseur rapide, elle offre une vue extraordinaire sur la ville et sur le paysage environnant. <\/p>\n\n\n\n<p><strong>\u00c9glise de la Gran Madre di Dio (XIXe si\u00e8cle)<\/strong><\/p>\n\n\n\n<p>\u00c9rig\u00e9e pour c\u00e9l\u00e9brer le retour du roi Emmanuel Ier de Savoie apr\u00e8s la chute de Napol\u00e9on. Un grand escalier donne acc\u00e8s au temple, de forme circulaire. <\/p>\n\n\n\n<p><strong>R\u00e9serve du Meisino<\/strong><\/p>\n\n\n\n<p>C&rsquo;est la r\u00e9serve naturelle urbaine la plus importante en Italie, avec une riche avifaune nidifiante et migratrice.<\/p>\n\n\n\n<p><strong>Basilique de Superga<\/strong><\/p>\n\n\n\n<p>Joyau du baroque \u00e9rig\u00e9 en 1717 par Victor-Am\u00e9d\u00e9e apr\u00e8s la victoire sur les Fran\u00e7ais en 1706. Possibilit\u00e9 de visiter les appartements et les tombes royales. \u00c0 l&rsquo;arri\u00e8re du b\u00e2timent se trouve la plaque comm\u00e9morative rappelant le tragique accident o\u00f9 en 1949 p\u00e9rit l&rsquo;\u00e9quipe du Grande Torino. (<a rel=\"noreferrer noopener\" href=\"http:\/\/www.basilicadisuperga.com\/\" data-type=\"URL\" data-id=\"http:\/\/www.basilicadisuperga.com\/\" target=\"_blank\">basilicadisuperga.com<\/a>)<\/p>\n<\/div>\n<\/div><\/div>\n\n<div style=\"height:30px\" aria-hidden=\"true\" class=\"wp-block-spacer\"><\/div>\n\n<div class=\"wp-block-cover is-light\"><span aria-hidden=\"true\" class=\"wp-block-cover__background has-cyan-bluish-gray-background-color has-background-dim\"><\/span><div class=\"wp-block-cover__inner-container is-layout-flow wp-block-cover-is-layout-flow\">\n<div class=\"wp-block-group is-layout-flow wp-block-group-is-layout-flow\">\n<div class=\"wp-block-group is-layout-flow wp-block-group-is-layout-flow\">\n<h2 class=\"wp-block-heading\">Sur les traces de Don Bosco<\/h2>\n\n\n\n<div class=\"wp-block-group is-layout-flow wp-block-group-is-layout-flow\">\n<div class=\"wp-block-group is-layout-flow wp-block-group-is-layout-flow\">\n<p>Giovanni Bosco re\u00e7ut son sacerdoce en 1841 dans la Chapelle de l&rsquo;Archev\u00each\u00e9 de Turin. Il c\u00e9l\u00e9bra sa premi\u00e8re messe dans l&rsquo;\u00c9glise de San Francesco di Assisi et la seconde dans le Sanctuaire de la Consolata. En novembre 1841, il entra au Coll\u00e8ge \u00e0 Turin, dans un ancien couvent \u00e0 c\u00f4t\u00e9 de l&rsquo;\u00c9glise de San Francesco di Assisi, o\u00f9 il sema la premi\u00e8re graine du futur oratoire lors d&rsquo;une rencontre avec un jeune de la campagne. Ce fut le d\u00e9but d&rsquo;un projet \u00e9ducatif extraordinaire pour les gar\u00e7ons retir\u00e9s de la rue, qui perdure jusqu&rsquo;\u00e0 nos jours en laissant des traces importantes. Don Bosco rassembla autour de lui tous les jeunes en difficult\u00e9 de la r\u00e9gion, des petits ramoneurs aux anciens d\u00e9tenus. Le jour de P\u00e2ques 1846, il trouva une remise avec un pr\u00e9 \u00e0 Valdocco, donnant ainsi naissance \u00e0 l&rsquo;Oratoire : ses comp\u00e9tences d&rsquo;acrobate et de saltimbanque ainsi que ses connaissances pratiques furent fondamentales pour gagner la confiance des gar\u00e7ons, impliqu\u00e9s \u00e9galement dans les c\u00e9l\u00e8bres promenades vers les collines. En 1854, Don Bosco fonda la Soci\u00e9t\u00e9 Sal\u00e9sienne. En 1872, avec Maria Domenica Mazzarello, il fonda l&rsquo;Institut des Filles de Marie Auxiliatrice dans le but d&rsquo;\u00e9duquer la jeunesse f\u00e9minine. Don Bosco d\u00e9c\u00e9da \u00e0 Turin le 31 janvier 1888 et repose au Sanctuaire de Marie Auxiliatrice. Le pape Pie XI le b\u00e9atifia, puis le canonisa le 1er avril 1934, jour de P\u00e2ques.          <\/p>\n<\/div>\n<\/div>\n<\/div>\n\n\n\n<p><strong>Mus\u00e9e d&rsquo;Histoire Naturelle Don Bosco (viale Thovez 37, Turin)<\/strong> <\/p>\n\n\n\n<p>Sur la colline de Val Salice \u00e0 Turin se trouve l&rsquo;Institut scolaire Salesien Valsalice : construit par les Fr\u00e8res des \u00c9coles Chr\u00e9tiennes entre 1857 et 1861 comme lieu de vill\u00e9giature du \u00ab\u00a0Coll\u00e8ge des nobles\u00a0\u00bb, le b\u00e2timent fut repris en 1872 par Don Bosco &#8211; sur ordre du fonctionnaire eccl\u00e9siastique ordinaire du lieu &#8211; qui en fit en 1887 un s\u00e9minaire philosophique pour ses clercs sous le nom de \u00ab\u00a0S\u00e9minaire des Missions \u00c9trang\u00e8res\u00a0\u00bb. Le troisi\u00e8me et quatri\u00e8me \u00e9tage de la structure abritent le Mus\u00e9e d&rsquo;Histoire Naturelle Don Bosco &#8211; fond\u00e9 par Saint Jean Bosco et inaugur\u00e9 le 5 juillet 1879 &#8211; fruit de l&rsquo;activit\u00e9 du chanoine turinois et coop\u00e9rateur sal\u00e9sien Gian Battista Giordano, qui a rassembl\u00e9 un important patrimoine naturaliste. Le petit mus\u00e9e propose au visiteur des milliers d&rsquo;\u00e9chantillons min\u00e9raux, des sp\u00e9cimens p\u00e9trographiques, des expositions botaniques, zoologiques et arch\u00e9ologiques. On y trouve \u00e9galement la tombe de Don Bosco, o\u00f9 les restes du pr\u00eatre sont rest\u00e9s jusqu&rsquo;\u00e0 sa b\u00e9atification en 1929.   <\/p>\n<\/div>\n<\/div><\/div>\n\n<div style=\"height:30px\" aria-hidden=\"true\" class=\"wp-block-spacer\"><\/div>\n\n<h2 class=\"wp-block-heading\">Carte<\/h2>\n\n<figure data-wp-context=\"{&quot;imageId&quot;:&quot;6a05f6b738a34&quot;}\" data-wp-interactive=\"core\/image\" data-wp-key=\"6a05f6b738a34\" class=\"wp-block-image size-full wp-lightbox-container\"><img fetchpriority=\"high\" decoding=\"async\" width=\"2437\" height=\"1190\" data-wp-class--hide=\"state.isContentHidden\" data-wp-class--show=\"state.isContentVisible\" data-wp-init=\"callbacks.setButtonStyles\" data-wp-on--click=\"actions.showLightbox\" data-wp-on--load=\"callbacks.setButtonStyles\" data-wp-on-window--resize=\"callbacks.setButtonStyles\" src=\"https:\/\/www.camminodonbosco.eu\/wp-content\/uploads\/2024\/01\/Tappa-1-Alto-Medio.jpg\" alt=\"\" class=\"wp-image-4969\" style=\"object-fit:cover\" srcset=\"https:\/\/www.camminodonbosco.eu\/wp-content\/uploads\/2024\/01\/Tappa-1-Alto-Medio.jpg 2437w, https:\/\/www.camminodonbosco.eu\/wp-content\/uploads\/2024\/01\/Tappa-1-Alto-Medio-300x146.jpg 300w, https:\/\/www.camminodonbosco.eu\/wp-content\/uploads\/2024\/01\/Tappa-1-Alto-Medio-1024x500.jpg 1024w, https:\/\/www.camminodonbosco.eu\/wp-content\/uploads\/2024\/01\/Tappa-1-Alto-Medio-768x375.jpg 768w, https:\/\/www.camminodonbosco.eu\/wp-content\/uploads\/2024\/01\/Tappa-1-Alto-Medio-1536x750.jpg 1536w, https:\/\/www.camminodonbosco.eu\/wp-content\/uploads\/2024\/01\/Tappa-1-Alto-Medio-2048x1000.jpg 2048w\" sizes=\"(max-width: 2437px) 100vw, 2437px\" \/><button\n\t\t\tclass=\"lightbox-trigger\"\n\t\t\ttype=\"button\"\n\t\t\taria-haspopup=\"dialog\"\n\t\t\taria-label=\"Agrandir\"\n\t\t\tdata-wp-init=\"callbacks.initTriggerButton\"\n\t\t\tdata-wp-on--click=\"actions.showLightbox\"\n\t\t\tdata-wp-style--right=\"state.imageButtonRight\"\n\t\t\tdata-wp-style--top=\"state.imageButtonTop\"\n\t\t>\n\t\t\t<svg xmlns=\"http:\/\/www.w3.org\/2000\/svg\" width=\"12\" height=\"12\" fill=\"none\" viewBox=\"0 0 12 12\">\n\t\t\t\t<path fill=\"#fff\" d=\"M2 0a2 2 0 0 0-2 2v2h1.5V2a.5.5 0 0 1 .5-.5h2V0H2Zm2 10.5H2a.5.5 0 0 1-.5-.5V8H0v2a2 2 0 0 0 2 2h2v-1.5ZM8 12v-1.5h2a.5.5 0 0 0 .5-.5V8H12v2a2 2 0 0 1-2 2H8Zm2-12a2 2 0 0 1 2 2v2h-1.5V2a.5.5 0 0 0-.5-.5H8V0h2Z\" \/>\n\t\t\t<\/svg>\n\t\t<\/button><\/figure>\n","protected":false},"excerpt":{"rendered":"<p>Excursion \u00e0 travers l&rsquo;histoire de Turin, du lieu de naissance du Chemin jusqu&rsquo;\u00e0 la Basilique de Superga, en longeant le P\u00f4. Notes techniques D\u00e9part : Turin, place Maria Ausiliatrice (Sanctuaire de Maria Ausiliatrice, 230 m) Arriv\u00e9e : Basilique de Superga (669 m) Longueur : 14,1 km D\u00e9nivel\u00e9: 490 m Difficult\u00e9 : excursionniste, parcours plat avec [&hellip;]<\/p>\n","protected":false},"author":1,"featured_media":0,"parent":0,"menu_order":0,"comment_status":"closed","ping_status":"closed","template":"","meta":{"footnotes":""},"class_list":["post-5481","page","type-page","status-publish","hentry"],"_links":{"self":[{"href":"https:\/\/www.camminodonbosco.eu\/fr\/wp-json\/wp\/v2\/pages\/5481","targetHints":{"allow":["GET"]}}],"collection":[{"href":"https:\/\/www.camminodonbosco.eu\/fr\/wp-json\/wp\/v2\/pages"}],"about":[{"href":"https:\/\/www.camminodonbosco.eu\/fr\/wp-json\/wp\/v2\/types\/page"}],"author":[{"embeddable":true,"href":"https:\/\/www.camminodonbosco.eu\/fr\/wp-json\/wp\/v2\/users\/1"}],"replies":[{"embeddable":true,"href":"https:\/\/www.camminodonbosco.eu\/fr\/wp-json\/wp\/v2\/comments?post=5481"}],"version-history":[{"count":0,"href":"https:\/\/www.camminodonbosco.eu\/fr\/wp-json\/wp\/v2\/pages\/5481\/revisions"}],"wp:attachment":[{"href":"https:\/\/www.camminodonbosco.eu\/fr\/wp-json\/wp\/v2\/media?parent=5481"}],"curies":[{"name":"wp","href":"https:\/\/api.w.org\/{rel}","templated":true}]}}