{"id":5489,"date":"2022-06-30T15:11:20","date_gmt":"2022-06-30T13:11:20","guid":{"rendered":"https:\/\/www.camminodonbosco.eu\/de-castelnuovo-don-bosco-au-colle-don-bosco\/"},"modified":"2024-02-21T22:02:14","modified_gmt":"2024-02-21T21:02:14","slug":"de-castelnuovo-don-bosco-au-colle-don-bosco","status":"publish","type":"page","link":"https:\/\/www.camminodonbosco.eu\/fr\/de-castelnuovo-don-bosco-au-colle-don-bosco\/","title":{"rendered":"De Castelnuovo Don Bosco au Colle Don Bosco"},"content":{"rendered":"\n<p><em>Cette variante offre une alternative pour la deuxi\u00e8me partie de l&rsquo;\u00c9tape 3, la raccourcissant consid\u00e9rablement.<\/em><\/p>\n\n<div style=\"height:20px\" aria-hidden=\"true\" class=\"wp-block-spacer\"><\/div>\n\n<h2 class=\"wp-block-heading\">Notes techniques<\/h2>\n\n<p><strong>D\u00e9part<\/strong>: Castelnuovo Don Bosco, piazza Dante (245 m)<br\/><strong>Arriv\u00e9e<\/strong>: Colle Don Bosco (245 m)<br\/><strong>Longueur<\/strong>: 7,0 km<br\/><strong>D\u00e9nivel\u00e9<\/strong>: 80 m<br\/><strong>Difficult\u00e9<\/strong> : randonn\u00e9e, itin\u00e9raire initialement urbain, avec une l\u00e9g\u00e8re mont\u00e9e et une section finale plane.<br\/><strong>Restauration<\/strong> : apr\u00e8s avoir quitt\u00e9 Castelnuovo, il n&rsquo;y a pas de possibilit\u00e9 de restauration.<br\/><strong>Eau<\/strong> : \u00e0 Castelnuovo Don Bosco (Casetta H2O sur la place Italia, fontaines dans la via Monsignor Bertagna et via Valdocco), Morialdo (Oasis de spiritualit\u00e9 devant l&rsquo;\u00e9glise San Pietro) et 3 fontaines \u00e0 Colle Don Bosco<\/p>\n\n<div style=\"height:20px\" aria-hidden=\"true\" class=\"wp-block-spacer\"><\/div>\n\n<h2 class=\"wp-block-heading\">Description<\/h2>\n\n<p>Cette variante repr\u00e9sente le chemin le plus court vers Colle Don Bosco, mais aussi le moins pittoresque. En quittant la place Dante (<strong>G<\/strong>) en direction de Colle Don Bosco, continuez toujours tout droit le long de la via San Giovanni, en laissant sur la droite la Cantina Sociale Terre dei Santi et sur la gauche la station des carabiniers. Peu apr\u00e8s, un chemin pi\u00e9ton prot\u00e9g\u00e9 m\u00e8ne \u00e0 un grand rond-point. Ici, juste avant les \u00e9coles, il est n\u00e9cessaire de traverser en changeant de direction avec un virage \u00e0 gauche \u00e0 angle droit, et de parcourir une courte section asphalt\u00e9e commune au Sentiero n. 101, en faisant attention \u00e0 la circulation intense. Ensuite, \u00e0 environ 1 km du d\u00e9part, tournez \u00e0 droite sur un chemin en terre. Imm\u00e9diatement apr\u00e8s, au premier croisement, quittez le Sentiero n. 101 pour monter \u00e0 gauche sur un sentier initialement en mauvais \u00e9tat puis en meilleures conditions, passant entre de magnifiques vignobles pr\u00e8s des Cascine Genevratto, Becci et Gavotto pour finalement d\u00e9boucher (apr\u00e8s avoir parcouru environ 1,8 km) sur la soi-disant Strada del Papa, am\u00e9lior\u00e9e en 1988 pour la visite du pape Jean-Paul II. Tournez \u00e0 droite ici et continuez tout droit sur une route goudronn\u00e9e sur 2,6 km jusqu&rsquo;\u00e0 Morialdo (\u00e9glise San Pietro avec Oasis de spiritualit\u00e9, Maison de San Domenico Savio), pour enfin arriver au Colle (<strong>H<\/strong>) apr\u00e8s avoir parcouru encore 1,5 km.        <\/p>\n\n<div style=\"height:20px\" aria-hidden=\"true\" class=\"wp-block-spacer\"><\/div>\n\n<h2 class=\"wp-block-heading\">Carte<\/h2>\n\n<figure data-wp-context=\"{&quot;imageId&quot;:&quot;69f19e16295b2&quot;}\" data-wp-interactive=\"core\/image\" data-wp-key=\"69f19e16295b2\" class=\"wp-block-image size-full wp-lightbox-container\"><img fetchpriority=\"high\" decoding=\"async\" width=\"1197\" height=\"2560\" data-wp-class--hide=\"state.isContentHidden\" data-wp-class--show=\"state.isContentVisible\" data-wp-init=\"callbacks.setButtonStyles\" data-wp-on--click=\"actions.showLightbox\" data-wp-on--load=\"callbacks.setButtonStyles\" data-wp-on-window--resize=\"callbacks.setButtonStyles\" src=\"https:\/\/www.camminodonbosco.eu\/wp-content\/uploads\/2024\/01\/Tappa-3-3Var-Alto-1-scaled.jpg\" alt=\"\" class=\"wp-image-4998\" style=\"object-fit:cover\" srcset=\"https:\/\/www.camminodonbosco.eu\/wp-content\/uploads\/2024\/01\/Tappa-3-3Var-Alto-1-scaled.jpg 1197w, https:\/\/www.camminodonbosco.eu\/wp-content\/uploads\/2024\/01\/Tappa-3-3Var-Alto-1-140x300.jpg 140w, https:\/\/www.camminodonbosco.eu\/wp-content\/uploads\/2024\/01\/Tappa-3-3Var-Alto-1-479x1024.jpg 479w, https:\/\/www.camminodonbosco.eu\/wp-content\/uploads\/2024\/01\/Tappa-3-3Var-Alto-1-768x1642.jpg 768w, https:\/\/www.camminodonbosco.eu\/wp-content\/uploads\/2024\/01\/Tappa-3-3Var-Alto-1-718x1536.jpg 718w, https:\/\/www.camminodonbosco.eu\/wp-content\/uploads\/2024\/01\/Tappa-3-3Var-Alto-1-958x2048.jpg 958w\" sizes=\"(max-width: 1197px) 100vw, 1197px\" \/><button\n\t\t\tclass=\"lightbox-trigger\"\n\t\t\ttype=\"button\"\n\t\t\taria-haspopup=\"dialog\"\n\t\t\taria-label=\"Agrandir\"\n\t\t\tdata-wp-init=\"callbacks.initTriggerButton\"\n\t\t\tdata-wp-on--click=\"actions.showLightbox\"\n\t\t\tdata-wp-style--right=\"state.imageButtonRight\"\n\t\t\tdata-wp-style--top=\"state.imageButtonTop\"\n\t\t>\n\t\t\t<svg xmlns=\"http:\/\/www.w3.org\/2000\/svg\" width=\"12\" height=\"12\" fill=\"none\" viewBox=\"0 0 12 12\">\n\t\t\t\t<path fill=\"#fff\" d=\"M2 0a2 2 0 0 0-2 2v2h1.5V2a.5.5 0 0 1 .5-.5h2V0H2Zm2 10.5H2a.5.5 0 0 1-.5-.5V8H0v2a2 2 0 0 0 2 2h2v-1.5ZM8 12v-1.5h2a.5.5 0 0 0 .5-.5V8H12v2a2 2 0 0 1-2 2H8Zm2-12a2 2 0 0 1 2 2v2h-1.5V2a.5.5 0 0 0-.5-.5H8V0h2Z\" \/>\n\t\t\t<\/svg>\n\t\t<\/button><\/figure>\n","protected":false},"excerpt":{"rendered":"<p>Cette variante offre une alternative pour la deuxi\u00e8me partie de l&rsquo;\u00c9tape 3, la raccourcissant consid\u00e9rablement. Notes techniques D\u00e9part: Castelnuovo Don Bosco, piazza Dante (245 m)Arriv\u00e9e: Colle Don Bosco (245 m)Longueur: 7,0 kmD\u00e9nivel\u00e9: 80 mDifficult\u00e9 : randonn\u00e9e, itin\u00e9raire initialement urbain, avec une l\u00e9g\u00e8re mont\u00e9e et une section finale plane.Restauration : apr\u00e8s avoir quitt\u00e9 Castelnuovo, il n&rsquo;y [&hellip;]<\/p>\n","protected":false},"author":1,"featured_media":0,"parent":0,"menu_order":0,"comment_status":"closed","ping_status":"closed","template":"","meta":{"footnotes":""},"class_list":["post-5489","page","type-page","status-publish","hentry"],"_links":{"self":[{"href":"https:\/\/www.camminodonbosco.eu\/fr\/wp-json\/wp\/v2\/pages\/5489","targetHints":{"allow":["GET"]}}],"collection":[{"href":"https:\/\/www.camminodonbosco.eu\/fr\/wp-json\/wp\/v2\/pages"}],"about":[{"href":"https:\/\/www.camminodonbosco.eu\/fr\/wp-json\/wp\/v2\/types\/page"}],"author":[{"embeddable":true,"href":"https:\/\/www.camminodonbosco.eu\/fr\/wp-json\/wp\/v2\/users\/1"}],"replies":[{"embeddable":true,"href":"https:\/\/www.camminodonbosco.eu\/fr\/wp-json\/wp\/v2\/comments?post=5489"}],"version-history":[{"count":0,"href":"https:\/\/www.camminodonbosco.eu\/fr\/wp-json\/wp\/v2\/pages\/5489\/revisions"}],"wp:attachment":[{"href":"https:\/\/www.camminodonbosco.eu\/fr\/wp-json\/wp\/v2\/media?parent=5489"}],"curies":[{"name":"wp","href":"https:\/\/api.w.org\/{rel}","templated":true}]}}