{"id":5493,"date":"2022-06-24T17:41:38","date_gmt":"2022-06-24T15:41:38","guid":{"rendered":"https:\/\/www.camminodonbosco.eu\/chemin-moyen\/"},"modified":"2024-01-06T18:23:11","modified_gmt":"2024-01-06T17:23:11","slug":"chemin-moyen","status":"publish","type":"page","link":"https:\/\/www.camminodonbosco.eu\/fr\/chemin-moyen\/","title":{"rendered":"Chemin Moyen"},"content":{"rendered":"\n<h1 class=\"wp-block-heading\">\u00c9tape 1 [<a href=\"https:\/\/www.camminodonbosco.eu\/wp-content\/tracce_gpx\/CMT1.gpx\">t\u00e9l\u00e9chargez la trace gpx CMT1<\/a>]<\/h1>\n\n<h2 class=\"wp-block-heading\"><a href=\"https:\/\/www.camminodonbosco.eu\/fr\/du-sanctuaire-de-s-maria-ausiliatrice-a-la-basilique-de-superga\/\" data-type=\"URL\" data-id=\"https:\/\/www.camminodonbosco.eu\/dal-santuario-di-s-maria-ausiliatrice-alla-basilica-di-superga\/\" target=\"_blank\" rel=\"noreferrer noopener\">De Sanctuaire de S. Maria Ausiliatrice \u00e0 la Basilique de Superga<\/a><\/h2>\n\n<p><em>Co\u00efncide avec la premi\u00e8re \u00e9tape du Chemin haut.<\/em><\/p>\n\n<div style=\"height:20px\" aria-hidden=\"true\" class=\"wp-block-spacer\"><\/div>\n\n<h1 class=\"wp-block-heading\">\u00c9tape 2 [<a href=\"https:\/\/www.camminodonbosco.eu\/wp-content\/tracce_gpx\/CMT2.gpx\">t\u00e9l\u00e9chargez la trace gpx CMT2<\/a>]<\/h1>\n\n<h2 class=\"wp-block-heading\"><a href=\"https:\/\/www.camminodonbosco.eu\/fr\/de-la-basilique-de-superga-a-la-fraction-tetti-chiaffredo-di-arignano\/\" data-type=\"URL\" data-id=\"https:\/\/www.camminodonbosco.eu\/dalla-basilica-di-superga-alla-frazione-tetti-chiaffredo-di-arignano\/\" target=\"_blank\" rel=\"noreferrer noopener\">De la Basilique de Superga \u00e0 la fraction Tetti Chiaffredo di Arignano<\/a><\/h2>\n\n<p><em>De ch\u00e2teau en ch\u00e2teau, vers le Lac d&rsquo;Arignano.<\/em><\/p>\n\n<div style=\"height:20px\" aria-hidden=\"true\" class=\"wp-block-spacer\"><\/div>\n\n<h1 class=\"wp-block-heading\">\u00c9tape 3 [<a href=\"https:\/\/www.camminodonbosco.eu\/wp-content\/tracce_gpx\/CMT3.gpx\">t\u00e9l\u00e9chargez la trace gpx CMT3<\/a>]<\/h1>\n\n<h2 class=\"wp-block-heading\"><a href=\"https:\/\/www.camminodonbosco.eu\/fr\/de-la-fraction-tetti-chiaffedo-di-arignano-au-colle-don-bosco\/\" data-type=\"URL\" data-id=\"https:\/\/www.camminodonbosco.eu\/dalla-frazione-tetti-chiaffedo-di-arignano-al-colle-don-bosco\/\" target=\"_blank\" rel=\"noreferrer noopener\">De la fraction Tetti Chiaffedo di Arignano au Colle Don Bosco<\/a><\/h2>\n\n<p><em>Parmi de magnifiques vignobles et petites vall\u00e9es jusqu&rsquo;au Colle Don Bosco, en passant par la Cascina Moglia et la fraction Serra di Buttigliera d\u2019Asti.<\/em><\/p>\n","protected":false},"excerpt":{"rendered":"<p>\u00c9tape 1 [t\u00e9l\u00e9chargez la trace gpx CMT1] De Sanctuaire de S. Maria Ausiliatrice \u00e0 la Basilique de Superga Co\u00efncide avec la premi\u00e8re \u00e9tape du Chemin haut. \u00c9tape 2 [t\u00e9l\u00e9chargez la trace gpx CMT2] De la Basilique de Superga \u00e0 la fraction Tetti Chiaffredo di Arignano De ch\u00e2teau en ch\u00e2teau, vers le Lac d&rsquo;Arignano. \u00c9tape 3 [&hellip;]<\/p>\n","protected":false},"author":1,"featured_media":0,"parent":0,"menu_order":0,"comment_status":"closed","ping_status":"closed","template":"","meta":{"footnotes":""},"class_list":["post-5493","page","type-page","status-publish","hentry"],"_links":{"self":[{"href":"https:\/\/www.camminodonbosco.eu\/fr\/wp-json\/wp\/v2\/pages\/5493","targetHints":{"allow":["GET"]}}],"collection":[{"href":"https:\/\/www.camminodonbosco.eu\/fr\/wp-json\/wp\/v2\/pages"}],"about":[{"href":"https:\/\/www.camminodonbosco.eu\/fr\/wp-json\/wp\/v2\/types\/page"}],"author":[{"embeddable":true,"href":"https:\/\/www.camminodonbosco.eu\/fr\/wp-json\/wp\/v2\/users\/1"}],"replies":[{"embeddable":true,"href":"https:\/\/www.camminodonbosco.eu\/fr\/wp-json\/wp\/v2\/comments?post=5493"}],"version-history":[{"count":0,"href":"https:\/\/www.camminodonbosco.eu\/fr\/wp-json\/wp\/v2\/pages\/5493\/revisions"}],"wp:attachment":[{"href":"https:\/\/www.camminodonbosco.eu\/fr\/wp-json\/wp\/v2\/media?parent=5493"}],"curies":[{"name":"wp","href":"https:\/\/api.w.org\/{rel}","templated":true}]}}