{"id":5501,"date":"2022-06-30T15:15:06","date_gmt":"2022-06-30T13:15:06","guid":{"rendered":"https:\/\/www.camminodonbosco.eu\/de-la-basilique-de-superga-a-la-fraction-tetti-chiaffredo-di-arignano\/"},"modified":"2024-02-21T22:10:56","modified_gmt":"2024-02-21T21:10:56","slug":"de-la-basilique-de-superga-a-la-fraction-tetti-chiaffredo-di-arignano","status":"publish","type":"page","link":"https:\/\/www.camminodonbosco.eu\/fr\/de-la-basilique-de-superga-a-la-fraction-tetti-chiaffredo-di-arignano\/","title":{"rendered":"De la Basilique de Superga \u00e0 la fraction Tetti Chiaffredo di Arignano"},"content":{"rendered":"\n<p><em>De ch\u00e2teau en ch\u00e2teau, vers le Lac d&rsquo;Arignano.<\/em><\/p>\n\n<div style=\"height:20px\" aria-hidden=\"true\" class=\"wp-block-spacer\"><\/div>\n\n<h2 class=\"wp-block-heading\">Notes techniques<\/h2>\n\n<p><strong>D\u00e9part<\/strong>: Basilica di Superga (669 m)<br\/><strong>Arriv\u00e9e<\/strong>: Arignano, frazione Tetti Chiaffredo (345 m)<br\/><strong>Longueur<\/strong>: 20,2 km<br\/><strong>D\u00e9nivel\u00e9<\/strong>: 317 m<br\/><strong>Difficult\u00e9<\/strong> : excursionniste, parcours vallonn\u00e9<br\/><strong>Restauration<\/strong> : possibilit\u00e9 de restauration \u00e0 Baldissero, Pavarolo et Marentino<br\/><strong>Eau<\/strong> : fontaine \u00e0 Superga et avant le Bric Paluc, puis \u00e0 Baldissero (Giardino San Giuliano), Pavarolo (Casetta H2O via Maestra, fontaine place San Defendente), Montaldo (Casetta H2O place Superga, fontaine place Fornace) et Marentino (Casetta H2O place Giardino et fontaine place Avuglione)<\/p>\n\n<div style=\"height:20px\" aria-hidden=\"true\" class=\"wp-block-spacer\"><\/div>\n\n<h2 class=\"wp-block-heading\">Description<\/h2>\n\n<p>Suivez la description de l&rsquo;\u00c9tape 2 du Chemin haut pour arriver au carrefour en-dessous du Bric Croce (point <strong>D<\/strong>). Tournez \u00e0 droite ici et descendez par le Sentier n. 51, traversant une zone bois\u00e9e riche en ch\u00eanes et ch\u00eanes verts, sur un parcours par endroits difficile qui devient particuli\u00e8rement glissant en cas de pr\u00e9cipitations. Apr\u00e8s environ 300 m, le sentier continue sur une piste plus facile, \u00e0 travers des zones cultiv\u00e9es, des vergers et des vignobles. Ignorant toutes les d\u00e9viations, continuez \u00e0 descendre jusqu&rsquo;\u00e0 traverser un petit gu\u00e9 pr\u00e8s de quelques fermes. Continuez sur la piste, maintenant plate, en marchant le long d&rsquo;un ruisseau, \u00e0 c\u00f4t\u00e9 d&rsquo;une belle pente \u00e0 gauche sur laquelle se dresse la magnifique \u00c9glise de San Giuliano. Continuez jusqu&rsquo;\u00e0 la petite route menant aux installations sportives de Baldissero Torinese, puis tournez \u00e0 gauche pour atteindre le parking ; de l\u00e0, tournez \u00e0 droite sur la route asphalt\u00e9e qui, apr\u00e8s 300 m, croise la SP4 vers Pavarolo (environ 1,8 km du point <strong>D<\/strong>). Tournez \u00e0 gauche (\u00e0 droite, vous atteindrez le centre de Baldissero) et continuez pendant 1,3 km vers Pavarolo sur la route asphalt\u00e9e : d\u00e9passez la Chapelle del Toetto et ignorez toutes les d\u00e9viations, pour finalement tourner \u00e0 gauche sur une petite route en dessous du village de Pavarolo qui m\u00e8ne \u00e0 un pilier votif. Tournez \u00e0 droite ici pour monter dans le village, d\u00e9bouchant sur un beau chemin pi\u00e9tonnier qui m\u00e8ne au centre apr\u00e8s 600 m de marche. Arriv\u00e9 devant la Tour, continuez \u00e0 droite, tournez \u00e0 gauche au premier croisement, puis (apr\u00e8s avoir parcouru 300 m depuis la Tour), descendez \u00e0 droite le long de la via Generale Zavattaro. Arriv\u00e9 \u00e0 la SP122, tournez \u00e0 gauche en faisant tr\u00e8s attention \u00e0 la circulation, puis traversez-la apr\u00e8s environ 50 m pr\u00e8s d&rsquo;une zone artisanale et continuez sur la rue (via Bardassano) qui la traverse. Suivez-la sur environ 150 m, puis tournez \u00e0 gauche pr\u00e8s du dernier hangar, dans un environnement tr\u00e8s d\u00e9grad\u00e9. En laissant la structure sur la gauche, continuez pendant environ 700 m sur un chemin de terre qui, d\u00e9crivant un demi-cercle, monte progressivement \u00e0 Montaldo Torinese. Arriv\u00e9 sur l&rsquo;asphalte, tournez \u00e0 droite vers la place Superga, continuez tout droit pendant environ 300 m, puis prenez \u00e0 gauche la route vers Marentino. Continuez tout droit pendant 2,4 km en ignorant toutes les d\u00e9viations sur cette route tr\u00e8s panoramique qui, en laissant le terrain de sport \u00e0 droite, monte \u00e0 Marentino par la route del Pozzetto, d\u00e9bouchant dans le village \u00e0 la Casa Zuccala. Tournez \u00e0 gauche ici et continuez tout droit pendant 400 m en d\u00e9passant l&rsquo;Apiario sperimentale, puis tournez \u00e0 droite en direction d&rsquo;Avuglione juste apr\u00e8s l&rsquo;\u00c9glise de Santa Maria dei Morti. Traversez le hameau (place avec la derni\u00e8re fontaine avant d&rsquo;arriver \u00e0 Castelnuovo Don Bosco) puis descendez vers le Lac d&rsquo;Arignano le long de la via Maddalena, passant pr\u00e8s du cimeti\u00e8re d&rsquo;Avuglione (Chiesetta di Santa Maria Maddalena, d&rsquo;origine romane). Une fois via Cascina Gambiana atteinte, continuez \u00e0 descendre, en ignorant quelques d\u00e9viations, jusqu&rsquo;\u00e0 un carrefour. Prenez le chemin de terre sur la droite (\u00e0 gauche se trouve la ferme) en l\u00e9g\u00e8re descente puis tournez \u00e0 droite \u00e0 nouveau avant le Rio del Lago ; continuez sur le chemin de terre plat longeant le lac, en grande partie cultiv\u00e9, jusqu&rsquo;au barrage (environ 3,5 km d&rsquo;Avuglione). Tournez \u00e0 gauche pour atteindre la rive arignanaise du lac, o\u00f9 vous tournez \u00e0 gauche pour d\u00e9passer la Cascina Calcinera, puis montez \u00e0 droite. Ignorez une prochaine d\u00e9viation \u00e0 droite, pour continuer \u00e0 monter, d&rsquo;abord entre les bois puis entre des vignes bien rang\u00e9es et des prairies avec une belle vue panoramique sur une magnifique petite vall\u00e9e, en direction de la Cascina Rivolasso, croisant, apr\u00e8s avoir parcouru 2 km depuis le barrage du lac, la SP Moncucco-Arignano au point                      <strong>V2<\/strong> <em>(o\u00f9 commence la liaison <strong>V1-V2<\/strong> avec l&rsquo;\u00c9tape 2 du Chemin haut).<\/em>. En tournant \u00e0 droite, vous entrez dans la fraction Tetti Chiaffredo di Arignano.<\/p>\n\n<div style=\"height:20px\" aria-hidden=\"true\" class=\"wp-block-spacer\"><\/div>\n\n<div class=\"wp-block-cover is-light\" style=\"min-height:100px;aspect-ratio:unset;\"><span aria-hidden=\"true\" class=\"wp-block-cover__background has-cyan-bluish-gray-background-color has-background-dim\"><\/span><div class=\"wp-block-cover__inner-container is-layout-flow wp-block-cover-is-layout-flow\">\n<h2 class=\"wp-block-heading\">Sur les traces de Don Bosco<\/h2>\n\n\n\n<p><strong>Don Bosco \u00e0 Montaldo T.se<\/strong><\/p>\n\n\n\n<p>Don Bosco, encore jeune clerc, fut \u00e0 Montaldo Torinese au Coll\u00e8ge des J\u00e9suites (alors situ\u00e9 dans le ch\u00e2teau) pendant les vacances de 1836, y servant pendant trois mois en tant qu&rsquo;aide-dortoir et enseignant de grec sur recommandation de Don Cafasso. Il y eut l&rsquo;occasion de rencontrer plusieurs jeunes issus de familles distingu\u00e9es et nobles, bien qu&rsquo;il se soit convaincu de ne pas \u00eatre appel\u00e9 \u00e0 s&rsquo;occuper de personnes de telles origines. Cependant, \u00e0 partir de 1872, sous la forte pression de l&rsquo;archev\u00eaque de l&rsquo;\u00e9poque, Monseigneur Lorenzo Gastaldi, il dut accepter le Coll\u00e8ge de Valsalice. <\/p>\n<\/div><\/div>\n\n<div style=\"height:20px\" aria-hidden=\"true\" class=\"wp-block-spacer\"><\/div>\n\n<h2 class=\"wp-block-heading\">Carte<\/h2>\n\n<figure class=\"wp-block-image size-large is-style-default\"><img fetchpriority=\"high\" decoding=\"async\" width=\"1024\" height=\"460\" src=\"https:\/\/www.camminodonbosco.eu\/wp-content\/uploads\/2024\/01\/Tappa-2-Medio-1024x460.jpg\" alt=\"\" class=\"wp-image-5004\" srcset=\"https:\/\/www.camminodonbosco.eu\/wp-content\/uploads\/2024\/01\/Tappa-2-Medio-1024x460.jpg 1024w, https:\/\/www.camminodonbosco.eu\/wp-content\/uploads\/2024\/01\/Tappa-2-Medio-300x135.jpg 300w, https:\/\/www.camminodonbosco.eu\/wp-content\/uploads\/2024\/01\/Tappa-2-Medio-768x345.jpg 768w, https:\/\/www.camminodonbosco.eu\/wp-content\/uploads\/2024\/01\/Tappa-2-Medio-1536x690.jpg 1536w, https:\/\/www.camminodonbosco.eu\/wp-content\/uploads\/2024\/01\/Tappa-2-Medio-2048x920.jpg 2048w\" sizes=\"(max-width: 1024px) 100vw, 1024px\" \/><\/figure>\n","protected":false},"excerpt":{"rendered":"<p>De ch\u00e2teau en ch\u00e2teau, vers le Lac d&rsquo;Arignano. Notes techniques D\u00e9part: Basilica di Superga (669 m)Arriv\u00e9e: Arignano, frazione Tetti Chiaffredo (345 m)Longueur: 20,2 kmD\u00e9nivel\u00e9: 317 mDifficult\u00e9 : excursionniste, parcours vallonn\u00e9Restauration : possibilit\u00e9 de restauration \u00e0 Baldissero, Pavarolo et MarentinoEau : fontaine \u00e0 Superga et avant le Bric Paluc, puis \u00e0 Baldissero (Giardino San Giuliano), Pavarolo [&hellip;]<\/p>\n","protected":false},"author":1,"featured_media":0,"parent":0,"menu_order":0,"comment_status":"closed","ping_status":"closed","template":"","meta":{"footnotes":""},"class_list":["post-5501","page","type-page","status-publish","hentry"],"_links":{"self":[{"href":"https:\/\/www.camminodonbosco.eu\/fr\/wp-json\/wp\/v2\/pages\/5501","targetHints":{"allow":["GET"]}}],"collection":[{"href":"https:\/\/www.camminodonbosco.eu\/fr\/wp-json\/wp\/v2\/pages"}],"about":[{"href":"https:\/\/www.camminodonbosco.eu\/fr\/wp-json\/wp\/v2\/types\/page"}],"author":[{"embeddable":true,"href":"https:\/\/www.camminodonbosco.eu\/fr\/wp-json\/wp\/v2\/users\/1"}],"replies":[{"embeddable":true,"href":"https:\/\/www.camminodonbosco.eu\/fr\/wp-json\/wp\/v2\/comments?post=5501"}],"version-history":[{"count":0,"href":"https:\/\/www.camminodonbosco.eu\/fr\/wp-json\/wp\/v2\/pages\/5501\/revisions"}],"wp:attachment":[{"href":"https:\/\/www.camminodonbosco.eu\/fr\/wp-json\/wp\/v2\/media?parent=5501"}],"curies":[{"name":"wp","href":"https:\/\/api.w.org\/{rel}","templated":true}]}}