{"id":5503,"date":"2022-06-30T15:16:08","date_gmt":"2022-06-30T13:16:08","guid":{"rendered":"https:\/\/www.camminodonbosco.eu\/de-la-fraction-tetti-chiaffedo-di-arignano-au-colle-don-bosco\/"},"modified":"2024-02-21T22:20:22","modified_gmt":"2024-02-21T21:20:22","slug":"de-la-fraction-tetti-chiaffedo-di-arignano-au-colle-don-bosco","status":"publish","type":"page","link":"https:\/\/www.camminodonbosco.eu\/fr\/de-la-fraction-tetti-chiaffedo-di-arignano-au-colle-don-bosco\/","title":{"rendered":"De la fraction Tetti Chiaffedo di Arignano au Colle Don Bosco"},"content":{"rendered":"\n<p><em>Parmi de magnifiques vignobles et petites vall\u00e9es jusqu&rsquo;au Colle Don Bosco, en passant par la Cascina Moglia et la fraction Serra di Buttigliera d\u2019Asti.<\/em><\/p>\n\n<div style=\"height:20px\" aria-hidden=\"true\" class=\"wp-block-spacer\"><\/div>\n\n<h2 class=\"wp-block-heading\">Notes Techniques<\/h2>\n\n<p><strong>D\u00e9part<\/strong>: Arignano, frazione Tetti Chiaffredo (345 m)<br\/><strong>Arriv\u00e9e<\/strong>: Colle Don Bosco (245 m)<br\/><strong>Longueur<\/strong>: 16,6 km<br\/><strong>D\u00e9nivel\u00e9<\/strong>: 247 m<br\/><strong>Difficult\u00e9<\/strong> : randonn\u00e9e, parcours l\u00e9g\u00e8rement vallonn\u00e9<br\/><strong>Restauration<\/strong> : pas de possibilit\u00e9 de restauration<br\/><strong>Eau<\/strong> : 3 fontaines au Colle Don Bosco<\/p>\n\n<div style=\"height:20px\" aria-hidden=\"true\" class=\"wp-block-spacer\"><\/div>\n\n<h2 class=\"wp-block-heading\">Description<\/h2>\n\n<p>\u00c0 proximit\u00e9 de la Cascina Rivolasso, au point <strong>V2<\/strong> traversez la SP Moncucco-Arignano et apr\u00e8s quelques m\u00e8tres, pr\u00e8s d&rsquo;un magnifique vignoble, prenez un chemin en l\u00e9g\u00e8re descente menant \u00e0 un petit ruisseau ; remontez constamment jusqu&rsquo;\u00e0 croiser sur la cr\u00eate le chemin menant de la fraction Barbaso \u00e0 Mombello di Torino<em>(en tournant \u00e0 droite avec une d\u00e9viation de 200 m, vous atteindrez la jolie \u00e9glise romane de San Lorenzo, qui m\u00e9rite une visite pour sa vue panoramique).<\/em>). Apr\u00e8s avoir travers\u00e9 le chemin, redescendez dans la vall\u00e9e en longeant un ruisseau ; ignorez une premi\u00e8re d\u00e9viation \u00e0 droite et prenez la suivante qui, \u00e0 travers des champs cultiv\u00e9s, m\u00e8ne \u00e0 la localit\u00e9 Moglia. Le chemin devient goudronn\u00e9 et peu apr\u00e8s, vous atteindrez la Cascina Moglia, apr\u00e8s avoir parcouru 3,3 km depuis la Cascina Rivolasso. Avec encore 400 m\u00e8tres et un virage \u00e0 droite, vous croiserez au point <strong>N<\/strong> le chemin du Chemin de Don Bosco venant de Moncucco T.se <em>(liaison <strong>E-N<\/strong>).<\/em> Continuez tout droit sur l&rsquo;asphalte jusqu&rsquo;\u00e0 un \u00e9largissement pr\u00e8s d&rsquo;une bifurcation : continuez toujours tout droit sur le chemin qui devient ensuite un sentier \u00e0 travers les vignes. Celui-ci d\u00e9bouche sur une route \u00e0 descendre jusqu&rsquo;\u00e0 traverser la SP32. Remontez tout droit en suivant l&rsquo;asphalte, puis tournez \u00e0 gauche et juste apr\u00e8s &#8211; pr\u00e8s d&rsquo;une ferme &#8211; prenez un joli chemin qui vous m\u00e8nera rapidement \u00e0 travers de magnifiques vignobles, offrant des vues panoramiques spectaculaires. Continuez tout droit jusqu&rsquo;\u00e0 croiser un autre chemin (\u00e0 suivre \u00e0 droite en faisant un large tour dans le sens horaire) qui m\u00e8ne \u00e0 l&rsquo;\u00e9glise champ\u00eatre de San Rocco, puis au hameau de Lovencito di Moriondo T.se (petite \u00e9glise cimet\u00e9riale d&rsquo;origine romane). De l\u00e0, descendez sur la route principale asphalt\u00e9e (ou le long d&rsquo;une petite route assez raide \u00e0 droite d\u00e8s votre entr\u00e9e dans le village) jusqu&rsquo;\u00e0 croiser et traverser &#8211; apr\u00e8s 4,4 km de marche depuis la Cascina Moglia &#8211; la SP119 de Moriondo Torinese \u00e0 Castelnuovo Don Bosco. Continuez sur le chemin de terre confortable qui, apr\u00e8s quelques centaines de m\u00e8tres, tourne \u00e0 gauche vers le village de Castelnuovo pr\u00e8s du si\u00e8ge de la Croix-Rouge, puis reprend la direction initiale vers Buttigliera. Apr\u00e8s avoir parcouru un peu plus de 2 km, vous atteindrez la route provinciale de Castelnuovo \u00e0 Buttigliera d\u2019Asti. Tournez \u00e0 droite et apr\u00e8s une centaine de m\u00e8tres sur l&rsquo;asphalte, traversez la route provinciale et prenez un chemin en l\u00e9g\u00e8re descente suivant le cours du Rio della Valle. Apr\u00e8s environ 1,4 km depuis la route provinciale, d\u00e9viez sur un chemin entre les champs cultiv\u00e9s et montez vers la fraction Serra di Buttigliera d\u2019Asti, rejoignant la route asphalt\u00e9e au niveau du carrefour pour Cascina di Serragrossa. Tournez \u00e0 gauche ici en suivant l&rsquo;asphalte et traversez le village jusqu&rsquo;au dernier groupe de maisons, o\u00f9 vous tournerez \u00e0 gauche pour descendre \u00e0 travers de grands pr\u00e9s vers un carrefour pr\u00e8s d&rsquo;un pont <em>(ici vous rencontrerez la derni\u00e8re partie de l&rsquo;\u00c9tape 3 du Chemin bas, venant de Chieri).<\/em> Continuez \u00e0 gauche toujours sur le chemin de terre pour arriver, apr\u00e8s une courte mont\u00e9e, \u00e0 la Cascina Mainito, d\u00e9sormais transform\u00e9e en centre \u00e9questre (Circolo Ippico il Gelso) apr\u00e8s un peu plus de 2 km depuis la Serra. Continuez pendant environ 500 m\u00e8tres sur un chemin d&rsquo;abord en gravier puis asphalt\u00e9, atteignant la SP33 pour Capriglio. Tournez \u00e0 gauche et suivez-la sur une courte distance, restez du c\u00f4t\u00e9 gauche pour faire tr\u00e8s attention \u00e0 la circulation et traversez-la au niveau d&rsquo;un pilier votif pour atteindre une porte ; contournez-la sur la droite par un petit sentier en bordure des champs qui d\u00e9bouche sur un chemin de terre montant rapidement vers le Colle(<strong>H<\/strong>).<\/p>\n\n<div style=\"height:20px\" aria-hidden=\"true\" class=\"wp-block-spacer\"><\/div>\n\n<div class=\"wp-block-cover is-light\" style=\"min-height:100px;aspect-ratio:unset;\"><span aria-hidden=\"true\" class=\"wp-block-cover__background has-cyan-bluish-gray-background-color has-background-dim\"><\/span><div class=\"wp-block-cover__inner-container is-layout-flow wp-block-cover-is-layout-flow\">\n<div class=\"wp-block-group is-layout-flow wp-block-group-is-layout-flow\">\n<h2 class=\"wp-block-heading\">Sur les traces de Don Bosco<\/h2>\n\n\n\n<p><strong>Cascina Moglia (Moncucco Torinese)<\/strong><br\/>Caract\u00e9ristique maison rurale qui, de f\u00e9vrier 1827 \u00e0 novembre 1829, a accueilli le jeune Giovanni Bosco, employ\u00e9 par la famille Moglia comme valet de ferme. R\u00e9cemment restaur\u00e9e par les Sal\u00e9siens du premier Oratoire Don Bosco de Turin (Valdocco), elle a souvent accueilli, \u00e0 l&rsquo;ombre d&rsquo;un m\u00fbrier centenaire, Don Bosco et les gar\u00e7ons qui le suivaient lors de c\u00e9l\u00e8bres promenades. <\/p>\n\n\n\n<div style=\"height:30px\" aria-hidden=\"true\" class=\"wp-block-spacer\"><\/div>\n<\/div>\n\n\n\n<figure class=\"wp-block-gallery has-nested-images columns-default is-cropped wp-block-gallery-1 is-layout-flex wp-block-gallery-is-layout-flex\">\n<figure class=\"wp-block-image size-full\"><img fetchpriority=\"high\" decoding=\"async\" width=\"1920\" height=\"1525\" data-id=\"1991\" src=\"https:\/\/www.camminodonbosco.eu\/wp-content\/uploads\/2022\/07\/Cascina-Moglia.jpg\" alt=\"\" class=\"wp-image-1991\" srcset=\"https:\/\/www.camminodonbosco.eu\/wp-content\/uploads\/2022\/07\/Cascina-Moglia.jpg 1920w, https:\/\/www.camminodonbosco.eu\/wp-content\/uploads\/2022\/07\/Cascina-Moglia-300x238.jpg 300w, https:\/\/www.camminodonbosco.eu\/wp-content\/uploads\/2022\/07\/Cascina-Moglia-1024x813.jpg 1024w, https:\/\/www.camminodonbosco.eu\/wp-content\/uploads\/2022\/07\/Cascina-Moglia-768x610.jpg 768w, https:\/\/www.camminodonbosco.eu\/wp-content\/uploads\/2022\/07\/Cascina-Moglia-1536x1220.jpg 1536w\" sizes=\"(max-width: 1920px) 100vw, 1920px\" \/><\/figure>\n<\/figure>\n<\/div><\/div>\n\n<div style=\"height:20px\" aria-hidden=\"true\" class=\"wp-block-spacer\"><\/div>\n\n<h2 class=\"wp-block-heading\">Carte<\/h2>\n\n<figure data-wp-context=\"{&quot;imageId&quot;:&quot;69f2b82462dbe&quot;}\" data-wp-interactive=\"core\/image\" data-wp-key=\"69f2b82462dbe\" class=\"wp-block-image size-full wp-lightbox-container\"><img decoding=\"async\" width=\"2537\" height=\"2211\" data-wp-class--hide=\"state.isContentHidden\" data-wp-class--show=\"state.isContentVisible\" data-wp-init=\"callbacks.setButtonStyles\" data-wp-on--click=\"actions.showLightbox\" data-wp-on--load=\"callbacks.setButtonStyles\" data-wp-on-window--resize=\"callbacks.setButtonStyles\" src=\"https:\/\/www.camminodonbosco.eu\/wp-content\/uploads\/2024\/01\/Tappa-3-Medio.jpg\" alt=\"\" class=\"wp-image-5010\" style=\"object-fit:cover\" srcset=\"https:\/\/www.camminodonbosco.eu\/wp-content\/uploads\/2024\/01\/Tappa-3-Medio.jpg 2537w, https:\/\/www.camminodonbosco.eu\/wp-content\/uploads\/2024\/01\/Tappa-3-Medio-300x261.jpg 300w, https:\/\/www.camminodonbosco.eu\/wp-content\/uploads\/2024\/01\/Tappa-3-Medio-1024x892.jpg 1024w, https:\/\/www.camminodonbosco.eu\/wp-content\/uploads\/2024\/01\/Tappa-3-Medio-768x669.jpg 768w, https:\/\/www.camminodonbosco.eu\/wp-content\/uploads\/2024\/01\/Tappa-3-Medio-1536x1339.jpg 1536w, https:\/\/www.camminodonbosco.eu\/wp-content\/uploads\/2024\/01\/Tappa-3-Medio-2048x1785.jpg 2048w\" sizes=\"(max-width: 2537px) 100vw, 2537px\" \/><button\n\t\t\tclass=\"lightbox-trigger\"\n\t\t\ttype=\"button\"\n\t\t\taria-haspopup=\"dialog\"\n\t\t\taria-label=\"Agrandir\"\n\t\t\tdata-wp-init=\"callbacks.initTriggerButton\"\n\t\t\tdata-wp-on--click=\"actions.showLightbox\"\n\t\t\tdata-wp-style--right=\"state.imageButtonRight\"\n\t\t\tdata-wp-style--top=\"state.imageButtonTop\"\n\t\t>\n\t\t\t<svg xmlns=\"http:\/\/www.w3.org\/2000\/svg\" width=\"12\" height=\"12\" fill=\"none\" viewBox=\"0 0 12 12\">\n\t\t\t\t<path fill=\"#fff\" d=\"M2 0a2 2 0 0 0-2 2v2h1.5V2a.5.5 0 0 1 .5-.5h2V0H2Zm2 10.5H2a.5.5 0 0 1-.5-.5V8H0v2a2 2 0 0 0 2 2h2v-1.5ZM8 12v-1.5h2a.5.5 0 0 0 .5-.5V8H12v2a2 2 0 0 1-2 2H8Zm2-12a2 2 0 0 1 2 2v2h-1.5V2a.5.5 0 0 0-.5-.5H8V0h2Z\" \/>\n\t\t\t<\/svg>\n\t\t<\/button><\/figure>\n","protected":false},"excerpt":{"rendered":"<p>Parmi de magnifiques vignobles et petites vall\u00e9es jusqu&rsquo;au Colle Don Bosco, en passant par la Cascina Moglia et la fraction Serra di Buttigliera d\u2019Asti. Notes Techniques D\u00e9part: Arignano, frazione Tetti Chiaffredo (345 m)Arriv\u00e9e: Colle Don Bosco (245 m)Longueur: 16,6 kmD\u00e9nivel\u00e9: 247 mDifficult\u00e9 : randonn\u00e9e, parcours l\u00e9g\u00e8rement vallonn\u00e9Restauration : pas de possibilit\u00e9 de restaurationEau : 3 [&hellip;]<\/p>\n","protected":false},"author":1,"featured_media":0,"parent":0,"menu_order":0,"comment_status":"closed","ping_status":"closed","template":"","meta":{"footnotes":""},"class_list":["post-5503","page","type-page","status-publish","hentry"],"_links":{"self":[{"href":"https:\/\/www.camminodonbosco.eu\/fr\/wp-json\/wp\/v2\/pages\/5503","targetHints":{"allow":["GET"]}}],"collection":[{"href":"https:\/\/www.camminodonbosco.eu\/fr\/wp-json\/wp\/v2\/pages"}],"about":[{"href":"https:\/\/www.camminodonbosco.eu\/fr\/wp-json\/wp\/v2\/types\/page"}],"author":[{"embeddable":true,"href":"https:\/\/www.camminodonbosco.eu\/fr\/wp-json\/wp\/v2\/users\/1"}],"replies":[{"embeddable":true,"href":"https:\/\/www.camminodonbosco.eu\/fr\/wp-json\/wp\/v2\/comments?post=5503"}],"version-history":[{"count":0,"href":"https:\/\/www.camminodonbosco.eu\/fr\/wp-json\/wp\/v2\/pages\/5503\/revisions"}],"wp:attachment":[{"href":"https:\/\/www.camminodonbosco.eu\/fr\/wp-json\/wp\/v2\/media?parent=5503"}],"curies":[{"name":"wp","href":"https:\/\/api.w.org\/{rel}","templated":true}]}}