{"id":5505,"date":"2022-06-24T17:42:33","date_gmt":"2022-06-24T15:42:33","guid":{"rendered":"https:\/\/www.camminodonbosco.eu\/chemin-bas\/"},"modified":"2024-01-06T18:39:18","modified_gmt":"2024-01-06T17:39:18","slug":"chemin-bas","status":"publish","type":"page","link":"https:\/\/www.camminodonbosco.eu\/fr\/chemin-bas\/","title":{"rendered":"Chemin Bas"},"content":{"rendered":"\n<h1 class=\"wp-block-heading\">\u00c9tape 1 [<a href=\"https:\/\/www.camminodonbosco.eu\/wp-content\/tracce_gpx\/CBT1.gpx\">t\u00e9l\u00e9chargez la trace GPX CBT1<\/a>]<\/h1>\n\n<h2 class=\"wp-block-heading\"><a href=\"https:\/\/www.camminodonbosco.eu\/fr\/de-turin-a-lermitage-des-camaldules\/\" data-type=\"URL\" data-id=\"https:\/\/www.camminodonbosco.eu\/da-torino-alleremo-dei-camaldolesi\/\" target=\"_blank\" rel=\"noreferrer noopener\">De Turin \u00e0 l&rsquo;ermitage des Camaldules<\/a><\/h2>\n\n<p><em>On marche le long de la rivi\u00e8re, puis \u00e0 travers les parcs de la colline de Turin.<\/em><\/p>\n\n<div style=\"height:20px\" aria-hidden=\"true\" class=\"wp-block-spacer\"><\/div>\n\n<h1 class=\"wp-block-heading\">\u00c9tape 1 &#8211; Variante [<a href=\"https:\/\/www.camminodonbosco.eu\/wp-content\/tracce_gpx\/CBT1V.gpx\">t\u00e9l\u00e9chargez la trace GPX CBT1V<\/a>]<\/h1>\n\n<h2 class=\"wp-block-heading\"><a href=\"https:\/\/www.camminodonbosco.eu\/fr\/de-turin-a-pecetto-t-se\/\" data-type=\"URL\" data-id=\"https:\/\/www.camminodonbosco.eu\/da-torino-a-pecetto-t-se\/\" target=\"_blank\" rel=\"noreferrer noopener\">De Turin \u00e0 Pecetto T.se<\/a><\/h2>\n\n<p><em>On marche le long de la rivi\u00e8re, pour ensuite arriver \u00e0 travers la colline de Turin au village des cerises.<\/em><\/p>\n\n<div style=\"height:20px\" aria-hidden=\"true\" class=\"wp-block-spacer\"><\/div>\n\n<h1 class=\"wp-block-heading\">\u00c9tape 2 [<a href=\"https:\/\/www.camminodonbosco.eu\/wp-content\/tracce_gpx\/CBT2.gpx\">t\u00e9l\u00e9chargez la trace GPX CBT2<\/a>]<\/h1>\n\n<h2 class=\"wp-block-heading\"><a href=\"https:\/\/www.camminodonbosco.eu\/fr\/de-lermitage-des-camaldules-a-chieri\/\" data-type=\"URL\" data-id=\"https:\/\/www.camminodonbosco.eu\/dalleremo-dei-camaldolesi-a-chieri\/\" target=\"_blank\" rel=\"noreferrer noopener\">De l&rsquo;ermitage des Camaldules \u00e0 Chieri<\/a><\/h2>\n\n<p><em>De l&rsquo;ermitage des Camaldules \u00e0 la cath\u00e9drale de Chieri, en passant par la route des anciennes villas.<\/em><\/p>\n\n<div style=\"height:20px\" aria-hidden=\"true\" class=\"wp-block-spacer\"><\/div>\n\n<h1 class=\"wp-block-heading\">\u00c9tape 2 &#8211; Variante [<a href=\"https:\/\/www.camminodonbosco.eu\/wp-content\/tracce_gpx\/CBT2V.gpx\">t\u00e9l\u00e9chargez la trace GPX CBT2V<\/a>]<\/h1>\n\n<h2 class=\"wp-block-heading\"><a href=\"https:\/\/www.camminodonbosco.eu\/fr\/de-pecetto-t-se-a-chieri\/\" data-type=\"URL\" data-id=\"https:\/\/www.camminodonbosco.eu\/da-pecetto-t-se-a-chieri\/\" target=\"_blank\" rel=\"noreferrer noopener\">De Pecetto T.se \u00e0 Chieri<\/a><\/h2>\n\n<p><em>De Pecetto T.se \u00e0 la cath\u00e9drale de Chieri, en passant par la route des anciennes villas.<\/em><\/p>\n\n<div style=\"height:20px\" aria-hidden=\"true\" class=\"wp-block-spacer\"><\/div>\n\n<h1 class=\"wp-block-heading\">\u00c9tape 3 [<a href=\"https:\/\/www.camminodonbosco.eu\/wp-content\/tracce_gpx\/CBT3.gpx\">t\u00e9l\u00e9chargez la trace GPX CBT3<\/a>]<\/h1>\n\n<h2 class=\"wp-block-heading\"><a href=\"https:\/\/www.camminodonbosco.eu\/fr\/de-chieri-au-colle-don-bosco\/\" data-type=\"URL\" data-id=\"https:\/\/www.camminodonbosco.eu\/da-chieri-al-colle-don-bosco\/\" target=\"_blank\" rel=\"noreferrer noopener\">De Chieri au Colle Don Bosco<\/a><\/h2>\n\n<p><em>Excursion jusqu&rsquo;au Colle, jusqu&rsquo;\u00e0 la maison natale de S. Domenico Savio et \u00e0 travers la campagne entre Chieri, Riva presso Chieri et Buttigliera d\u2019Asti.<\/em><\/p>\n","protected":false},"excerpt":{"rendered":"<p>\u00c9tape 1 [t\u00e9l\u00e9chargez la trace GPX CBT1] De Turin \u00e0 l&rsquo;ermitage des Camaldules On marche le long de la rivi\u00e8re, puis \u00e0 travers les parcs de la colline de Turin. \u00c9tape 1 &#8211; Variante [t\u00e9l\u00e9chargez la trace GPX CBT1V] De Turin \u00e0 Pecetto T.se On marche le long de la rivi\u00e8re, pour ensuite arriver \u00e0 [&hellip;]<\/p>\n","protected":false},"author":1,"featured_media":0,"parent":0,"menu_order":0,"comment_status":"closed","ping_status":"closed","template":"","meta":{"footnotes":""},"class_list":["post-5505","page","type-page","status-publish","hentry"],"_links":{"self":[{"href":"https:\/\/www.camminodonbosco.eu\/fr\/wp-json\/wp\/v2\/pages\/5505","targetHints":{"allow":["GET"]}}],"collection":[{"href":"https:\/\/www.camminodonbosco.eu\/fr\/wp-json\/wp\/v2\/pages"}],"about":[{"href":"https:\/\/www.camminodonbosco.eu\/fr\/wp-json\/wp\/v2\/types\/page"}],"author":[{"embeddable":true,"href":"https:\/\/www.camminodonbosco.eu\/fr\/wp-json\/wp\/v2\/users\/1"}],"replies":[{"embeddable":true,"href":"https:\/\/www.camminodonbosco.eu\/fr\/wp-json\/wp\/v2\/comments?post=5505"}],"version-history":[{"count":0,"href":"https:\/\/www.camminodonbosco.eu\/fr\/wp-json\/wp\/v2\/pages\/5505\/revisions"}],"wp:attachment":[{"href":"https:\/\/www.camminodonbosco.eu\/fr\/wp-json\/wp\/v2\/media?parent=5505"}],"curies":[{"name":"wp","href":"https:\/\/api.w.org\/{rel}","templated":true}]}}