{"id":5507,"date":"2022-06-30T15:18:33","date_gmt":"2022-06-30T13:18:33","guid":{"rendered":"https:\/\/www.camminodonbosco.eu\/de-turin-a-lermitage-des-camaldules\/"},"modified":"2024-02-21T22:47:11","modified_gmt":"2024-02-21T21:47:11","slug":"de-turin-a-lermitage-des-camaldules","status":"publish","type":"page","link":"https:\/\/www.camminodonbosco.eu\/fr\/de-turin-a-lermitage-des-camaldules\/","title":{"rendered":"De Turin \u00e0 l&rsquo;ermitage des Camaldules"},"content":{"rendered":"\n<p><em>On marche le long de la rivi\u00e8re, puis \u00e0 travers les parcs de la colline de Turin.<\/em><\/p>\n\n<div style=\"height:20px\" aria-hidden=\"true\" class=\"wp-block-spacer\"><\/div>\n\n<h2 class=\"wp-block-heading\">Notes techniques<\/h2>\n\n<p>D\u00e9part: Torino, piazza Maria Ausiliatrice (Santuario di Maria Ausiliatrice, 230 m)<br\/>Arriv\u00e9e: Eremo dei Camaldolesi (614 m)<br\/>Distance: 12,1 km<br\/>D\u00e9nivel\u00e9: 423 m<br\/>Difficult\u00e9 : randonn\u00e9e, avec des mont\u00e9es entrecoup\u00e9es de courtes sections plates<br\/>Restauration : le parcours urbain offre de nombreuses possibilit\u00e9s de restauration et d&rsquo;achats (en particulier sur le grand march\u00e9 de Porta Palazzo) jusqu&rsquo;au pont Isabella. Ensuite, avec un court d\u00e9tour, au Colle della Maddalena. <br\/>Eau : les fontaines sont nombreuses dans toute la ville, le long du Po et dans les parcs<\/p>\n\n<div style=\"height:20px\" aria-hidden=\"true\" class=\"wp-block-spacer\"><\/div>\n\n<h2 class=\"wp-block-heading\">Description<\/h2>\n\n<p>Pour la description du parcours du Sanctuaire de Maria Ausiliatrice (<strong>A<\/strong>) au pont Vittorio Emanuele I (<strong>B<\/strong>), veuillez vous r\u00e9f\u00e9rer \u00e0 la fiche de l&rsquo;\u00c9tape 1 du Chemin Haut. Apr\u00e8s avoir pass\u00e9 le pont, tournez \u00e0 droite sur le corso Moncalieri et suivez le Lungo Po avec une belle vue panoramique sur le Monte dei Cappuccini. Apr\u00e8s avoir laiss\u00e9 sur votre droite le pont Umberto I, descendez vers la rivi\u00e8re et traversez le parc d\u00e9di\u00e9 aux victimes des camps de concentration nazis (belle all\u00e9e de platanes), puis remontez sur le corso environ une centaine de m\u00e8tres apr\u00e8s avoir aper\u00e7u le Borgo Medievale sur le c\u00f4t\u00e9 oppos\u00e9 de la rivi\u00e8re   <em>(en alternative, en suivant un chemin non balis\u00e9, une fois arriv\u00e9 au pont Umberto I, traversez-le, tournez \u00e0 gauche au niveau de l&rsquo;Arco et suivez le Parc del Valentino en passant par l&rsquo;Orto Botanico, le Castello del Valentino, le Borgo Medievale et la Fontana dei dodici mesi, puis tournez \u00e0 gauche sur le pont Isabella et encore \u00e0 gauche sur le corso Moncalieri).<\/em>. Traversez le corso au feu rouge, tournez \u00e0 gauche puis passez le portail d&rsquo;entr\u00e9e du Parco Giacomo Leopardi et montez sur une avenue bord\u00e9e d&rsquo;imposants platanes pour atteindre une plateforme avec des jeux pour enfants ; sur la droite, un sentier m\u00e8ne \u00e0 une autre prairie, d&rsquo;o\u00f9 part un sentier le long d&rsquo;une cl\u00f4ture qui m\u00e8ne \u00e0 la vieille route de San Vito. La route devient bient\u00f4t un sentier qui longe un ruisseau et m\u00e8ne \u00e0 la route San Vito-Revigliasco. Continuez \u00e0 gauche sur le trottoir le long du Parco di San Vito, jusqu&rsquo;\u00e0 rencontrer (environ 1,4 km apr\u00e8s le portail du Parco Leopardi) une all\u00e9e qui permet d&rsquo;y entrer et peu apr\u00e8s d\u00e9bouche sur une avenue menant \u00e0 une grande prairie offrant une vue sur Turin. Enfin, prenez le sentier qui monte \u00e0 travers les prairies jusqu&rsquo;\u00e0 viale Seneca, puis tournez \u00e0 gauche et montez \u00e0 droite sur la route goudronn\u00e9e pour atteindre sur la gauche une place d\u00e9limit\u00e9e par un portail pi\u00e9tonnier   <em>(parcours alternatif : ignorez le sentier qui monte et continuez sur la petite route goudronn\u00e9e qui conduit avec un escalier final \u00e0 la route San Vito &#8211; Revigliasco, puis arrivez au point de vue devant l&rsquo;\u00e9glise SS. Vito, Modesto et Crecenza, puis tournez l\u00e9g\u00e8rement \u00e0 gauche, continuant ainsi sur la route goudronn\u00e9e jusqu&rsquo;au portail pi\u00e9tonnier). Apr\u00e8s avoir franchi le portail, suivez le sentier qui m\u00e8ne \u00e0 une plateforme, d&rsquo;o\u00f9 vous continuez \u00e0 flanc de colline sur la route vicinale dei Boschi (en ignorant le sentier \u00e0 droite qui descend vers la Cascina Bert) jusqu&rsquo;au Quadrivio Raby, \u00e0 l&rsquo;entr\u00e9e du Parco della Maddalena. Traversez les deux passages pour pi\u00e9tons, p\u00e9n\u00e9trez dans le parc le long du sentier qui longe une fontaine (derni\u00e8re opportunit\u00e9 pour se ravitailler en eau) et atteint un carrefour peu apr\u00e8s la localit\u00e9 Fontana Fredda (environ 2,8 km depuis le Parco di San Vito). Tournez ici \u00e0 gauche, montant jusqu&rsquo;\u00e0 croiser le Sentiero n. 12 de la Collina Torinese. Tournez \u00e0 droite, montant progressivement et en ignorant d&rsquo;abord la bifurcation \u00e0 droite vers le Colle della Maddalena et le Faro della Vittoria au niveau du panneau informatif<\/em>).\nSuperato il cancello, percorrere il sentiero che porta a un pianoro, da dove si prosegue a mezzacosta sulla strada vicinale dei Boschi (ignorando il sentiero a destra che scende alla Cascina Bert) fino al Quadrivio Raby, all\u2019ingresso del Parco della Maddalena.\nAttraversate le due strisce pedonali, inoltrarsi nel parco lungo il sentiero che passa accanto a una fontanella (ultima possibilit\u00e0 per rifornirsi di acqua) e raggiunge un bivio poco dopo la localit\u00e0 Fontana Fredda (circa 2,8 km di cammino dal Parco di San Vito).\nQui si svolta a sinistra, salendo fino a incrociare il Sentiero n.\n12 della Collina Torinese.\nProseguire a destra, salendo gradualmente e ignorando prima il bivio a destra verso il Colle della Maddalena e il Faro della Vittoria in corrispondenza del pannello informativo (     <strong>(M)<\/strong>sur l&rsquo;Anello Verde<em> (Sentiero GTC et Sentiero n. 31, possible d\u00e9tour pour une pause restauration au Colle della Maddalena),<\/em>puis le sentier qui descend \u00e0 gauche vers la Cascina Mainero. La partie finale du parcours, l\u00e9g\u00e8rement vallonn\u00e9e, peut pr\u00e9senter des sections tr\u00e8s boueuses en cas de pluie et d\u00e9bouche sur la route du Colle ; tournez ici \u00e0 gauche et, apr\u00e8s 100 m\u00e8tres, \u00e0 droite, arrivant rapidement \u00e0 la Torre <strong>(L)<\/strong>et \u00e0 l&rsquo;Eremo dei Camaldolesi (environ 2,2 km depuis l&rsquo;entr\u00e9e dans le Parco della Maddalena).<\/p>\n\n<div style=\"height:20px\" aria-hidden=\"true\" class=\"wp-block-spacer\"><\/div>\n\n<div class=\"wp-block-cover is-light\"><span aria-hidden=\"true\" class=\"wp-block-cover__background has-cyan-bluish-gray-background-color has-background-dim\"><\/span><div class=\"wp-block-cover__inner-container is-layout-flow wp-block-cover-is-layout-flow\">\n<div class=\"wp-block-group is-layout-flow wp-block-group-is-layout-flow\">\n<h2 class=\"wp-block-heading\">En marchant \u00e0 travers l&rsquo;histoire de Turin.<\/h2>\n\n\n\n<p><strong>Monte dei Cappuccini<\/strong> : colline (284 m au-dessus du niveau de la mer) surplombant la Gran Madre, offrant une vue panoramique magnifique, abritant l&rsquo;\u00e9glise de S. Maria del Monte, avec l&rsquo;autel principal des Castellamonte. L&rsquo;ancien couvent adjacent abrite le <strong>Mus\u00e9e national de la Montagne<\/strong>, avec un point d&rsquo;observation \u00e9quip\u00e9 d&rsquo;une longue-vue mobile. <\/p>\n\n\n\n<p><strong>Parco del Valentino<\/strong> : ses origines remontent \u00e0 1630, lorsque ce petit parc adjacent au Ch\u00e2teau Royal a progressivement \u00e9t\u00e9 transform\u00e9 en espace vert public, atteignant une superficie de plus de 46 hectares.<\/p>\n\n\n\n<p><strong>Orto Botanico<\/strong> : adjacent au Ch\u00e2teau del Valentino, fond\u00e9 au XVIIIe si\u00e8cle, un centre de recherche actif abritant un beau b\u00e2timent avec des serres et une orangerie.<\/p>\n\n\n\n<p><strong>Castello del Valentino<\/strong> : \u00e9rig\u00e9 par les Castellamonte entre 1630 et 1660 pour la Madama Reale Maria Cristina di Francia, comme villa de divertissement et de repos. Il se compose de quatre tours et a une structure en forme de fer \u00e0 cheval ; il a \u00e9t\u00e9 pill\u00e9 de ses magnifiques meubles \u00e0 l&rsquo;\u00e9poque napol\u00e9onienne. Aujourd&rsquo;hui, il abrite la Facult\u00e9 d&rsquo;Architecture.  <\/p>\n\n\n\n<p><strong>Borgo medioevale<\/strong> : une reconstruction fid\u00e8le d&rsquo;un village f\u00e9odal du XVe si\u00e8cle r\u00e9alis\u00e9e en 1884 le long du Po, avec un pont-levis menant au ch\u00e2teau entour\u00e9 de murs cr\u00e9nel\u00e9s, avec des boutiques, une belle fontaine en fer forg\u00e9 et un petit jardin botanique.<\/p>\n\n\n\n<div style=\"height:30px\" aria-hidden=\"true\" class=\"wp-block-spacer\"><\/div>\n\n\n\n<figure class=\"wp-block-gallery has-nested-images columns-default is-cropped wp-block-gallery-1 is-layout-flex wp-block-gallery-is-layout-flex\">\n<figure class=\"wp-block-image size-large\"><img fetchpriority=\"high\" decoding=\"async\" width=\"653\" height=\"396\" data-id=\"1998\" src=\"https:\/\/www.camminodonbosco.eu\/wp-content\/uploads\/2022\/07\/Borgo-medievale.jpg\" alt=\"\" class=\"wp-image-1998\" srcset=\"https:\/\/www.camminodonbosco.eu\/wp-content\/uploads\/2022\/07\/Borgo-medievale.jpg 653w, https:\/\/www.camminodonbosco.eu\/wp-content\/uploads\/2022\/07\/Borgo-medievale-300x182.jpg 300w\" sizes=\"(max-width: 653px) 100vw, 653px\" \/><\/figure>\n<\/figure>\n\n\n\n<div style=\"height:30px\" aria-hidden=\"true\" class=\"wp-block-spacer\"><\/div>\n\n\n\n<p><strong>Fontana dei 12 mesi<\/strong> : une fontaine circulaire, repr\u00e9sentation all\u00e9gorique des quatre rivi\u00e8res de Turin (Po, Sangone, Dora Riparia et Stura) avec douze statues f\u00e9minines symbolisant les mois. Elle a \u00e9t\u00e9 construite pour l&rsquo;Exposition Nationale Italienne de 1898.<\/p>\n\n\n\n<p><strong>Parco Giacomo Leopardi<\/strong> : des arbres majestueux bordent les avenues de ce qui \u00e9tait autrefois la propri\u00e9t\u00e9 d&rsquo;une des nombreuses villas avec des vignobles construites par les grandes familles nobles comme r\u00e9sidence estivale et propri\u00e9t\u00e9 agricole. Juste apr\u00e8s l&rsquo;entr\u00e9e du parc, on remarque les entr\u00e9es des abris anti-a\u00e9riens datant de la Seconde Guerre mondiale. <\/p>\n\n\n\n<p><strong>Parco di S. Vito<\/strong> : un espace vert avec de vastes prairies, offrant de superbes panoramas sur la ville et les Alpes.<\/p>\n\n\n\n<p><strong>Parco della Maddalena<\/strong> : avec ses 715 m, c&rsquo;est le point le plus \u00e9lev\u00e9 de la colline de Turin, surplomb\u00e9 par la grande statue en bronze du <strong>Faro della Vittoria<\/strong>. Une partie de ce parc (Parco della Rimembranza) a vu la plantation de milliers d&rsquo;exemplaires de 400 esp\u00e8ces diff\u00e9rentes de plantes, en m\u00e9moire des habitants de Turin tomb\u00e9s lors de la Premi\u00e8re Guerre mondiale. \u00c0 c\u00f4t\u00e9 de chaque arbre est appos\u00e9e une plaque portant le nom d&rsquo;un mort de la Grande Guerre.  <\/p>\n\n\n\n<p><strong>Eremo dei Camaldolesi<\/strong> : dans la premi\u00e8re moiti\u00e9 du XVIIe si\u00e8cle, une grande abbaye de l&rsquo;Ordre des moines Camaldules a \u00e9t\u00e9 construite, connaissant une p\u00e9riode prosp\u00e8re interrompue par la suppression des institutions religieuses sur ordre de Napol\u00e9on. Les si\u00e8cles suivants ont \u00e9t\u00e9 marqu\u00e9s par des changements de propri\u00e9t\u00e9 successifs et un abandon progressif. Aujourd&rsquo;hui, cette belle esplanade abrite un centre pour personnes \u00e2g\u00e9es, tandis que la soi-disant Tour du Moulin est devenue la propri\u00e9t\u00e9 du SERMIG.  <\/p>\n<\/div>\n<\/div><\/div>\n\n<div style=\"height:20px\" aria-hidden=\"true\" class=\"wp-block-spacer\"><\/div>\n\n<h2 class=\"wp-block-heading\">Carte<\/h2>\n\n<figure data-wp-context=\"{&quot;imageId&quot;:&quot;69f2a34652ab5&quot;}\" data-wp-interactive=\"core\/image\" data-wp-key=\"69f2a34652ab5\" class=\"wp-block-image size-full wp-lightbox-container\"><img decoding=\"async\" width=\"1729\" height=\"1814\" data-wp-class--hide=\"state.isContentHidden\" data-wp-class--show=\"state.isContentVisible\" data-wp-init=\"callbacks.setButtonStyles\" data-wp-on--click=\"actions.showLightbox\" data-wp-on--load=\"callbacks.setButtonStyles\" data-wp-on-window--resize=\"callbacks.setButtonStyles\" src=\"https:\/\/www.camminodonbosco.eu\/wp-content\/uploads\/2024\/01\/Tappa-1-Basso.jpg\" alt=\"\" class=\"wp-image-5016\" srcset=\"https:\/\/www.camminodonbosco.eu\/wp-content\/uploads\/2024\/01\/Tappa-1-Basso.jpg 1729w, https:\/\/www.camminodonbosco.eu\/wp-content\/uploads\/2024\/01\/Tappa-1-Basso-286x300.jpg 286w, https:\/\/www.camminodonbosco.eu\/wp-content\/uploads\/2024\/01\/Tappa-1-Basso-976x1024.jpg 976w, https:\/\/www.camminodonbosco.eu\/wp-content\/uploads\/2024\/01\/Tappa-1-Basso-768x806.jpg 768w, https:\/\/www.camminodonbosco.eu\/wp-content\/uploads\/2024\/01\/Tappa-1-Basso-1464x1536.jpg 1464w\" sizes=\"(max-width: 1729px) 100vw, 1729px\" \/><button\n\t\t\tclass=\"lightbox-trigger\"\n\t\t\ttype=\"button\"\n\t\t\taria-haspopup=\"dialog\"\n\t\t\taria-label=\"Agrandir\"\n\t\t\tdata-wp-init=\"callbacks.initTriggerButton\"\n\t\t\tdata-wp-on--click=\"actions.showLightbox\"\n\t\t\tdata-wp-style--right=\"state.imageButtonRight\"\n\t\t\tdata-wp-style--top=\"state.imageButtonTop\"\n\t\t>\n\t\t\t<svg xmlns=\"http:\/\/www.w3.org\/2000\/svg\" width=\"12\" height=\"12\" fill=\"none\" viewBox=\"0 0 12 12\">\n\t\t\t\t<path fill=\"#fff\" d=\"M2 0a2 2 0 0 0-2 2v2h1.5V2a.5.5 0 0 1 .5-.5h2V0H2Zm2 10.5H2a.5.5 0 0 1-.5-.5V8H0v2a2 2 0 0 0 2 2h2v-1.5ZM8 12v-1.5h2a.5.5 0 0 0 .5-.5V8H12v2a2 2 0 0 1-2 2H8Zm2-12a2 2 0 0 1 2 2v2h-1.5V2a.5.5 0 0 0-.5-.5H8V0h2Z\" \/>\n\t\t\t<\/svg>\n\t\t<\/button><\/figure>\n","protected":false},"excerpt":{"rendered":"<p>On marche le long de la rivi\u00e8re, puis \u00e0 travers les parcs de la colline de Turin. Notes techniques D\u00e9part: Torino, piazza Maria Ausiliatrice (Santuario di Maria Ausiliatrice, 230 m)Arriv\u00e9e: Eremo dei Camaldolesi (614 m)Distance: 12,1 kmD\u00e9nivel\u00e9: 423 mDifficult\u00e9 : randonn\u00e9e, avec des mont\u00e9es entrecoup\u00e9es de courtes sections platesRestauration : le parcours urbain offre de [&hellip;]<\/p>\n","protected":false},"author":1,"featured_media":0,"parent":0,"menu_order":0,"comment_status":"closed","ping_status":"closed","template":"","meta":{"footnotes":""},"class_list":["post-5507","page","type-page","status-publish","hentry"],"_links":{"self":[{"href":"https:\/\/www.camminodonbosco.eu\/fr\/wp-json\/wp\/v2\/pages\/5507","targetHints":{"allow":["GET"]}}],"collection":[{"href":"https:\/\/www.camminodonbosco.eu\/fr\/wp-json\/wp\/v2\/pages"}],"about":[{"href":"https:\/\/www.camminodonbosco.eu\/fr\/wp-json\/wp\/v2\/types\/page"}],"author":[{"embeddable":true,"href":"https:\/\/www.camminodonbosco.eu\/fr\/wp-json\/wp\/v2\/users\/1"}],"replies":[{"embeddable":true,"href":"https:\/\/www.camminodonbosco.eu\/fr\/wp-json\/wp\/v2\/comments?post=5507"}],"version-history":[{"count":0,"href":"https:\/\/www.camminodonbosco.eu\/fr\/wp-json\/wp\/v2\/pages\/5507\/revisions"}],"wp:attachment":[{"href":"https:\/\/www.camminodonbosco.eu\/fr\/wp-json\/wp\/v2\/media?parent=5507"}],"curies":[{"name":"wp","href":"https:\/\/api.w.org\/{rel}","templated":true}]}}