{"id":5509,"date":"2022-06-30T15:19:21","date_gmt":"2022-06-30T13:19:21","guid":{"rendered":"https:\/\/www.camminodonbosco.eu\/de-turin-a-pecetto-t-se\/"},"modified":"2024-01-06T19:01:15","modified_gmt":"2024-01-06T18:01:15","slug":"de-turin-a-pecetto-t-se","status":"publish","type":"page","link":"https:\/\/www.camminodonbosco.eu\/fr\/de-turin-a-pecetto-t-se\/","title":{"rendered":"De Turin \u00e0 Pecetto T.se"},"content":{"rendered":"\n<p><em>On marche le long de la rivi\u00e8re, pour ensuite arriver \u00e0 travers la colline de Turin au village des cerises.<\/em><\/p>\n\n\n\n<div style=\"height:20px\" aria-hidden=\"true\" class=\"wp-block-spacer\"><\/div>\n\n\n\n<h2 class=\"wp-block-heading\">Notes techniques<\/h2>\n\n\n\n<p><strong>D\u00e9part<\/strong>: Torino, piazza Maria Ausiliatrice (Santuario di Maria Ausiliatrice, 230 m)<br><strong>Arriv\u00e9e<\/strong>: Pecetto T.se, piazza Roma (409 m)<br><strong>Distance<\/strong>: km 14,8<br><strong>D\u00e9nivel\u00e9<\/strong>: m 492<br><strong>Difficult\u00e9<\/strong> : randonn\u00e9e, avec des mont\u00e9es entrecoup\u00e9es de courtes sections plates et une descente finale<br><strong>Restauration<\/strong> : le parcours \u00e0 Turin offre de nombreuses possibilit\u00e9s de restauration et de shopping (en particulier sur le march\u00e9 de Porta Palazzo) jusqu&rsquo;au pont Isabella. Ensuite, avec un court d\u00e9tour, au Colle della Maddalena et \u00e0 Pecetto T.se.<br><strong>Eau<\/strong> : les fontaines sont nombreuses dans toute la ville, le long du Po et dans les parcs. \u00c0 Pecetto T.se, fontaines sur la piazza Roma et piazza S. Pietro, ainsi qu&rsquo;une petite structure H2O pr\u00e8s du cimeti\u00e8re.<\/p>\n\n\n\n<div style=\"height:20px\" aria-hidden=\"true\" class=\"wp-block-spacer\"><\/div>\n\n\n\n<h2 class=\"wp-block-heading\">Description<\/h2>\n\n\n\n<p>Pour la description du d\u00e9but du parcours, veuillez vous r\u00e9f\u00e9rer \u00e0 l&rsquo;\u00c9tape 1 du Chemin bas. Arrivez au carrefour peu apr\u00e8s la localit\u00e9 de Fontana Fredda (environ 2,8 km du Parco di San Vito). Ici, tournez \u00e0 gauche, montez jusqu&rsquo;\u00e0 croiser le Sentier n\u00b0 12 des Collines de Turin. Tournez \u00e0 droite, montez progressivement, en ignorant le chemin \u00e0 droite vers Colle della Maddalena et Faro della Vittoria (Sentier GTC et Sentier n\u00b0 31), puis, au niveau du panneau d&rsquo;information sur l&rsquo;Anello Verde, continuez tout droit en direction de l&rsquo;Eremo dei Camaldolesi (voir l&rsquo;\u00c9tape 1 du Chemin bas), puis tournez \u00e0 droite et suivez quelques lacets jusqu&rsquo;\u00e0 rejoindre le chemin du GTC-Sentier n\u00b0 31. Tournez \u00e0 gauche et continuez sur cette large piste jusqu&rsquo;\u00e0 d\u00e9boucher sur la route de Colle. Tournez \u00e0 droite, suivez-la sur environ 100 m\u00e8tres, puis tournez \u00e0 gauche dans la for\u00eat le long de la route appel\u00e9e Bric della Croce (en alternance : en tournant \u00e0 droite sur la piste, suivez quelques virages jusqu&rsquo;\u00e0 rejoindre le chemin qui monte vers Colle della Maddalena et Faro della Vittoria le long de Viale Col di Lana, Via Piave, Piazzale Gorizia, Viale Bainsizza et Piazzale Timavo, avec \u00e9ventuellement une pause pour se restaurer. Depuis le Faro, descendez sur la route de Colle en la suivant sur la gauche pendant 500 m\u00e8tres, puis tournez \u00e0 droite dans la rue Bric della Croce. Cela ajoute 2 km et 215 m\u00e8tres de d\u00e9nivel\u00e9). Cette derni\u00e8re descente est progressive jusqu&rsquo;\u00e0 ce que vous atteigniez la route de la Vetta pr\u00e8s de quelques maisons. Tournez \u00e0 droite, ignorez plusieurs d\u00e9viations (\u00e0 gauche, pr\u00e8s d&rsquo;une petite villa, le chemin menant \u00e0 Pera del Tesor, Bric San Viter et le site arch\u00e9ologique de Monspherratus) et descendez sur 1,8 km jusqu&rsquo;\u00e0 la route de l&rsquo;Eremo, un peu apr\u00e8s un virage offrant une belle vue panoramique sur Pecetto. Continuez tout droit (faites attention \u00e0 la circulation, il n&rsquo;y a pas de trottoir) et descendez jusqu&rsquo;\u00e0 une \u00e9glise sur le c\u00f4t\u00e9 gauche de la route. Continuez tout droit sur via Umberto I, en entrant dans le centre de Pecetto et en atteignant la piazza Roma.<\/p>\n\n\n\n<div style=\"height:20px\" aria-hidden=\"true\" class=\"wp-block-spacer\"><\/div>\n\n\n\n<div class=\"wp-block-cover is-light\"><span aria-hidden=\"true\" class=\"wp-block-cover__background has-cyan-bluish-gray-background-color has-background-dim\"><\/span><div class=\"wp-block-cover__inner-container is-layout-flow wp-block-cover-is-layout-flow\">\n<div class=\"wp-block-group is-layout-flow wp-block-group-is-layout-flow\">\n<h2 class=\"wp-block-heading\"><strong>Sur les traces de Don Bosco<\/strong><\/h2>\n\n\n\n<p><strong>Don Bosco a Pecetto T.se<\/strong><\/p>\n\n\n\n<p>Don Bosco entretenait des relations \u00e9troites et constantes avec le th\u00e9ologien Michele Antonio Cinzano, originaire de Pecetto, cur\u00e9 de Castelnuovo d&rsquo;Asti de 1834 \u00e0 1870. Autour de 1838, le s\u00e9minariste Giovanni Bosco pronon\u00e7a un pr\u00eache improvis\u00e9 \u00e0 Pecetto Torinese, comme le d\u00e9crit Don Cinzano : <\/p>\n\n\n\n<p>\u201c<em>All&rsquo;ora del vespro, non era ancora comparso il panegirista colto da improvvisa malattia. Nessuno de&rsquo; sacerdoti presenti volle sostituirlo, dicendo mancar loro il tempo necessario a prepararsi e non osare parlare al pubblico cos\u00ec all&rsquo;improvviso. Il parroco disse allora al chierico Bosco: &#8211; Andate voi! Giovanni chiese allora un breviario, lesse le lezioni del giorno, sal\u00ec in pulpito e soddisfece cos\u00ec pienamente la popolazione, che alcuni degli uditori, parlando all&rsquo;indomani col parroco di Castelnuovo, decantavano la bellezza del discorso e l&rsquo;abilit\u00e0 del predicatore   <\/em>\u00ab\u00a0.<\/p>\n<\/div>\n<\/div><\/div>\n\n\n\n<div style=\"height:20px\" aria-hidden=\"true\" class=\"wp-block-spacer\"><\/div>\n\n\n\n<h2 class=\"wp-block-heading\">Carte<\/h2>\n\n\n\n<figure data-wp-context=\"{&quot;imageId&quot;:&quot;69f2a5cc46612&quot;}\" data-wp-interactive=\"core\/image\" data-wp-key=\"69f2a5cc46612\" class=\"wp-block-image size-full wp-lightbox-container\"><img fetchpriority=\"high\" decoding=\"async\" width=\"2522\" height=\"2310\" data-wp-class--hide=\"state.isContentHidden\" data-wp-class--show=\"state.isContentVisible\" data-wp-init=\"callbacks.setButtonStyles\" data-wp-on--click=\"actions.showLightbox\" data-wp-on--load=\"callbacks.setButtonStyles\" data-wp-on-window--resize=\"callbacks.setButtonStyles\" src=\"https:\/\/www.camminodonbosco.eu\/wp-content\/uploads\/2024\/01\/Tappa-1Var-Basso.jpg\" alt=\"\" class=\"wp-image-5022\" style=\"object-fit:cover\" srcset=\"https:\/\/www.camminodonbosco.eu\/wp-content\/uploads\/2024\/01\/Tappa-1Var-Basso.jpg 2522w, https:\/\/www.camminodonbosco.eu\/wp-content\/uploads\/2024\/01\/Tappa-1Var-Basso-300x275.jpg 300w, https:\/\/www.camminodonbosco.eu\/wp-content\/uploads\/2024\/01\/Tappa-1Var-Basso-1024x938.jpg 1024w, https:\/\/www.camminodonbosco.eu\/wp-content\/uploads\/2024\/01\/Tappa-1Var-Basso-768x703.jpg 768w, https:\/\/www.camminodonbosco.eu\/wp-content\/uploads\/2024\/01\/Tappa-1Var-Basso-1536x1407.jpg 1536w, https:\/\/www.camminodonbosco.eu\/wp-content\/uploads\/2024\/01\/Tappa-1Var-Basso-2048x1876.jpg 2048w\" sizes=\"(max-width: 2522px) 100vw, 2522px\" \/><button\n\t\t\tclass=\"lightbox-trigger\"\n\t\t\ttype=\"button\"\n\t\t\taria-haspopup=\"dialog\"\n\t\t\taria-label=\"Agrandir\"\n\t\t\tdata-wp-init=\"callbacks.initTriggerButton\"\n\t\t\tdata-wp-on--click=\"actions.showLightbox\"\n\t\t\tdata-wp-style--right=\"state.imageButtonRight\"\n\t\t\tdata-wp-style--top=\"state.imageButtonTop\"\n\t\t>\n\t\t\t<svg xmlns=\"http:\/\/www.w3.org\/2000\/svg\" width=\"12\" height=\"12\" fill=\"none\" viewBox=\"0 0 12 12\">\n\t\t\t\t<path fill=\"#fff\" d=\"M2 0a2 2 0 0 0-2 2v2h1.5V2a.5.5 0 0 1 .5-.5h2V0H2Zm2 10.5H2a.5.5 0 0 1-.5-.5V8H0v2a2 2 0 0 0 2 2h2v-1.5ZM8 12v-1.5h2a.5.5 0 0 0 .5-.5V8H12v2a2 2 0 0 1-2 2H8Zm2-12a2 2 0 0 1 2 2v2h-1.5V2a.5.5 0 0 0-.5-.5H8V0h2Z\" \/>\n\t\t\t<\/svg>\n\t\t<\/button><\/figure>\n","protected":false},"excerpt":{"rendered":"<p>On marche le long de la rivi\u00e8re, pour ensuite arriver \u00e0 travers la colline de Turin au village des cerises. Notes techniques D\u00e9part: Torino, piazza Maria Ausiliatrice (Santuario di Maria Ausiliatrice, 230 m)Arriv\u00e9e: Pecetto T.se, piazza Roma (409 m)Distance: km 14,8D\u00e9nivel\u00e9: m 492Difficult\u00e9 : randonn\u00e9e, avec des mont\u00e9es entrecoup\u00e9es de courtes sections plates et une [&hellip;]<\/p>\n","protected":false},"author":1,"featured_media":0,"parent":0,"menu_order":0,"comment_status":"closed","ping_status":"closed","template":"","meta":{"footnotes":""},"class_list":["post-5509","page","type-page","status-publish","hentry"],"_links":{"self":[{"href":"https:\/\/www.camminodonbosco.eu\/fr\/wp-json\/wp\/v2\/pages\/5509","targetHints":{"allow":["GET"]}}],"collection":[{"href":"https:\/\/www.camminodonbosco.eu\/fr\/wp-json\/wp\/v2\/pages"}],"about":[{"href":"https:\/\/www.camminodonbosco.eu\/fr\/wp-json\/wp\/v2\/types\/page"}],"author":[{"embeddable":true,"href":"https:\/\/www.camminodonbosco.eu\/fr\/wp-json\/wp\/v2\/users\/1"}],"replies":[{"embeddable":true,"href":"https:\/\/www.camminodonbosco.eu\/fr\/wp-json\/wp\/v2\/comments?post=5509"}],"version-history":[{"count":0,"href":"https:\/\/www.camminodonbosco.eu\/fr\/wp-json\/wp\/v2\/pages\/5509\/revisions"}],"wp:attachment":[{"href":"https:\/\/www.camminodonbosco.eu\/fr\/wp-json\/wp\/v2\/media?parent=5509"}],"curies":[{"name":"wp","href":"https:\/\/api.w.org\/{rel}","templated":true}]}}