{"id":5522,"date":"2022-06-30T15:20:40","date_gmt":"2022-06-30T13:20:40","guid":{"rendered":"https:\/\/www.camminodonbosco.eu\/de-lermitage-des-camaldules-a-chieri\/"},"modified":"2024-01-06T19:26:13","modified_gmt":"2024-01-06T18:26:13","slug":"de-lermitage-des-camaldules-a-chieri","status":"publish","type":"page","link":"https:\/\/www.camminodonbosco.eu\/fr\/de-lermitage-des-camaldules-a-chieri\/","title":{"rendered":"De l&rsquo;ermitage des Camaldules \u00e0 Chieri"},"content":{"rendered":"\n<p><em>De l&rsquo;ermitage des Camaldules \u00e0 la cath\u00e9drale de Chieri, en passant par la route des anciennes villas.<\/em><\/p>\n\n\n\n<div style=\"height:20px\" aria-hidden=\"true\" class=\"wp-block-spacer\"><\/div>\n\n\n\n<h2 class=\"wp-block-heading\">Notes techniques<\/h2>\n\n\n\n<p><strong>D\u00e9part<\/strong>: Eremo dei Camaldolesi (621 m)<br><strong>Arriv\u00e9e<\/strong>: Chieri, piazza del Duomo (283 m)<br><strong>Distance<\/strong>: 12,2 km<br><strong>D\u00e9nivel\u00e9<\/strong>: 135 m<br><strong>Difficult\u00e9<\/strong> : randonn\u00e9e, parcours l\u00e9g\u00e8rement vallonn\u00e9<br><strong>Restauration<\/strong> : aucune possibilit\u00e9 de restauration jusqu&rsquo;\u00e0 Pino T.se, puis \u00e0 Chieri<br><strong>Eau<\/strong> : \u00e0 Pino T.se, fontaines sur la piazza del Municipio et dans la via dei Colli (zone de pique-nique), \u00e0 Chieri, fontaines dans la via Tana, la piazza Duomo et pr\u00e8s de l&rsquo;\u00e9glise de S. Domenico<\/p>\n\n\n\n<div style=\"height:20px\" aria-hidden=\"true\" class=\"wp-block-spacer\"><\/div>\n\n\n\n<h2 class=\"wp-block-heading\">Description<\/h2>\n\n\n\n<p>Laissant derri\u00e8re eux la Tour (<strong>L<\/strong>) en direction de Pino T.se, tournez \u00e0 droite sur la route adjacente au parking de l&rsquo;Eremo dei Camaldolesi, puis descendez le long de l&rsquo;ancien mur d&rsquo;enceinte et continuez tout droit en ignorant le virage \u00e0 droite sur le Sentiero n. 32-GTC. Laissez sur la droite la Cascina Margheria avec ses beaux p\u00e2turages et atteignez la route de l&rsquo;Eremo apr\u00e8s environ 800 m de marche. Tournez \u00e0 droite ici, suivez l&rsquo;asphalte sur un peu plus de 400 m\u00e8tres en faisant attention aux voitures ; ignorez la premi\u00e8re d\u00e9viation \u00e0 gauche (chemin vicinal del Rosero) pour tourner \u00e0 gauche sur la route Rio Martello. La route descend l\u00e9g\u00e8rement pour atteindre le hameau Tetti Rosero. Laissez sur la gauche la Chapelle de San Michele, ignorez la d\u00e9viation \u00e0 droite sur la route Rosero et atteignez le panneau indiquant via Rosero que vous suivez ensuite sur la gauche. Arriv\u00e9s \u00e0 la premi\u00e8re bifurcation, continuez \u00e0 droite sur un chemin de terre qui monte jusqu&rsquo;\u00e0 un grand pr\u00e9 (Pian Mongino, point de vue panoramique), puis rejoignez la SP Eremo-Pino T.se. Tournez \u00e0 droite pour suivre la route provinciale sur 200 m\u00e8tres, puis descendez (apr\u00e8s environ 2,1 km du croisement de la Cascina Margheria) sur l&rsquo;autre c\u00f4t\u00e9 du m\u00eame pr\u00e9, puis dirigez-vous vers un arbre isol\u00e9 et p\u00e9n\u00e9trez dans la for\u00eat \u00e0 gauche sur le Sentiero del Gallo (Itin\u00e9raire alternatif : ne descendez pas sur le Sentiero del Gallo, suivez \u00e0 gauche le sentier n. 40 montant vers Pino T.se, ignorez la d\u00e9viation \u00e0 droite menant \u00e0 l&rsquo;observatoire astronomique, puis atteignez l&rsquo;agglom\u00e9ration de Pino et continuez \u00e0 droite sur la strada S. Felice jusqu&rsquo;\u00e0 croiser via Podio). Continuez en l\u00e9g\u00e8re descente jusqu&rsquo;aux premi\u00e8res maisons du village de Pino, arrivant sur la strada S. Felice. Tournez \u00e0 gauche, parcourez 200 m\u00e8tres, puis tournez \u00e0 droite sur Via Podio. Continuez tout droit sur cette route, qui longe le sommet de la colline, en l\u00e9g\u00e8re descente, avec de magnifiques vues panoramiques des deux c\u00f4t\u00e9s : Pecetto T.se \u00e0 droite, Pavarolo, Montaldo T.se et Marentino \u00e0 gauche. Apr\u00e8s la Chapelle du Podio, continuez jusqu&rsquo;\u00e0 la vall\u00e9e en passant \u00e0 c\u00f4t\u00e9 d&rsquo;un beau vignoble et en ignorant toutes les d\u00e9viations (environ 450 m\u00e8tres en aval de la chapelle, la variante de cette \u00e9tape arrive sur la droite). Ici, pr\u00e8s d&rsquo;un petit \u00e9tang, tournez \u00e0 gauche sur le chemin en terre de la strada Moglia, d\u00e9passez l&rsquo;entr\u00e9e de la Villa Moglia, puis apr\u00e8s 200 m\u00e8tres tournez \u00e0 gauche dans la strada Vallero superiore. La rue monte et permet de voir la Villa Moglia d&rsquo;en haut. Passez devant Villa Bruno (environ 2,5 km de la Chapelle du Podio) et atteignez un carrefour avec une section asphalt\u00e9e \u00e0 l&rsquo;arri\u00e8re de l&rsquo;Institut Bonafous (800 m\u00e8tres de Villa Bruno). Continuez tout droit sur le chemin de terre (belle vue sur Chieri \u00e0 gauche), ignorez la descente \u00e0 gauche pour continuer sur la strada della Luigina. Apr\u00e8s avoir d\u00e9pass\u00e9 Villa Luigina et Villa Brea, vous croiserez la SP124 Pecetto T.se-Chieri (environ 1,5 km de l&rsquo;Institut Bonafous). Tournez \u00e0 gauche et, en faisant attention \u00e0 la circulation (certains tron\u00e7ons sans trottoir), entrez dans Chieri en suivant viale Cappuccini puis via Tana, jusqu&rsquo;\u00e0 la piazza del Duomo (I) (1,5 km apr\u00e8s le croisement avec la route provinciale).<\/p>\n\n\n\n<div style=\"height:20px\" aria-hidden=\"true\" class=\"wp-block-spacer\"><\/div>\n\n\n\n<div class=\"wp-block-cover is-light\"><span aria-hidden=\"true\" class=\"wp-block-cover__background has-cyan-bluish-gray-background-color has-background-dim\"><\/span><div class=\"wp-block-cover__inner-container is-layout-flow wp-block-cover-is-layout-flow\">\n<div class=\"wp-block-group is-layout-flow wp-block-group-is-layout-flow\">\n<h2 class=\"wp-block-heading\">Sur les traces de Don Bosco<\/h2>\n\n\n\n<p><strong>Don Bosco \u00e0 Chieri <\/strong><\/p>\n\n\n\n<p>En novembre 1831, Giovanni Bosco s&rsquo;installa \u00e0 Chieri pour fr\u00e9quenter les \u00e9coles publiques, puis le s\u00e9minaire, r\u00e9sidant en pension chez la famille de Lucia Matta et travaillant comme gar\u00e7on, serveur et palefrenier. Ce sont des ann\u00e9es de sacrifices, mais \u00e9galement fondamentales pour sa formation : arriv\u00e9 adolescent des campagnes, il quittera Chieri \u00e0 vingt-six ans, pr\u00eatre spirituellement solide et pr\u00e9par\u00e9. Il a fond\u00e9 avec d&rsquo;autres jeunes la Soci\u00e9t\u00e9 de l&rsquo;All\u00e9gresse \u00e0 Chieri, dans le but d&rsquo;approcher la pri\u00e8re et l&rsquo;\u00e9coute de la messe de ses pairs, utilisant \u00e9galement des jeux de prestidigitation et des acrobaties de saltimbanques. \u00c0 Chieri, il poursuivit ses \u00e9tudes jusqu&rsquo;en octobre 1835, puis passa son examen \u00e0 Turin pour rev\u00eatir la soutane et entra au S\u00e9minaire de Chieri, o\u00f9 il compl\u00e9ta ses \u00e9tudes pour devenir pr\u00eatre. Dans l&rsquo;\u00e9glise de San Domenico, Don Bosco c\u00e9l\u00e9bra sa troisi\u00e8me messe apr\u00e8s son ordination.     <\/p>\n\n\n\n<div style=\"height:30px\" aria-hidden=\"true\" class=\"wp-block-spacer\"><\/div>\n\n\n\n<p><strong>Centro Visite Don Bosco <\/strong><\/p>\n\n\n\n<p>(via Vittorio Emanuele II 63, Chieri, tel. 011\/9428342-9428440, <a href=\"mailto:info@turismochieri.it\" target=\"_blank\" rel=\"noreferrer noopener\">info@turismochieri.it<\/a>) Le Centre de Visite Don Bosco est enti\u00e8rement d\u00e9di\u00e9 \u00e0 la vie du saint et, en particulier, aux ann\u00e9es de jeunesse pass\u00e9es \u00e0 Chieri, consid\u00e9r\u00e9es comme une \u00e9tape fondamentale pour sa formation religieuse et culturelle. Le parcours mus\u00e9al est am\u00e9nag\u00e9 au premier \u00e9tage de l&rsquo;ancien S\u00e9minaire San Filippo dans la Chambre du r\u00eave, le dortoir o\u00f9 Luigi Comollo, d\u00e9c\u00e9d\u00e9 pr\u00e9matur\u00e9ment, r\u00e9v\u00e9la \u00e0 Giovanni Bosco qu&rsquo;il s&rsquo;\u00e9tait sauv\u00e9, et guide le visiteur \u00e0 travers quatre espaces th\u00e9matiques diff\u00e9rents. Le premier est consacr\u00e9 \u00e0 Chieri au XIXe si\u00e8cle avec la description du contexte urbain dans lequel le jeune Bosco a v\u00e9cu sous les aspects historiques, culturels, religieux et sociaux, tandis que le deuxi\u00e8me approfondit le contexte scolaire et professionnel dans lequel le saint s&rsquo;est form\u00e9. Le troisi\u00e8me espace concerne le th\u00e8me de l&rsquo;amiti\u00e9 et de la Soci\u00e9t\u00e9 de l&rsquo;All\u00e9gresse. La derni\u00e8re \u00e9tape est enti\u00e8rement consacr\u00e9e aux ann\u00e9es que Don Bosco a pass\u00e9es au s\u00e9minaire.    <\/p>\n\n\n\n<div style=\"height:30px\" aria-hidden=\"true\" class=\"wp-block-spacer\"><\/div>\n\n\n\n<p><strong>Itin\u00e9raire Don Bosco \u00e0 Chieri <\/strong><\/p>\n\n\n\n<p>(<a href=\"http:\/\/www.turismochieri.it\" data-type=\"URL\" data-id=\"www.turismochieri.it\">www.turismochieri.it<\/a>, temps de trajet 2 heures 30 minutes) L&rsquo;itin\u00e9raire passe par tous les lieux li\u00e9s \u00e0 la figure de Giovanni Bosco (viale Fiume-vicolo Valimberti-piazza Cavour-via Palazzo di Citt\u00e0-via Vittorio Emanuele II n. 47-piazza Mazzini-ex S\u00e9minaire Archi\u00e9piscopal-Duomo-via della Pace-Chiesa di S.Domenico-Casa Morano).<\/p>\n\n\n\n<div style=\"height:30px\" aria-hidden=\"true\" class=\"wp-block-spacer\"><\/div>\n<\/div>\n\n\n\n<figure class=\"wp-block-gallery has-nested-images columns-default is-cropped wp-block-gallery-1 is-layout-flex wp-block-gallery-is-layout-flex\">\n<figure class=\"wp-block-image size-full\"><img fetchpriority=\"high\" decoding=\"async\" width=\"1966\" height=\"1075\" data-id=\"2052\" src=\"https:\/\/www.camminodonbosco.eu\/wp-content\/uploads\/2022\/07\/LOratorio-San-Luigi-a-Chieri.jpg\" alt=\"\" class=\"wp-image-2052\" srcset=\"https:\/\/www.camminodonbosco.eu\/wp-content\/uploads\/2022\/07\/LOratorio-San-Luigi-a-Chieri.jpg 1966w, https:\/\/www.camminodonbosco.eu\/wp-content\/uploads\/2022\/07\/LOratorio-San-Luigi-a-Chieri-300x164.jpg 300w, https:\/\/www.camminodonbosco.eu\/wp-content\/uploads\/2022\/07\/LOratorio-San-Luigi-a-Chieri-1024x560.jpg 1024w, https:\/\/www.camminodonbosco.eu\/wp-content\/uploads\/2022\/07\/LOratorio-San-Luigi-a-Chieri-768x420.jpg 768w, https:\/\/www.camminodonbosco.eu\/wp-content\/uploads\/2022\/07\/LOratorio-San-Luigi-a-Chieri-1536x840.jpg 1536w\" sizes=\"(max-width: 1966px) 100vw, 1966px\" \/><\/figure>\n<\/figure>\n\n\n\n<div style=\"height:30px\" aria-hidden=\"true\" class=\"wp-block-spacer\"><\/div>\n\n\n\n<p><strong>Don Bosco \u00e0 Pino T.se<\/strong><\/p>\n\n\n\n<p>Outre Don Bosco, le village de Pino T.se a \u00e9galement vu passer San Giuseppe Agostino Benedetto Cottolengo, fondateur de la Petite Maison de la Divine Providence, qui y passa en avril 1842 pour mourir \u00e0 Chieri chez son oncle chanoine. De plus, entre 1856 et 1857, deux habitants de Pino &#8211; Carlo Ghivarello et Giuseppe Lazzero &#8211; furent parmi les premiers \u00e9l\u00e8ves du futur saint \u00e0 Turin et particip\u00e8rent ensuite \u00e0 la constitution de la Pieuse Soci\u00e9t\u00e9 Sal\u00e9sienne. De plus, entre 1857 et 1870, de nombreuses haltes \u00e0 Pino sur le chemin de Chieri lors des promenades automnales, accueillies par la famille Ghivarello. Les pr\u00eaches de Don Bosco dans l&rsquo;\u00e9glise paroissiale de Pino ne sont pas bien document\u00e9es, \u00e0 l&rsquo;exception de celle du 11 juin 1865, F\u00eate de la Tr\u00e8s Sainte Trinit\u00e9.   <\/p>\n<\/div><\/div>\n\n\n\n<div style=\"height:20px\" aria-hidden=\"true\" class=\"wp-block-spacer\"><\/div>\n\n\n\n<h2 class=\"wp-block-heading\">Carte<\/h2>\n\n\n\n<figure class=\"wp-block-image size-full\"><img decoding=\"async\" width=\"2560\" height=\"629\" src=\"https:\/\/www.camminodonbosco.eu\/wp-content\/uploads\/2024\/01\/Tappa-3-Basso-scaled.jpg\" alt=\"\" class=\"wp-image-5034\" srcset=\"https:\/\/www.camminodonbosco.eu\/wp-content\/uploads\/2024\/01\/Tappa-3-Basso-scaled.jpg 2560w, https:\/\/www.camminodonbosco.eu\/wp-content\/uploads\/2024\/01\/Tappa-3-Basso-300x74.jpg 300w, https:\/\/www.camminodonbosco.eu\/wp-content\/uploads\/2024\/01\/Tappa-3-Basso-1024x252.jpg 1024w, https:\/\/www.camminodonbosco.eu\/wp-content\/uploads\/2024\/01\/Tappa-3-Basso-768x189.jpg 768w, https:\/\/www.camminodonbosco.eu\/wp-content\/uploads\/2024\/01\/Tappa-3-Basso-1536x377.jpg 1536w, https:\/\/www.camminodonbosco.eu\/wp-content\/uploads\/2024\/01\/Tappa-3-Basso-2048x503.jpg 2048w\" sizes=\"(max-width: 2560px) 100vw, 2560px\" \/><\/figure>\n","protected":false},"excerpt":{"rendered":"<p>De l&rsquo;ermitage des Camaldules \u00e0 la cath\u00e9drale de Chieri, en passant par la route des anciennes villas. Notes techniques D\u00e9part: Eremo dei Camaldolesi (621 m)Arriv\u00e9e: Chieri, piazza del Duomo (283 m)Distance: 12,2 kmD\u00e9nivel\u00e9: 135 mDifficult\u00e9 : randonn\u00e9e, parcours l\u00e9g\u00e8rement vallonn\u00e9Restauration : aucune possibilit\u00e9 de restauration jusqu&rsquo;\u00e0 Pino T.se, puis \u00e0 ChieriEau : \u00e0 Pino T.se, [&hellip;]<\/p>\n","protected":false},"author":1,"featured_media":0,"parent":0,"menu_order":0,"comment_status":"closed","ping_status":"closed","template":"","meta":{"footnotes":""},"class_list":["post-5522","page","type-page","status-publish","hentry"],"_links":{"self":[{"href":"https:\/\/www.camminodonbosco.eu\/fr\/wp-json\/wp\/v2\/pages\/5522","targetHints":{"allow":["GET"]}}],"collection":[{"href":"https:\/\/www.camminodonbosco.eu\/fr\/wp-json\/wp\/v2\/pages"}],"about":[{"href":"https:\/\/www.camminodonbosco.eu\/fr\/wp-json\/wp\/v2\/types\/page"}],"author":[{"embeddable":true,"href":"https:\/\/www.camminodonbosco.eu\/fr\/wp-json\/wp\/v2\/users\/1"}],"replies":[{"embeddable":true,"href":"https:\/\/www.camminodonbosco.eu\/fr\/wp-json\/wp\/v2\/comments?post=5522"}],"version-history":[{"count":0,"href":"https:\/\/www.camminodonbosco.eu\/fr\/wp-json\/wp\/v2\/pages\/5522\/revisions"}],"wp:attachment":[{"href":"https:\/\/www.camminodonbosco.eu\/fr\/wp-json\/wp\/v2\/media?parent=5522"}],"curies":[{"name":"wp","href":"https:\/\/api.w.org\/{rel}","templated":true}]}}