{"id":5538,"date":"2022-06-30T15:21:28","date_gmt":"2022-06-30T13:21:28","guid":{"rendered":"https:\/\/www.camminodonbosco.eu\/de-pecetto-t-se-a-chieri\/"},"modified":"2024-01-06T19:28:49","modified_gmt":"2024-01-06T18:28:49","slug":"de-pecetto-t-se-a-chieri","status":"publish","type":"page","link":"https:\/\/www.camminodonbosco.eu\/fr\/de-pecetto-t-se-a-chieri\/","title":{"rendered":"De Pecetto T.se \u00e0 Chieri"},"content":{"rendered":"\n<p><em>De Pecetto T.se \u00e0 la Cath\u00e9drale de Chieri, via l&rsquo;ancienne route des villas<\/em><\/p>\n\n<h2 class=\"wp-block-heading\">Notes techniques<\/h2>\n\n<p><strong>D\u00e9part<\/strong>: Pecetto T.se, piazza Roma (409 m)<br\/><strong>Arriv\u00e9e<\/strong>: Chieri, piazza del Duomo (283 m)<br\/><strong>Distance<\/strong>: km 9,2<br\/><strong>D\u00e9nivel\u00e9<\/strong>: m 153<br\/><strong>Difficult\u00e9<\/strong> : randonn\u00e9e, avec des sections plates ou en descente entrecoup\u00e9es de courtes mont\u00e9es<br\/><strong>Ravitaillement<\/strong> : \u00e0 Pecetto T.se et \u00e0 Chieri<br\/><strong>Eau<\/strong> : \u00c0 Pecetto T.se, fontaines \u00e0 la piazza Roma et piazza S. Pietro, et kiosque H2O pr\u00e8s du cimeti\u00e8re. \u00c0 Chieri, fontaines dans via Tana, piazza Duomo et pr\u00e8s de l&rsquo;\u00e9glise S. Domenico<\/p>\n\n<div style=\"height:20px\" aria-hidden=\"true\" class=\"wp-block-spacer\"><\/div>\n\n<h2 class=\"wp-block-heading\">Description<\/h2>\n\n<p>Depuis la piazza Roma, empruntez via Pinto jusqu&rsquo;\u00e0 tourner \u00e0 droite dans via Circonvallazione, que vous suivez jusqu&rsquo;\u00e0 tourner \u00e0 gauche dans la via Chieri. Continuez sur cette voie en sortant de la localit\u00e9 en direction de Chieri, puis tournez \u00e0 gauche dans la strada Tetti Canap\u00e8 au niveau d&rsquo;une chapelle. Parcourez 700 m\u00e8tres sur l&rsquo;asphalte, \u00e0 travers de beaux vergers, en descendant dans la vall\u00e9e jusqu&rsquo;\u00e0 passer un petit pont, puis gardez \u00e0 droite et atteignez l&rsquo;intersection avec la strada Ciattalina. Tournez \u00e0 droite et continuez sur 300 m\u00e8tres sur le chemin de terre en l\u00e9g\u00e8re descente jusqu&rsquo;\u00e0 arriver \u00e0 un carrefour pr\u00e8s d&rsquo;un autre petit pont. Tournez \u00e0 gauche juste avant ce dernier, continuez pendant 300 m\u00e8tres jusqu&rsquo;\u00e0 croiser une belle piste (via del Turco). Prenez \u00e0 gauche, puis tournez \u00e0 droite apr\u00e8s 100 m\u00e8tres et montez sur une route qui devient ensuite asphalt\u00e9e et se termine \u00e0 via San Felice. Tournez \u00e0 gauche, continuez pendant 250 m\u00e8tres, puis tournez \u00e0 droite sur via Solairano, que vous suivez sur 500 m\u00e8tres en l\u00e9g\u00e8re mont\u00e9e jusqu&rsquo;\u00e0 croiser via del Podio (<em>environ 450 m\u00e8tres en aval de la chapelle del Podio<\/em>), o\u00f9 vous tournez \u00e0 droite. \u00c0 partir de l\u00e0, le parcours est commun \u00e0 celui de l&rsquo;\u00e9tape 2 du Chemin bas, pour lequel nous renvoyons \u00e0 la fiche descriptive.       <\/p>\n\n<div style=\"height:20px\" aria-hidden=\"true\" class=\"wp-block-spacer\"><\/div>\n\n<h2 class=\"wp-block-heading\">Carte<\/h2>\n\n<figure data-wp-context=\"{&quot;imageId&quot;:&quot;69f2a343a8b12&quot;}\" data-wp-interactive=\"core\/image\" data-wp-key=\"69f2a343a8b12\" class=\"wp-block-image size-full wp-lightbox-container\"><img fetchpriority=\"high\" decoding=\"async\" width=\"1280\" height=\"667\" data-wp-class--hide=\"state.isContentHidden\" data-wp-class--show=\"state.isContentVisible\" data-wp-init=\"callbacks.setButtonStyles\" data-wp-on--click=\"actions.showLightbox\" data-wp-on--load=\"callbacks.setButtonStyles\" data-wp-on-window--resize=\"callbacks.setButtonStyles\" src=\"https:\/\/www.camminodonbosco.eu\/wp-content\/uploads\/2022\/06\/Tappa2-CamminoBasso-Eremo-Chieri-e-Varianti.jpg\" alt=\"\" class=\"wp-image-974\" style=\"object-fit:cover\" srcset=\"https:\/\/www.camminodonbosco.eu\/wp-content\/uploads\/2022\/06\/Tappa2-CamminoBasso-Eremo-Chieri-e-Varianti.jpg 1280w, https:\/\/www.camminodonbosco.eu\/wp-content\/uploads\/2022\/06\/Tappa2-CamminoBasso-Eremo-Chieri-e-Varianti-300x156.jpg 300w, https:\/\/www.camminodonbosco.eu\/wp-content\/uploads\/2022\/06\/Tappa2-CamminoBasso-Eremo-Chieri-e-Varianti-1024x534.jpg 1024w, https:\/\/www.camminodonbosco.eu\/wp-content\/uploads\/2022\/06\/Tappa2-CamminoBasso-Eremo-Chieri-e-Varianti-768x400.jpg 768w\" sizes=\"(max-width: 1280px) 100vw, 1280px\" \/><button\n\t\t\tclass=\"lightbox-trigger\"\n\t\t\ttype=\"button\"\n\t\t\taria-haspopup=\"dialog\"\n\t\t\taria-label=\"Agrandir\"\n\t\t\tdata-wp-init=\"callbacks.initTriggerButton\"\n\t\t\tdata-wp-on--click=\"actions.showLightbox\"\n\t\t\tdata-wp-style--right=\"state.imageButtonRight\"\n\t\t\tdata-wp-style--top=\"state.imageButtonTop\"\n\t\t>\n\t\t\t<svg xmlns=\"http:\/\/www.w3.org\/2000\/svg\" width=\"12\" height=\"12\" fill=\"none\" viewBox=\"0 0 12 12\">\n\t\t\t\t<path fill=\"#fff\" d=\"M2 0a2 2 0 0 0-2 2v2h1.5V2a.5.5 0 0 1 .5-.5h2V0H2Zm2 10.5H2a.5.5 0 0 1-.5-.5V8H0v2a2 2 0 0 0 2 2h2v-1.5ZM8 12v-1.5h2a.5.5 0 0 0 .5-.5V8H12v2a2 2 0 0 1-2 2H8Zm2-12a2 2 0 0 1 2 2v2h-1.5V2a.5.5 0 0 0-.5-.5H8V0h2Z\" \/>\n\t\t\t<\/svg>\n\t\t<\/button><\/figure>\n","protected":false},"excerpt":{"rendered":"<p>De Pecetto T.se \u00e0 la Cath\u00e9drale de Chieri, via l&rsquo;ancienne route des villas Notes techniques D\u00e9part: Pecetto T.se, piazza Roma (409 m)Arriv\u00e9e: Chieri, piazza del Duomo (283 m)Distance: km 9,2D\u00e9nivel\u00e9: m 153Difficult\u00e9 : randonn\u00e9e, avec des sections plates ou en descente entrecoup\u00e9es de courtes mont\u00e9esRavitaillement : \u00e0 Pecetto T.se et \u00e0 ChieriEau : \u00c0 Pecetto [&hellip;]<\/p>\n","protected":false},"author":1,"featured_media":0,"parent":0,"menu_order":0,"comment_status":"closed","ping_status":"closed","template":"","meta":{"footnotes":""},"class_list":["post-5538","page","type-page","status-publish","hentry"],"_links":{"self":[{"href":"https:\/\/www.camminodonbosco.eu\/fr\/wp-json\/wp\/v2\/pages\/5538","targetHints":{"allow":["GET"]}}],"collection":[{"href":"https:\/\/www.camminodonbosco.eu\/fr\/wp-json\/wp\/v2\/pages"}],"about":[{"href":"https:\/\/www.camminodonbosco.eu\/fr\/wp-json\/wp\/v2\/types\/page"}],"author":[{"embeddable":true,"href":"https:\/\/www.camminodonbosco.eu\/fr\/wp-json\/wp\/v2\/users\/1"}],"replies":[{"embeddable":true,"href":"https:\/\/www.camminodonbosco.eu\/fr\/wp-json\/wp\/v2\/comments?post=5538"}],"version-history":[{"count":0,"href":"https:\/\/www.camminodonbosco.eu\/fr\/wp-json\/wp\/v2\/pages\/5538\/revisions"}],"wp:attachment":[{"href":"https:\/\/www.camminodonbosco.eu\/fr\/wp-json\/wp\/v2\/media?parent=5538"}],"curies":[{"name":"wp","href":"https:\/\/api.w.org\/{rel}","templated":true}]}}